{"id":101,"date":"2023-08-15T20:47:17","date_gmt":"2023-08-15T20:47:17","guid":{"rendered":"https:\/\/unikal.ac.cd\/?page_id=101"},"modified":"2024-01-23T17:16:03","modified_gmt":"2024-01-23T17:16:03","slug":"art-culture-et-sport","status":"publish","type":"page","link":"https:\/\/unikal.ac.cd\/index.php\/art-culture-et-sport\/","title":{"rendered":"Art, Culture et Sport"},"content":{"rendered":"\t\t<div data-elementor-type=\"wp-page\" data-elementor-id=\"101\" class=\"elementor elementor-101\">\n\t\t\t\t\t\t<section class=\"elementor-section elementor-top-section elementor-element elementor-element-fdb9489 elementor-section-stretched elementor-section-boxed elementor-section-height-default elementor-section-height-default\" data-id=\"fdb9489\" data-element_type=\"section\" data-e-type=\"section\" data-settings=\"{&quot;stretch_section&quot;:&quot;section-stretched&quot;}\">\n\t\t\t\t\t\t<div class=\"elementor-container elementor-column-gap-default\">\n\t\t\t\t\t<div class=\"elementor-column elementor-col-33 elementor-top-column elementor-element elementor-element-ed089d5\" data-id=\"ed089d5\" data-element_type=\"column\" data-e-type=\"column\">\n\t\t\t<div class=\"elementor-widget-wrap elementor-element-populated\">\n\t\t\t\t\t\t<div class=\"elementor-element elementor-element-bf5b9aa elementor-widget elementor-widget-image\" data-id=\"bf5b9aa\" data-element_type=\"widget\" data-e-type=\"widget\" data-widget_type=\"image.default\">\n\t\t\t\t<div class=\"elementor-widget-container\">\n\t\t\t\t\t\t\t\t\t\t\t\t\t\t\t\t<a href=\"https:\/\/unikal.ac.cd\/index.php\/service-de-cultures-et-loisirs-les-agents-de-unikal-livre-un-match-de-gala-contre-locc-en-memoire-des-heros-nationaux-patrice-emery-lumumba-et-mzee-laurent-desire-kabila\/?preview_id=609&#038;preview_nonce=3259450596&#038;preview=true&#038;_thumbnail_id=617\">\n\t\t\t\t\t\t\t<img fetchpriority=\"high\" decoding=\"async\" width=\"640\" height=\"640\" src=\"https:\/\/unikal.ac.cd\/wp-content\/uploads\/2024\/01\/PXL_20240116_071741242-1-1024x1024.jpg\" class=\"attachment-large size-large wp-image-617\" alt=\"\" srcset=\"https:\/\/unikal.ac.cd\/wp-content\/uploads\/2024\/01\/PXL_20240116_071741242-1-1024x1024.jpg 1024w, https:\/\/unikal.ac.cd\/wp-content\/uploads\/2024\/01\/PXL_20240116_071741242-1-300x300.jpg 300w, https:\/\/unikal.ac.cd\/wp-content\/uploads\/2024\/01\/PXL_20240116_071741242-1-150x150.jpg 150w\" sizes=\"(max-width: 640px) 100vw, 640px\" \/>\t\t\t\t\t\t\t\t<\/a>\n\t\t\t\t\t\t\t\t\t\t\t\t\t\t\t<\/div>\n\t\t\t\t<\/div>\n\t\t\t\t<div class=\"elementor-element elementor-element-f67d648 elementor-widget elementor-widget-heading\" data-id=\"f67d648\" data-element_type=\"widget\" data-e-type=\"widget\" data-widget_type=\"heading.default\">\n\t\t\t\t<div class=\"elementor-widget-container\">\n\t\t\t\t\t<h2 class=\"elementor-heading-title elementor-size-default\"><a href=\"https:\/\/unikal.ac.cd\/index.php\/service-de-cultures-et-loisirs-les-agents-de-unikal-livre-un-match-de-gala-contre-locc-en-memoire-des-heros-nationaux-patrice-emery-lumumba-et-mzee-laurent-desire-kabila\/?preview_id=609&#038;preview_nonce=3259450596&#038;preview=true&#038;_thumbnail_id=617\">Match de Gala OCC VS UNIKAL<\/a><\/h2>\t\t\t\t<\/div>\n\t\t\t\t<\/div>\n\t\t\t\t<div class=\"elementor-element elementor-element-3c7125c elementor-widget elementor-widget-text-editor\" data-id=\"3c7125c\" data-element_type=\"widget\" data-e-type=\"widget\" data-widget_type=\"text-editor.default\">\n\t\t\t\t<div class=\"elementor-widget-container\">\n\t\t\t\t\t\t\t\t\t<p>Le mardi 16 janvier 2024, les Agents de l\u2019Universit\u00e9 de Kalemie r\u00e9unis autour du service de culture, sports et loisirs qu\u2019anime monsieur KASUMBALESA ont livr\u00e9 un match de gala contre ceux de l\u2019Office congolais de contr\u00f4le<\/p>\t\t\t\t\t\t\t\t<\/div>\n\t\t\t\t<\/div>\n\t\t\t\t\t<\/div>\n\t\t<\/div>\n\t\t\t\t<div class=\"elementor-column elementor-col-33 elementor-top-column elementor-element elementor-element-b1c82f0\" data-id=\"b1c82f0\" data-element_type=\"column\" data-e-type=\"column\">\n\t\t\t<div class=\"elementor-widget-wrap elementor-element-populated\">\n\t\t\t\t\t\t<div class=\"elementor-element elementor-element-7f77600 elementor-widget elementor-widget-image\" data-id=\"7f77600\" data-element_type=\"widget\" data-e-type=\"widget\" data-widget_type=\"image.default\">\n\t\t\t\t<div class=\"elementor-widget-container\">\n\t\t\t\t\t\t\t\t\t\t\t\t\t\t\t\t<a href=\"https:\/\/unikal.ac.cd\/index.php\/universite-de-kalemie-le-domaine-des-sciences-agronomiques-et-de-lenvironnement-envoie-en-stage-pres-dune-centaine-detudiants-de-troisieme-baccalaureat\/?preview_id=654&#038;preview_nonce=98cc37148f&#038;preview=true\">\n\t\t\t\t\t\t\t<img decoding=\"async\" width=\"640\" height=\"506\" src=\"https:\/\/unikal.ac.cd\/wp-content\/uploads\/2024\/01\/PHOTO-2024-01-23-12-28-48-1024x810.jpg\" class=\"attachment-large size-large wp-image-655\" alt=\"\" \/>\t\t\t\t\t\t\t\t<\/a>\n\t\t\t\t\t\t\t\t\t\t\t\t\t\t\t<\/div>\n\t\t\t\t<\/div>\n\t\t\t\t<div class=\"elementor-element elementor-element-711f083 elementor-widget elementor-widget-heading\" data-id=\"711f083\" data-element_type=\"widget\" data-e-type=\"widget\" data-widget_type=\"heading.default\">\n\t\t\t\t<div class=\"elementor-widget-container\">\n\t\t\t\t\t<h2 class=\"elementor-heading-title elementor-size-default\"><a href=\"https:\/\/unikal.ac.cd\/index.php\/universite-de-kalemie-le-domaine-des-sciences-agronomiques-et-de-lenvironnement-envoie-en-stage-pres-dune-centaine-detudiants-de-troisieme-baccalaureat\/?preview_id=654&#038;preview_nonce=98cc37148f&#038;preview=true\">LE DOMAINE DES SCIENCES AGRONOMIQUES ET DE L'ENVIRONNEMENT ENVOIE EN STAGE PR\u00c8S D'UNE CENTAINE D'\u00c9TUDIANTS DE TROISI\u00c8ME BACCALAUR\u00c9AT.\u200b<\/a><\/h2>\t\t\t\t<\/div>\n\t\t\t\t<\/div>\n\t\t\t\t<div class=\"elementor-element elementor-element-9c84859 elementor-widget elementor-widget-text-editor\" data-id=\"9c84859\" data-element_type=\"widget\" data-e-type=\"widget\" data-widget_type=\"text-editor.default\">\n\t\t\t\t<div class=\"elementor-widget-container\">\n\t\t\t\t\t\t\t\t\t<p>Respectueux du calendrier acad\u00e9mique face aux exigences du syst\u00e8me LICENCE MASTER DOCTORAT, le domaine d\u2019\u00e9tudes des Sciences agronomiques et de l\u2019environnement de la prestigieuse Universit\u00e9<\/p>\t\t\t\t\t\t\t\t<\/div>\n\t\t\t\t<\/div>\n\t\t\t\t\t<\/div>\n\t\t<\/div>\n\t\t\t\t<div class=\"elementor-column elementor-col-33 elementor-top-column elementor-element elementor-element-51d23e4\" data-id=\"51d23e4\" data-element_type=\"column\" data-e-type=\"column\">\n\t\t\t<div class=\"elementor-widget-wrap\">\n\t\t\t\t\t\t\t<\/div>\n\t\t<\/div>\n\t\t\t\t\t<\/div>\n\t\t<\/section>\n\t\t\t\t<\/div>\n\t\t","protected":false},"excerpt":{"rendered":"<p>Match de Gala OCC VS UNIKAL Le mardi 16 janvier 2024, les Agents de l\u2019Universit\u00e9 de Kalemie r\u00e9unis autour du service de culture, sports et loisirs qu\u2019anime monsieur KASUMBALESA ont livr\u00e9 un match de gala contre ceux de l\u2019Office congolais de contr\u00f4le LE DOMAINE DES SCIENCES AGRONOMIQUES ET DE L&#8217;ENVIRONNEMENT ENVOIE EN STAGE PR\u00c8S D&#8217;UNE&hellip;<\/p>\n","protected":false},"author":1,"featured_media":0,"parent":0,"menu_order":0,"comment_status":"closed","ping_status":"closed","template":"elementor_header_footer","meta":{"om_disable_all_campaigns":false,"_monsterinsights_skip_tracking":false,"_monsterinsights_sitenote_active":false,"_monsterinsights_sitenote_note":"","_monsterinsights_sitenote_category":0,"_uf_show_specific_survey":0,"_uf_disable_surveys":false,"footnotes":""},"class_list":["post-101","page","type-page","status-publish","hentry"],"yoast_head":"<!-- This site is optimized with the Yoast SEO plugin v26.9 - https:\/\/yoast.com\/product\/yoast-seo-wordpress\/ -->\n<title>Art, Culture et Sport - Universit\u00e9 de Kalemie<\/title>\n<meta name=\"robots\" content=\"index, follow, max-snippet:-1, max-image-preview:large, max-video-preview:-1\" \/>\n<link rel=\"canonical\" href=\"https:\/\/unikal.ac.cd\/index.php\/art-culture-et-sport\/\" \/>\n<meta property=\"og:locale\" content=\"en_US\" \/>\n<meta property=\"og:type\" content=\"article\" \/>\n<meta property=\"og:title\" content=\"Art, Culture et Sport - Universit\u00e9 de Kalemie\" \/>\n<meta property=\"og:description\" content=\"Match de Gala OCC VS UNIKAL Le mardi 16 janvier 2024, les Agents de l\u2019Universit\u00e9 de Kalemie r\u00e9unis autour du service de culture, sports et loisirs qu\u2019anime monsieur KASUMBALESA ont livr\u00e9 un match de gala contre ceux de l\u2019Office congolais de contr\u00f4le LE DOMAINE DES SCIENCES AGRONOMIQUES ET DE L&#8217;ENVIRONNEMENT ENVOIE EN STAGE PR\u00c8S D&#8217;UNE&hellip;\" \/>\n<meta property=\"og:url\" content=\"https:\/\/unikal.ac.cd\/index.php\/art-culture-et-sport\/\" \/>\n<meta property=\"og:site_name\" content=\"Universit\u00e9 de Kalemie\" \/>\n<meta property=\"article:modified_time\" content=\"2024-01-23T17:16:03+00:00\" \/>\n<meta property=\"og:image\" content=\"https:\/\/unikal.ac.cd\/wp-content\/uploads\/2024\/01\/PXL_20240116_071741242-1-1024x1024.jpg\" \/>\n<meta name=\"twitter:card\" content=\"summary_large_image\" \/>\n<meta name=\"twitter:label1\" content=\"Est. reading time\" \/>\n\t<meta name=\"twitter:data1\" content=\"1 minute\" \/>\n<script type=\"application\/ld+json\" class=\"yoast-schema-graph\">{\"@context\":\"https:\/\/schema.org\",\"@graph\":[{\"@type\":\"WebPage\",\"@id\":\"https:\/\/unikal.ac.cd\/index.php\/art-culture-et-sport\/\",\"url\":\"https:\/\/unikal.ac.cd\/index.php\/art-culture-et-sport\/\",\"name\":\"Art, Culture et Sport - Universit\u00e9 de Kalemie\",\"isPartOf\":{\"@id\":\"https:\/\/unikal.ac.cd\/#website\"},\"primaryImageOfPage\":{\"@id\":\"https:\/\/unikal.ac.cd\/index.php\/art-culture-et-sport\/#primaryimage\"},\"image\":{\"@id\":\"https:\/\/unikal.ac.cd\/index.php\/art-culture-et-sport\/#primaryimage\"},\"thumbnailUrl\":\"https:\/\/unikal.ac.cd\/wp-content\/uploads\/2024\/01\/PXL_20240116_071741242-1-1024x1024.jpg\",\"datePublished\":\"2023-08-15T20:47:17+00:00\",\"dateModified\":\"2024-01-23T17:16:03+00:00\",\"breadcrumb\":{\"@id\":\"https:\/\/unikal.ac.cd\/index.php\/art-culture-et-sport\/#breadcrumb\"},\"inLanguage\":\"en-US\",\"potentialAction\":[{\"@type\":\"ReadAction\",\"target\":[\"https:\/\/unikal.ac.cd\/index.php\/art-culture-et-sport\/\"]}]},{\"@type\":\"ImageObject\",\"inLanguage\":\"en-US\",\"@id\":\"https:\/\/unikal.ac.cd\/index.php\/art-culture-et-sport\/#primaryimage\",\"url\":\"https:\/\/unikal.ac.cd\/wp-content\/uploads\/2024\/01\/PXL_20240116_071741242-1.jpg\",\"contentUrl\":\"https:\/\/unikal.ac.cd\/wp-content\/uploads\/2024\/01\/PXL_20240116_071741242-1.jpg\",\"width\":2347,\"height\":1277},{\"@type\":\"BreadcrumbList\",\"@id\":\"https:\/\/unikal.ac.cd\/index.php\/art-culture-et-sport\/#breadcrumb\",\"itemListElement\":[{\"@type\":\"ListItem\",\"position\":1,\"name\":\"Home\",\"item\":\"https:\/\/unikal.ac.cd\/\"},{\"@type\":\"ListItem\",\"position\":2,\"name\":\"Art, Culture et Sport\"}]},{\"@type\":\"WebSite\",\"@id\":\"https:\/\/unikal.ac.cd\/#website\",\"url\":\"https:\/\/unikal.ac.cd\/\",\"name\":\"Universit\u00e9 de Kalemie\",\"description\":\"Lumi\u00e8re du Tanganyika\",\"publisher\":{\"@id\":\"https:\/\/unikal.ac.cd\/#organization\"},\"potentialAction\":[{\"@type\":\"SearchAction\",\"target\":{\"@type\":\"EntryPoint\",\"urlTemplate\":\"https:\/\/unikal.ac.cd\/?s={search_term_string}\"},\"query-input\":{\"@type\":\"PropertyValueSpecification\",\"valueRequired\":true,\"valueName\":\"search_term_string\"}}],\"inLanguage\":\"en-US\"},{\"@type\":\"Organization\",\"@id\":\"https:\/\/unikal.ac.cd\/#organization\",\"name\":\"Universit\u00e9 de Kalemie\",\"url\":\"https:\/\/unikal.ac.cd\/\",\"logo\":{\"@type\":\"ImageObject\",\"inLanguage\":\"en-US\",\"@id\":\"https:\/\/unikal.ac.cd\/#\/schema\/logo\/image\/\",\"url\":\"https:\/\/unikal.ac.cd\/wp-content\/uploads\/2023\/08\/logo-unikal_013249.png\",\"contentUrl\":\"https:\/\/unikal.ac.cd\/wp-content\/uploads\/2023\/08\/logo-unikal_013249.png\",\"width\":2100,\"height\":1500,\"caption\":\"Universit\u00e9 de Kalemie\"},\"image\":{\"@id\":\"https:\/\/unikal.ac.cd\/#\/schema\/logo\/image\/\"}}]}<\/script>\n<!-- \/ Yoast SEO plugin. -->","yoast_head_json":{"title":"Art, Culture et Sport - Universit\u00e9 de Kalemie","robots":{"index":"index","follow":"follow","max-snippet":"max-snippet:-1","max-image-preview":"max-image-preview:large","max-video-preview":"max-video-preview:-1"},"canonical":"https:\/\/unikal.ac.cd\/index.php\/art-culture-et-sport\/","og_locale":"en_US","og_type":"article","og_title":"Art, Culture et Sport - Universit\u00e9 de Kalemie","og_description":"Match de Gala OCC VS UNIKAL Le mardi 16 janvier 2024, les Agents de l\u2019Universit\u00e9 de Kalemie r\u00e9unis autour du service de culture, sports et loisirs qu\u2019anime monsieur KASUMBALESA ont livr\u00e9 un match de gala contre ceux de l\u2019Office congolais de contr\u00f4le LE DOMAINE DES SCIENCES AGRONOMIQUES ET DE L&#8217;ENVIRONNEMENT ENVOIE EN STAGE PR\u00c8S D&#8217;UNE&hellip;","og_url":"https:\/\/unikal.ac.cd\/index.php\/art-culture-et-sport\/","og_site_name":"Universit\u00e9 de Kalemie","article_modified_time":"2024-01-23T17:16:03+00:00","og_image":[{"url":"https:\/\/unikal.ac.cd\/wp-content\/uploads\/2024\/01\/PXL_20240116_071741242-1-1024x1024.jpg","type":"","width":"","height":""}],"twitter_card":"summary_large_image","twitter_misc":{"Est. reading time":"1 minute"},"schema":{"@context":"https:\/\/schema.org","@graph":[{"@type":"WebPage","@id":"https:\/\/unikal.ac.cd\/index.php\/art-culture-et-sport\/","url":"https:\/\/unikal.ac.cd\/index.php\/art-culture-et-sport\/","name":"Art, Culture et Sport - Universit\u00e9 de Kalemie","isPartOf":{"@id":"https:\/\/unikal.ac.cd\/#website"},"primaryImageOfPage":{"@id":"https:\/\/unikal.ac.cd\/index.php\/art-culture-et-sport\/#primaryimage"},"image":{"@id":"https:\/\/unikal.ac.cd\/index.php\/art-culture-et-sport\/#primaryimage"},"thumbnailUrl":"https:\/\/unikal.ac.cd\/wp-content\/uploads\/2024\/01\/PXL_20240116_071741242-1-1024x1024.jpg","datePublished":"2023-08-15T20:47:17+00:00","dateModified":"2024-01-23T17:16:03+00:00","breadcrumb":{"@id":"https:\/\/unikal.ac.cd\/index.php\/art-culture-et-sport\/#breadcrumb"},"inLanguage":"en-US","potentialAction":[{"@type":"ReadAction","target":["https:\/\/unikal.ac.cd\/index.php\/art-culture-et-sport\/"]}]},{"@type":"ImageObject","inLanguage":"en-US","@id":"https:\/\/unikal.ac.cd\/index.php\/art-culture-et-sport\/#primaryimage","url":"https:\/\/unikal.ac.cd\/wp-content\/uploads\/2024\/01\/PXL_20240116_071741242-1.jpg","contentUrl":"https:\/\/unikal.ac.cd\/wp-content\/uploads\/2024\/01\/PXL_20240116_071741242-1.jpg","width":2347,"height":1277},{"@type":"BreadcrumbList","@id":"https:\/\/unikal.ac.cd\/index.php\/art-culture-et-sport\/#breadcrumb","itemListElement":[{"@type":"ListItem","position":1,"name":"Home","item":"https:\/\/unikal.ac.cd\/"},{"@type":"ListItem","position":2,"name":"Art, Culture et Sport"}]},{"@type":"WebSite","@id":"https:\/\/unikal.ac.cd\/#website","url":"https:\/\/unikal.ac.cd\/","name":"Universit\u00e9 de Kalemie","description":"Lumi\u00e8re du Tanganyika","publisher":{"@id":"https:\/\/unikal.ac.cd\/#organization"},"potentialAction":[{"@type":"SearchAction","target":{"@type":"EntryPoint","urlTemplate":"https:\/\/unikal.ac.cd\/?s={search_term_string}"},"query-input":{"@type":"PropertyValueSpecification","valueRequired":true,"valueName":"search_term_string"}}],"inLanguage":"en-US"},{"@type":"Organization","@id":"https:\/\/unikal.ac.cd\/#organization","name":"Universit\u00e9 de Kalemie","url":"https:\/\/unikal.ac.cd\/","logo":{"@type":"ImageObject","inLanguage":"en-US","@id":"https:\/\/unikal.ac.cd\/#\/schema\/logo\/image\/","url":"https:\/\/unikal.ac.cd\/wp-content\/uploads\/2023\/08\/logo-unikal_013249.png","contentUrl":"https:\/\/unikal.ac.cd\/wp-content\/uploads\/2023\/08\/logo-unikal_013249.png","width":2100,"height":1500,"caption":"Universit\u00e9 de Kalemie"},"image":{"@id":"https:\/\/unikal.ac.cd\/#\/schema\/logo\/image\/"}}]}},"_links":{"self":[{"href":"https:\/\/unikal.ac.cd\/index.php\/wp-json\/wp\/v2\/pages\/101","targetHints":{"allow":["GET"]}}],"collection":[{"href":"https:\/\/unikal.ac.cd\/index.php\/wp-json\/wp\/v2\/pages"}],"about":[{"href":"https:\/\/unikal.ac.cd\/index.php\/wp-json\/wp\/v2\/types\/page"}],"author":[{"embeddable":true,"href":"https:\/\/unikal.ac.cd\/index.php\/wp-json\/wp\/v2\/users\/1"}],"replies":[{"embeddable":true,"href":"https:\/\/unikal.ac.cd\/index.php\/wp-json\/wp\/v2\/comments?post=101"}],"version-history":[{"count":7,"href":"https:\/\/unikal.ac.cd\/index.php\/wp-json\/wp\/v2\/pages\/101\/revisions"}],"predecessor-version":[{"id":661,"href":"https:\/\/unikal.ac.cd\/index.php\/wp-json\/wp\/v2\/pages\/101\/revisions\/661"}],"wp:attachment":[{"href":"https:\/\/unikal.ac.cd\/index.php\/wp-json\/wp\/v2\/media?parent=101"}],"curies":[{"name":"wp","href":"https:\/\/api.w.org\/{rel}","templated":true}]}}