{"id":1051,"date":"2025-05-17T08:49:09","date_gmt":"2025-05-17T08:49:09","guid":{"rendered":"https:\/\/unikal.ac.cd\/?page_id=1051"},"modified":"2025-05-17T09:02:29","modified_gmt":"2025-05-17T09:02:29","slug":"esu-luniversite-de-kalemie-viabilise-sa-faculte-de-medecine-humaine-par-linauguration-de-la-chambre-mortuaire-a-ses-cliniques-universitaires-ce-jeudi-15-mai-2025-en-presence-des-autorites-politi","status":"publish","type":"page","link":"https:\/\/unikal.ac.cd\/index.php\/esu-luniversite-de-kalemie-viabilise-sa-faculte-de-medecine-humaine-par-linauguration-de-la-chambre-mortuaire-a-ses-cliniques-universitaires-ce-jeudi-15-mai-2025-en-presence-des-autorites-politi\/","title":{"rendered":"ESU : L&#8217;UNIVERSIT\u00c9 DE KALEMIE VIABILISE SA FACULT\u00c9 DE MEDECINE HUMAINE PAR L&#8217;INAUGURATION DE LA CHAMBRE MORTUAIRE A SES CLINIQUES UNIVERSITAIRES."},"content":{"rendered":"\n<p>Les Cliniques universitaires de Kalemie vienne de lancer les activit\u00e9s mortuaires ce jeudi 15 Mai 2025, la c\u00e9r\u00e9monie de la coupure du ruban symbolique pour l&#8217;inauguration de la Morgue a \u00e9t\u00e9 faite par le Gouverneur de province, repr\u00e9sent\u00e9 par son ministre provincial de la Sant\u00e9 Dr Beno\u00eet MALUMBI MUHIYA.<br>Dans son mot de bienvenue, le Recteur de l&#8217;Universit\u00e9 de Kalemie, le Professeur ordinaire Victor KALUNGA TSHIKALA a rappel\u00e9 les missions de son Comit\u00e9 de gestion \u00e0 la t\u00eate de l&#8217;Unikal, au nombre desquelles figure celle rendre de plus<br>en plus viable la Facult\u00e9 des m\u00e9decines et ses cliniques en vue de permettre aux enfants du Tanganyika aspirant devenir M\u00e9decins de parfaire leurs \u00e9tudes sur place selon les exigences requises.<\/p>\n\n\n\n<p>A lui de remercier le Gouvernement provincial conduit par Le Gouverneur Christian KITUNGWA pour la s\u00e9curisation des Cit\u00e9s Universitaires de Lukwangulo. Tout en appelant le gestionnaire des Cliniques universitaires \u00e0 faire bon usage de la Chambre Morgue.<\/p>\n\n\n\n<p>De son c\u00f4t\u00e9 le Ministre provincial de la sant\u00e9, a salu\u00e9 l&#8217;av\u00e8nement de ce quatri\u00e8me morgue dans la province du Tanganyika permettant, qui va desservir non seulement la population mais aussi outil des recherches pour le m\u00e9decin l\u00e9giste.<\/p>\n\n\n\n<p>Le m\u00e9decin directeur quant a lui, n&#8217;a pas manqu\u00e9 de remercier le comit\u00e9 de gestion pour les efforts fournis dans l&#8217;ajout de ce nouveau service au sein des cliniques universitaires de Kalemie.<\/p>\n\n\n\n<p>Repr\u00e9sentant du souverain primaire, l&#8217;honorable pr\u00e9sident de l&#8217;Assembl\u00e9e provinciale, Docteur Cyril KIMPU AWEL Satisfait de ce qu&#8217;a r\u00e9alis\u00e9, a saisi de l&#8217;occasion pour interpeller le Gouvernement provincial \u00e0 soutenir les bonnes actions, et par icoch\u00e9 le l&#8217;Universit\u00e9 de Kalemie.<\/p>\n\n\n\n<p>Il importe de signaler cette activit\u00e9 a r\u00e9uni plusieurs cat\u00e9gories de personnes allant des autorit\u00e9s politico administratives, les personnels de l&#8217;Unikal, les partenaires humanitaires, la soci\u00e9t\u00e9 ainsi que les responsables de service de s\u00e9curit\u00e9.<\/p>\n\n\n\n<p>Cellcom<\/p>\n","protected":false},"excerpt":{"rendered":"<p>Les Cliniques universitaires de Kalemie vienne de lancer les activit\u00e9s mortuaires ce jeudi 15 Mai 2025, la c\u00e9r\u00e9monie de la coupure du ruban symbolique pour l&#8217;inauguration de la Morgue a \u00e9t\u00e9 faite par le Gouverneur de province, repr\u00e9sent\u00e9 par son ministre provincial de la Sant\u00e9 Dr Beno\u00eet MALUMBI MUHIYA.Dans son mot de bienvenue, le Recteur&hellip;<\/p>\n","protected":false},"author":1,"featured_media":1053,"parent":0,"menu_order":0,"comment_status":"closed","ping_status":"closed","template":"","meta":{"om_disable_all_campaigns":false,"_monsterinsights_skip_tracking":false,"_monsterinsights_sitenote_active":false,"_monsterinsights_sitenote_note":"","_monsterinsights_sitenote_category":0,"_uf_show_specific_survey":0,"_uf_disable_surveys":false,"footnotes":""},"class_list":["post-1051","page","type-page","status-publish","has-post-thumbnail","hentry"],"yoast_head":"<!-- This site is optimized with the Yoast SEO plugin v26.9 - https:\/\/yoast.com\/product\/yoast-seo-wordpress\/ -->\n<title>ESU : L&#039;UNIVERSIT\u00c9 DE KALEMIE VIABILISE SA FACULT\u00c9 DE MEDECINE HUMAINE PAR L&#039;INAUGURATION DE LA CHAMBRE MORTUAIRE A SES CLINIQUES UNIVERSITAIRES. - Universit\u00e9 de Kalemie<\/title>\n<meta name=\"robots\" content=\"index, follow, max-snippet:-1, max-image-preview:large, max-video-preview:-1\" \/>\n<link rel=\"canonical\" href=\"https:\/\/unikal.ac.cd\/index.php\/esu-luniversite-de-kalemie-viabilise-sa-faculte-de-medecine-humaine-par-linauguration-de-la-chambre-mortuaire-a-ses-cliniques-universitaires-ce-jeudi-15-mai-2025-en-presence-des-autorites-politi\/\" \/>\n<meta property=\"og:locale\" content=\"en_US\" \/>\n<meta property=\"og:type\" content=\"article\" \/>\n<meta property=\"og:title\" content=\"ESU : L&#039;UNIVERSIT\u00c9 DE KALEMIE VIABILISE SA FACULT\u00c9 DE MEDECINE HUMAINE PAR L&#039;INAUGURATION DE LA CHAMBRE MORTUAIRE A SES CLINIQUES UNIVERSITAIRES. - Universit\u00e9 de Kalemie\" \/>\n<meta property=\"og:description\" content=\"Les Cliniques universitaires de Kalemie vienne de lancer les activit\u00e9s mortuaires ce jeudi 15 Mai 2025, la c\u00e9r\u00e9monie de la coupure du ruban symbolique pour l&#8217;inauguration de la Morgue a \u00e9t\u00e9 faite par le Gouverneur de province, repr\u00e9sent\u00e9 par son ministre provincial de la Sant\u00e9 Dr Beno\u00eet MALUMBI MUHIYA.Dans son mot de bienvenue, le Recteur&hellip;\" \/>\n<meta property=\"og:url\" content=\"https:\/\/unikal.ac.cd\/index.php\/esu-luniversite-de-kalemie-viabilise-sa-faculte-de-medecine-humaine-par-linauguration-de-la-chambre-mortuaire-a-ses-cliniques-universitaires-ce-jeudi-15-mai-2025-en-presence-des-autorites-politi\/\" \/>\n<meta property=\"og:site_name\" content=\"Universit\u00e9 de Kalemie\" \/>\n<meta property=\"article:modified_time\" content=\"2025-05-17T09:02:29+00:00\" \/>\n<meta property=\"og:image\" content=\"https:\/\/unikal.ac.cd\/wp-content\/uploads\/2025\/05\/IMG-20250516-WA0014.jpg\" \/>\n\t<meta property=\"og:image:width\" content=\"2560\" \/>\n\t<meta property=\"og:image:height\" content=\"1706\" \/>\n\t<meta property=\"og:image:type\" content=\"image\/jpeg\" \/>\n<meta name=\"twitter:card\" content=\"summary_large_image\" \/>\n<meta name=\"twitter:label1\" content=\"Est. reading time\" \/>\n\t<meta name=\"twitter:data1\" content=\"2 minutes\" \/>\n<script type=\"application\/ld+json\" class=\"yoast-schema-graph\">{\"@context\":\"https:\/\/schema.org\",\"@graph\":[{\"@type\":\"WebPage\",\"@id\":\"https:\/\/unikal.ac.cd\/index.php\/esu-luniversite-de-kalemie-viabilise-sa-faculte-de-medecine-humaine-par-linauguration-de-la-chambre-mortuaire-a-ses-cliniques-universitaires-ce-jeudi-15-mai-2025-en-presence-des-autorites-politi\/\",\"url\":\"https:\/\/unikal.ac.cd\/index.php\/esu-luniversite-de-kalemie-viabilise-sa-faculte-de-medecine-humaine-par-linauguration-de-la-chambre-mortuaire-a-ses-cliniques-universitaires-ce-jeudi-15-mai-2025-en-presence-des-autorites-politi\/\",\"name\":\"ESU : L'UNIVERSIT\u00c9 DE KALEMIE VIABILISE SA FACULT\u00c9 DE MEDECINE HUMAINE PAR L'INAUGURATION DE LA CHAMBRE MORTUAIRE A SES CLINIQUES UNIVERSITAIRES. - Universit\u00e9 de Kalemie\",\"isPartOf\":{\"@id\":\"https:\/\/unikal.ac.cd\/#website\"},\"primaryImageOfPage\":{\"@id\":\"https:\/\/unikal.ac.cd\/index.php\/esu-luniversite-de-kalemie-viabilise-sa-faculte-de-medecine-humaine-par-linauguration-de-la-chambre-mortuaire-a-ses-cliniques-universitaires-ce-jeudi-15-mai-2025-en-presence-des-autorites-politi\/#primaryimage\"},\"image\":{\"@id\":\"https:\/\/unikal.ac.cd\/index.php\/esu-luniversite-de-kalemie-viabilise-sa-faculte-de-medecine-humaine-par-linauguration-de-la-chambre-mortuaire-a-ses-cliniques-universitaires-ce-jeudi-15-mai-2025-en-presence-des-autorites-politi\/#primaryimage\"},\"thumbnailUrl\":\"https:\/\/unikal.ac.cd\/wp-content\/uploads\/2025\/05\/IMG-20250516-WA0014.jpg\",\"datePublished\":\"2025-05-17T08:49:09+00:00\",\"dateModified\":\"2025-05-17T09:02:29+00:00\",\"breadcrumb\":{\"@id\":\"https:\/\/unikal.ac.cd\/index.php\/esu-luniversite-de-kalemie-viabilise-sa-faculte-de-medecine-humaine-par-linauguration-de-la-chambre-mortuaire-a-ses-cliniques-universitaires-ce-jeudi-15-mai-2025-en-presence-des-autorites-politi\/#breadcrumb\"},\"inLanguage\":\"en-US\",\"potentialAction\":[{\"@type\":\"ReadAction\",\"target\":[\"https:\/\/unikal.ac.cd\/index.php\/esu-luniversite-de-kalemie-viabilise-sa-faculte-de-medecine-humaine-par-linauguration-de-la-chambre-mortuaire-a-ses-cliniques-universitaires-ce-jeudi-15-mai-2025-en-presence-des-autorites-politi\/\"]}]},{\"@type\":\"ImageObject\",\"inLanguage\":\"en-US\",\"@id\":\"https:\/\/unikal.ac.cd\/index.php\/esu-luniversite-de-kalemie-viabilise-sa-faculte-de-medecine-humaine-par-linauguration-de-la-chambre-mortuaire-a-ses-cliniques-universitaires-ce-jeudi-15-mai-2025-en-presence-des-autorites-politi\/#primaryimage\",\"url\":\"https:\/\/unikal.ac.cd\/wp-content\/uploads\/2025\/05\/IMG-20250516-WA0014.jpg\",\"contentUrl\":\"https:\/\/unikal.ac.cd\/wp-content\/uploads\/2025\/05\/IMG-20250516-WA0014.jpg\",\"width\":2560,\"height\":1706},{\"@type\":\"BreadcrumbList\",\"@id\":\"https:\/\/unikal.ac.cd\/index.php\/esu-luniversite-de-kalemie-viabilise-sa-faculte-de-medecine-humaine-par-linauguration-de-la-chambre-mortuaire-a-ses-cliniques-universitaires-ce-jeudi-15-mai-2025-en-presence-des-autorites-politi\/#breadcrumb\",\"itemListElement\":[{\"@type\":\"ListItem\",\"position\":1,\"name\":\"Home\",\"item\":\"https:\/\/unikal.ac.cd\/\"},{\"@type\":\"ListItem\",\"position\":2,\"name\":\"ESU : L&#8217;UNIVERSIT\u00c9 DE KALEMIE VIABILISE SA FACULT\u00c9 DE MEDECINE HUMAINE PAR L&#8217;INAUGURATION DE LA CHAMBRE MORTUAIRE A SES CLINIQUES UNIVERSITAIRES.\"}]},{\"@type\":\"WebSite\",\"@id\":\"https:\/\/unikal.ac.cd\/#website\",\"url\":\"https:\/\/unikal.ac.cd\/\",\"name\":\"Universit\u00e9 de Kalemie\",\"description\":\"Lumi\u00e8re du Tanganyika\",\"publisher\":{\"@id\":\"https:\/\/unikal.ac.cd\/#organization\"},\"potentialAction\":[{\"@type\":\"SearchAction\",\"target\":{\"@type\":\"EntryPoint\",\"urlTemplate\":\"https:\/\/unikal.ac.cd\/?s={search_term_string}\"},\"query-input\":{\"@type\":\"PropertyValueSpecification\",\"valueRequired\":true,\"valueName\":\"search_term_string\"}}],\"inLanguage\":\"en-US\"},{\"@type\":\"Organization\",\"@id\":\"https:\/\/unikal.ac.cd\/#organization\",\"name\":\"Universit\u00e9 de Kalemie\",\"url\":\"https:\/\/unikal.ac.cd\/\",\"logo\":{\"@type\":\"ImageObject\",\"inLanguage\":\"en-US\",\"@id\":\"https:\/\/unikal.ac.cd\/#\/schema\/logo\/image\/\",\"url\":\"https:\/\/unikal.ac.cd\/wp-content\/uploads\/2023\/08\/logo-unikal_013249.png\",\"contentUrl\":\"https:\/\/unikal.ac.cd\/wp-content\/uploads\/2023\/08\/logo-unikal_013249.png\",\"width\":2100,\"height\":1500,\"caption\":\"Universit\u00e9 de Kalemie\"},\"image\":{\"@id\":\"https:\/\/unikal.ac.cd\/#\/schema\/logo\/image\/\"}}]}<\/script>\n<!-- \/ Yoast SEO plugin. -->","yoast_head_json":{"title":"ESU : L'UNIVERSIT\u00c9 DE KALEMIE VIABILISE SA FACULT\u00c9 DE MEDECINE HUMAINE PAR L'INAUGURATION DE LA CHAMBRE MORTUAIRE A SES CLINIQUES UNIVERSITAIRES. - Universit\u00e9 de Kalemie","robots":{"index":"index","follow":"follow","max-snippet":"max-snippet:-1","max-image-preview":"max-image-preview:large","max-video-preview":"max-video-preview:-1"},"canonical":"https:\/\/unikal.ac.cd\/index.php\/esu-luniversite-de-kalemie-viabilise-sa-faculte-de-medecine-humaine-par-linauguration-de-la-chambre-mortuaire-a-ses-cliniques-universitaires-ce-jeudi-15-mai-2025-en-presence-des-autorites-politi\/","og_locale":"en_US","og_type":"article","og_title":"ESU : L'UNIVERSIT\u00c9 DE KALEMIE VIABILISE SA FACULT\u00c9 DE MEDECINE HUMAINE PAR L'INAUGURATION DE LA CHAMBRE MORTUAIRE A SES CLINIQUES UNIVERSITAIRES. - Universit\u00e9 de Kalemie","og_description":"Les Cliniques universitaires de Kalemie vienne de lancer les activit\u00e9s mortuaires ce jeudi 15 Mai 2025, la c\u00e9r\u00e9monie de la coupure du ruban symbolique pour l&#8217;inauguration de la Morgue a \u00e9t\u00e9 faite par le Gouverneur de province, repr\u00e9sent\u00e9 par son ministre provincial de la Sant\u00e9 Dr Beno\u00eet MALUMBI MUHIYA.Dans son mot de bienvenue, le Recteur&hellip;","og_url":"https:\/\/unikal.ac.cd\/index.php\/esu-luniversite-de-kalemie-viabilise-sa-faculte-de-medecine-humaine-par-linauguration-de-la-chambre-mortuaire-a-ses-cliniques-universitaires-ce-jeudi-15-mai-2025-en-presence-des-autorites-politi\/","og_site_name":"Universit\u00e9 de Kalemie","article_modified_time":"2025-05-17T09:02:29+00:00","og_image":[{"width":2560,"height":1706,"url":"https:\/\/unikal.ac.cd\/wp-content\/uploads\/2025\/05\/IMG-20250516-WA0014.jpg","type":"image\/jpeg"}],"twitter_card":"summary_large_image","twitter_misc":{"Est. reading time":"2 minutes"},"schema":{"@context":"https:\/\/schema.org","@graph":[{"@type":"WebPage","@id":"https:\/\/unikal.ac.cd\/index.php\/esu-luniversite-de-kalemie-viabilise-sa-faculte-de-medecine-humaine-par-linauguration-de-la-chambre-mortuaire-a-ses-cliniques-universitaires-ce-jeudi-15-mai-2025-en-presence-des-autorites-politi\/","url":"https:\/\/unikal.ac.cd\/index.php\/esu-luniversite-de-kalemie-viabilise-sa-faculte-de-medecine-humaine-par-linauguration-de-la-chambre-mortuaire-a-ses-cliniques-universitaires-ce-jeudi-15-mai-2025-en-presence-des-autorites-politi\/","name":"ESU : L'UNIVERSIT\u00c9 DE KALEMIE VIABILISE SA FACULT\u00c9 DE MEDECINE HUMAINE PAR L'INAUGURATION DE LA CHAMBRE MORTUAIRE A SES CLINIQUES UNIVERSITAIRES. - Universit\u00e9 de Kalemie","isPartOf":{"@id":"https:\/\/unikal.ac.cd\/#website"},"primaryImageOfPage":{"@id":"https:\/\/unikal.ac.cd\/index.php\/esu-luniversite-de-kalemie-viabilise-sa-faculte-de-medecine-humaine-par-linauguration-de-la-chambre-mortuaire-a-ses-cliniques-universitaires-ce-jeudi-15-mai-2025-en-presence-des-autorites-politi\/#primaryimage"},"image":{"@id":"https:\/\/unikal.ac.cd\/index.php\/esu-luniversite-de-kalemie-viabilise-sa-faculte-de-medecine-humaine-par-linauguration-de-la-chambre-mortuaire-a-ses-cliniques-universitaires-ce-jeudi-15-mai-2025-en-presence-des-autorites-politi\/#primaryimage"},"thumbnailUrl":"https:\/\/unikal.ac.cd\/wp-content\/uploads\/2025\/05\/IMG-20250516-WA0014.jpg","datePublished":"2025-05-17T08:49:09+00:00","dateModified":"2025-05-17T09:02:29+00:00","breadcrumb":{"@id":"https:\/\/unikal.ac.cd\/index.php\/esu-luniversite-de-kalemie-viabilise-sa-faculte-de-medecine-humaine-par-linauguration-de-la-chambre-mortuaire-a-ses-cliniques-universitaires-ce-jeudi-15-mai-2025-en-presence-des-autorites-politi\/#breadcrumb"},"inLanguage":"en-US","potentialAction":[{"@type":"ReadAction","target":["https:\/\/unikal.ac.cd\/index.php\/esu-luniversite-de-kalemie-viabilise-sa-faculte-de-medecine-humaine-par-linauguration-de-la-chambre-mortuaire-a-ses-cliniques-universitaires-ce-jeudi-15-mai-2025-en-presence-des-autorites-politi\/"]}]},{"@type":"ImageObject","inLanguage":"en-US","@id":"https:\/\/unikal.ac.cd\/index.php\/esu-luniversite-de-kalemie-viabilise-sa-faculte-de-medecine-humaine-par-linauguration-de-la-chambre-mortuaire-a-ses-cliniques-universitaires-ce-jeudi-15-mai-2025-en-presence-des-autorites-politi\/#primaryimage","url":"https:\/\/unikal.ac.cd\/wp-content\/uploads\/2025\/05\/IMG-20250516-WA0014.jpg","contentUrl":"https:\/\/unikal.ac.cd\/wp-content\/uploads\/2025\/05\/IMG-20250516-WA0014.jpg","width":2560,"height":1706},{"@type":"BreadcrumbList","@id":"https:\/\/unikal.ac.cd\/index.php\/esu-luniversite-de-kalemie-viabilise-sa-faculte-de-medecine-humaine-par-linauguration-de-la-chambre-mortuaire-a-ses-cliniques-universitaires-ce-jeudi-15-mai-2025-en-presence-des-autorites-politi\/#breadcrumb","itemListElement":[{"@type":"ListItem","position":1,"name":"Home","item":"https:\/\/unikal.ac.cd\/"},{"@type":"ListItem","position":2,"name":"ESU : L&#8217;UNIVERSIT\u00c9 DE KALEMIE VIABILISE SA FACULT\u00c9 DE MEDECINE HUMAINE PAR L&#8217;INAUGURATION DE LA CHAMBRE MORTUAIRE A SES CLINIQUES UNIVERSITAIRES."}]},{"@type":"WebSite","@id":"https:\/\/unikal.ac.cd\/#website","url":"https:\/\/unikal.ac.cd\/","name":"Universit\u00e9 de Kalemie","description":"Lumi\u00e8re du Tanganyika","publisher":{"@id":"https:\/\/unikal.ac.cd\/#organization"},"potentialAction":[{"@type":"SearchAction","target":{"@type":"EntryPoint","urlTemplate":"https:\/\/unikal.ac.cd\/?s={search_term_string}"},"query-input":{"@type":"PropertyValueSpecification","valueRequired":true,"valueName":"search_term_string"}}],"inLanguage":"en-US"},{"@type":"Organization","@id":"https:\/\/unikal.ac.cd\/#organization","name":"Universit\u00e9 de Kalemie","url":"https:\/\/unikal.ac.cd\/","logo":{"@type":"ImageObject","inLanguage":"en-US","@id":"https:\/\/unikal.ac.cd\/#\/schema\/logo\/image\/","url":"https:\/\/unikal.ac.cd\/wp-content\/uploads\/2023\/08\/logo-unikal_013249.png","contentUrl":"https:\/\/unikal.ac.cd\/wp-content\/uploads\/2023\/08\/logo-unikal_013249.png","width":2100,"height":1500,"caption":"Universit\u00e9 de Kalemie"},"image":{"@id":"https:\/\/unikal.ac.cd\/#\/schema\/logo\/image\/"}}]}},"_links":{"self":[{"href":"https:\/\/unikal.ac.cd\/index.php\/wp-json\/wp\/v2\/pages\/1051","targetHints":{"allow":["GET"]}}],"collection":[{"href":"https:\/\/unikal.ac.cd\/index.php\/wp-json\/wp\/v2\/pages"}],"about":[{"href":"https:\/\/unikal.ac.cd\/index.php\/wp-json\/wp\/v2\/types\/page"}],"author":[{"embeddable":true,"href":"https:\/\/unikal.ac.cd\/index.php\/wp-json\/wp\/v2\/users\/1"}],"replies":[{"embeddable":true,"href":"https:\/\/unikal.ac.cd\/index.php\/wp-json\/wp\/v2\/comments?post=1051"}],"version-history":[{"count":2,"href":"https:\/\/unikal.ac.cd\/index.php\/wp-json\/wp\/v2\/pages\/1051\/revisions"}],"predecessor-version":[{"id":1056,"href":"https:\/\/unikal.ac.cd\/index.php\/wp-json\/wp\/v2\/pages\/1051\/revisions\/1056"}],"wp:featuredmedia":[{"embeddable":true,"href":"https:\/\/unikal.ac.cd\/index.php\/wp-json\/wp\/v2\/media\/1053"}],"wp:attachment":[{"href":"https:\/\/unikal.ac.cd\/index.php\/wp-json\/wp\/v2\/media?parent=1051"}],"curies":[{"name":"wp","href":"https:\/\/api.w.org\/{rel}","templated":true}]}}