{"id":18,"date":"2023-08-15T19:47:10","date_gmt":"2023-08-15T19:47:10","guid":{"rendered":"https:\/\/unikal.ac.cd\/?page_id=18"},"modified":"2023-12-04T13:37:36","modified_gmt":"2023-12-04T13:37:36","slug":"a-propos","status":"publish","type":"page","link":"https:\/\/unikal.ac.cd\/index.php\/a-propos\/","title":{"rendered":"A Propos"},"content":{"rendered":"\t\t<div data-elementor-type=\"wp-page\" data-elementor-id=\"18\" class=\"elementor elementor-18\">\n\t\t\t\t\t\t<section class=\"elementor-section elementor-top-section elementor-element elementor-element-a527c94 elementor-section-stretched elementor-section-boxed elementor-section-height-default elementor-section-height-default\" data-id=\"a527c94\" data-element_type=\"section\" data-e-type=\"section\" data-settings=\"{&quot;stretch_section&quot;:&quot;section-stretched&quot;}\">\n\t\t\t\t\t\t<div class=\"elementor-container elementor-column-gap-default\">\n\t\t\t\t\t<div class=\"elementor-column elementor-col-100 elementor-top-column elementor-element elementor-element-355ba37\" data-id=\"355ba37\" data-element_type=\"column\" data-e-type=\"column\">\n\t\t\t<div class=\"elementor-widget-wrap elementor-element-populated\">\n\t\t\t\t\t\t<div class=\"elementor-element elementor-element-2bdaf58 elementor-widget elementor-widget-heading\" data-id=\"2bdaf58\" data-element_type=\"widget\" data-e-type=\"widget\" data-widget_type=\"heading.default\">\n\t\t\t\t<div class=\"elementor-widget-container\">\n\t\t\t\t\t<h2 class=\"elementor-heading-title elementor-size-default\">Universite de kalemie<\/h2>\t\t\t\t<\/div>\n\t\t\t\t<\/div>\n\t\t\t\t\t<\/div>\n\t\t<\/div>\n\t\t\t\t\t<\/div>\n\t\t<\/section>\n\t\t\t\t<section class=\"elementor-section elementor-top-section elementor-element elementor-element-4d9ff17 elementor-section-stretched elementor-section-boxed elementor-section-height-default elementor-section-height-default\" data-id=\"4d9ff17\" data-element_type=\"section\" data-e-type=\"section\" data-settings=\"{&quot;stretch_section&quot;:&quot;section-stretched&quot;}\">\n\t\t\t\t\t\t<div class=\"elementor-container elementor-column-gap-default\">\n\t\t\t\t\t<div class=\"elementor-column elementor-col-100 elementor-top-column elementor-element elementor-element-ecc61d9\" data-id=\"ecc61d9\" data-element_type=\"column\" data-e-type=\"column\">\n\t\t\t<div class=\"elementor-widget-wrap elementor-element-populated\">\n\t\t\t\t\t\t<div class=\"elementor-element elementor-element-cbeb4cc elementor-widget elementor-widget-text-editor\" data-id=\"cbeb4cc\" data-element_type=\"widget\" data-e-type=\"widget\" data-widget_type=\"text-editor.default\">\n\t\t\t\t<div class=\"elementor-widget-container\">\n\t\t\t\t\t\t\t\t\t<p>L\u2019<b>universit\u00e9 de Kalemie<\/b>\u00a0(<b>UNIKAL<\/b>\u00a0en sigle) est une\u00a0universit\u00e9 publique\u00a0de la\u00a0R\u00e9publique d\u00e9mocratique du Congo\u00a0situ\u00e9e \u00e0\u00a0Kalemie, dans la province du\u00a0Tanganyika. \u00c0 sa cr\u00e9ation, elle \u00e9tait une \u00ab\u00a0Extension de l\u2019universit\u00e9 de Lubumbashi\u00a0\u00bb et s\u2019appelait alors \u00ab\u00a0Centre universitaire de Kalemie (C.U.K.)\u00a0\u00bb. En 2022, l&#8217;Universit\u00e9 de Kalemie compte plus de 3\u00a0000 \u00e9tudiants dans neuf domaines d&#8217;\u00e9tudes. Son\u00a0recteur\u00a0est le Professeur Ordinaire Victor Kalunga Tshikala, qui succ\u00e8de au Professeur Ordinaire Adalbert Sango Mukalay. Sa langue d&#8217;enseignement est le\u00a0fran\u00e7ais.<\/p>\t\t\t\t\t\t\t\t<\/div>\n\t\t\t\t<\/div>\n\t\t\t\t\t<\/div>\n\t\t<\/div>\n\t\t\t\t\t<\/div>\n\t\t<\/section>\n\t\t\t\t<section class=\"elementor-section elementor-top-section elementor-element elementor-element-4340259 elementor-section-stretched elementor-section-boxed elementor-section-height-default elementor-section-height-default\" data-id=\"4340259\" data-element_type=\"section\" data-e-type=\"section\" data-settings=\"{&quot;stretch_section&quot;:&quot;section-stretched&quot;}\">\n\t\t\t\t\t\t<div class=\"elementor-container elementor-column-gap-default\">\n\t\t\t\t\t<div class=\"elementor-column elementor-col-100 elementor-top-column elementor-element elementor-element-a2dbd57\" data-id=\"a2dbd57\" data-element_type=\"column\" data-e-type=\"column\">\n\t\t\t<div class=\"elementor-widget-wrap elementor-element-populated\">\n\t\t\t\t\t\t<div class=\"elementor-element elementor-element-7261fa7 elementor-widget elementor-widget-image-carousel\" data-id=\"7261fa7\" data-element_type=\"widget\" data-e-type=\"widget\" data-settings=\"{&quot;navigation&quot;:&quot;none&quot;,&quot;autoplay&quot;:&quot;yes&quot;,&quot;pause_on_hover&quot;:&quot;yes&quot;,&quot;pause_on_interaction&quot;:&quot;yes&quot;,&quot;autoplay_speed&quot;:5000,&quot;infinite&quot;:&quot;yes&quot;,&quot;speed&quot;:500}\" data-widget_type=\"image-carousel.default\">\n\t\t\t\t<div class=\"elementor-widget-container\">\n\t\t\t\t\t\t\t<div class=\"elementor-image-carousel-wrapper swiper\" role=\"region\" aria-roledescription=\"carousel\" aria-label=\"Image Carousel\" dir=\"ltr\">\n\t\t\t<div class=\"elementor-image-carousel swiper-wrapper swiper-image-stretch\" aria-live=\"off\">\n\t\t\t\t\t\t\t\t<div class=\"swiper-slide\" role=\"group\" aria-roledescription=\"slide\" aria-label=\"1 of 3\"><a data-elementor-open-lightbox=\"yes\" data-elementor-lightbox-slideshow=\"7261fa7\" data-elementor-lightbox-title=\"DSC_1498\" data-e-action-hash=\"#elementor-action%3Aaction%3Dlightbox%26settings%3DeyJpZCI6NDg0LCJ1cmwiOiJodHRwczpcL1wvdW5pa2FsLmFjLmNkXC93cC1jb250ZW50XC91cGxvYWRzXC8yMDIzXC8xMVwvRFNDXzE0OTgtc2NhbGVkLmpwZyIsInNsaWRlc2hvdyI6IjcyNjFmYTcifQ%3D%3D\" href=\"https:\/\/unikal.ac.cd\/wp-content\/uploads\/2023\/11\/DSC_1498-scaled.jpg\"><figure class=\"swiper-slide-inner\"><img decoding=\"async\" class=\"swiper-slide-image\" src=\"https:\/\/unikal.ac.cd\/wp-content\/uploads\/2023\/11\/DSC_1498-150x150.jpg\" alt=\"DSC_1498\" \/><\/figure><\/a><\/div><div class=\"swiper-slide\" role=\"group\" aria-roledescription=\"slide\" aria-label=\"2 of 3\"><a data-elementor-open-lightbox=\"yes\" data-elementor-lightbox-slideshow=\"7261fa7\" data-elementor-lightbox-title=\"aerial\" data-e-action-hash=\"#elementor-action%3Aaction%3Dlightbox%26settings%3DeyJpZCI6NDkzLCJ1cmwiOiJodHRwczpcL1wvdW5pa2FsLmFjLmNkXC93cC1jb250ZW50XC91cGxvYWRzXC8yMDIzXC8xMVwvYWVyaWFsLXNjYWxlZC5qcGciLCJzbGlkZXNob3ciOiI3MjYxZmE3In0%3D\" href=\"https:\/\/unikal.ac.cd\/wp-content\/uploads\/2023\/11\/aerial-scaled.jpg\"><figure class=\"swiper-slide-inner\"><img decoding=\"async\" class=\"swiper-slide-image\" src=\"https:\/\/unikal.ac.cd\/wp-content\/uploads\/2023\/11\/aerial-150x150.jpg\" alt=\"aerial\" \/><\/figure><\/a><\/div><div class=\"swiper-slide\" role=\"group\" aria-roledescription=\"slide\" aria-label=\"3 of 3\"><a data-elementor-open-lightbox=\"yes\" data-elementor-lightbox-slideshow=\"7261fa7\" data-elementor-lightbox-title=\"batiment MUHINDO\" data-e-action-hash=\"#elementor-action%3Aaction%3Dlightbox%26settings%3DeyJpZCI6NDk0LCJ1cmwiOiJodHRwczpcL1wvdW5pa2FsLmFjLmNkXC93cC1jb250ZW50XC91cGxvYWRzXC8yMDIzXC8xMVwvYmF0aW1lbnQtTVVISU5ETy1zY2FsZWQuanBnIiwic2xpZGVzaG93IjoiNzI2MWZhNyJ9\" href=\"https:\/\/unikal.ac.cd\/wp-content\/uploads\/2023\/11\/batiment-MUHINDO-scaled.jpg\"><figure class=\"swiper-slide-inner\"><img decoding=\"async\" class=\"swiper-slide-image\" src=\"https:\/\/unikal.ac.cd\/wp-content\/uploads\/2023\/11\/batiment-MUHINDO-150x150.jpg\" alt=\"batiment MUHINDO\" \/><\/figure><\/a><\/div>\t\t\t<\/div>\n\t\t\t\t\t\t\t\n\t\t\t\t\t\t\t\t\t<\/div>\n\t\t\t\t\t\t<\/div>\n\t\t\t\t<\/div>\n\t\t\t\t\t<\/div>\n\t\t<\/div>\n\t\t\t\t\t<\/div>\n\t\t<\/section>\n\t\t\t\t<section class=\"elementor-section elementor-top-section elementor-element elementor-element-d1bed78 elementor-section-stretched elementor-section-boxed elementor-section-height-default elementor-section-height-default\" data-id=\"d1bed78\" data-element_type=\"section\" data-e-type=\"section\" data-settings=\"{&quot;stretch_section&quot;:&quot;section-stretched&quot;}\">\n\t\t\t\t\t\t<div class=\"elementor-container elementor-column-gap-default\">\n\t\t\t\t\t<div class=\"elementor-column elementor-col-100 elementor-top-column elementor-element elementor-element-b9d94a4\" data-id=\"b9d94a4\" data-element_type=\"column\" data-e-type=\"column\">\n\t\t\t<div class=\"elementor-widget-wrap elementor-element-populated\">\n\t\t\t\t\t\t<div class=\"elementor-element elementor-element-79baa8d elementor-widget elementor-widget-text-editor\" data-id=\"79baa8d\" data-element_type=\"widget\" data-e-type=\"widget\" data-widget_type=\"text-editor.default\">\n\t\t\t\t<div class=\"elementor-widget-container\">\n\t\t\t\t\t\t\t\t\t<p style=\"color: #000000; font-family: Kurale, sans-serif; font-size: 16px; text-align: justify;\">L\u2019universit\u00e9 est cr\u00e9\u00e9e le\u00a0<time datetime=\"2004-10-01\" data-sort-value=\"2004-10-01\"><abbr title=\"premier\">1<span style=\"position: relative; font-size: 12px; line-height: 0; vertical-align: baseline; top: -0.5em;\">er<\/span><\/abbr>\u00a0octobre 2004<\/time>\u00a0comme \u00ab\u00a0Centre universitaire de Kalemie\u00a0\u00bb (C.U.K.), une extension de l&#8217;universit\u00e9 de Lubumbashi. Elle devient autonome en\u00a02010\u00a0suite \u00e0 l\u2019arr\u00eat\u00e9 minist\u00e9riel N\u00b0 157\/MINESU\/CABMIN\/EBK\/PK\/2010 du\u00a0<time datetime=\"2010-09-27\" data-sort-value=\"2010-09-27\">27 septembre 2010<\/time>, portant autonomisation de quelques extensions des \u00e9tablissements de l\u2019enseignement sup\u00e9rieur\u00a0et universitaire<\/p><p style=\"color: #000000; font-family: Kurale, sans-serif; font-size: 16px; text-align: justify;\">Elle Organise 8 Domaines d&#8217;\u00e9tudes dont:<\/p><ul style=\"color: #000000; font-family: Kurale, sans-serif; font-size: 16px; text-align: justify;\"><li>Sciences de la Sant\u00e9<\/li><li>Sciences et Technologies<\/li><li>Sciences Agronomiques et de l&#8217;environnement<\/li><li>Sciences Juridiques, politiques et administratives<\/li><li>Lettres, Langues et Arts<\/li><li>Sciences de l&#8217;Homme et de la Societ\u00e9<\/li><li>Sciences Economiques et de Gestion<\/li><li>Sciences Psychologiques et de l&#8217;Education<\/li><\/ul>\t\t\t\t\t\t\t\t<\/div>\n\t\t\t\t<\/div>\n\t\t\t\t\t<\/div>\n\t\t<\/div>\n\t\t\t\t\t<\/div>\n\t\t<\/section>\n\t\t\t\t<\/div>\n\t\t","protected":false},"excerpt":{"rendered":"<p>Universite de kalemie L\u2019universit\u00e9 de Kalemie\u00a0(UNIKAL\u00a0en sigle) est une\u00a0universit\u00e9 publique\u00a0de la\u00a0R\u00e9publique d\u00e9mocratique du Congo\u00a0situ\u00e9e \u00e0\u00a0Kalemie, dans la province du\u00a0Tanganyika. \u00c0 sa cr\u00e9ation, elle \u00e9tait une \u00ab\u00a0Extension de l\u2019universit\u00e9 de Lubumbashi\u00a0\u00bb et s\u2019appelait alors \u00ab\u00a0Centre universitaire de Kalemie (C.U.K.)\u00a0\u00bb. En 2022, l&#8217;Universit\u00e9 de Kalemie compte plus de 3\u00a0000 \u00e9tudiants dans neuf domaines d&#8217;\u00e9tudes. Son\u00a0recteur\u00a0est le Professeur&hellip;<\/p>\n","protected":false},"author":1,"featured_media":0,"parent":0,"menu_order":0,"comment_status":"closed","ping_status":"closed","template":"elementor_header_footer","meta":{"om_disable_all_campaigns":false,"_monsterinsights_skip_tracking":false,"_monsterinsights_sitenote_active":false,"_monsterinsights_sitenote_note":"","_monsterinsights_sitenote_category":0,"_uf_show_specific_survey":0,"_uf_disable_surveys":false,"footnotes":""},"class_list":["post-18","page","type-page","status-publish","hentry"],"yoast_head":"<!-- This site is optimized with the Yoast SEO plugin v26.9 - https:\/\/yoast.com\/product\/yoast-seo-wordpress\/ -->\n<title>A Propos - Universit\u00e9 de Kalemie<\/title>\n<meta name=\"robots\" content=\"index, follow, max-snippet:-1, max-image-preview:large, max-video-preview:-1\" \/>\n<link rel=\"canonical\" href=\"https:\/\/unikal.ac.cd\/index.php\/a-propos\/\" \/>\n<meta property=\"og:locale\" content=\"en_US\" \/>\n<meta property=\"og:type\" content=\"article\" \/>\n<meta property=\"og:title\" content=\"A Propos - Universit\u00e9 de Kalemie\" \/>\n<meta property=\"og:description\" content=\"Universite de kalemie L\u2019universit\u00e9 de Kalemie\u00a0(UNIKAL\u00a0en sigle) est une\u00a0universit\u00e9 publique\u00a0de la\u00a0R\u00e9publique d\u00e9mocratique du Congo\u00a0situ\u00e9e \u00e0\u00a0Kalemie, dans la province du\u00a0Tanganyika. \u00c0 sa cr\u00e9ation, elle \u00e9tait une \u00ab\u00a0Extension de l\u2019universit\u00e9 de Lubumbashi\u00a0\u00bb et s\u2019appelait alors \u00ab\u00a0Centre universitaire de Kalemie (C.U.K.)\u00a0\u00bb. En 2022, l&#8217;Universit\u00e9 de Kalemie compte plus de 3\u00a0000 \u00e9tudiants dans neuf domaines d&#8217;\u00e9tudes. Son\u00a0recteur\u00a0est le Professeur&hellip;\" \/>\n<meta property=\"og:url\" content=\"https:\/\/unikal.ac.cd\/index.php\/a-propos\/\" \/>\n<meta property=\"og:site_name\" content=\"Universit\u00e9 de Kalemie\" \/>\n<meta property=\"article:modified_time\" content=\"2023-12-04T13:37:36+00:00\" \/>\n<meta property=\"og:image\" content=\"https:\/\/unikal.ac.cd\/wp-content\/uploads\/2023\/11\/DSC_1498-150x150.jpg\" \/>\n<meta name=\"twitter:card\" content=\"summary_large_image\" \/>\n<meta name=\"twitter:label1\" content=\"Est. reading time\" \/>\n\t<meta name=\"twitter:data1\" content=\"2 minutes\" \/>\n<script type=\"application\/ld+json\" class=\"yoast-schema-graph\">{\"@context\":\"https:\/\/schema.org\",\"@graph\":[{\"@type\":\"WebPage\",\"@id\":\"https:\/\/unikal.ac.cd\/index.php\/a-propos\/\",\"url\":\"https:\/\/unikal.ac.cd\/index.php\/a-propos\/\",\"name\":\"A Propos - Universit\u00e9 de Kalemie\",\"isPartOf\":{\"@id\":\"https:\/\/unikal.ac.cd\/#website\"},\"primaryImageOfPage\":{\"@id\":\"https:\/\/unikal.ac.cd\/index.php\/a-propos\/#primaryimage\"},\"image\":{\"@id\":\"https:\/\/unikal.ac.cd\/index.php\/a-propos\/#primaryimage\"},\"thumbnailUrl\":\"https:\/\/unikal.ac.cd\/wp-content\/uploads\/2023\/11\/DSC_1498-150x150.jpg\",\"datePublished\":\"2023-08-15T19:47:10+00:00\",\"dateModified\":\"2023-12-04T13:37:36+00:00\",\"breadcrumb\":{\"@id\":\"https:\/\/unikal.ac.cd\/index.php\/a-propos\/#breadcrumb\"},\"inLanguage\":\"en-US\",\"potentialAction\":[{\"@type\":\"ReadAction\",\"target\":[\"https:\/\/unikal.ac.cd\/index.php\/a-propos\/\"]}]},{\"@type\":\"ImageObject\",\"inLanguage\":\"en-US\",\"@id\":\"https:\/\/unikal.ac.cd\/index.php\/a-propos\/#primaryimage\",\"url\":\"https:\/\/unikal.ac.cd\/wp-content\/uploads\/2023\/11\/DSC_1498-scaled.jpg\",\"contentUrl\":\"https:\/\/unikal.ac.cd\/wp-content\/uploads\/2023\/11\/DSC_1498-scaled.jpg\",\"width\":2560,\"height\":1708},{\"@type\":\"BreadcrumbList\",\"@id\":\"https:\/\/unikal.ac.cd\/index.php\/a-propos\/#breadcrumb\",\"itemListElement\":[{\"@type\":\"ListItem\",\"position\":1,\"name\":\"Home\",\"item\":\"https:\/\/unikal.ac.cd\/\"},{\"@type\":\"ListItem\",\"position\":2,\"name\":\"A Propos\"}]},{\"@type\":\"WebSite\",\"@id\":\"https:\/\/unikal.ac.cd\/#website\",\"url\":\"https:\/\/unikal.ac.cd\/\",\"name\":\"Universit\u00e9 de Kalemie\",\"description\":\"Lumi\u00e8re du Tanganyika\",\"publisher\":{\"@id\":\"https:\/\/unikal.ac.cd\/#organization\"},\"potentialAction\":[{\"@type\":\"SearchAction\",\"target\":{\"@type\":\"EntryPoint\",\"urlTemplate\":\"https:\/\/unikal.ac.cd\/?s={search_term_string}\"},\"query-input\":{\"@type\":\"PropertyValueSpecification\",\"valueRequired\":true,\"valueName\":\"search_term_string\"}}],\"inLanguage\":\"en-US\"},{\"@type\":\"Organization\",\"@id\":\"https:\/\/unikal.ac.cd\/#organization\",\"name\":\"Universit\u00e9 de Kalemie\",\"url\":\"https:\/\/unikal.ac.cd\/\",\"logo\":{\"@type\":\"ImageObject\",\"inLanguage\":\"en-US\",\"@id\":\"https:\/\/unikal.ac.cd\/#\/schema\/logo\/image\/\",\"url\":\"https:\/\/unikal.ac.cd\/wp-content\/uploads\/2023\/08\/logo-unikal_013249.png\",\"contentUrl\":\"https:\/\/unikal.ac.cd\/wp-content\/uploads\/2023\/08\/logo-unikal_013249.png\",\"width\":2100,\"height\":1500,\"caption\":\"Universit\u00e9 de Kalemie\"},\"image\":{\"@id\":\"https:\/\/unikal.ac.cd\/#\/schema\/logo\/image\/\"}}]}<\/script>\n<!-- \/ Yoast SEO plugin. -->","yoast_head_json":{"title":"A Propos - Universit\u00e9 de Kalemie","robots":{"index":"index","follow":"follow","max-snippet":"max-snippet:-1","max-image-preview":"max-image-preview:large","max-video-preview":"max-video-preview:-1"},"canonical":"https:\/\/unikal.ac.cd\/index.php\/a-propos\/","og_locale":"en_US","og_type":"article","og_title":"A Propos - Universit\u00e9 de Kalemie","og_description":"Universite de kalemie L\u2019universit\u00e9 de Kalemie\u00a0(UNIKAL\u00a0en sigle) est une\u00a0universit\u00e9 publique\u00a0de la\u00a0R\u00e9publique d\u00e9mocratique du Congo\u00a0situ\u00e9e \u00e0\u00a0Kalemie, dans la province du\u00a0Tanganyika. \u00c0 sa cr\u00e9ation, elle \u00e9tait une \u00ab\u00a0Extension de l\u2019universit\u00e9 de Lubumbashi\u00a0\u00bb et s\u2019appelait alors \u00ab\u00a0Centre universitaire de Kalemie (C.U.K.)\u00a0\u00bb. En 2022, l&#8217;Universit\u00e9 de Kalemie compte plus de 3\u00a0000 \u00e9tudiants dans neuf domaines d&#8217;\u00e9tudes. Son\u00a0recteur\u00a0est le Professeur&hellip;","og_url":"https:\/\/unikal.ac.cd\/index.php\/a-propos\/","og_site_name":"Universit\u00e9 de Kalemie","article_modified_time":"2023-12-04T13:37:36+00:00","og_image":[{"url":"https:\/\/unikal.ac.cd\/wp-content\/uploads\/2023\/11\/DSC_1498-150x150.jpg","type":"","width":"","height":""}],"twitter_card":"summary_large_image","twitter_misc":{"Est. reading time":"2 minutes"},"schema":{"@context":"https:\/\/schema.org","@graph":[{"@type":"WebPage","@id":"https:\/\/unikal.ac.cd\/index.php\/a-propos\/","url":"https:\/\/unikal.ac.cd\/index.php\/a-propos\/","name":"A Propos - Universit\u00e9 de Kalemie","isPartOf":{"@id":"https:\/\/unikal.ac.cd\/#website"},"primaryImageOfPage":{"@id":"https:\/\/unikal.ac.cd\/index.php\/a-propos\/#primaryimage"},"image":{"@id":"https:\/\/unikal.ac.cd\/index.php\/a-propos\/#primaryimage"},"thumbnailUrl":"https:\/\/unikal.ac.cd\/wp-content\/uploads\/2023\/11\/DSC_1498-150x150.jpg","datePublished":"2023-08-15T19:47:10+00:00","dateModified":"2023-12-04T13:37:36+00:00","breadcrumb":{"@id":"https:\/\/unikal.ac.cd\/index.php\/a-propos\/#breadcrumb"},"inLanguage":"en-US","potentialAction":[{"@type":"ReadAction","target":["https:\/\/unikal.ac.cd\/index.php\/a-propos\/"]}]},{"@type":"ImageObject","inLanguage":"en-US","@id":"https:\/\/unikal.ac.cd\/index.php\/a-propos\/#primaryimage","url":"https:\/\/unikal.ac.cd\/wp-content\/uploads\/2023\/11\/DSC_1498-scaled.jpg","contentUrl":"https:\/\/unikal.ac.cd\/wp-content\/uploads\/2023\/11\/DSC_1498-scaled.jpg","width":2560,"height":1708},{"@type":"BreadcrumbList","@id":"https:\/\/unikal.ac.cd\/index.php\/a-propos\/#breadcrumb","itemListElement":[{"@type":"ListItem","position":1,"name":"Home","item":"https:\/\/unikal.ac.cd\/"},{"@type":"ListItem","position":2,"name":"A Propos"}]},{"@type":"WebSite","@id":"https:\/\/unikal.ac.cd\/#website","url":"https:\/\/unikal.ac.cd\/","name":"Universit\u00e9 de Kalemie","description":"Lumi\u00e8re du Tanganyika","publisher":{"@id":"https:\/\/unikal.ac.cd\/#organization"},"potentialAction":[{"@type":"SearchAction","target":{"@type":"EntryPoint","urlTemplate":"https:\/\/unikal.ac.cd\/?s={search_term_string}"},"query-input":{"@type":"PropertyValueSpecification","valueRequired":true,"valueName":"search_term_string"}}],"inLanguage":"en-US"},{"@type":"Organization","@id":"https:\/\/unikal.ac.cd\/#organization","name":"Universit\u00e9 de Kalemie","url":"https:\/\/unikal.ac.cd\/","logo":{"@type":"ImageObject","inLanguage":"en-US","@id":"https:\/\/unikal.ac.cd\/#\/schema\/logo\/image\/","url":"https:\/\/unikal.ac.cd\/wp-content\/uploads\/2023\/08\/logo-unikal_013249.png","contentUrl":"https:\/\/unikal.ac.cd\/wp-content\/uploads\/2023\/08\/logo-unikal_013249.png","width":2100,"height":1500,"caption":"Universit\u00e9 de Kalemie"},"image":{"@id":"https:\/\/unikal.ac.cd\/#\/schema\/logo\/image\/"}}]}},"_links":{"self":[{"href":"https:\/\/unikal.ac.cd\/index.php\/wp-json\/wp\/v2\/pages\/18","targetHints":{"allow":["GET"]}}],"collection":[{"href":"https:\/\/unikal.ac.cd\/index.php\/wp-json\/wp\/v2\/pages"}],"about":[{"href":"https:\/\/unikal.ac.cd\/index.php\/wp-json\/wp\/v2\/types\/page"}],"author":[{"embeddable":true,"href":"https:\/\/unikal.ac.cd\/index.php\/wp-json\/wp\/v2\/users\/1"}],"replies":[{"embeddable":true,"href":"https:\/\/unikal.ac.cd\/index.php\/wp-json\/wp\/v2\/comments?post=18"}],"version-history":[{"count":41,"href":"https:\/\/unikal.ac.cd\/index.php\/wp-json\/wp\/v2\/pages\/18\/revisions"}],"predecessor-version":[{"id":510,"href":"https:\/\/unikal.ac.cd\/index.php\/wp-json\/wp\/v2\/pages\/18\/revisions\/510"}],"wp:attachment":[{"href":"https:\/\/unikal.ac.cd\/index.php\/wp-json\/wp\/v2\/media?parent=18"}],"curies":[{"name":"wp","href":"https:\/\/api.w.org\/{rel}","templated":true}]}}