{"id":19,"date":"2023-08-15T19:47:10","date_gmt":"2023-08-15T19:47:10","guid":{"rendered":"https:\/\/unikal.ac.cd\/?page_id=19"},"modified":"2024-07-14T16:28:49","modified_gmt":"2024-07-14T16:28:49","slug":"comite-de-gestion","status":"publish","type":"page","link":"https:\/\/unikal.ac.cd\/index.php\/comite-de-gestion\/","title":{"rendered":"Comit\u00e9 de Gestion"},"content":{"rendered":"\t\t<div data-elementor-type=\"wp-page\" data-elementor-id=\"19\" class=\"elementor elementor-19\">\n\t\t\t\t\t\t<section class=\"elementor-section elementor-top-section elementor-element elementor-element-fea99b2 elementor-section-stretched elementor-section-boxed elementor-section-height-default elementor-section-height-default\" data-id=\"fea99b2\" data-element_type=\"section\" data-e-type=\"section\" data-settings=\"{&quot;stretch_section&quot;:&quot;section-stretched&quot;}\">\n\t\t\t\t\t\t<div class=\"elementor-container elementor-column-gap-default\">\n\t\t\t\t\t<div class=\"elementor-column elementor-col-100 elementor-top-column elementor-element elementor-element-f13f5ae\" data-id=\"f13f5ae\" data-element_type=\"column\" data-e-type=\"column\">\n\t\t\t<div class=\"elementor-widget-wrap elementor-element-populated\">\n\t\t\t\t\t\t<div class=\"elementor-element elementor-element-d185b22 elementor-widget elementor-widget-spacer\" data-id=\"d185b22\" data-element_type=\"widget\" data-e-type=\"widget\" data-widget_type=\"spacer.default\">\n\t\t\t\t<div class=\"elementor-widget-container\">\n\t\t\t\t\t\t\t<div class=\"elementor-spacer\">\n\t\t\t<div class=\"elementor-spacer-inner\"><\/div>\n\t\t<\/div>\n\t\t\t\t\t\t<\/div>\n\t\t\t\t<\/div>\n\t\t\t\t<div class=\"elementor-element elementor-element-3660ea8 elementor-widget elementor-widget-heading\" data-id=\"3660ea8\" data-element_type=\"widget\" data-e-type=\"widget\" data-widget_type=\"heading.default\">\n\t\t\t\t<div class=\"elementor-widget-container\">\n\t\t\t\t\t<h1 class=\"elementor-heading-title elementor-size-default\">NOTRE COMITE DE GESTION<\/h1>\t\t\t\t<\/div>\n\t\t\t\t<\/div>\n\t\t\t\t<div class=\"elementor-element elementor-element-e6cada6 elementor-widget elementor-widget-text-editor\" data-id=\"e6cada6\" data-element_type=\"widget\" data-e-type=\"widget\" data-widget_type=\"text-editor.default\">\n\t\t\t\t<div class=\"elementor-widget-container\">\n\t\t\t\t\t\t\t\t\t<p>Le Comit\u00e9 de gestion assure la gestion courante de l\u2019Universit\u00e9 sous la direction du Recteur et \u00e0 ce titre, il ex\u00e9cute les d\u00e9cisions du Minist\u00e8re de tutelle, du Conseil d\u2019Administration des Universit\u00e9s, du Conseil de l\u2019Universit\u00e9 et prend toutes les mesures qui ne rel\u00e8vent pas de la comp\u00e9tence\u00a0 d\u2019un autre organe. A ce titre\u00a0:<\/p><ul><li>Il fait toutes propositions et suggestions qui lui semblent d\u2019importance au Conseil de l\u2019Universit\u00e9\u00a0;<\/li><li>Il nomme le personnel administratif et technique d\u2019ex\u00e9cution et de collaboration, lui octroie des promotions et le licencie sur propositions du chef de service int\u00e9ress\u00e9\u00a0;<\/li><li>Il connait des recours exerc\u00e9s contre les d\u00e9cisions des Conseils de Facult\u00e9s, de D\u00e9partements, des structures et organisations de l\u2019Universit\u00e9\u00a0;<\/li><li>Il a la pl\u00e9nitude du pouvoir disciplinaire \u00e0 l\u2019\u00e9gard du personnel administratif d\u2019ex\u00e9cution et de collaboration et des \u00e9tudiants et en fait rapport au Conseil d\u2019Universit\u00e9\u00a0;<\/li><li>Il \u00e9labore les pr\u00e9visions budg\u00e9taires de l\u2019Universit\u00e9, les soumet au Conseil de l\u2019Universit\u00e9 pour approbation et ex\u00e9cute le budget arr\u00eat\u00e9\u00a0;<\/li><li>Il exerce des droits et devoirs du propri\u00e9taire ou du locataire relatifs aux immeubles affect\u00e9s \u00e0 l\u2019Universit\u00e9.<\/li><\/ul><p>Tout membre du Comit\u00e9 de gestion peut assister aux r\u00e9unions des Conseils de Facult\u00e9s et toutes autres structures ou services de l\u2019Universit\u00e9 ainsi qu\u2019aux jurys d\u2019examens.<\/p>\t\t\t\t\t\t\t\t<\/div>\n\t\t\t\t<\/div>\n\t\t\t\t\t<\/div>\n\t\t<\/div>\n\t\t\t\t\t<\/div>\n\t\t<\/section>\n\t\t\t\t<section class=\"elementor-section elementor-top-section elementor-element elementor-element-4d15a3a elementor-section-stretched elementor-section-boxed elementor-section-height-default elementor-section-height-default\" data-id=\"4d15a3a\" data-element_type=\"section\" data-e-type=\"section\" data-settings=\"{&quot;stretch_section&quot;:&quot;section-stretched&quot;}\">\n\t\t\t\t\t\t<div class=\"elementor-container elementor-column-gap-default\">\n\t\t\t\t\t<div class=\"elementor-column elementor-col-25 elementor-top-column elementor-element elementor-element-da2a6be\" data-id=\"da2a6be\" data-element_type=\"column\" data-e-type=\"column\">\n\t\t\t<div class=\"elementor-widget-wrap elementor-element-populated\">\n\t\t\t\t\t\t<div class=\"elementor-element elementor-element-62872fc elementor-widget elementor-widget-image\" data-id=\"62872fc\" data-element_type=\"widget\" data-e-type=\"widget\" data-widget_type=\"image.default\">\n\t\t\t\t<div class=\"elementor-widget-container\">\n\t\t\t\t\t\t\t\t\t\t\t\t\t\t\t<img fetchpriority=\"high\" decoding=\"async\" width=\"300\" height=\"300\" src=\"https:\/\/unikal.ac.cd\/wp-content\/uploads\/2023\/10\/IMG_2181-300x300.jpg\" class=\"attachment-medium size-medium wp-image-407\" alt=\"\" srcset=\"https:\/\/unikal.ac.cd\/wp-content\/uploads\/2023\/10\/IMG_2181-300x300.jpg 300w, https:\/\/unikal.ac.cd\/wp-content\/uploads\/2023\/10\/IMG_2181-1024x1024.jpg 1024w, https:\/\/unikal.ac.cd\/wp-content\/uploads\/2023\/10\/IMG_2181-150x150.jpg 150w\" sizes=\"(max-width: 300px) 100vw, 300px\" \/>\t\t\t\t\t\t\t\t\t\t\t\t\t\t\t<\/div>\n\t\t\t\t<\/div>\n\t\t\t\t<div class=\"elementor-element elementor-element-fcbadca elementor-widget elementor-widget-heading\" data-id=\"fcbadca\" data-element_type=\"widget\" data-e-type=\"widget\" data-widget_type=\"heading.default\">\n\t\t\t\t<div class=\"elementor-widget-container\">\n\t\t\t\t\t<h2 class=\"elementor-heading-title elementor-size-default\">P.O Victor Kalunga T.<\/h2>\t\t\t\t<\/div>\n\t\t\t\t<\/div>\n\t\t\t\t<div class=\"elementor-element elementor-element-e43daca elementor-widget elementor-widget-text-editor\" data-id=\"e43daca\" data-element_type=\"widget\" data-e-type=\"widget\" data-widget_type=\"text-editor.default\">\n\t\t\t\t<div class=\"elementor-widget-container\">\n\t\t\t\t\t\t\t\t\t<p>R\u00e9cteur de l&#8217;Universit\u00e9 de Kalemie<\/p>\t\t\t\t\t\t\t\t<\/div>\n\t\t\t\t<\/div>\n\t\t\t\t\t<\/div>\n\t\t<\/div>\n\t\t\t\t<div class=\"elementor-column elementor-col-25 elementor-top-column elementor-element elementor-element-90bba8e\" data-id=\"90bba8e\" data-element_type=\"column\" data-e-type=\"column\">\n\t\t\t<div class=\"elementor-widget-wrap elementor-element-populated\">\n\t\t\t\t\t\t<div class=\"elementor-element elementor-element-6b43777 elementor-widget elementor-widget-image\" data-id=\"6b43777\" data-element_type=\"widget\" data-e-type=\"widget\" data-widget_type=\"image.default\">\n\t\t\t\t<div class=\"elementor-widget-container\">\n\t\t\t\t\t\t\t\t\t\t\t\t\t\t\t<img decoding=\"async\" width=\"640\" height=\"640\" src=\"https:\/\/unikal.ac.cd\/wp-content\/uploads\/2023\/10\/Isengoma-KIPIMO-1024x1024.jpg\" class=\"attachment-large size-large wp-image-413\" alt=\"\" srcset=\"https:\/\/unikal.ac.cd\/wp-content\/uploads\/2023\/10\/Isengoma-KIPIMO-1024x1024.jpg 1024w, https:\/\/unikal.ac.cd\/wp-content\/uploads\/2023\/10\/Isengoma-KIPIMO-300x300.jpg 300w, https:\/\/unikal.ac.cd\/wp-content\/uploads\/2023\/10\/Isengoma-KIPIMO-150x150.jpg 150w\" sizes=\"(max-width: 640px) 100vw, 640px\" \/>\t\t\t\t\t\t\t\t\t\t\t\t\t\t\t<\/div>\n\t\t\t\t<\/div>\n\t\t\t\t<div class=\"elementor-element elementor-element-7e89b93 elementor-widget elementor-widget-heading\" data-id=\"7e89b93\" data-element_type=\"widget\" data-e-type=\"widget\" data-widget_type=\"heading.default\">\n\t\t\t\t<div class=\"elementor-widget-container\">\n\t\t\t\t\t<h2 class=\"elementor-heading-title elementor-size-default\">Mr. Isengoma Kipimo E<\/h2>\t\t\t\t<\/div>\n\t\t\t\t<\/div>\n\t\t\t\t<div class=\"elementor-element elementor-element-8effe31 elementor-widget elementor-widget-text-editor\" data-id=\"8effe31\" data-element_type=\"widget\" data-e-type=\"widget\" data-widget_type=\"text-editor.default\">\n\t\t\t\t<div class=\"elementor-widget-container\">\n\t\t\t\t\t\t\t\t\t<p>Secretaire G\u00e9n\u00e9ral Acad\u00e9mique<\/p>\t\t\t\t\t\t\t\t<\/div>\n\t\t\t\t<\/div>\n\t\t\t\t\t<\/div>\n\t\t<\/div>\n\t\t\t\t<div class=\"elementor-column elementor-col-25 elementor-top-column elementor-element elementor-element-c4fb6ac\" data-id=\"c4fb6ac\" data-element_type=\"column\" data-e-type=\"column\">\n\t\t\t<div class=\"elementor-widget-wrap elementor-element-populated\">\n\t\t\t\t\t\t<div class=\"elementor-element elementor-element-bcf539f elementor-widget elementor-widget-image\" data-id=\"bcf539f\" data-element_type=\"widget\" data-e-type=\"widget\" data-widget_type=\"image.default\">\n\t\t\t\t<div class=\"elementor-widget-container\">\n\t\t\t\t\t\t\t\t\t\t\t\t\t\t\t<img decoding=\"async\" width=\"640\" height=\"640\" src=\"https:\/\/unikal.ac.cd\/wp-content\/uploads\/2023\/10\/Job-MAYELE-1024x1024.jpg\" class=\"attachment-large size-large wp-image-414\" alt=\"\" srcset=\"https:\/\/unikal.ac.cd\/wp-content\/uploads\/2023\/10\/Job-MAYELE-1024x1024.jpg 1024w, https:\/\/unikal.ac.cd\/wp-content\/uploads\/2023\/10\/Job-MAYELE-300x300.jpg 300w, https:\/\/unikal.ac.cd\/wp-content\/uploads\/2023\/10\/Job-MAYELE-150x150.jpg 150w\" sizes=\"(max-width: 640px) 100vw, 640px\" \/>\t\t\t\t\t\t\t\t\t\t\t\t\t\t\t<\/div>\n\t\t\t\t<\/div>\n\t\t\t\t<div class=\"elementor-element elementor-element-20b408a elementor-widget elementor-widget-heading\" data-id=\"20b408a\" data-element_type=\"widget\" data-e-type=\"widget\" data-widget_type=\"heading.default\">\n\t\t\t\t<div class=\"elementor-widget-container\">\n\t\t\t\t\t<h2 class=\"elementor-heading-title elementor-size-default\">mR. mAYELE JOB<\/h2>\t\t\t\t<\/div>\n\t\t\t\t<\/div>\n\t\t\t\t<div class=\"elementor-element elementor-element-8612df4 elementor-widget elementor-widget-text-editor\" data-id=\"8612df4\" data-element_type=\"widget\" data-e-type=\"widget\" data-widget_type=\"text-editor.default\">\n\t\t\t\t<div class=\"elementor-widget-container\">\n\t\t\t\t\t\t\t\t\t<p>Secretaire G\u00e9n\u00e9ral Administratif<\/p>\t\t\t\t\t\t\t\t<\/div>\n\t\t\t\t<\/div>\n\t\t\t\t\t<\/div>\n\t\t<\/div>\n\t\t\t\t<div class=\"elementor-column elementor-col-25 elementor-top-column elementor-element elementor-element-2edd7aa\" data-id=\"2edd7aa\" data-element_type=\"column\" data-e-type=\"column\">\n\t\t\t<div class=\"elementor-widget-wrap elementor-element-populated\">\n\t\t\t\t\t\t<div class=\"elementor-element elementor-element-ee9ea0b elementor-widget elementor-widget-image\" data-id=\"ee9ea0b\" data-element_type=\"widget\" data-e-type=\"widget\" data-widget_type=\"image.default\">\n\t\t\t\t<div class=\"elementor-widget-container\">\n\t\t\t\t\t\t\t\t\t\t\t\t\t\t\t<img loading=\"lazy\" decoding=\"async\" width=\"640\" height=\"640\" src=\"https:\/\/unikal.ac.cd\/wp-content\/uploads\/2023\/10\/CT-Kilongozi-1024x1024.jpg\" class=\"attachment-large size-large wp-image-406\" alt=\"\" srcset=\"https:\/\/unikal.ac.cd\/wp-content\/uploads\/2023\/10\/CT-Kilongozi-1024x1024.jpg 1024w, https:\/\/unikal.ac.cd\/wp-content\/uploads\/2023\/10\/CT-Kilongozi-300x300.jpg 300w, https:\/\/unikal.ac.cd\/wp-content\/uploads\/2023\/10\/CT-Kilongozi-150x150.jpg 150w\" sizes=\"(max-width: 640px) 100vw, 640px\" \/>\t\t\t\t\t\t\t\t\t\t\t\t\t\t\t<\/div>\n\t\t\t\t<\/div>\n\t\t\t\t<div class=\"elementor-element elementor-element-d853bf5 elementor-widget elementor-widget-heading\" data-id=\"d853bf5\" data-element_type=\"widget\" data-e-type=\"widget\" data-widget_type=\"heading.default\">\n\t\t\t\t<div class=\"elementor-widget-container\">\n\t\t\t\t\t<h2 class=\"elementor-heading-title elementor-size-default\">Prof. Kilongozi jean<\/h2>\t\t\t\t<\/div>\n\t\t\t\t<\/div>\n\t\t\t\t<div class=\"elementor-element elementor-element-5125524 elementor-widget elementor-widget-text-editor\" data-id=\"5125524\" data-element_type=\"widget\" data-e-type=\"widget\" data-widget_type=\"text-editor.default\">\n\t\t\t\t<div class=\"elementor-widget-container\">\n\t\t\t\t\t\t\t\t\t<p>Administrateur de Budget<\/p>\t\t\t\t\t\t\t\t<\/div>\n\t\t\t\t<\/div>\n\t\t\t\t\t<\/div>\n\t\t<\/div>\n\t\t\t\t\t<\/div>\n\t\t<\/section>\n\t\t\t\t<\/div>\n\t\t","protected":false},"excerpt":{"rendered":"<p>NOTRE COMITE DE GESTION Le Comit\u00e9 de gestion assure la gestion courante de l\u2019Universit\u00e9 sous la direction du Recteur et \u00e0 ce titre, il ex\u00e9cute les d\u00e9cisions du Minist\u00e8re de tutelle, du Conseil d\u2019Administration des Universit\u00e9s, du Conseil de l\u2019Universit\u00e9 et prend toutes les mesures qui ne rel\u00e8vent pas de la comp\u00e9tence\u00a0 d\u2019un autre organe.&hellip;<\/p>\n","protected":false},"author":1,"featured_media":0,"parent":0,"menu_order":0,"comment_status":"closed","ping_status":"closed","template":"elementor_header_footer","meta":{"om_disable_all_campaigns":false,"_monsterinsights_skip_tracking":false,"_monsterinsights_sitenote_active":false,"_monsterinsights_sitenote_note":"","_monsterinsights_sitenote_category":0,"_uf_show_specific_survey":0,"_uf_disable_surveys":false,"footnotes":""},"class_list":["post-19","page","type-page","status-publish","hentry"],"yoast_head":"<!-- This site is optimized with the Yoast SEO plugin v26.9 - https:\/\/yoast.com\/product\/yoast-seo-wordpress\/ -->\n<title>Comit\u00e9 de Gestion - Universit\u00e9 de Kalemie<\/title>\n<meta name=\"robots\" content=\"index, follow, max-snippet:-1, max-image-preview:large, max-video-preview:-1\" \/>\n<link rel=\"canonical\" href=\"https:\/\/unikal.ac.cd\/index.php\/comite-de-gestion\/\" \/>\n<meta property=\"og:locale\" content=\"en_US\" \/>\n<meta property=\"og:type\" content=\"article\" \/>\n<meta property=\"og:title\" content=\"Comit\u00e9 de Gestion - Universit\u00e9 de Kalemie\" \/>\n<meta property=\"og:description\" content=\"NOTRE COMITE DE GESTION Le Comit\u00e9 de gestion assure la gestion courante de l\u2019Universit\u00e9 sous la direction du Recteur et \u00e0 ce titre, il ex\u00e9cute les d\u00e9cisions du Minist\u00e8re de tutelle, du Conseil d\u2019Administration des Universit\u00e9s, du Conseil de l\u2019Universit\u00e9 et prend toutes les mesures qui ne rel\u00e8vent pas de la comp\u00e9tence\u00a0 d\u2019un autre organe.&hellip;\" \/>\n<meta property=\"og:url\" content=\"https:\/\/unikal.ac.cd\/index.php\/comite-de-gestion\/\" \/>\n<meta property=\"og:site_name\" content=\"Universit\u00e9 de Kalemie\" \/>\n<meta property=\"article:modified_time\" content=\"2024-07-14T16:28:49+00:00\" \/>\n<meta property=\"og:image\" content=\"https:\/\/unikal.ac.cd\/wp-content\/uploads\/2023\/10\/IMG_2181-300x300.jpg\" \/>\n<meta name=\"twitter:card\" content=\"summary_large_image\" \/>\n<meta name=\"twitter:label1\" content=\"Est. reading time\" \/>\n\t<meta name=\"twitter:data1\" content=\"2 minutes\" \/>\n<script type=\"application\/ld+json\" class=\"yoast-schema-graph\">{\"@context\":\"https:\/\/schema.org\",\"@graph\":[{\"@type\":\"WebPage\",\"@id\":\"https:\/\/unikal.ac.cd\/index.php\/comite-de-gestion\/\",\"url\":\"https:\/\/unikal.ac.cd\/index.php\/comite-de-gestion\/\",\"name\":\"Comit\u00e9 de Gestion - Universit\u00e9 de Kalemie\",\"isPartOf\":{\"@id\":\"https:\/\/unikal.ac.cd\/#website\"},\"primaryImageOfPage\":{\"@id\":\"https:\/\/unikal.ac.cd\/index.php\/comite-de-gestion\/#primaryimage\"},\"image\":{\"@id\":\"https:\/\/unikal.ac.cd\/index.php\/comite-de-gestion\/#primaryimage\"},\"thumbnailUrl\":\"https:\/\/unikal.ac.cd\/wp-content\/uploads\/2023\/10\/IMG_2181-300x300.jpg\",\"datePublished\":\"2023-08-15T19:47:10+00:00\",\"dateModified\":\"2024-07-14T16:28:49+00:00\",\"breadcrumb\":{\"@id\":\"https:\/\/unikal.ac.cd\/index.php\/comite-de-gestion\/#breadcrumb\"},\"inLanguage\":\"en-US\",\"potentialAction\":[{\"@type\":\"ReadAction\",\"target\":[\"https:\/\/unikal.ac.cd\/index.php\/comite-de-gestion\/\"]}]},{\"@type\":\"ImageObject\",\"inLanguage\":\"en-US\",\"@id\":\"https:\/\/unikal.ac.cd\/index.php\/comite-de-gestion\/#primaryimage\",\"url\":\"https:\/\/unikal.ac.cd\/wp-content\/uploads\/2023\/10\/IMG_2181-scaled.jpg\",\"contentUrl\":\"https:\/\/unikal.ac.cd\/wp-content\/uploads\/2023\/10\/IMG_2181-scaled.jpg\",\"width\":2560,\"height\":1708},{\"@type\":\"BreadcrumbList\",\"@id\":\"https:\/\/unikal.ac.cd\/index.php\/comite-de-gestion\/#breadcrumb\",\"itemListElement\":[{\"@type\":\"ListItem\",\"position\":1,\"name\":\"Home\",\"item\":\"https:\/\/unikal.ac.cd\/\"},{\"@type\":\"ListItem\",\"position\":2,\"name\":\"Comit\u00e9 de Gestion\"}]},{\"@type\":\"WebSite\",\"@id\":\"https:\/\/unikal.ac.cd\/#website\",\"url\":\"https:\/\/unikal.ac.cd\/\",\"name\":\"Universit\u00e9 de Kalemie\",\"description\":\"Lumi\u00e8re du Tanganyika\",\"publisher\":{\"@id\":\"https:\/\/unikal.ac.cd\/#organization\"},\"potentialAction\":[{\"@type\":\"SearchAction\",\"target\":{\"@type\":\"EntryPoint\",\"urlTemplate\":\"https:\/\/unikal.ac.cd\/?s={search_term_string}\"},\"query-input\":{\"@type\":\"PropertyValueSpecification\",\"valueRequired\":true,\"valueName\":\"search_term_string\"}}],\"inLanguage\":\"en-US\"},{\"@type\":\"Organization\",\"@id\":\"https:\/\/unikal.ac.cd\/#organization\",\"name\":\"Universit\u00e9 de Kalemie\",\"url\":\"https:\/\/unikal.ac.cd\/\",\"logo\":{\"@type\":\"ImageObject\",\"inLanguage\":\"en-US\",\"@id\":\"https:\/\/unikal.ac.cd\/#\/schema\/logo\/image\/\",\"url\":\"https:\/\/unikal.ac.cd\/wp-content\/uploads\/2023\/08\/logo-unikal_013249.png\",\"contentUrl\":\"https:\/\/unikal.ac.cd\/wp-content\/uploads\/2023\/08\/logo-unikal_013249.png\",\"width\":2100,\"height\":1500,\"caption\":\"Universit\u00e9 de Kalemie\"},\"image\":{\"@id\":\"https:\/\/unikal.ac.cd\/#\/schema\/logo\/image\/\"}}]}<\/script>\n<!-- \/ Yoast SEO plugin. -->","yoast_head_json":{"title":"Comit\u00e9 de Gestion - Universit\u00e9 de Kalemie","robots":{"index":"index","follow":"follow","max-snippet":"max-snippet:-1","max-image-preview":"max-image-preview:large","max-video-preview":"max-video-preview:-1"},"canonical":"https:\/\/unikal.ac.cd\/index.php\/comite-de-gestion\/","og_locale":"en_US","og_type":"article","og_title":"Comit\u00e9 de Gestion - Universit\u00e9 de Kalemie","og_description":"NOTRE COMITE DE GESTION Le Comit\u00e9 de gestion assure la gestion courante de l\u2019Universit\u00e9 sous la direction du Recteur et \u00e0 ce titre, il ex\u00e9cute les d\u00e9cisions du Minist\u00e8re de tutelle, du Conseil d\u2019Administration des Universit\u00e9s, du Conseil de l\u2019Universit\u00e9 et prend toutes les mesures qui ne rel\u00e8vent pas de la comp\u00e9tence\u00a0 d\u2019un autre organe.&hellip;","og_url":"https:\/\/unikal.ac.cd\/index.php\/comite-de-gestion\/","og_site_name":"Universit\u00e9 de Kalemie","article_modified_time":"2024-07-14T16:28:49+00:00","og_image":[{"url":"https:\/\/unikal.ac.cd\/wp-content\/uploads\/2023\/10\/IMG_2181-300x300.jpg","type":"","width":"","height":""}],"twitter_card":"summary_large_image","twitter_misc":{"Est. reading time":"2 minutes"},"schema":{"@context":"https:\/\/schema.org","@graph":[{"@type":"WebPage","@id":"https:\/\/unikal.ac.cd\/index.php\/comite-de-gestion\/","url":"https:\/\/unikal.ac.cd\/index.php\/comite-de-gestion\/","name":"Comit\u00e9 de Gestion - Universit\u00e9 de Kalemie","isPartOf":{"@id":"https:\/\/unikal.ac.cd\/#website"},"primaryImageOfPage":{"@id":"https:\/\/unikal.ac.cd\/index.php\/comite-de-gestion\/#primaryimage"},"image":{"@id":"https:\/\/unikal.ac.cd\/index.php\/comite-de-gestion\/#primaryimage"},"thumbnailUrl":"https:\/\/unikal.ac.cd\/wp-content\/uploads\/2023\/10\/IMG_2181-300x300.jpg","datePublished":"2023-08-15T19:47:10+00:00","dateModified":"2024-07-14T16:28:49+00:00","breadcrumb":{"@id":"https:\/\/unikal.ac.cd\/index.php\/comite-de-gestion\/#breadcrumb"},"inLanguage":"en-US","potentialAction":[{"@type":"ReadAction","target":["https:\/\/unikal.ac.cd\/index.php\/comite-de-gestion\/"]}]},{"@type":"ImageObject","inLanguage":"en-US","@id":"https:\/\/unikal.ac.cd\/index.php\/comite-de-gestion\/#primaryimage","url":"https:\/\/unikal.ac.cd\/wp-content\/uploads\/2023\/10\/IMG_2181-scaled.jpg","contentUrl":"https:\/\/unikal.ac.cd\/wp-content\/uploads\/2023\/10\/IMG_2181-scaled.jpg","width":2560,"height":1708},{"@type":"BreadcrumbList","@id":"https:\/\/unikal.ac.cd\/index.php\/comite-de-gestion\/#breadcrumb","itemListElement":[{"@type":"ListItem","position":1,"name":"Home","item":"https:\/\/unikal.ac.cd\/"},{"@type":"ListItem","position":2,"name":"Comit\u00e9 de Gestion"}]},{"@type":"WebSite","@id":"https:\/\/unikal.ac.cd\/#website","url":"https:\/\/unikal.ac.cd\/","name":"Universit\u00e9 de Kalemie","description":"Lumi\u00e8re du Tanganyika","publisher":{"@id":"https:\/\/unikal.ac.cd\/#organization"},"potentialAction":[{"@type":"SearchAction","target":{"@type":"EntryPoint","urlTemplate":"https:\/\/unikal.ac.cd\/?s={search_term_string}"},"query-input":{"@type":"PropertyValueSpecification","valueRequired":true,"valueName":"search_term_string"}}],"inLanguage":"en-US"},{"@type":"Organization","@id":"https:\/\/unikal.ac.cd\/#organization","name":"Universit\u00e9 de Kalemie","url":"https:\/\/unikal.ac.cd\/","logo":{"@type":"ImageObject","inLanguage":"en-US","@id":"https:\/\/unikal.ac.cd\/#\/schema\/logo\/image\/","url":"https:\/\/unikal.ac.cd\/wp-content\/uploads\/2023\/08\/logo-unikal_013249.png","contentUrl":"https:\/\/unikal.ac.cd\/wp-content\/uploads\/2023\/08\/logo-unikal_013249.png","width":2100,"height":1500,"caption":"Universit\u00e9 de Kalemie"},"image":{"@id":"https:\/\/unikal.ac.cd\/#\/schema\/logo\/image\/"}}]}},"_links":{"self":[{"href":"https:\/\/unikal.ac.cd\/index.php\/wp-json\/wp\/v2\/pages\/19","targetHints":{"allow":["GET"]}}],"collection":[{"href":"https:\/\/unikal.ac.cd\/index.php\/wp-json\/wp\/v2\/pages"}],"about":[{"href":"https:\/\/unikal.ac.cd\/index.php\/wp-json\/wp\/v2\/types\/page"}],"author":[{"embeddable":true,"href":"https:\/\/unikal.ac.cd\/index.php\/wp-json\/wp\/v2\/users\/1"}],"replies":[{"embeddable":true,"href":"https:\/\/unikal.ac.cd\/index.php\/wp-json\/wp\/v2\/comments?post=19"}],"version-history":[{"count":20,"href":"https:\/\/unikal.ac.cd\/index.php\/wp-json\/wp\/v2\/pages\/19\/revisions"}],"predecessor-version":[{"id":881,"href":"https:\/\/unikal.ac.cd\/index.php\/wp-json\/wp\/v2\/pages\/19\/revisions\/881"}],"wp:attachment":[{"href":"https:\/\/unikal.ac.cd\/index.php\/wp-json\/wp\/v2\/media?parent=19"}],"curies":[{"name":"wp","href":"https:\/\/api.w.org\/{rel}","templated":true}]}}