{"id":48,"date":"2023-08-15T20:19:24","date_gmt":"2023-08-15T20:19:24","guid":{"rendered":"https:\/\/unikal.ac.cd\/?page_id=48"},"modified":"2023-09-20T09:21:20","modified_gmt":"2023-09-20T09:21:20","slug":"faculte-de-medecine","status":"publish","type":"page","link":"https:\/\/unikal.ac.cd\/index.php\/faculte-de-medecine\/","title":{"rendered":"Facult\u00e9 de Med\u00e9cine"},"content":{"rendered":"\t\t<div data-elementor-type=\"wp-page\" data-elementor-id=\"48\" class=\"elementor elementor-48\">\n\t\t\t\t\t\t<section class=\"elementor-section elementor-top-section elementor-element elementor-element-d6cee05 elementor-section-stretched elementor-section-boxed elementor-section-height-default elementor-section-height-default\" data-id=\"d6cee05\" data-element_type=\"section\" data-e-type=\"section\" data-settings=\"{&quot;stretch_section&quot;:&quot;section-stretched&quot;}\">\n\t\t\t\t\t\t<div class=\"elementor-container elementor-column-gap-default\">\n\t\t\t\t\t<div class=\"elementor-column elementor-col-100 elementor-top-column elementor-element elementor-element-9844c96\" data-id=\"9844c96\" data-element_type=\"column\" data-e-type=\"column\">\n\t\t\t<div class=\"elementor-widget-wrap elementor-element-populated\">\n\t\t\t\t\t\t<div class=\"elementor-element elementor-element-0bf916e elementor-widget elementor-widget-text-editor\" data-id=\"0bf916e\" data-element_type=\"widget\" data-e-type=\"widget\" data-widget_type=\"text-editor.default\">\n\t\t\t\t<div class=\"elementor-widget-container\">\n\t\t\t\t\t\t\t\t\t<p><span style=\"color: #616161; font-family: Poppins, serif; font-size: 14px; letter-spacing: 0.2px;\">La Facult\u00e9 de m\u00e9decine appartient \u00e0 l\u2019Universit\u00e9 de Kalemie \u00ab UNIKAL \u00bb, une institution d\u2019Etat cr\u00e9\u00e9e en 2010 dans la province du Tanganyika, ville de Kalemie, situ\u00e9e pr\u00e9cisement dans la commune de la Lukuga, Quartier Industriel sur le boulevard Lumumba, avenue Unikal, RD Congo.<\/span><br style=\"color: #616161; font-family: Poppins, serif; font-size: 14px; letter-spacing: 0.2px;\"><span style=\"color: #616161; font-family: Poppins, serif; font-size: 14px; letter-spacing: 0.2px;\">Plusieurs centres de recherche y sont attach\u00e9s dont les cliniques universitaires de Kalemie (CUK) dont les objectifs sont plus centr\u00e9s sur les recherches et formations des \u00e9tudiants en sciences biom\u00e9dicales.<\/span><\/p>\t\t\t\t\t\t\t\t<\/div>\n\t\t\t\t<\/div>\n\t\t\t\t\t<\/div>\n\t\t<\/div>\n\t\t\t\t\t<\/div>\n\t\t<\/section>\n\t\t\t\t<section class=\"elementor-section elementor-top-section elementor-element elementor-element-33f4934 elementor-section-stretched elementor-section-boxed elementor-section-height-default elementor-section-height-default\" data-id=\"33f4934\" data-element_type=\"section\" data-e-type=\"section\" data-settings=\"{&quot;stretch_section&quot;:&quot;section-stretched&quot;}\">\n\t\t\t\t\t\t<div class=\"elementor-container elementor-column-gap-default\">\n\t\t\t\t\t<div class=\"elementor-column elementor-col-50 elementor-top-column elementor-element elementor-element-afcee59\" data-id=\"afcee59\" data-element_type=\"column\" data-e-type=\"column\">\n\t\t\t<div class=\"elementor-widget-wrap elementor-element-populated\">\n\t\t\t\t\t\t<div class=\"elementor-element elementor-element-75acd5f elementor-widget elementor-widget-heading\" data-id=\"75acd5f\" data-element_type=\"widget\" data-e-type=\"widget\" data-widget_type=\"heading.default\">\n\t\t\t\t<div class=\"elementor-widget-container\">\n\t\t\t\t\t<h2 class=\"elementor-heading-title elementor-size-default\">Filieres Organisees <\/h2>\t\t\t\t<\/div>\n\t\t\t\t<\/div>\n\t\t\t\t<div class=\"elementor-element elementor-element-a0132e9 elementor-widget elementor-widget-text-editor\" data-id=\"a0132e9\" data-element_type=\"widget\" data-e-type=\"widget\" data-widget_type=\"text-editor.default\">\n\t\t\t\t<div class=\"elementor-widget-container\">\n\t\t\t\t\t\t\t\t\t<p style=\"margin-bottom: 12.5px; color: #616161; font-family: Poppins, serif; font-size: 14px; letter-spacing: 0.2px;\">La facult\u00e9 de m\u00e9decine offre des formations en:<\/p>\n<ul style=\"margin-bottom: 12.5px; color: #616161; font-family: Poppins, serif; font-size: 14px; letter-spacing: 0.2px;\">\n<li>Gyn\u00e9cologie obst\u00e9trique<\/li><li>Chirurgie<\/li>\n<li>P\u00e9diatrie<\/li>\n<li>M\u00e9decine Interne<\/li>\n<li>Dentisterie<\/li>\n<\/ul>\t\t\t\t\t\t\t\t<\/div>\n\t\t\t\t<\/div>\n\t\t\t\t\t<\/div>\n\t\t<\/div>\n\t\t\t\t<div class=\"elementor-column elementor-col-50 elementor-top-column elementor-element elementor-element-2de6012\" data-id=\"2de6012\" data-element_type=\"column\" data-e-type=\"column\">\n\t\t\t<div class=\"elementor-widget-wrap elementor-element-populated\">\n\t\t\t\t\t\t<div class=\"elementor-element elementor-element-6086cd8 elementor-widget elementor-widget-heading\" data-id=\"6086cd8\" data-element_type=\"widget\" data-e-type=\"widget\" data-widget_type=\"heading.default\">\n\t\t\t\t<div class=\"elementor-widget-container\">\n\t\t\t\t\t<h2 class=\"elementor-heading-title elementor-size-default\">debouches professionnels <\/h2>\t\t\t\t<\/div>\n\t\t\t\t<\/div>\n\t\t\t\t<div class=\"elementor-element elementor-element-550e5f8 elementor-widget elementor-widget-text-editor\" data-id=\"550e5f8\" data-element_type=\"widget\" data-e-type=\"widget\" data-widget_type=\"text-editor.default\">\n\t\t\t\t<div class=\"elementor-widget-container\">\n\t\t\t\t\t\t\t\t\t<ul style=\"margin-bottom: 12.5px; color: #616161; font-family: Poppins, serif; font-size: 14px; letter-spacing: 0.2px;\"><li>M\u00e9decin Chef de Zone de sant\u00e9,<\/li><li>Sp\u00e9cialiste,<\/li><li>M\u00e9decins traitant,<\/li><li>Chef de Division Provinciale,<\/li><li>Experts en sant\u00e9, s\u00e9curit\u00e9 sanitaire et du travail<\/li><li>Professeur d\u2019Universit\u00e9 M\u00e9decins g\u00e9n\u00e9ralistes (cliniciens)<\/li><li>Chercheur<\/li><li>Sp\u00e9cialistes en diff\u00e9rentes sp\u00e9cialit\u00e9s m\u00e9dicales<\/li><li>Enseignants<\/li><\/ul>\t\t\t\t\t\t\t\t<\/div>\n\t\t\t\t<\/div>\n\t\t\t\t\t<\/div>\n\t\t<\/div>\n\t\t\t\t\t<\/div>\n\t\t<\/section>\n\t\t\t\t<section class=\"elementor-section elementor-top-section elementor-element elementor-element-1041f85 elementor-section-boxed elementor-section-height-default elementor-section-height-default\" data-id=\"1041f85\" data-element_type=\"section\" data-e-type=\"section\">\n\t\t\t\t\t\t<div class=\"elementor-container elementor-column-gap-default\">\n\t\t\t\t\t<div class=\"elementor-column elementor-col-100 elementor-top-column elementor-element elementor-element-fc257df\" data-id=\"fc257df\" data-element_type=\"column\" data-e-type=\"column\">\n\t\t\t<div class=\"elementor-widget-wrap elementor-element-populated\">\n\t\t\t\t\t\t<div class=\"elementor-element elementor-element-40ae502 elementor-align-center elementor-widget elementor-widget-button\" data-id=\"40ae502\" data-element_type=\"widget\" data-e-type=\"widget\" data-widget_type=\"button.default\">\n\t\t\t\t<div class=\"elementor-widget-container\">\n\t\t\t\t\t\t\t\t\t<div class=\"elementor-button-wrapper\">\n\t\t\t\t\t<a class=\"elementor-button elementor-button-link elementor-size-sm\" href=\"https:\/\/unikal.ac.cd\/index.php\/inscription-en-ligne\/\">\n\t\t\t\t\t\t<span class=\"elementor-button-content-wrapper\">\n\t\t\t\t\t\t\t\t\t<span class=\"elementor-button-text\">Inscrivez-vous<\/span>\n\t\t\t\t\t<\/span>\n\t\t\t\t\t<\/a>\n\t\t\t\t<\/div>\n\t\t\t\t\t\t\t\t<\/div>\n\t\t\t\t<\/div>\n\t\t\t\t\t<\/div>\n\t\t<\/div>\n\t\t\t\t\t<\/div>\n\t\t<\/section>\n\t\t\t\t<\/div>\n\t\t","protected":false},"excerpt":{"rendered":"<p>La Facult\u00e9 de m\u00e9decine appartient \u00e0 l\u2019Universit\u00e9 de Kalemie \u00ab UNIKAL \u00bb, une institution d\u2019Etat cr\u00e9\u00e9e en 2010 dans la province du Tanganyika, ville de Kalemie, situ\u00e9e pr\u00e9cisement dans la commune de la Lukuga, Quartier Industriel sur le boulevard Lumumba, avenue Unikal, RD Congo.Plusieurs centres de recherche y sont attach\u00e9s dont les cliniques universitaires de&hellip;<\/p>\n","protected":false},"author":1,"featured_media":0,"parent":0,"menu_order":0,"comment_status":"closed","ping_status":"closed","template":"elementor_header_footer","meta":{"om_disable_all_campaigns":false,"_monsterinsights_skip_tracking":false,"_monsterinsights_sitenote_active":false,"_monsterinsights_sitenote_note":"","_monsterinsights_sitenote_category":0,"_uf_show_specific_survey":0,"_uf_disable_surveys":false,"footnotes":""},"class_list":["post-48","page","type-page","status-publish","hentry"],"yoast_head":"<!-- This site is optimized with the Yoast SEO plugin v26.9 - https:\/\/yoast.com\/product\/yoast-seo-wordpress\/ -->\n<title>Facult\u00e9 de Med\u00e9cine - Universit\u00e9 de Kalemie<\/title>\n<meta name=\"robots\" content=\"index, follow, max-snippet:-1, max-image-preview:large, max-video-preview:-1\" \/>\n<link rel=\"canonical\" href=\"https:\/\/unikal.ac.cd\/index.php\/faculte-de-medecine\/\" \/>\n<meta property=\"og:locale\" content=\"en_US\" \/>\n<meta property=\"og:type\" content=\"article\" \/>\n<meta property=\"og:title\" content=\"Facult\u00e9 de Med\u00e9cine - Universit\u00e9 de Kalemie\" \/>\n<meta property=\"og:description\" content=\"La Facult\u00e9 de m\u00e9decine appartient \u00e0 l\u2019Universit\u00e9 de Kalemie \u00ab UNIKAL \u00bb, une institution d\u2019Etat cr\u00e9\u00e9e en 2010 dans la province du Tanganyika, ville de Kalemie, situ\u00e9e pr\u00e9cisement dans la commune de la Lukuga, Quartier Industriel sur le boulevard Lumumba, avenue Unikal, RD Congo.Plusieurs centres de recherche y sont attach\u00e9s dont les cliniques universitaires de&hellip;\" \/>\n<meta property=\"og:url\" content=\"https:\/\/unikal.ac.cd\/index.php\/faculte-de-medecine\/\" \/>\n<meta property=\"og:site_name\" content=\"Universit\u00e9 de Kalemie\" \/>\n<meta property=\"article:modified_time\" content=\"2023-09-20T09:21:20+00:00\" \/>\n<meta name=\"twitter:card\" content=\"summary_large_image\" \/>\n<meta name=\"twitter:label1\" content=\"Est. reading time\" \/>\n\t<meta name=\"twitter:data1\" content=\"1 minute\" \/>\n<script type=\"application\/ld+json\" class=\"yoast-schema-graph\">{\"@context\":\"https:\/\/schema.org\",\"@graph\":[{\"@type\":\"WebPage\",\"@id\":\"https:\/\/unikal.ac.cd\/index.php\/faculte-de-medecine\/\",\"url\":\"https:\/\/unikal.ac.cd\/index.php\/faculte-de-medecine\/\",\"name\":\"Facult\u00e9 de Med\u00e9cine - Universit\u00e9 de Kalemie\",\"isPartOf\":{\"@id\":\"https:\/\/unikal.ac.cd\/#website\"},\"datePublished\":\"2023-08-15T20:19:24+00:00\",\"dateModified\":\"2023-09-20T09:21:20+00:00\",\"breadcrumb\":{\"@id\":\"https:\/\/unikal.ac.cd\/index.php\/faculte-de-medecine\/#breadcrumb\"},\"inLanguage\":\"en-US\",\"potentialAction\":[{\"@type\":\"ReadAction\",\"target\":[\"https:\/\/unikal.ac.cd\/index.php\/faculte-de-medecine\/\"]}]},{\"@type\":\"BreadcrumbList\",\"@id\":\"https:\/\/unikal.ac.cd\/index.php\/faculte-de-medecine\/#breadcrumb\",\"itemListElement\":[{\"@type\":\"ListItem\",\"position\":1,\"name\":\"Home\",\"item\":\"https:\/\/unikal.ac.cd\/\"},{\"@type\":\"ListItem\",\"position\":2,\"name\":\"Facult\u00e9 de Med\u00e9cine\"}]},{\"@type\":\"WebSite\",\"@id\":\"https:\/\/unikal.ac.cd\/#website\",\"url\":\"https:\/\/unikal.ac.cd\/\",\"name\":\"Universit\u00e9 de Kalemie\",\"description\":\"Lumi\u00e8re du Tanganyika\",\"publisher\":{\"@id\":\"https:\/\/unikal.ac.cd\/#organization\"},\"potentialAction\":[{\"@type\":\"SearchAction\",\"target\":{\"@type\":\"EntryPoint\",\"urlTemplate\":\"https:\/\/unikal.ac.cd\/?s={search_term_string}\"},\"query-input\":{\"@type\":\"PropertyValueSpecification\",\"valueRequired\":true,\"valueName\":\"search_term_string\"}}],\"inLanguage\":\"en-US\"},{\"@type\":\"Organization\",\"@id\":\"https:\/\/unikal.ac.cd\/#organization\",\"name\":\"Universit\u00e9 de Kalemie\",\"url\":\"https:\/\/unikal.ac.cd\/\",\"logo\":{\"@type\":\"ImageObject\",\"inLanguage\":\"en-US\",\"@id\":\"https:\/\/unikal.ac.cd\/#\/schema\/logo\/image\/\",\"url\":\"https:\/\/unikal.ac.cd\/wp-content\/uploads\/2023\/08\/logo-unikal_013249.png\",\"contentUrl\":\"https:\/\/unikal.ac.cd\/wp-content\/uploads\/2023\/08\/logo-unikal_013249.png\",\"width\":2100,\"height\":1500,\"caption\":\"Universit\u00e9 de Kalemie\"},\"image\":{\"@id\":\"https:\/\/unikal.ac.cd\/#\/schema\/logo\/image\/\"}}]}<\/script>\n<!-- \/ Yoast SEO plugin. -->","yoast_head_json":{"title":"Facult\u00e9 de Med\u00e9cine - Universit\u00e9 de Kalemie","robots":{"index":"index","follow":"follow","max-snippet":"max-snippet:-1","max-image-preview":"max-image-preview:large","max-video-preview":"max-video-preview:-1"},"canonical":"https:\/\/unikal.ac.cd\/index.php\/faculte-de-medecine\/","og_locale":"en_US","og_type":"article","og_title":"Facult\u00e9 de Med\u00e9cine - Universit\u00e9 de Kalemie","og_description":"La Facult\u00e9 de m\u00e9decine appartient \u00e0 l\u2019Universit\u00e9 de Kalemie \u00ab UNIKAL \u00bb, une institution d\u2019Etat cr\u00e9\u00e9e en 2010 dans la province du Tanganyika, ville de Kalemie, situ\u00e9e pr\u00e9cisement dans la commune de la Lukuga, Quartier Industriel sur le boulevard Lumumba, avenue Unikal, RD Congo.Plusieurs centres de recherche y sont attach\u00e9s dont les cliniques universitaires de&hellip;","og_url":"https:\/\/unikal.ac.cd\/index.php\/faculte-de-medecine\/","og_site_name":"Universit\u00e9 de Kalemie","article_modified_time":"2023-09-20T09:21:20+00:00","twitter_card":"summary_large_image","twitter_misc":{"Est. reading time":"1 minute"},"schema":{"@context":"https:\/\/schema.org","@graph":[{"@type":"WebPage","@id":"https:\/\/unikal.ac.cd\/index.php\/faculte-de-medecine\/","url":"https:\/\/unikal.ac.cd\/index.php\/faculte-de-medecine\/","name":"Facult\u00e9 de Med\u00e9cine - Universit\u00e9 de Kalemie","isPartOf":{"@id":"https:\/\/unikal.ac.cd\/#website"},"datePublished":"2023-08-15T20:19:24+00:00","dateModified":"2023-09-20T09:21:20+00:00","breadcrumb":{"@id":"https:\/\/unikal.ac.cd\/index.php\/faculte-de-medecine\/#breadcrumb"},"inLanguage":"en-US","potentialAction":[{"@type":"ReadAction","target":["https:\/\/unikal.ac.cd\/index.php\/faculte-de-medecine\/"]}]},{"@type":"BreadcrumbList","@id":"https:\/\/unikal.ac.cd\/index.php\/faculte-de-medecine\/#breadcrumb","itemListElement":[{"@type":"ListItem","position":1,"name":"Home","item":"https:\/\/unikal.ac.cd\/"},{"@type":"ListItem","position":2,"name":"Facult\u00e9 de Med\u00e9cine"}]},{"@type":"WebSite","@id":"https:\/\/unikal.ac.cd\/#website","url":"https:\/\/unikal.ac.cd\/","name":"Universit\u00e9 de Kalemie","description":"Lumi\u00e8re du Tanganyika","publisher":{"@id":"https:\/\/unikal.ac.cd\/#organization"},"potentialAction":[{"@type":"SearchAction","target":{"@type":"EntryPoint","urlTemplate":"https:\/\/unikal.ac.cd\/?s={search_term_string}"},"query-input":{"@type":"PropertyValueSpecification","valueRequired":true,"valueName":"search_term_string"}}],"inLanguage":"en-US"},{"@type":"Organization","@id":"https:\/\/unikal.ac.cd\/#organization","name":"Universit\u00e9 de Kalemie","url":"https:\/\/unikal.ac.cd\/","logo":{"@type":"ImageObject","inLanguage":"en-US","@id":"https:\/\/unikal.ac.cd\/#\/schema\/logo\/image\/","url":"https:\/\/unikal.ac.cd\/wp-content\/uploads\/2023\/08\/logo-unikal_013249.png","contentUrl":"https:\/\/unikal.ac.cd\/wp-content\/uploads\/2023\/08\/logo-unikal_013249.png","width":2100,"height":1500,"caption":"Universit\u00e9 de Kalemie"},"image":{"@id":"https:\/\/unikal.ac.cd\/#\/schema\/logo\/image\/"}}]}},"_links":{"self":[{"href":"https:\/\/unikal.ac.cd\/index.php\/wp-json\/wp\/v2\/pages\/48","targetHints":{"allow":["GET"]}}],"collection":[{"href":"https:\/\/unikal.ac.cd\/index.php\/wp-json\/wp\/v2\/pages"}],"about":[{"href":"https:\/\/unikal.ac.cd\/index.php\/wp-json\/wp\/v2\/types\/page"}],"author":[{"embeddable":true,"href":"https:\/\/unikal.ac.cd\/index.php\/wp-json\/wp\/v2\/users\/1"}],"replies":[{"embeddable":true,"href":"https:\/\/unikal.ac.cd\/index.php\/wp-json\/wp\/v2\/comments?post=48"}],"version-history":[{"count":11,"href":"https:\/\/unikal.ac.cd\/index.php\/wp-json\/wp\/v2\/pages\/48\/revisions"}],"predecessor-version":[{"id":170,"href":"https:\/\/unikal.ac.cd\/index.php\/wp-json\/wp\/v2\/pages\/48\/revisions\/170"}],"wp:attachment":[{"href":"https:\/\/unikal.ac.cd\/index.php\/wp-json\/wp\/v2\/media?parent=48"}],"curies":[{"name":"wp","href":"https:\/\/api.w.org\/{rel}","templated":true}]}}