{"id":49,"date":"2023-08-15T20:19:24","date_gmt":"2023-08-15T20:19:24","guid":{"rendered":"https:\/\/unikal.ac.cd\/?page_id=49"},"modified":"2024-01-21T17:06:11","modified_gmt":"2024-01-21T17:06:11","slug":"ecole-de-sante-publique","status":"publish","type":"page","link":"https:\/\/unikal.ac.cd\/index.php\/ecole-de-sante-publique\/","title":{"rendered":"Sciences de la Sant\u00e9"},"content":{"rendered":"\t\t<div data-elementor-type=\"wp-page\" data-elementor-id=\"49\" class=\"elementor elementor-49\">\n\t\t\t\t\t\t<section class=\"elementor-section elementor-top-section elementor-element elementor-element-0b16647 elementor-section-stretched elementor-section-boxed elementor-section-height-default elementor-section-height-default\" data-id=\"0b16647\" data-element_type=\"section\" data-e-type=\"section\" data-settings=\"{&quot;stretch_section&quot;:&quot;section-stretched&quot;}\">\n\t\t\t\t\t\t<div class=\"elementor-container elementor-column-gap-default\">\n\t\t\t\t\t<div class=\"elementor-column elementor-col-100 elementor-top-column elementor-element elementor-element-d87e1fb\" data-id=\"d87e1fb\" data-element_type=\"column\" data-e-type=\"column\">\n\t\t\t<div class=\"elementor-widget-wrap elementor-element-populated\">\n\t\t\t\t\t\t<div class=\"elementor-element elementor-element-e248929 elementor-widget elementor-widget-text-editor\" data-id=\"e248929\" data-element_type=\"widget\" data-e-type=\"widget\" data-widget_type=\"text-editor.default\">\n\t\t\t\t<div class=\"elementor-widget-container\">\n\t\t\t\t\t\t\t\t\t<p style=\"margin-bottom: 12.5px; color: #616161; font-family: Poppins, serif; font-size: 14px; letter-spacing: 0.2px;\">La facult\u00e9 des sciences de la sant\u00e9 a vu jour en 2010 lors de la cr\u00e9ation de la pr\u00e9stigieuse universit\u00e9 de Kalemie.&nbsp;<\/p>\n<p style=\"margin-bottom: 12.5px; color: #616161; font-family: Poppins, serif; font-size: 14px; letter-spacing: 0.2px;\">Dans sa politique de gestion, l&#8217;universit\u00e9 de Kalemie fait appel \u00e0 l&#8217;expertise externe pour appuyer la facult\u00e9 des sciences de la sant\u00e9 dans le domaine des enseignements et de la recherche, \u00e0 l&#8217;occurence des professeurs des universit\u00e9s soeurs telles que l&#8217;universit\u00e9 de Lubumbashi, l&#8217;universit\u00e9 officielle de Bukavu et d&#8217;ailleurs.&nbsp;<\/p>\n<p style=\"margin-bottom: 12.5px; color: #616161; font-family: Poppins, serif; font-size: 14px; letter-spacing: 0.2px;\">Par ailleurs, biens des enseignants ( assistants et chefs de travaux) locaux poursuivent leurs recherches pour une autonomie maximale de l&#8217;universit\u00e9 de kalemie dans la prise en charge de la facult\u00e9 des sciences de la sant\u00e9.&nbsp;&nbsp;<\/p>\n<p style=\"margin-bottom: 12.5px; color: #616161; font-family: Poppins, serif; font-size: 14px; letter-spacing: 0.2px;\">Actuellement, seules les fili\u00e8res de gestion des institutions de sant\u00e9 et la nutrition humaine, etc. qui sont organis\u00e9es.&nbsp;&nbsp;<\/p>\n<p style=\"margin-bottom: 12.5px; color: #616161; font-family: Poppins, serif; font-size: 14px; letter-spacing: 0.2px;\">La facult\u00e9 des sciences de la sant\u00e9 a pour mission de former un personnel de sant\u00e9 publique comp\u00e9tent pour assurer le d\u00e9veloppement du secteur sant\u00e9.&nbsp;<\/p>\t\t\t\t\t\t\t\t<\/div>\n\t\t\t\t<\/div>\n\t\t\t\t\t<\/div>\n\t\t<\/div>\n\t\t\t\t\t<\/div>\n\t\t<\/section>\n\t\t\t\t<section class=\"elementor-section elementor-top-section elementor-element elementor-element-3436358 elementor-section-stretched elementor-section-boxed elementor-section-height-default elementor-section-height-default\" data-id=\"3436358\" data-element_type=\"section\" data-e-type=\"section\" data-settings=\"{&quot;stretch_section&quot;:&quot;section-stretched&quot;}\">\n\t\t\t\t\t\t<div class=\"elementor-container elementor-column-gap-default\">\n\t\t\t\t\t<div class=\"elementor-column elementor-col-50 elementor-top-column elementor-element elementor-element-13a3088\" data-id=\"13a3088\" data-element_type=\"column\" data-e-type=\"column\">\n\t\t\t<div class=\"elementor-widget-wrap elementor-element-populated\">\n\t\t\t\t\t\t<div class=\"elementor-element elementor-element-c82d0e5 elementor-widget elementor-widget-heading\" data-id=\"c82d0e5\" data-element_type=\"widget\" data-e-type=\"widget\" data-widget_type=\"heading.default\">\n\t\t\t\t<div class=\"elementor-widget-container\">\n\t\t\t\t\t<h2 class=\"elementor-heading-title elementor-size-default\">filieres organisees <\/h2>\t\t\t\t<\/div>\n\t\t\t\t<\/div>\n\t\t\t\t<div class=\"elementor-element elementor-element-4b2b527 elementor-widget elementor-widget-text-editor\" data-id=\"4b2b527\" data-element_type=\"widget\" data-e-type=\"widget\" data-widget_type=\"text-editor.default\">\n\t\t\t\t<div class=\"elementor-widget-container\">\n\t\t\t\t\t\t\t\t\t<ul style=\"margin-bottom: 12.5px; color: #616161; font-family: Poppins, serif; font-size: 14px; letter-spacing: 0.2px;\">\n<li>Nutrition humaine<\/li>\n<li>Sant\u00e9 Publique<\/li><li>Management&nbsp;<\/li><li>Epidemiologie<\/li><li>Sciences Hospitali\u00e8res&nbsp;<\/li>\n<\/ul>\t\t\t\t\t\t\t\t<\/div>\n\t\t\t\t<\/div>\n\t\t\t\t\t<\/div>\n\t\t<\/div>\n\t\t\t\t<div class=\"elementor-column elementor-col-50 elementor-top-column elementor-element elementor-element-47dbf7d\" data-id=\"47dbf7d\" data-element_type=\"column\" data-e-type=\"column\">\n\t\t\t<div class=\"elementor-widget-wrap elementor-element-populated\">\n\t\t\t\t\t\t<div class=\"elementor-element elementor-element-f2cfada elementor-widget elementor-widget-heading\" data-id=\"f2cfada\" data-element_type=\"widget\" data-e-type=\"widget\" data-widget_type=\"heading.default\">\n\t\t\t\t<div class=\"elementor-widget-container\">\n\t\t\t\t\t<h2 class=\"elementor-heading-title elementor-size-default\">debouches professionnels <\/h2>\t\t\t\t<\/div>\n\t\t\t\t<\/div>\n\t\t\t\t<div class=\"elementor-element elementor-element-4f81774 elementor-widget elementor-widget-text-editor\" data-id=\"4f81774\" data-element_type=\"widget\" data-e-type=\"widget\" data-widget_type=\"text-editor.default\">\n\t\t\t\t<div class=\"elementor-widget-container\">\n\t\t\t\t\t\t\t\t\t<ul style=\"margin-bottom: 12.5px; color: #616161; font-family: Poppins, serif; font-size: 14px; letter-spacing: 0.2px;\">\n<li><b>Management:<\/b> A la fin de ses \u00e9tudes le candidat sera capable d\u2019\u00e9laborer un budget hospitalier, d\u2019assurer la gestion comptable des flux financier, la gestion du personnel et la production des statistiques hospitali\u00e8res.<\/li>\n<li><b>Etudes en Nutrition Humaine:<\/b> A la fin de ses \u00e9tudes le candidat sera capable d\u2019observer le fonctionnement pratique du 2\u00e8me \u00e9chelon du syst\u00e8me de sant\u00e9 et d\u00e9crire le profil sanitaire et nutritionnel et effectuer l\u2019inventaire alimentaire, assurer l\u2019\u00e9ducation, la surveillance et le marketing nutritionnel.<\/li>\n<li><b>Hospitali\u00e8re:<\/b> A la fin de ses \u00e9tudes le candidat sera capable d\u2019assurer la coordination des programmes et\/ou activit\u00e9s dans les diff\u00e9rents programmes verticaux int\u00e9gr\u00e9s au syst\u00e8me de sant\u00e9.<\/li>\n<\/ul>\t\t\t\t\t\t\t\t<\/div>\n\t\t\t\t<\/div>\n\t\t\t\t\t<\/div>\n\t\t<\/div>\n\t\t\t\t\t<\/div>\n\t\t<\/section>\n\t\t\t\t<section class=\"elementor-section elementor-top-section elementor-element elementor-element-71ad0ef elementor-section-boxed elementor-section-height-default elementor-section-height-default\" data-id=\"71ad0ef\" data-element_type=\"section\" data-e-type=\"section\">\n\t\t\t\t\t\t<div class=\"elementor-container elementor-column-gap-default\">\n\t\t\t\t\t<div class=\"elementor-column elementor-col-100 elementor-top-column elementor-element elementor-element-2670cb2\" data-id=\"2670cb2\" data-element_type=\"column\" data-e-type=\"column\">\n\t\t\t<div class=\"elementor-widget-wrap elementor-element-populated\">\n\t\t\t\t\t\t<div class=\"elementor-element elementor-element-a302cdb elementor-align-center elementor-widget elementor-widget-button\" data-id=\"a302cdb\" data-element_type=\"widget\" data-e-type=\"widget\" data-widget_type=\"button.default\">\n\t\t\t\t<div class=\"elementor-widget-container\">\n\t\t\t\t\t\t\t\t\t<div class=\"elementor-button-wrapper\">\n\t\t\t\t\t<a class=\"elementor-button elementor-button-link elementor-size-sm\" href=\"https:\/\/unikal.ac.cd\/index.php\/inscription-en-ligne\/\">\n\t\t\t\t\t\t<span class=\"elementor-button-content-wrapper\">\n\t\t\t\t\t\t\t\t\t<span class=\"elementor-button-text\">Inscrivez-vous<\/span>\n\t\t\t\t\t<\/span>\n\t\t\t\t\t<\/a>\n\t\t\t\t<\/div>\n\t\t\t\t\t\t\t\t<\/div>\n\t\t\t\t<\/div>\n\t\t\t\t\t<\/div>\n\t\t<\/div>\n\t\t\t\t\t<\/div>\n\t\t<\/section>\n\t\t\t\t<\/div>\n\t\t","protected":false},"excerpt":{"rendered":"<p>La facult\u00e9 des sciences de la sant\u00e9 a vu jour en 2010 lors de la cr\u00e9ation de la pr\u00e9stigieuse universit\u00e9 de Kalemie.&nbsp; Dans sa politique de gestion, l&#8217;universit\u00e9 de Kalemie fait appel \u00e0 l&#8217;expertise externe pour appuyer la facult\u00e9 des sciences de la sant\u00e9 dans le domaine des enseignements et de la recherche, \u00e0 l&#8217;occurence&hellip;<\/p>\n","protected":false},"author":1,"featured_media":0,"parent":0,"menu_order":0,"comment_status":"closed","ping_status":"closed","template":"elementor_header_footer","meta":{"om_disable_all_campaigns":false,"_monsterinsights_skip_tracking":false,"_monsterinsights_sitenote_active":false,"_monsterinsights_sitenote_note":"","_monsterinsights_sitenote_category":0,"_uf_show_specific_survey":0,"_uf_disable_surveys":false,"footnotes":""},"class_list":["post-49","page","type-page","status-publish","hentry"],"yoast_head":"<!-- This site is optimized with the Yoast SEO plugin v26.9 - https:\/\/yoast.com\/product\/yoast-seo-wordpress\/ -->\n<title>Sciences de la Sant\u00e9 - Universit\u00e9 de Kalemie<\/title>\n<meta name=\"robots\" content=\"index, follow, max-snippet:-1, max-image-preview:large, max-video-preview:-1\" \/>\n<link rel=\"canonical\" href=\"https:\/\/unikal.ac.cd\/index.php\/ecole-de-sante-publique\/\" \/>\n<meta property=\"og:locale\" content=\"en_US\" \/>\n<meta property=\"og:type\" content=\"article\" \/>\n<meta property=\"og:title\" content=\"Sciences de la Sant\u00e9 - Universit\u00e9 de Kalemie\" \/>\n<meta property=\"og:description\" content=\"La facult\u00e9 des sciences de la sant\u00e9 a vu jour en 2010 lors de la cr\u00e9ation de la pr\u00e9stigieuse universit\u00e9 de Kalemie.&nbsp; Dans sa politique de gestion, l&#8217;universit\u00e9 de Kalemie fait appel \u00e0 l&#8217;expertise externe pour appuyer la facult\u00e9 des sciences de la sant\u00e9 dans le domaine des enseignements et de la recherche, \u00e0 l&#8217;occurence&hellip;\" \/>\n<meta property=\"og:url\" content=\"https:\/\/unikal.ac.cd\/index.php\/ecole-de-sante-publique\/\" \/>\n<meta property=\"og:site_name\" content=\"Universit\u00e9 de Kalemie\" \/>\n<meta property=\"article:modified_time\" content=\"2024-01-21T17:06:11+00:00\" \/>\n<meta name=\"twitter:card\" content=\"summary_large_image\" \/>\n<meta name=\"twitter:label1\" content=\"Est. reading time\" \/>\n\t<meta name=\"twitter:data1\" content=\"2 minutes\" \/>\n<script type=\"application\/ld+json\" class=\"yoast-schema-graph\">{\"@context\":\"https:\/\/schema.org\",\"@graph\":[{\"@type\":\"WebPage\",\"@id\":\"https:\/\/unikal.ac.cd\/index.php\/ecole-de-sante-publique\/\",\"url\":\"https:\/\/unikal.ac.cd\/index.php\/ecole-de-sante-publique\/\",\"name\":\"Sciences de la Sant\u00e9 - Universit\u00e9 de Kalemie\",\"isPartOf\":{\"@id\":\"https:\/\/unikal.ac.cd\/#website\"},\"datePublished\":\"2023-08-15T20:19:24+00:00\",\"dateModified\":\"2024-01-21T17:06:11+00:00\",\"breadcrumb\":{\"@id\":\"https:\/\/unikal.ac.cd\/index.php\/ecole-de-sante-publique\/#breadcrumb\"},\"inLanguage\":\"en-US\",\"potentialAction\":[{\"@type\":\"ReadAction\",\"target\":[\"https:\/\/unikal.ac.cd\/index.php\/ecole-de-sante-publique\/\"]}]},{\"@type\":\"BreadcrumbList\",\"@id\":\"https:\/\/unikal.ac.cd\/index.php\/ecole-de-sante-publique\/#breadcrumb\",\"itemListElement\":[{\"@type\":\"ListItem\",\"position\":1,\"name\":\"Home\",\"item\":\"https:\/\/unikal.ac.cd\/\"},{\"@type\":\"ListItem\",\"position\":2,\"name\":\"Sciences de la Sant\u00e9\"}]},{\"@type\":\"WebSite\",\"@id\":\"https:\/\/unikal.ac.cd\/#website\",\"url\":\"https:\/\/unikal.ac.cd\/\",\"name\":\"Universit\u00e9 de Kalemie\",\"description\":\"Lumi\u00e8re du Tanganyika\",\"publisher\":{\"@id\":\"https:\/\/unikal.ac.cd\/#organization\"},\"potentialAction\":[{\"@type\":\"SearchAction\",\"target\":{\"@type\":\"EntryPoint\",\"urlTemplate\":\"https:\/\/unikal.ac.cd\/?s={search_term_string}\"},\"query-input\":{\"@type\":\"PropertyValueSpecification\",\"valueRequired\":true,\"valueName\":\"search_term_string\"}}],\"inLanguage\":\"en-US\"},{\"@type\":\"Organization\",\"@id\":\"https:\/\/unikal.ac.cd\/#organization\",\"name\":\"Universit\u00e9 de Kalemie\",\"url\":\"https:\/\/unikal.ac.cd\/\",\"logo\":{\"@type\":\"ImageObject\",\"inLanguage\":\"en-US\",\"@id\":\"https:\/\/unikal.ac.cd\/#\/schema\/logo\/image\/\",\"url\":\"https:\/\/unikal.ac.cd\/wp-content\/uploads\/2023\/08\/logo-unikal_013249.png\",\"contentUrl\":\"https:\/\/unikal.ac.cd\/wp-content\/uploads\/2023\/08\/logo-unikal_013249.png\",\"width\":2100,\"height\":1500,\"caption\":\"Universit\u00e9 de Kalemie\"},\"image\":{\"@id\":\"https:\/\/unikal.ac.cd\/#\/schema\/logo\/image\/\"}}]}<\/script>\n<!-- \/ Yoast SEO plugin. -->","yoast_head_json":{"title":"Sciences de la Sant\u00e9 - Universit\u00e9 de Kalemie","robots":{"index":"index","follow":"follow","max-snippet":"max-snippet:-1","max-image-preview":"max-image-preview:large","max-video-preview":"max-video-preview:-1"},"canonical":"https:\/\/unikal.ac.cd\/index.php\/ecole-de-sante-publique\/","og_locale":"en_US","og_type":"article","og_title":"Sciences de la Sant\u00e9 - Universit\u00e9 de Kalemie","og_description":"La facult\u00e9 des sciences de la sant\u00e9 a vu jour en 2010 lors de la cr\u00e9ation de la pr\u00e9stigieuse universit\u00e9 de Kalemie.&nbsp; Dans sa politique de gestion, l&#8217;universit\u00e9 de Kalemie fait appel \u00e0 l&#8217;expertise externe pour appuyer la facult\u00e9 des sciences de la sant\u00e9 dans le domaine des enseignements et de la recherche, \u00e0 l&#8217;occurence&hellip;","og_url":"https:\/\/unikal.ac.cd\/index.php\/ecole-de-sante-publique\/","og_site_name":"Universit\u00e9 de Kalemie","article_modified_time":"2024-01-21T17:06:11+00:00","twitter_card":"summary_large_image","twitter_misc":{"Est. reading time":"2 minutes"},"schema":{"@context":"https:\/\/schema.org","@graph":[{"@type":"WebPage","@id":"https:\/\/unikal.ac.cd\/index.php\/ecole-de-sante-publique\/","url":"https:\/\/unikal.ac.cd\/index.php\/ecole-de-sante-publique\/","name":"Sciences de la Sant\u00e9 - Universit\u00e9 de Kalemie","isPartOf":{"@id":"https:\/\/unikal.ac.cd\/#website"},"datePublished":"2023-08-15T20:19:24+00:00","dateModified":"2024-01-21T17:06:11+00:00","breadcrumb":{"@id":"https:\/\/unikal.ac.cd\/index.php\/ecole-de-sante-publique\/#breadcrumb"},"inLanguage":"en-US","potentialAction":[{"@type":"ReadAction","target":["https:\/\/unikal.ac.cd\/index.php\/ecole-de-sante-publique\/"]}]},{"@type":"BreadcrumbList","@id":"https:\/\/unikal.ac.cd\/index.php\/ecole-de-sante-publique\/#breadcrumb","itemListElement":[{"@type":"ListItem","position":1,"name":"Home","item":"https:\/\/unikal.ac.cd\/"},{"@type":"ListItem","position":2,"name":"Sciences de la Sant\u00e9"}]},{"@type":"WebSite","@id":"https:\/\/unikal.ac.cd\/#website","url":"https:\/\/unikal.ac.cd\/","name":"Universit\u00e9 de Kalemie","description":"Lumi\u00e8re du Tanganyika","publisher":{"@id":"https:\/\/unikal.ac.cd\/#organization"},"potentialAction":[{"@type":"SearchAction","target":{"@type":"EntryPoint","urlTemplate":"https:\/\/unikal.ac.cd\/?s={search_term_string}"},"query-input":{"@type":"PropertyValueSpecification","valueRequired":true,"valueName":"search_term_string"}}],"inLanguage":"en-US"},{"@type":"Organization","@id":"https:\/\/unikal.ac.cd\/#organization","name":"Universit\u00e9 de Kalemie","url":"https:\/\/unikal.ac.cd\/","logo":{"@type":"ImageObject","inLanguage":"en-US","@id":"https:\/\/unikal.ac.cd\/#\/schema\/logo\/image\/","url":"https:\/\/unikal.ac.cd\/wp-content\/uploads\/2023\/08\/logo-unikal_013249.png","contentUrl":"https:\/\/unikal.ac.cd\/wp-content\/uploads\/2023\/08\/logo-unikal_013249.png","width":2100,"height":1500,"caption":"Universit\u00e9 de Kalemie"},"image":{"@id":"https:\/\/unikal.ac.cd\/#\/schema\/logo\/image\/"}}]}},"_links":{"self":[{"href":"https:\/\/unikal.ac.cd\/index.php\/wp-json\/wp\/v2\/pages\/49","targetHints":{"allow":["GET"]}}],"collection":[{"href":"https:\/\/unikal.ac.cd\/index.php\/wp-json\/wp\/v2\/pages"}],"about":[{"href":"https:\/\/unikal.ac.cd\/index.php\/wp-json\/wp\/v2\/types\/page"}],"author":[{"embeddable":true,"href":"https:\/\/unikal.ac.cd\/index.php\/wp-json\/wp\/v2\/users\/1"}],"replies":[{"embeddable":true,"href":"https:\/\/unikal.ac.cd\/index.php\/wp-json\/wp\/v2\/comments?post=49"}],"version-history":[{"count":20,"href":"https:\/\/unikal.ac.cd\/index.php\/wp-json\/wp\/v2\/pages\/49\/revisions"}],"predecessor-version":[{"id":629,"href":"https:\/\/unikal.ac.cd\/index.php\/wp-json\/wp\/v2\/pages\/49\/revisions\/629"}],"wp:attachment":[{"href":"https:\/\/unikal.ac.cd\/index.php\/wp-json\/wp\/v2\/media?parent=49"}],"curies":[{"name":"wp","href":"https:\/\/api.w.org\/{rel}","templated":true}]}}