{"id":548,"date":"2024-01-09T17:07:25","date_gmt":"2024-01-09T17:07:25","guid":{"rendered":"https:\/\/unikal.ac.cd\/?page_id=548"},"modified":"2024-01-09T17:41:45","modified_gmt":"2024-01-09T17:41:45","slug":"elementor-548","status":"publish","type":"page","link":"https:\/\/unikal.ac.cd\/index.php\/elementor-548\/","title":{"rendered":"Soumission de Candidature"},"content":{"rendered":"\t\t<div data-elementor-type=\"wp-page\" data-elementor-id=\"548\" class=\"elementor elementor-548\">\n\t\t\t\t\t\t<section class=\"elementor-section elementor-top-section elementor-element elementor-element-9c16376 elementor-section-stretched elementor-section-boxed elementor-section-height-default elementor-section-height-default\" data-id=\"9c16376\" data-element_type=\"section\" data-e-type=\"section\" data-settings=\"{&quot;stretch_section&quot;:&quot;section-stretched&quot;}\">\n\t\t\t\t\t\t<div class=\"elementor-container elementor-column-gap-default\">\n\t\t\t\t\t<div class=\"elementor-column elementor-col-100 elementor-top-column elementor-element elementor-element-3c0d39a\" data-id=\"3c0d39a\" data-element_type=\"column\" data-e-type=\"column\">\n\t\t\t<div class=\"elementor-widget-wrap elementor-element-populated\">\n\t\t\t\t\t\t<div class=\"elementor-element elementor-element-16eb381 elementor-widget elementor-widget-heading\" data-id=\"16eb381\" data-element_type=\"widget\" data-e-type=\"widget\" data-widget_type=\"heading.default\">\n\t\t\t\t<div class=\"elementor-widget-container\">\n\t\t\t\t\t<h2 class=\"elementor-heading-title elementor-size-default\">Soumission de Candidatureau poste d'enseignant chercheur<\/h2>\t\t\t\t<\/div>\n\t\t\t\t<\/div>\n\t\t\t\t<div class=\"elementor-element elementor-element-85b48b1 elementor-widget elementor-widget-text-editor\" data-id=\"85b48b1\" data-element_type=\"widget\" data-e-type=\"widget\" data-widget_type=\"text-editor.default\">\n\t\t\t\t<div class=\"elementor-widget-container\">\n\t\t\t\t\t\t\t\t\t<p style=\"color: #000000; font-size: 15px; text-align: justify;\">L&#8217;Universit\u00e9 de Kalemie, Etablisserment public d&#8217;Enseignement Sup\u00e9rieur et Universitaire fonctionnant \u00e0 Kalemie (Province du Tanganyika) en R\u00e9publique D\u00e9mocratique du Congo, lance un\u00a0<span style=\"font-weight: bold;\">appel \u00e0 candidature<\/span>\u00a0aux postes d&#8217;<span style=\"font-weight: bold;\">Enseignants-chercheurs<\/span>\u00a0pour sa\u00a0<span style=\"font-weight: bold;\">Facult\u00e9 de M\u00e9dicine<\/span>.\u00a0<\/p><p style=\"color: #000000; font-size: 15px; text-align: justify;\">Les Personnes interess\u00e9es et titulaires d&#8217;un\u00a0<span style=\"font-weight: bold;\">diplome de docteur \u00e0 th\u00e8se (PhD)<\/span>\u00a0dans les domaines des\u00a0<span style=\"font-weight: bold;\">sciences de la sant\u00e9<\/span>\u00a0et\u00a0<span style=\"font-weight: bold;\">des sciences biom\u00e9dicales<\/span>\u00a0ou d&#8217;un\u00a0<span style=\"font-weight: bold;\">diplome d&#8217;agr\u00e9gation<\/span>\u00a0en\u00a0<span style=\"font-weight: bold;\">M\u00e9decine<\/span>\u00a0peuvent envoyer leurs dossiers\u00a0 en remplissant le formulaire ci dessous et \u00e0 l&#8217;addresse suivante: rectorat.unikal@gmail.com\u00a0<\/p>\t\t\t\t\t\t\t\t<\/div>\n\t\t\t\t<\/div>\n\t\t\t\t\t<\/div>\n\t\t<\/div>\n\t\t\t\t\t<\/div>\n\t\t<\/section>\n\t\t\t\t<section class=\"elementor-section elementor-top-section elementor-element elementor-element-c038a51 elementor-section-stretched elementor-section-boxed elementor-section-height-default elementor-section-height-default\" data-id=\"c038a51\" data-element_type=\"section\" data-e-type=\"section\" data-settings=\"{&quot;stretch_section&quot;:&quot;section-stretched&quot;}\">\n\t\t\t\t\t\t<div class=\"elementor-container elementor-column-gap-default\">\n\t\t\t\t\t<div class=\"elementor-column elementor-col-100 elementor-top-column elementor-element elementor-element-6455d57\" data-id=\"6455d57\" data-element_type=\"column\" data-e-type=\"column\">\n\t\t\t<div class=\"elementor-widget-wrap elementor-element-populated\">\n\t\t\t\t\t\t<div class=\"elementor-element elementor-element-b1a6673 elementor-widget elementor-widget-shortcode\" data-id=\"b1a6673\" data-element_type=\"widget\" data-e-type=\"widget\" data-widget_type=\"shortcode.default\">\n\t\t\t\t<div class=\"elementor-widget-container\">\n\t\t\t\t\t\t\t<div class=\"elementor-shortcode\">\t\t\t<div class=\"forminator-custom-form\">\n\t\t\t\t\t\t\t\t\t<label class=\"forminator-label--info\"><span>Le delai de soumission a expir\u00e9<\/span><\/label>\n\t\t\t\t\t\t\t<\/div>\n\t\t\t<\/div>\n\t\t\t\t\t\t<\/div>\n\t\t\t\t<\/div>\n\t\t\t\t\t<\/div>\n\t\t<\/div>\n\t\t\t\t\t<\/div>\n\t\t<\/section>\n\t\t\t\t<\/div>\n\t\t","protected":false},"excerpt":{"rendered":"<p>Soumission de Candidatureau poste d&#8217;enseignant chercheur L&#8217;Universit\u00e9 de Kalemie, Etablisserment public d&#8217;Enseignement Sup\u00e9rieur et Universitaire fonctionnant \u00e0 Kalemie (Province du Tanganyika) en R\u00e9publique D\u00e9mocratique du Congo, lance un\u00a0appel \u00e0 candidature\u00a0aux postes d&#8217;Enseignants-chercheurs\u00a0pour sa\u00a0Facult\u00e9 de M\u00e9dicine.\u00a0 Les Personnes interess\u00e9es et titulaires d&#8217;un\u00a0diplome de docteur \u00e0 th\u00e8se (PhD)\u00a0dans les domaines des\u00a0sciences de la sant\u00e9\u00a0et\u00a0des sciences biom\u00e9dicales\u00a0ou d&#8217;un\u00a0diplome&hellip;<\/p>\n","protected":false},"author":1,"featured_media":0,"parent":0,"menu_order":0,"comment_status":"closed","ping_status":"closed","template":"elementor_header_footer","meta":{"om_disable_all_campaigns":false,"_monsterinsights_skip_tracking":false,"_monsterinsights_sitenote_active":false,"_monsterinsights_sitenote_note":"","_monsterinsights_sitenote_category":0,"_uf_show_specific_survey":0,"_uf_disable_surveys":false,"footnotes":""},"class_list":["post-548","page","type-page","status-publish","hentry"],"yoast_head":"<!-- This site is optimized with the Yoast SEO plugin v26.9 - https:\/\/yoast.com\/product\/yoast-seo-wordpress\/ -->\n<title>Soumission de Candidature - Universit\u00e9 de Kalemie<\/title>\n<meta name=\"robots\" content=\"index, follow, max-snippet:-1, max-image-preview:large, max-video-preview:-1\" \/>\n<link rel=\"canonical\" href=\"https:\/\/unikal.ac.cd\/index.php\/elementor-548\/\" \/>\n<meta property=\"og:locale\" content=\"en_US\" \/>\n<meta property=\"og:type\" content=\"article\" \/>\n<meta property=\"og:title\" content=\"Soumission de Candidature - Universit\u00e9 de Kalemie\" \/>\n<meta property=\"og:description\" content=\"Soumission de Candidatureau poste d&#8217;enseignant chercheur L&#8217;Universit\u00e9 de Kalemie, Etablisserment public d&#8217;Enseignement Sup\u00e9rieur et Universitaire fonctionnant \u00e0 Kalemie (Province du Tanganyika) en R\u00e9publique D\u00e9mocratique du Congo, lance un\u00a0appel \u00e0 candidature\u00a0aux postes d&#8217;Enseignants-chercheurs\u00a0pour sa\u00a0Facult\u00e9 de M\u00e9dicine.\u00a0 Les Personnes interess\u00e9es et titulaires d&#8217;un\u00a0diplome de docteur \u00e0 th\u00e8se (PhD)\u00a0dans les domaines des\u00a0sciences de la sant\u00e9\u00a0et\u00a0des sciences biom\u00e9dicales\u00a0ou d&#8217;un\u00a0diplome&hellip;\" \/>\n<meta property=\"og:url\" content=\"https:\/\/unikal.ac.cd\/index.php\/elementor-548\/\" \/>\n<meta property=\"og:site_name\" content=\"Universit\u00e9 de Kalemie\" \/>\n<meta property=\"article:modified_time\" content=\"2024-01-09T17:41:45+00:00\" \/>\n<meta name=\"twitter:card\" content=\"summary_large_image\" \/>\n<meta name=\"twitter:label1\" content=\"Est. reading time\" \/>\n\t<meta name=\"twitter:data1\" content=\"1 minute\" \/>\n<script type=\"application\/ld+json\" class=\"yoast-schema-graph\">{\"@context\":\"https:\/\/schema.org\",\"@graph\":[{\"@type\":\"WebPage\",\"@id\":\"https:\/\/unikal.ac.cd\/index.php\/elementor-548\/\",\"url\":\"https:\/\/unikal.ac.cd\/index.php\/elementor-548\/\",\"name\":\"Soumission de Candidature - Universit\u00e9 de Kalemie\",\"isPartOf\":{\"@id\":\"https:\/\/unikal.ac.cd\/#website\"},\"datePublished\":\"2024-01-09T17:07:25+00:00\",\"dateModified\":\"2024-01-09T17:41:45+00:00\",\"breadcrumb\":{\"@id\":\"https:\/\/unikal.ac.cd\/index.php\/elementor-548\/#breadcrumb\"},\"inLanguage\":\"en-US\",\"potentialAction\":[{\"@type\":\"ReadAction\",\"target\":[\"https:\/\/unikal.ac.cd\/index.php\/elementor-548\/\"]}]},{\"@type\":\"BreadcrumbList\",\"@id\":\"https:\/\/unikal.ac.cd\/index.php\/elementor-548\/#breadcrumb\",\"itemListElement\":[{\"@type\":\"ListItem\",\"position\":1,\"name\":\"Home\",\"item\":\"https:\/\/unikal.ac.cd\/\"},{\"@type\":\"ListItem\",\"position\":2,\"name\":\"Soumission de Candidature\"}]},{\"@type\":\"WebSite\",\"@id\":\"https:\/\/unikal.ac.cd\/#website\",\"url\":\"https:\/\/unikal.ac.cd\/\",\"name\":\"Universit\u00e9 de Kalemie\",\"description\":\"Lumi\u00e8re du Tanganyika\",\"publisher\":{\"@id\":\"https:\/\/unikal.ac.cd\/#organization\"},\"potentialAction\":[{\"@type\":\"SearchAction\",\"target\":{\"@type\":\"EntryPoint\",\"urlTemplate\":\"https:\/\/unikal.ac.cd\/?s={search_term_string}\"},\"query-input\":{\"@type\":\"PropertyValueSpecification\",\"valueRequired\":true,\"valueName\":\"search_term_string\"}}],\"inLanguage\":\"en-US\"},{\"@type\":\"Organization\",\"@id\":\"https:\/\/unikal.ac.cd\/#organization\",\"name\":\"Universit\u00e9 de Kalemie\",\"url\":\"https:\/\/unikal.ac.cd\/\",\"logo\":{\"@type\":\"ImageObject\",\"inLanguage\":\"en-US\",\"@id\":\"https:\/\/unikal.ac.cd\/#\/schema\/logo\/image\/\",\"url\":\"https:\/\/unikal.ac.cd\/wp-content\/uploads\/2023\/08\/logo-unikal_013249.png\",\"contentUrl\":\"https:\/\/unikal.ac.cd\/wp-content\/uploads\/2023\/08\/logo-unikal_013249.png\",\"width\":2100,\"height\":1500,\"caption\":\"Universit\u00e9 de Kalemie\"},\"image\":{\"@id\":\"https:\/\/unikal.ac.cd\/#\/schema\/logo\/image\/\"}}]}<\/script>\n<!-- \/ Yoast SEO plugin. -->","yoast_head_json":{"title":"Soumission de Candidature - Universit\u00e9 de Kalemie","robots":{"index":"index","follow":"follow","max-snippet":"max-snippet:-1","max-image-preview":"max-image-preview:large","max-video-preview":"max-video-preview:-1"},"canonical":"https:\/\/unikal.ac.cd\/index.php\/elementor-548\/","og_locale":"en_US","og_type":"article","og_title":"Soumission de Candidature - Universit\u00e9 de Kalemie","og_description":"Soumission de Candidatureau poste d&#8217;enseignant chercheur L&#8217;Universit\u00e9 de Kalemie, Etablisserment public d&#8217;Enseignement Sup\u00e9rieur et Universitaire fonctionnant \u00e0 Kalemie (Province du Tanganyika) en R\u00e9publique D\u00e9mocratique du Congo, lance un\u00a0appel \u00e0 candidature\u00a0aux postes d&#8217;Enseignants-chercheurs\u00a0pour sa\u00a0Facult\u00e9 de M\u00e9dicine.\u00a0 Les Personnes interess\u00e9es et titulaires d&#8217;un\u00a0diplome de docteur \u00e0 th\u00e8se (PhD)\u00a0dans les domaines des\u00a0sciences de la sant\u00e9\u00a0et\u00a0des sciences biom\u00e9dicales\u00a0ou d&#8217;un\u00a0diplome&hellip;","og_url":"https:\/\/unikal.ac.cd\/index.php\/elementor-548\/","og_site_name":"Universit\u00e9 de Kalemie","article_modified_time":"2024-01-09T17:41:45+00:00","twitter_card":"summary_large_image","twitter_misc":{"Est. reading time":"1 minute"},"schema":{"@context":"https:\/\/schema.org","@graph":[{"@type":"WebPage","@id":"https:\/\/unikal.ac.cd\/index.php\/elementor-548\/","url":"https:\/\/unikal.ac.cd\/index.php\/elementor-548\/","name":"Soumission de Candidature - Universit\u00e9 de Kalemie","isPartOf":{"@id":"https:\/\/unikal.ac.cd\/#website"},"datePublished":"2024-01-09T17:07:25+00:00","dateModified":"2024-01-09T17:41:45+00:00","breadcrumb":{"@id":"https:\/\/unikal.ac.cd\/index.php\/elementor-548\/#breadcrumb"},"inLanguage":"en-US","potentialAction":[{"@type":"ReadAction","target":["https:\/\/unikal.ac.cd\/index.php\/elementor-548\/"]}]},{"@type":"BreadcrumbList","@id":"https:\/\/unikal.ac.cd\/index.php\/elementor-548\/#breadcrumb","itemListElement":[{"@type":"ListItem","position":1,"name":"Home","item":"https:\/\/unikal.ac.cd\/"},{"@type":"ListItem","position":2,"name":"Soumission de Candidature"}]},{"@type":"WebSite","@id":"https:\/\/unikal.ac.cd\/#website","url":"https:\/\/unikal.ac.cd\/","name":"Universit\u00e9 de Kalemie","description":"Lumi\u00e8re du Tanganyika","publisher":{"@id":"https:\/\/unikal.ac.cd\/#organization"},"potentialAction":[{"@type":"SearchAction","target":{"@type":"EntryPoint","urlTemplate":"https:\/\/unikal.ac.cd\/?s={search_term_string}"},"query-input":{"@type":"PropertyValueSpecification","valueRequired":true,"valueName":"search_term_string"}}],"inLanguage":"en-US"},{"@type":"Organization","@id":"https:\/\/unikal.ac.cd\/#organization","name":"Universit\u00e9 de Kalemie","url":"https:\/\/unikal.ac.cd\/","logo":{"@type":"ImageObject","inLanguage":"en-US","@id":"https:\/\/unikal.ac.cd\/#\/schema\/logo\/image\/","url":"https:\/\/unikal.ac.cd\/wp-content\/uploads\/2023\/08\/logo-unikal_013249.png","contentUrl":"https:\/\/unikal.ac.cd\/wp-content\/uploads\/2023\/08\/logo-unikal_013249.png","width":2100,"height":1500,"caption":"Universit\u00e9 de Kalemie"},"image":{"@id":"https:\/\/unikal.ac.cd\/#\/schema\/logo\/image\/"}}]}},"_links":{"self":[{"href":"https:\/\/unikal.ac.cd\/index.php\/wp-json\/wp\/v2\/pages\/548","targetHints":{"allow":["GET"]}}],"collection":[{"href":"https:\/\/unikal.ac.cd\/index.php\/wp-json\/wp\/v2\/pages"}],"about":[{"href":"https:\/\/unikal.ac.cd\/index.php\/wp-json\/wp\/v2\/types\/page"}],"author":[{"embeddable":true,"href":"https:\/\/unikal.ac.cd\/index.php\/wp-json\/wp\/v2\/users\/1"}],"replies":[{"embeddable":true,"href":"https:\/\/unikal.ac.cd\/index.php\/wp-json\/wp\/v2\/comments?post=548"}],"version-history":[{"count":14,"href":"https:\/\/unikal.ac.cd\/index.php\/wp-json\/wp\/v2\/pages\/548\/revisions"}],"predecessor-version":[{"id":566,"href":"https:\/\/unikal.ac.cd\/index.php\/wp-json\/wp\/v2\/pages\/548\/revisions\/566"}],"wp:attachment":[{"href":"https:\/\/unikal.ac.cd\/index.php\/wp-json\/wp\/v2\/media?parent=548"}],"curies":[{"name":"wp","href":"https:\/\/api.w.org\/{rel}","templated":true}]}}