{"id":567,"date":"2024-01-15T11:36:47","date_gmt":"2024-01-15T11:36:47","guid":{"rendered":"https:\/\/unikal.ac.cd\/?page_id=567"},"modified":"2024-01-15T12:06:43","modified_gmt":"2024-01-15T12:06:43","slug":"luniversite-de-kalemie-et-linstitut-russe-alexandre-pouchkin-noue-un-partenariat-gagnant-gagnant","status":"publish","type":"page","link":"https:\/\/unikal.ac.cd\/index.php\/luniversite-de-kalemie-et-linstitut-russe-alexandre-pouchkin-noue-un-partenariat-gagnant-gagnant\/","title":{"rendered":"L&#8217;UNIVERSIT\u00c9 DE KALEMIE ET L&#8217;INSTITUT RUSSE ALEXANDRE POUCHKIN\u00a0 NOUE UN PARTENARIAT GAGNANT-GAGNANT."},"content":{"rendered":"\t\t<div data-elementor-type=\"wp-page\" data-elementor-id=\"567\" class=\"elementor elementor-567\">\n\t\t\t\t\t\t<section class=\"elementor-section elementor-top-section elementor-element elementor-element-1cf8829 elementor-section-stretched elementor-section-boxed elementor-section-height-default elementor-section-height-default\" data-id=\"1cf8829\" data-element_type=\"section\" data-e-type=\"section\" data-settings=\"{&quot;stretch_section&quot;:&quot;section-stretched&quot;}\">\n\t\t\t\t\t\t<div class=\"elementor-container elementor-column-gap-default\">\n\t\t\t\t\t<div class=\"elementor-column elementor-col-50 elementor-top-column elementor-element elementor-element-076c3f7\" data-id=\"076c3f7\" data-element_type=\"column\" data-e-type=\"column\">\n\t\t\t<div class=\"elementor-widget-wrap elementor-element-populated\">\n\t\t\t\t\t\t<div class=\"elementor-element elementor-element-42b6e28 elementor-widget elementor-widget-image\" data-id=\"42b6e28\" data-element_type=\"widget\" data-e-type=\"widget\" data-widget_type=\"image.default\">\n\t\t\t\t<div class=\"elementor-widget-container\">\n\t\t\t\t\t\t\t\t\t\t\t\t\t\t\t<img fetchpriority=\"high\" decoding=\"async\" width=\"640\" height=\"508\" src=\"https:\/\/unikal.ac.cd\/wp-content\/uploads\/2024\/01\/f73ce330-2760-46cf-9dfb-9e289390f1d4-1024x812.jpg\" class=\"attachment-large size-large wp-image-569\" alt=\"\" \/>\t\t\t\t\t\t\t\t\t\t\t\t\t\t\t<\/div>\n\t\t\t\t<\/div>\n\t\t\t\t\t<\/div>\n\t\t<\/div>\n\t\t\t\t<div class=\"elementor-column elementor-col-50 elementor-top-column elementor-element elementor-element-ed6b936\" data-id=\"ed6b936\" data-element_type=\"column\" data-e-type=\"column\">\n\t\t\t<div class=\"elementor-widget-wrap elementor-element-populated\">\n\t\t\t\t\t\t<div class=\"elementor-element elementor-element-b607ebc elementor-widget elementor-widget-text-editor\" data-id=\"b607ebc\" data-element_type=\"widget\" data-e-type=\"widget\" data-widget_type=\"text-editor.default\">\n\t\t\t\t<div class=\"elementor-widget-container\">\n\t\t\t\t\t\t\t\t\t<p>Soucieux de la promotion du personnel scientifique de la prestigieuse universit\u00e9 de Kalemie , le Recteur de cette alma mater, et pr\u00e9sident de la conf\u00e9rence des Chefs d&#8217;\u00e9tablissement de l&#8217;enseignement sup\u00e9rieur et universit\u00e9 au TANGANYIKA, le Professeur Ordinaire Victor KALUNGA TSHIKALA, sur invitation officielle de l&#8217;institut Alexandre Pouchkine, s&#8217;est rendu \u00e0 Moscou en R\u00e9publique f\u00e9d\u00e9rale de Russie avec comme mission prioritaire la signature du Protocole d&#8217;accord pour la Formation des quelques membres du personnel enseignant de l&#8217;universit\u00e9 de Kalemie au cours de l&#8217;ann\u00e9e 2024.<br \/>Sous la Conduite de Mademoiselle Darya de l&#8217;institut Alexandre Pouchkine, le Recteur de l&#8217;Universit\u00e9 de Kalemie a tour \u00e0 tour visit\u00e9 les places historiques de la mythique ville de Moscou.<\/p><p>La visite de Moscou\u00a0 la premi\u00e8re \u00e9tape de cette mission qui se poursuivra jusqu&#8217;\u00e0 Rostov, toujours en Russie.<\/p>\t\t\t\t\t\t\t\t<\/div>\n\t\t\t\t<\/div>\n\t\t\t\t\t<\/div>\n\t\t<\/div>\n\t\t\t\t\t<\/div>\n\t\t<\/section>\n\t\t\t\t<section class=\"elementor-section elementor-top-section elementor-element elementor-element-9a0da69 elementor-section-stretched elementor-section-boxed elementor-section-height-default elementor-section-height-default\" data-id=\"9a0da69\" data-element_type=\"section\" data-e-type=\"section\" data-settings=\"{&quot;stretch_section&quot;:&quot;section-stretched&quot;}\">\n\t\t\t\t\t\t<div class=\"elementor-container elementor-column-gap-default\">\n\t\t\t\t\t<div class=\"elementor-column elementor-col-100 elementor-top-column elementor-element elementor-element-2506a6b\" data-id=\"2506a6b\" data-element_type=\"column\" data-e-type=\"column\">\n\t\t\t<div class=\"elementor-widget-wrap elementor-element-populated\">\n\t\t\t\t\t\t<div class=\"elementor-element elementor-element-62823ce elementor-widget elementor-widget-text-editor\" data-id=\"62823ce\" data-element_type=\"widget\" data-e-type=\"widget\" data-widget_type=\"text-editor.default\">\n\t\t\t\t<div class=\"elementor-widget-container\">\n\t\t\t\t\t\t\t\t\t<p>Rappelons tout de m\u00eame que\u00a0 l&#8217;Universit\u00e9 de Kalemie qui se veut grande en R\u00e9publique d\u00e9mocratique du Congo, a \u00e9t\u00e9 valablement repr\u00e9sent\u00e9e au par son Recteur et Pr\u00e9sident de la conf\u00e9rence de Chef d&#8217;\u00e9tablissement de L&#8217;ESU au TANGANYIKA, au deuxi\u00e8me sommet du forum \u00e9conomique RUSSIE -AFRIQUE tenu \u00e0 Saint Petersbourg dans le cadre de la coop\u00e9ration\u00a0 \u00e9conomique, scientifique et humanitaire\u00a0 entre la f\u00e9d\u00e9ration de Russie et les pays de l&#8217;Afrique apr\u00e8s celui de 2019 \u00e0 Sotchi sous l&#8217;initiative du Pr\u00e9sident Russe Vladimir Poutine.<\/p>\t\t\t\t\t\t\t\t<\/div>\n\t\t\t\t<\/div>\n\t\t\t\t\t<\/div>\n\t\t<\/div>\n\t\t\t\t\t<\/div>\n\t\t<\/section>\n\t\t\t\t<\/div>\n\t\t","protected":false},"excerpt":{"rendered":"<p>Soucieux de la promotion du personnel scientifique de la prestigieuse universit\u00e9 de Kalemie , le Recteur de cette alma mater, et pr\u00e9sident de la conf\u00e9rence des Chefs d&#8217;\u00e9tablissement de l&#8217;enseignement sup\u00e9rieur et universit\u00e9 au TANGANYIKA, le Professeur Ordinaire Victor KALUNGA TSHIKALA, sur invitation officielle de l&#8217;institut Alexandre Pouchkine, s&#8217;est rendu \u00e0 Moscou en R\u00e9publique f\u00e9d\u00e9rale&hellip;<\/p>\n","protected":false},"author":1,"featured_media":569,"parent":0,"menu_order":0,"comment_status":"closed","ping_status":"closed","template":"elementor_header_footer","meta":{"om_disable_all_campaigns":false,"_monsterinsights_skip_tracking":false,"_monsterinsights_sitenote_active":false,"_monsterinsights_sitenote_note":"","_monsterinsights_sitenote_category":0,"_uf_show_specific_survey":0,"_uf_disable_surveys":false,"footnotes":""},"class_list":["post-567","page","type-page","status-publish","has-post-thumbnail","hentry"],"yoast_head":"<!-- This site is optimized with the Yoast SEO plugin v26.9 - https:\/\/yoast.com\/product\/yoast-seo-wordpress\/ -->\n<title>L&#039;UNIVERSIT\u00c9 DE KALEMIE ET L&#039;INSTITUT RUSSE ALEXANDRE POUCHKIN\u00a0 NOUE UN PARTENARIAT GAGNANT-GAGNANT. - Universit\u00e9 de Kalemie<\/title>\n<meta name=\"robots\" content=\"index, follow, max-snippet:-1, max-image-preview:large, max-video-preview:-1\" \/>\n<link rel=\"canonical\" href=\"https:\/\/unikal.ac.cd\/index.php\/luniversite-de-kalemie-et-linstitut-russe-alexandre-pouchkin-noue-un-partenariat-gagnant-gagnant\/\" \/>\n<meta property=\"og:locale\" content=\"en_US\" \/>\n<meta property=\"og:type\" content=\"article\" \/>\n<meta property=\"og:title\" content=\"L&#039;UNIVERSIT\u00c9 DE KALEMIE ET L&#039;INSTITUT RUSSE ALEXANDRE POUCHKIN\u00a0 NOUE UN PARTENARIAT GAGNANT-GAGNANT. - Universit\u00e9 de Kalemie\" \/>\n<meta property=\"og:description\" content=\"Soucieux de la promotion du personnel scientifique de la prestigieuse universit\u00e9 de Kalemie , le Recteur de cette alma mater, et pr\u00e9sident de la conf\u00e9rence des Chefs d&#8217;\u00e9tablissement de l&#8217;enseignement sup\u00e9rieur et universit\u00e9 au TANGANYIKA, le Professeur Ordinaire Victor KALUNGA TSHIKALA, sur invitation officielle de l&#8217;institut Alexandre Pouchkine, s&#8217;est rendu \u00e0 Moscou en R\u00e9publique f\u00e9d\u00e9rale&hellip;\" \/>\n<meta property=\"og:url\" content=\"https:\/\/unikal.ac.cd\/index.php\/luniversite-de-kalemie-et-linstitut-russe-alexandre-pouchkin-noue-un-partenariat-gagnant-gagnant\/\" \/>\n<meta property=\"og:site_name\" content=\"Universit\u00e9 de Kalemie\" \/>\n<meta property=\"article:modified_time\" content=\"2024-01-15T12:06:43+00:00\" \/>\n<meta property=\"og:image\" content=\"https:\/\/unikal.ac.cd\/wp-content\/uploads\/2024\/01\/f73ce330-2760-46cf-9dfb-9e289390f1d4.jpg\" \/>\n\t<meta property=\"og:image:width\" content=\"1080\" \/>\n\t<meta property=\"og:image:height\" content=\"812\" \/>\n\t<meta property=\"og:image:type\" content=\"image\/jpeg\" \/>\n<meta name=\"twitter:card\" content=\"summary_large_image\" \/>\n<meta name=\"twitter:label1\" content=\"Est. reading time\" \/>\n\t<meta name=\"twitter:data1\" content=\"2 minutes\" \/>\n<script type=\"application\/ld+json\" class=\"yoast-schema-graph\">{\"@context\":\"https:\/\/schema.org\",\"@graph\":[{\"@type\":\"WebPage\",\"@id\":\"https:\/\/unikal.ac.cd\/index.php\/luniversite-de-kalemie-et-linstitut-russe-alexandre-pouchkin-noue-un-partenariat-gagnant-gagnant\/\",\"url\":\"https:\/\/unikal.ac.cd\/index.php\/luniversite-de-kalemie-et-linstitut-russe-alexandre-pouchkin-noue-un-partenariat-gagnant-gagnant\/\",\"name\":\"L'UNIVERSIT\u00c9 DE KALEMIE ET L'INSTITUT RUSSE ALEXANDRE POUCHKIN\u00a0 NOUE UN PARTENARIAT GAGNANT-GAGNANT. - Universit\u00e9 de Kalemie\",\"isPartOf\":{\"@id\":\"https:\/\/unikal.ac.cd\/#website\"},\"primaryImageOfPage\":{\"@id\":\"https:\/\/unikal.ac.cd\/index.php\/luniversite-de-kalemie-et-linstitut-russe-alexandre-pouchkin-noue-un-partenariat-gagnant-gagnant\/#primaryimage\"},\"image\":{\"@id\":\"https:\/\/unikal.ac.cd\/index.php\/luniversite-de-kalemie-et-linstitut-russe-alexandre-pouchkin-noue-un-partenariat-gagnant-gagnant\/#primaryimage\"},\"thumbnailUrl\":\"https:\/\/unikal.ac.cd\/wp-content\/uploads\/2024\/01\/f73ce330-2760-46cf-9dfb-9e289390f1d4.jpg\",\"datePublished\":\"2024-01-15T11:36:47+00:00\",\"dateModified\":\"2024-01-15T12:06:43+00:00\",\"breadcrumb\":{\"@id\":\"https:\/\/unikal.ac.cd\/index.php\/luniversite-de-kalemie-et-linstitut-russe-alexandre-pouchkin-noue-un-partenariat-gagnant-gagnant\/#breadcrumb\"},\"inLanguage\":\"en-US\",\"potentialAction\":[{\"@type\":\"ReadAction\",\"target\":[\"https:\/\/unikal.ac.cd\/index.php\/luniversite-de-kalemie-et-linstitut-russe-alexandre-pouchkin-noue-un-partenariat-gagnant-gagnant\/\"]}]},{\"@type\":\"ImageObject\",\"inLanguage\":\"en-US\",\"@id\":\"https:\/\/unikal.ac.cd\/index.php\/luniversite-de-kalemie-et-linstitut-russe-alexandre-pouchkin-noue-un-partenariat-gagnant-gagnant\/#primaryimage\",\"url\":\"https:\/\/unikal.ac.cd\/wp-content\/uploads\/2024\/01\/f73ce330-2760-46cf-9dfb-9e289390f1d4.jpg\",\"contentUrl\":\"https:\/\/unikal.ac.cd\/wp-content\/uploads\/2024\/01\/f73ce330-2760-46cf-9dfb-9e289390f1d4.jpg\",\"width\":1080,\"height\":812},{\"@type\":\"BreadcrumbList\",\"@id\":\"https:\/\/unikal.ac.cd\/index.php\/luniversite-de-kalemie-et-linstitut-russe-alexandre-pouchkin-noue-un-partenariat-gagnant-gagnant\/#breadcrumb\",\"itemListElement\":[{\"@type\":\"ListItem\",\"position\":1,\"name\":\"Home\",\"item\":\"https:\/\/unikal.ac.cd\/\"},{\"@type\":\"ListItem\",\"position\":2,\"name\":\"L&#8217;UNIVERSIT\u00c9 DE KALEMIE ET L&#8217;INSTITUT RUSSE ALEXANDRE POUCHKIN\u00a0 NOUE UN PARTENARIAT GAGNANT-GAGNANT.\"}]},{\"@type\":\"WebSite\",\"@id\":\"https:\/\/unikal.ac.cd\/#website\",\"url\":\"https:\/\/unikal.ac.cd\/\",\"name\":\"Universit\u00e9 de Kalemie\",\"description\":\"Lumi\u00e8re du Tanganyika\",\"publisher\":{\"@id\":\"https:\/\/unikal.ac.cd\/#organization\"},\"potentialAction\":[{\"@type\":\"SearchAction\",\"target\":{\"@type\":\"EntryPoint\",\"urlTemplate\":\"https:\/\/unikal.ac.cd\/?s={search_term_string}\"},\"query-input\":{\"@type\":\"PropertyValueSpecification\",\"valueRequired\":true,\"valueName\":\"search_term_string\"}}],\"inLanguage\":\"en-US\"},{\"@type\":\"Organization\",\"@id\":\"https:\/\/unikal.ac.cd\/#organization\",\"name\":\"Universit\u00e9 de Kalemie\",\"url\":\"https:\/\/unikal.ac.cd\/\",\"logo\":{\"@type\":\"ImageObject\",\"inLanguage\":\"en-US\",\"@id\":\"https:\/\/unikal.ac.cd\/#\/schema\/logo\/image\/\",\"url\":\"https:\/\/unikal.ac.cd\/wp-content\/uploads\/2023\/08\/logo-unikal_013249.png\",\"contentUrl\":\"https:\/\/unikal.ac.cd\/wp-content\/uploads\/2023\/08\/logo-unikal_013249.png\",\"width\":2100,\"height\":1500,\"caption\":\"Universit\u00e9 de Kalemie\"},\"image\":{\"@id\":\"https:\/\/unikal.ac.cd\/#\/schema\/logo\/image\/\"}}]}<\/script>\n<!-- \/ Yoast SEO plugin. -->","yoast_head_json":{"title":"L'UNIVERSIT\u00c9 DE KALEMIE ET L'INSTITUT RUSSE ALEXANDRE POUCHKIN\u00a0 NOUE UN PARTENARIAT GAGNANT-GAGNANT. - Universit\u00e9 de Kalemie","robots":{"index":"index","follow":"follow","max-snippet":"max-snippet:-1","max-image-preview":"max-image-preview:large","max-video-preview":"max-video-preview:-1"},"canonical":"https:\/\/unikal.ac.cd\/index.php\/luniversite-de-kalemie-et-linstitut-russe-alexandre-pouchkin-noue-un-partenariat-gagnant-gagnant\/","og_locale":"en_US","og_type":"article","og_title":"L'UNIVERSIT\u00c9 DE KALEMIE ET L'INSTITUT RUSSE ALEXANDRE POUCHKIN\u00a0 NOUE UN PARTENARIAT GAGNANT-GAGNANT. - Universit\u00e9 de Kalemie","og_description":"Soucieux de la promotion du personnel scientifique de la prestigieuse universit\u00e9 de Kalemie , le Recteur de cette alma mater, et pr\u00e9sident de la conf\u00e9rence des Chefs d&#8217;\u00e9tablissement de l&#8217;enseignement sup\u00e9rieur et universit\u00e9 au TANGANYIKA, le Professeur Ordinaire Victor KALUNGA TSHIKALA, sur invitation officielle de l&#8217;institut Alexandre Pouchkine, s&#8217;est rendu \u00e0 Moscou en R\u00e9publique f\u00e9d\u00e9rale&hellip;","og_url":"https:\/\/unikal.ac.cd\/index.php\/luniversite-de-kalemie-et-linstitut-russe-alexandre-pouchkin-noue-un-partenariat-gagnant-gagnant\/","og_site_name":"Universit\u00e9 de Kalemie","article_modified_time":"2024-01-15T12:06:43+00:00","og_image":[{"width":1080,"height":812,"url":"https:\/\/unikal.ac.cd\/wp-content\/uploads\/2024\/01\/f73ce330-2760-46cf-9dfb-9e289390f1d4.jpg","type":"image\/jpeg"}],"twitter_card":"summary_large_image","twitter_misc":{"Est. reading time":"2 minutes"},"schema":{"@context":"https:\/\/schema.org","@graph":[{"@type":"WebPage","@id":"https:\/\/unikal.ac.cd\/index.php\/luniversite-de-kalemie-et-linstitut-russe-alexandre-pouchkin-noue-un-partenariat-gagnant-gagnant\/","url":"https:\/\/unikal.ac.cd\/index.php\/luniversite-de-kalemie-et-linstitut-russe-alexandre-pouchkin-noue-un-partenariat-gagnant-gagnant\/","name":"L'UNIVERSIT\u00c9 DE KALEMIE ET L'INSTITUT RUSSE ALEXANDRE POUCHKIN\u00a0 NOUE UN PARTENARIAT GAGNANT-GAGNANT. - Universit\u00e9 de Kalemie","isPartOf":{"@id":"https:\/\/unikal.ac.cd\/#website"},"primaryImageOfPage":{"@id":"https:\/\/unikal.ac.cd\/index.php\/luniversite-de-kalemie-et-linstitut-russe-alexandre-pouchkin-noue-un-partenariat-gagnant-gagnant\/#primaryimage"},"image":{"@id":"https:\/\/unikal.ac.cd\/index.php\/luniversite-de-kalemie-et-linstitut-russe-alexandre-pouchkin-noue-un-partenariat-gagnant-gagnant\/#primaryimage"},"thumbnailUrl":"https:\/\/unikal.ac.cd\/wp-content\/uploads\/2024\/01\/f73ce330-2760-46cf-9dfb-9e289390f1d4.jpg","datePublished":"2024-01-15T11:36:47+00:00","dateModified":"2024-01-15T12:06:43+00:00","breadcrumb":{"@id":"https:\/\/unikal.ac.cd\/index.php\/luniversite-de-kalemie-et-linstitut-russe-alexandre-pouchkin-noue-un-partenariat-gagnant-gagnant\/#breadcrumb"},"inLanguage":"en-US","potentialAction":[{"@type":"ReadAction","target":["https:\/\/unikal.ac.cd\/index.php\/luniversite-de-kalemie-et-linstitut-russe-alexandre-pouchkin-noue-un-partenariat-gagnant-gagnant\/"]}]},{"@type":"ImageObject","inLanguage":"en-US","@id":"https:\/\/unikal.ac.cd\/index.php\/luniversite-de-kalemie-et-linstitut-russe-alexandre-pouchkin-noue-un-partenariat-gagnant-gagnant\/#primaryimage","url":"https:\/\/unikal.ac.cd\/wp-content\/uploads\/2024\/01\/f73ce330-2760-46cf-9dfb-9e289390f1d4.jpg","contentUrl":"https:\/\/unikal.ac.cd\/wp-content\/uploads\/2024\/01\/f73ce330-2760-46cf-9dfb-9e289390f1d4.jpg","width":1080,"height":812},{"@type":"BreadcrumbList","@id":"https:\/\/unikal.ac.cd\/index.php\/luniversite-de-kalemie-et-linstitut-russe-alexandre-pouchkin-noue-un-partenariat-gagnant-gagnant\/#breadcrumb","itemListElement":[{"@type":"ListItem","position":1,"name":"Home","item":"https:\/\/unikal.ac.cd\/"},{"@type":"ListItem","position":2,"name":"L&#8217;UNIVERSIT\u00c9 DE KALEMIE ET L&#8217;INSTITUT RUSSE ALEXANDRE POUCHKIN\u00a0 NOUE UN PARTENARIAT GAGNANT-GAGNANT."}]},{"@type":"WebSite","@id":"https:\/\/unikal.ac.cd\/#website","url":"https:\/\/unikal.ac.cd\/","name":"Universit\u00e9 de Kalemie","description":"Lumi\u00e8re du Tanganyika","publisher":{"@id":"https:\/\/unikal.ac.cd\/#organization"},"potentialAction":[{"@type":"SearchAction","target":{"@type":"EntryPoint","urlTemplate":"https:\/\/unikal.ac.cd\/?s={search_term_string}"},"query-input":{"@type":"PropertyValueSpecification","valueRequired":true,"valueName":"search_term_string"}}],"inLanguage":"en-US"},{"@type":"Organization","@id":"https:\/\/unikal.ac.cd\/#organization","name":"Universit\u00e9 de Kalemie","url":"https:\/\/unikal.ac.cd\/","logo":{"@type":"ImageObject","inLanguage":"en-US","@id":"https:\/\/unikal.ac.cd\/#\/schema\/logo\/image\/","url":"https:\/\/unikal.ac.cd\/wp-content\/uploads\/2023\/08\/logo-unikal_013249.png","contentUrl":"https:\/\/unikal.ac.cd\/wp-content\/uploads\/2023\/08\/logo-unikal_013249.png","width":2100,"height":1500,"caption":"Universit\u00e9 de Kalemie"},"image":{"@id":"https:\/\/unikal.ac.cd\/#\/schema\/logo\/image\/"}}]}},"_links":{"self":[{"href":"https:\/\/unikal.ac.cd\/index.php\/wp-json\/wp\/v2\/pages\/567","targetHints":{"allow":["GET"]}}],"collection":[{"href":"https:\/\/unikal.ac.cd\/index.php\/wp-json\/wp\/v2\/pages"}],"about":[{"href":"https:\/\/unikal.ac.cd\/index.php\/wp-json\/wp\/v2\/types\/page"}],"author":[{"embeddable":true,"href":"https:\/\/unikal.ac.cd\/index.php\/wp-json\/wp\/v2\/users\/1"}],"replies":[{"embeddable":true,"href":"https:\/\/unikal.ac.cd\/index.php\/wp-json\/wp\/v2\/comments?post=567"}],"version-history":[{"count":3,"href":"https:\/\/unikal.ac.cd\/index.php\/wp-json\/wp\/v2\/pages\/567\/revisions"}],"predecessor-version":[{"id":572,"href":"https:\/\/unikal.ac.cd\/index.php\/wp-json\/wp\/v2\/pages\/567\/revisions\/572"}],"wp:featuredmedia":[{"embeddable":true,"href":"https:\/\/unikal.ac.cd\/index.php\/wp-json\/wp\/v2\/media\/569"}],"wp:attachment":[{"href":"https:\/\/unikal.ac.cd\/index.php\/wp-json\/wp\/v2\/media?parent=567"}],"curies":[{"name":"wp","href":"https:\/\/api.w.org\/{rel}","templated":true}]}}