{"id":568,"date":"2024-01-15T11:56:50","date_gmt":"2024-01-15T11:56:50","guid":{"rendered":"https:\/\/unikal.ac.cd\/?page_id=568"},"modified":"2024-01-15T12:07:09","modified_gmt":"2024-01-15T12:07:09","slug":"universite-de-kalemie-le-nouveau-systeme-lmd-evolue-sans-ambages-grace-a-la-politique-academique-mise-en-place","status":"publish","type":"page","link":"https:\/\/unikal.ac.cd\/index.php\/universite-de-kalemie-le-nouveau-systeme-lmd-evolue-sans-ambages-grace-a-la-politique-academique-mise-en-place\/","title":{"rendered":"UNIVERSIT\u00c9 DE KALEMIE : LE NOUVEAU SYST\u00c8ME LMD \u00c9VOLUE SANS AMBAGES GR\u00c2CE \u00c0 LA POLITIQUE ACAD\u00c9MIQUE MISE EN PLACE."},"content":{"rendered":"\t\t<div data-elementor-type=\"wp-page\" data-elementor-id=\"568\" class=\"elementor elementor-568\">\n\t\t\t\t\t\t<section class=\"elementor-section elementor-top-section elementor-element elementor-element-02741b9 elementor-section-stretched elementor-section-boxed elementor-section-height-default elementor-section-height-default\" data-id=\"02741b9\" data-element_type=\"section\" data-e-type=\"section\" data-settings=\"{&quot;stretch_section&quot;:&quot;section-stretched&quot;}\">\n\t\t\t\t\t\t<div class=\"elementor-container elementor-column-gap-default\">\n\t\t\t\t\t<div class=\"elementor-column elementor-col-50 elementor-top-column elementor-element elementor-element-c428242\" data-id=\"c428242\" data-element_type=\"column\" data-e-type=\"column\">\n\t\t\t<div class=\"elementor-widget-wrap elementor-element-populated\">\n\t\t\t\t\t\t<div class=\"elementor-element elementor-element-5a0daca elementor-widget elementor-widget-image\" data-id=\"5a0daca\" data-element_type=\"widget\" data-e-type=\"widget\" data-widget_type=\"image.default\">\n\t\t\t\t<div class=\"elementor-widget-container\">\n\t\t\t\t\t\t\t\t\t\t\t\t\t\t\t<img fetchpriority=\"high\" decoding=\"async\" width=\"640\" height=\"640\" src=\"https:\/\/unikal.ac.cd\/wp-content\/uploads\/2024\/01\/IMG_20240112_134822_938-1024x1024.jpg\" class=\"attachment-large size-large wp-image-574\" alt=\"\" srcset=\"https:\/\/unikal.ac.cd\/wp-content\/uploads\/2024\/01\/IMG_20240112_134822_938-1024x1024.jpg 1024w, https:\/\/unikal.ac.cd\/wp-content\/uploads\/2024\/01\/IMG_20240112_134822_938-300x300.jpg 300w, https:\/\/unikal.ac.cd\/wp-content\/uploads\/2024\/01\/IMG_20240112_134822_938-150x150.jpg 150w\" sizes=\"(max-width: 640px) 100vw, 640px\" \/>\t\t\t\t\t\t\t\t\t\t\t\t\t\t\t<\/div>\n\t\t\t\t<\/div>\n\t\t\t\t\t<\/div>\n\t\t<\/div>\n\t\t\t\t<div class=\"elementor-column elementor-col-50 elementor-top-column elementor-element elementor-element-797b95b\" data-id=\"797b95b\" data-element_type=\"column\" data-e-type=\"column\">\n\t\t\t<div class=\"elementor-widget-wrap elementor-element-populated\">\n\t\t\t\t\t\t<div class=\"elementor-element elementor-element-36980da elementor-widget elementor-widget-text-editor\" data-id=\"36980da\" data-element_type=\"widget\" data-e-type=\"widget\" data-widget_type=\"text-editor.default\">\n\t\t\t\t<div class=\"elementor-widget-container\">\n\t\t\t\t\t\t\t\t\t<p>L&#8217;Universit\u00e9 de Kalemie qui compte \u00e0 ce jour huit domaines d&#8217;\u00e9tudes poursuit avec brio le maintien du nouveau syst\u00e8me LICENCE MASTER DOCTORAT gr\u00e2ce \u00e0 la politique acad\u00e9mique mise en place par le Comit\u00e9 de Gestion que dirige le Professeur Ordinaire Victor KALUNGA TSHIKALA.<br \/><br \/>Dans tous les domaines d&#8217;\u00e9tudes, les enseignements ob\u00e9issent au principe du nouveau syst\u00e8me qui met en avant garde la recherche et la pratique. C&#8217;est dans ce cadre que les\u00a0 \u00c9tudiants de troisi\u00e8me baccalaur\u00e9at \u00c9conomie , ceux de deuxi\u00e8me Licence \u00c9conomie et\u00a0 Sciences sociales, Politiques et Administratives ancien syst\u00e8me ont activement particip\u00e9 \u00e0 l&#8217;\u00e9valuation du Cours d&#8217;\u00c9thique et D\u00e9ontologie professionnelle anim\u00e9 par l&#8217;Assistant Mathias MAKOLOVERA, Vice-Doyen de la Facult\u00e9 de Sciences Sociales, Politiques et Administratives de l&#8217;Universit\u00e9 de Kalemie apr\u00e8s avoir \u00e9puis\u00e9 les heures pr\u00e9vues pour l&#8217;enseignement.<\/p>\t\t\t\t\t\t\t\t<\/div>\n\t\t\t\t<\/div>\n\t\t\t\t\t<\/div>\n\t\t<\/div>\n\t\t\t\t\t<\/div>\n\t\t<\/section>\n\t\t\t\t<\/div>\n\t\t","protected":false},"excerpt":{"rendered":"<p>L&#8217;Universit\u00e9 de Kalemie qui compte \u00e0 ce jour huit domaines d&#8217;\u00e9tudes poursuit avec brio le maintien du nouveau syst\u00e8me LICENCE MASTER DOCTORAT gr\u00e2ce \u00e0 la politique acad\u00e9mique mise en place par le Comit\u00e9 de Gestion que dirige le Professeur Ordinaire Victor KALUNGA TSHIKALA. Dans tous les domaines d&#8217;\u00e9tudes, les enseignements ob\u00e9issent au principe du nouveau&hellip;<\/p>\n","protected":false},"author":1,"featured_media":574,"parent":0,"menu_order":0,"comment_status":"closed","ping_status":"closed","template":"elementor_header_footer","meta":{"om_disable_all_campaigns":false,"_monsterinsights_skip_tracking":false,"_monsterinsights_sitenote_active":false,"_monsterinsights_sitenote_note":"","_monsterinsights_sitenote_category":0,"_uf_show_specific_survey":0,"_uf_disable_surveys":false,"footnotes":""},"class_list":["post-568","page","type-page","status-publish","has-post-thumbnail","hentry"],"yoast_head":"<!-- This site is optimized with the Yoast SEO plugin v26.9 - https:\/\/yoast.com\/product\/yoast-seo-wordpress\/ -->\n<title>UNIVERSIT\u00c9 DE KALEMIE : LE NOUVEAU SYST\u00c8ME LMD \u00c9VOLUE SANS AMBAGES GR\u00c2CE \u00c0 LA POLITIQUE ACAD\u00c9MIQUE MISE EN PLACE. - Universit\u00e9 de Kalemie<\/title>\n<meta name=\"robots\" content=\"index, follow, max-snippet:-1, max-image-preview:large, max-video-preview:-1\" \/>\n<link rel=\"canonical\" href=\"https:\/\/unikal.ac.cd\/index.php\/universite-de-kalemie-le-nouveau-systeme-lmd-evolue-sans-ambages-grace-a-la-politique-academique-mise-en-place\/\" \/>\n<meta property=\"og:locale\" content=\"en_US\" \/>\n<meta property=\"og:type\" content=\"article\" \/>\n<meta property=\"og:title\" content=\"UNIVERSIT\u00c9 DE KALEMIE : LE NOUVEAU SYST\u00c8ME LMD \u00c9VOLUE SANS AMBAGES GR\u00c2CE \u00c0 LA POLITIQUE ACAD\u00c9MIQUE MISE EN PLACE. - Universit\u00e9 de Kalemie\" \/>\n<meta property=\"og:description\" content=\"L&#8217;Universit\u00e9 de Kalemie qui compte \u00e0 ce jour huit domaines d&#8217;\u00e9tudes poursuit avec brio le maintien du nouveau syst\u00e8me LICENCE MASTER DOCTORAT gr\u00e2ce \u00e0 la politique acad\u00e9mique mise en place par le Comit\u00e9 de Gestion que dirige le Professeur Ordinaire Victor KALUNGA TSHIKALA. Dans tous les domaines d&#8217;\u00e9tudes, les enseignements ob\u00e9issent au principe du nouveau&hellip;\" \/>\n<meta property=\"og:url\" content=\"https:\/\/unikal.ac.cd\/index.php\/universite-de-kalemie-le-nouveau-systeme-lmd-evolue-sans-ambages-grace-a-la-politique-academique-mise-en-place\/\" \/>\n<meta property=\"og:site_name\" content=\"Universit\u00e9 de Kalemie\" \/>\n<meta property=\"article:modified_time\" content=\"2024-01-15T12:07:09+00:00\" \/>\n<meta property=\"og:image\" content=\"https:\/\/unikal.ac.cd\/wp-content\/uploads\/2024\/01\/IMG_20240112_134822_938.jpg\" \/>\n\t<meta property=\"og:image:width\" content=\"2304\" \/>\n\t<meta property=\"og:image:height\" content=\"1728\" \/>\n\t<meta property=\"og:image:type\" content=\"image\/jpeg\" \/>\n<meta name=\"twitter:card\" content=\"summary_large_image\" \/>\n<meta name=\"twitter:label1\" content=\"Est. reading time\" \/>\n\t<meta name=\"twitter:data1\" content=\"1 minute\" \/>\n<script type=\"application\/ld+json\" class=\"yoast-schema-graph\">{\"@context\":\"https:\/\/schema.org\",\"@graph\":[{\"@type\":\"WebPage\",\"@id\":\"https:\/\/unikal.ac.cd\/index.php\/universite-de-kalemie-le-nouveau-systeme-lmd-evolue-sans-ambages-grace-a-la-politique-academique-mise-en-place\/\",\"url\":\"https:\/\/unikal.ac.cd\/index.php\/universite-de-kalemie-le-nouveau-systeme-lmd-evolue-sans-ambages-grace-a-la-politique-academique-mise-en-place\/\",\"name\":\"UNIVERSIT\u00c9 DE KALEMIE : LE NOUVEAU SYST\u00c8ME LMD \u00c9VOLUE SANS AMBAGES GR\u00c2CE \u00c0 LA POLITIQUE ACAD\u00c9MIQUE MISE EN PLACE. - Universit\u00e9 de Kalemie\",\"isPartOf\":{\"@id\":\"https:\/\/unikal.ac.cd\/#website\"},\"primaryImageOfPage\":{\"@id\":\"https:\/\/unikal.ac.cd\/index.php\/universite-de-kalemie-le-nouveau-systeme-lmd-evolue-sans-ambages-grace-a-la-politique-academique-mise-en-place\/#primaryimage\"},\"image\":{\"@id\":\"https:\/\/unikal.ac.cd\/index.php\/universite-de-kalemie-le-nouveau-systeme-lmd-evolue-sans-ambages-grace-a-la-politique-academique-mise-en-place\/#primaryimage\"},\"thumbnailUrl\":\"https:\/\/unikal.ac.cd\/wp-content\/uploads\/2024\/01\/IMG_20240112_134822_938.jpg\",\"datePublished\":\"2024-01-15T11:56:50+00:00\",\"dateModified\":\"2024-01-15T12:07:09+00:00\",\"breadcrumb\":{\"@id\":\"https:\/\/unikal.ac.cd\/index.php\/universite-de-kalemie-le-nouveau-systeme-lmd-evolue-sans-ambages-grace-a-la-politique-academique-mise-en-place\/#breadcrumb\"},\"inLanguage\":\"en-US\",\"potentialAction\":[{\"@type\":\"ReadAction\",\"target\":[\"https:\/\/unikal.ac.cd\/index.php\/universite-de-kalemie-le-nouveau-systeme-lmd-evolue-sans-ambages-grace-a-la-politique-academique-mise-en-place\/\"]}]},{\"@type\":\"ImageObject\",\"inLanguage\":\"en-US\",\"@id\":\"https:\/\/unikal.ac.cd\/index.php\/universite-de-kalemie-le-nouveau-systeme-lmd-evolue-sans-ambages-grace-a-la-politique-academique-mise-en-place\/#primaryimage\",\"url\":\"https:\/\/unikal.ac.cd\/wp-content\/uploads\/2024\/01\/IMG_20240112_134822_938.jpg\",\"contentUrl\":\"https:\/\/unikal.ac.cd\/wp-content\/uploads\/2024\/01\/IMG_20240112_134822_938.jpg\",\"width\":2304,\"height\":1728},{\"@type\":\"BreadcrumbList\",\"@id\":\"https:\/\/unikal.ac.cd\/index.php\/universite-de-kalemie-le-nouveau-systeme-lmd-evolue-sans-ambages-grace-a-la-politique-academique-mise-en-place\/#breadcrumb\",\"itemListElement\":[{\"@type\":\"ListItem\",\"position\":1,\"name\":\"Home\",\"item\":\"https:\/\/unikal.ac.cd\/\"},{\"@type\":\"ListItem\",\"position\":2,\"name\":\"UNIVERSIT\u00c9 DE KALEMIE : LE NOUVEAU SYST\u00c8ME LMD \u00c9VOLUE SANS AMBAGES GR\u00c2CE \u00c0 LA POLITIQUE ACAD\u00c9MIQUE MISE EN PLACE.\"}]},{\"@type\":\"WebSite\",\"@id\":\"https:\/\/unikal.ac.cd\/#website\",\"url\":\"https:\/\/unikal.ac.cd\/\",\"name\":\"Universit\u00e9 de Kalemie\",\"description\":\"Lumi\u00e8re du Tanganyika\",\"publisher\":{\"@id\":\"https:\/\/unikal.ac.cd\/#organization\"},\"potentialAction\":[{\"@type\":\"SearchAction\",\"target\":{\"@type\":\"EntryPoint\",\"urlTemplate\":\"https:\/\/unikal.ac.cd\/?s={search_term_string}\"},\"query-input\":{\"@type\":\"PropertyValueSpecification\",\"valueRequired\":true,\"valueName\":\"search_term_string\"}}],\"inLanguage\":\"en-US\"},{\"@type\":\"Organization\",\"@id\":\"https:\/\/unikal.ac.cd\/#organization\",\"name\":\"Universit\u00e9 de Kalemie\",\"url\":\"https:\/\/unikal.ac.cd\/\",\"logo\":{\"@type\":\"ImageObject\",\"inLanguage\":\"en-US\",\"@id\":\"https:\/\/unikal.ac.cd\/#\/schema\/logo\/image\/\",\"url\":\"https:\/\/unikal.ac.cd\/wp-content\/uploads\/2023\/08\/logo-unikal_013249.png\",\"contentUrl\":\"https:\/\/unikal.ac.cd\/wp-content\/uploads\/2023\/08\/logo-unikal_013249.png\",\"width\":2100,\"height\":1500,\"caption\":\"Universit\u00e9 de Kalemie\"},\"image\":{\"@id\":\"https:\/\/unikal.ac.cd\/#\/schema\/logo\/image\/\"}}]}<\/script>\n<!-- \/ Yoast SEO plugin. -->","yoast_head_json":{"title":"UNIVERSIT\u00c9 DE KALEMIE : LE NOUVEAU SYST\u00c8ME LMD \u00c9VOLUE SANS AMBAGES GR\u00c2CE \u00c0 LA POLITIQUE ACAD\u00c9MIQUE MISE EN PLACE. - Universit\u00e9 de Kalemie","robots":{"index":"index","follow":"follow","max-snippet":"max-snippet:-1","max-image-preview":"max-image-preview:large","max-video-preview":"max-video-preview:-1"},"canonical":"https:\/\/unikal.ac.cd\/index.php\/universite-de-kalemie-le-nouveau-systeme-lmd-evolue-sans-ambages-grace-a-la-politique-academique-mise-en-place\/","og_locale":"en_US","og_type":"article","og_title":"UNIVERSIT\u00c9 DE KALEMIE : LE NOUVEAU SYST\u00c8ME LMD \u00c9VOLUE SANS AMBAGES GR\u00c2CE \u00c0 LA POLITIQUE ACAD\u00c9MIQUE MISE EN PLACE. - Universit\u00e9 de Kalemie","og_description":"L&#8217;Universit\u00e9 de Kalemie qui compte \u00e0 ce jour huit domaines d&#8217;\u00e9tudes poursuit avec brio le maintien du nouveau syst\u00e8me LICENCE MASTER DOCTORAT gr\u00e2ce \u00e0 la politique acad\u00e9mique mise en place par le Comit\u00e9 de Gestion que dirige le Professeur Ordinaire Victor KALUNGA TSHIKALA. Dans tous les domaines d&#8217;\u00e9tudes, les enseignements ob\u00e9issent au principe du nouveau&hellip;","og_url":"https:\/\/unikal.ac.cd\/index.php\/universite-de-kalemie-le-nouveau-systeme-lmd-evolue-sans-ambages-grace-a-la-politique-academique-mise-en-place\/","og_site_name":"Universit\u00e9 de Kalemie","article_modified_time":"2024-01-15T12:07:09+00:00","og_image":[{"width":2304,"height":1728,"url":"https:\/\/unikal.ac.cd\/wp-content\/uploads\/2024\/01\/IMG_20240112_134822_938.jpg","type":"image\/jpeg"}],"twitter_card":"summary_large_image","twitter_misc":{"Est. reading time":"1 minute"},"schema":{"@context":"https:\/\/schema.org","@graph":[{"@type":"WebPage","@id":"https:\/\/unikal.ac.cd\/index.php\/universite-de-kalemie-le-nouveau-systeme-lmd-evolue-sans-ambages-grace-a-la-politique-academique-mise-en-place\/","url":"https:\/\/unikal.ac.cd\/index.php\/universite-de-kalemie-le-nouveau-systeme-lmd-evolue-sans-ambages-grace-a-la-politique-academique-mise-en-place\/","name":"UNIVERSIT\u00c9 DE KALEMIE : LE NOUVEAU SYST\u00c8ME LMD \u00c9VOLUE SANS AMBAGES GR\u00c2CE \u00c0 LA POLITIQUE ACAD\u00c9MIQUE MISE EN PLACE. - Universit\u00e9 de Kalemie","isPartOf":{"@id":"https:\/\/unikal.ac.cd\/#website"},"primaryImageOfPage":{"@id":"https:\/\/unikal.ac.cd\/index.php\/universite-de-kalemie-le-nouveau-systeme-lmd-evolue-sans-ambages-grace-a-la-politique-academique-mise-en-place\/#primaryimage"},"image":{"@id":"https:\/\/unikal.ac.cd\/index.php\/universite-de-kalemie-le-nouveau-systeme-lmd-evolue-sans-ambages-grace-a-la-politique-academique-mise-en-place\/#primaryimage"},"thumbnailUrl":"https:\/\/unikal.ac.cd\/wp-content\/uploads\/2024\/01\/IMG_20240112_134822_938.jpg","datePublished":"2024-01-15T11:56:50+00:00","dateModified":"2024-01-15T12:07:09+00:00","breadcrumb":{"@id":"https:\/\/unikal.ac.cd\/index.php\/universite-de-kalemie-le-nouveau-systeme-lmd-evolue-sans-ambages-grace-a-la-politique-academique-mise-en-place\/#breadcrumb"},"inLanguage":"en-US","potentialAction":[{"@type":"ReadAction","target":["https:\/\/unikal.ac.cd\/index.php\/universite-de-kalemie-le-nouveau-systeme-lmd-evolue-sans-ambages-grace-a-la-politique-academique-mise-en-place\/"]}]},{"@type":"ImageObject","inLanguage":"en-US","@id":"https:\/\/unikal.ac.cd\/index.php\/universite-de-kalemie-le-nouveau-systeme-lmd-evolue-sans-ambages-grace-a-la-politique-academique-mise-en-place\/#primaryimage","url":"https:\/\/unikal.ac.cd\/wp-content\/uploads\/2024\/01\/IMG_20240112_134822_938.jpg","contentUrl":"https:\/\/unikal.ac.cd\/wp-content\/uploads\/2024\/01\/IMG_20240112_134822_938.jpg","width":2304,"height":1728},{"@type":"BreadcrumbList","@id":"https:\/\/unikal.ac.cd\/index.php\/universite-de-kalemie-le-nouveau-systeme-lmd-evolue-sans-ambages-grace-a-la-politique-academique-mise-en-place\/#breadcrumb","itemListElement":[{"@type":"ListItem","position":1,"name":"Home","item":"https:\/\/unikal.ac.cd\/"},{"@type":"ListItem","position":2,"name":"UNIVERSIT\u00c9 DE KALEMIE : LE NOUVEAU SYST\u00c8ME LMD \u00c9VOLUE SANS AMBAGES GR\u00c2CE \u00c0 LA POLITIQUE ACAD\u00c9MIQUE MISE EN PLACE."}]},{"@type":"WebSite","@id":"https:\/\/unikal.ac.cd\/#website","url":"https:\/\/unikal.ac.cd\/","name":"Universit\u00e9 de Kalemie","description":"Lumi\u00e8re du Tanganyika","publisher":{"@id":"https:\/\/unikal.ac.cd\/#organization"},"potentialAction":[{"@type":"SearchAction","target":{"@type":"EntryPoint","urlTemplate":"https:\/\/unikal.ac.cd\/?s={search_term_string}"},"query-input":{"@type":"PropertyValueSpecification","valueRequired":true,"valueName":"search_term_string"}}],"inLanguage":"en-US"},{"@type":"Organization","@id":"https:\/\/unikal.ac.cd\/#organization","name":"Universit\u00e9 de Kalemie","url":"https:\/\/unikal.ac.cd\/","logo":{"@type":"ImageObject","inLanguage":"en-US","@id":"https:\/\/unikal.ac.cd\/#\/schema\/logo\/image\/","url":"https:\/\/unikal.ac.cd\/wp-content\/uploads\/2023\/08\/logo-unikal_013249.png","contentUrl":"https:\/\/unikal.ac.cd\/wp-content\/uploads\/2023\/08\/logo-unikal_013249.png","width":2100,"height":1500,"caption":"Universit\u00e9 de Kalemie"},"image":{"@id":"https:\/\/unikal.ac.cd\/#\/schema\/logo\/image\/"}}]}},"_links":{"self":[{"href":"https:\/\/unikal.ac.cd\/index.php\/wp-json\/wp\/v2\/pages\/568","targetHints":{"allow":["GET"]}}],"collection":[{"href":"https:\/\/unikal.ac.cd\/index.php\/wp-json\/wp\/v2\/pages"}],"about":[{"href":"https:\/\/unikal.ac.cd\/index.php\/wp-json\/wp\/v2\/types\/page"}],"author":[{"embeddable":true,"href":"https:\/\/unikal.ac.cd\/index.php\/wp-json\/wp\/v2\/users\/1"}],"replies":[{"embeddable":true,"href":"https:\/\/unikal.ac.cd\/index.php\/wp-json\/wp\/v2\/comments?post=568"}],"version-history":[{"count":4,"href":"https:\/\/unikal.ac.cd\/index.php\/wp-json\/wp\/v2\/pages\/568\/revisions"}],"predecessor-version":[{"id":577,"href":"https:\/\/unikal.ac.cd\/index.php\/wp-json\/wp\/v2\/pages\/568\/revisions\/577"}],"wp:featuredmedia":[{"embeddable":true,"href":"https:\/\/unikal.ac.cd\/index.php\/wp-json\/wp\/v2\/media\/574"}],"wp:attachment":[{"href":"https:\/\/unikal.ac.cd\/index.php\/wp-json\/wp\/v2\/media?parent=568"}],"curies":[{"name":"wp","href":"https:\/\/api.w.org\/{rel}","templated":true}]}}