{"id":597,"date":"2024-01-18T16:34:39","date_gmt":"2024-01-18T16:34:39","guid":{"rendered":"https:\/\/unikal.ac.cd\/?page_id=597"},"modified":"2024-01-18T16:49:11","modified_gmt":"2024-01-18T16:49:11","slug":"luniversite-de-kalemie-repense-les-memoires-des-heros-nationaux-patrice-emery-lumumba-et-mzee-laurent-desire-kabila-sous-une-conference-debat","status":"publish","type":"page","link":"https:\/\/unikal.ac.cd\/index.php\/luniversite-de-kalemie-repense-les-memoires-des-heros-nationaux-patrice-emery-lumumba-et-mzee-laurent-desire-kabila-sous-une-conference-debat\/","title":{"rendered":"L&#8217;UNIVERSIT\u00c9 DE KALEMIE REPENSE LES M\u00c9MOIRES DES H\u00c9ROS NATIONAUX PATRICE EMERY LUMUMBA ET MZ\u00c9E LAURENT D\u00c9SIR\u00c9 KABILA SOUS UNE CONF\u00c9RENCE &#8211; D\u00c9BAT&#8230;"},"content":{"rendered":"\t\t<div data-elementor-type=\"wp-page\" data-elementor-id=\"597\" class=\"elementor elementor-597\">\n\t\t\t\t\t\t<section class=\"elementor-section elementor-top-section elementor-element elementor-element-199823a elementor-section-stretched elementor-section-boxed elementor-section-height-default elementor-section-height-default\" data-id=\"199823a\" data-element_type=\"section\" data-e-type=\"section\" data-settings=\"{&quot;stretch_section&quot;:&quot;section-stretched&quot;}\">\n\t\t\t\t\t\t<div class=\"elementor-container elementor-column-gap-default\">\n\t\t\t\t\t<div class=\"elementor-column elementor-col-50 elementor-top-column elementor-element elementor-element-f62e7d8\" data-id=\"f62e7d8\" data-element_type=\"column\" data-e-type=\"column\">\n\t\t\t<div class=\"elementor-widget-wrap elementor-element-populated\">\n\t\t\t\t\t\t<div class=\"elementor-element elementor-element-250c4ed elementor-widget elementor-widget-heading\" data-id=\"250c4ed\" data-element_type=\"widget\" data-e-type=\"widget\" data-widget_type=\"heading.default\">\n\t\t\t\t<div class=\"elementor-widget-container\">\n\t\t\t\t\t<h2 class=\"elementor-heading-title elementor-size-default\">L'UNIVERSIT\u00c9 DE KALEMIE REPENSE LES M\u00c9MOIRES DES H\u00c9ROS NATIONAUX PATRICE EMERY LUMUMBA ET MZ\u00c9E LAURENT D\u00c9SIR\u00c9 KABILA SOUS UNE CONF\u00c9RENCE - D\u00c9BAT...<\/h2>\t\t\t\t<\/div>\n\t\t\t\t<\/div>\n\t\t\t\t<div class=\"elementor-element elementor-element-b9c4fef elementor-widget elementor-widget-text-editor\" data-id=\"b9c4fef\" data-element_type=\"widget\" data-e-type=\"widget\" data-widget_type=\"text-editor.default\">\n\t\t\t\t<div class=\"elementor-widget-container\">\n\t\t\t\t\t\t\t\t\t<p>L&#8217;universit\u00e9, seule adresse o\u00f9 la qu\u00eate du savoir reste son cheval de bataille, continue \u00e0 redonner de la valeur aux id\u00e9aux des Leaders de diff\u00e9rents courants politiques de part le monde.&nbsp;<span style=\"font-family: var( --e-global-typography-text-font-family ), Sans-serif; font-weight: var( --e-global-typography-text-font-weight );\">C&#8217;est \u00e0 ce titre que l&#8217;Universit\u00e9 de Kalemie en ces deux jours soit le 16 et 17 janvier consacr\u00e9s aux h\u00e9ros nationaux PATRICE EMERY LUMUMBA ET MZ\u00c9E LAURENT D\u00c9SIR\u00c9 KABILA&nbsp;<\/span><span style=\"font-family: var( --e-global-typography-text-font-family ), Sans-serif; font-weight: var( --e-global-typography-text-font-weight );\">sous&nbsp; le lead du Professeur Ordinaire Victor KALUNGA TSHIKALA, Recteur de se cette derni\u00e8re, repr\u00e9sent\u00e9 par le Secretaire G\u00e9n\u00e9ral Acad\u00e9mique,le Chef de travaux ISENGOMA KIPIMO Emmanuel a via la Facult\u00e9 des Sciences Sociales, Politiques et Administratives&nbsp; organis\u00e9 ce mercredi 17 Janvier 2024 , une conf\u00e9rence-d\u00e9bat sous le th\u00e8me *&#8221;Le\u00e7ons \u00e0 tirer des combats politiques de Patrice Emery Lumumba et de Mzee Laurent D\u00e9sir\u00e9 Kabila&#8221;*<\/span><\/p>\t\t\t\t\t\t\t\t<\/div>\n\t\t\t\t<\/div>\n\t\t\t\t\t<\/div>\n\t\t<\/div>\n\t\t\t\t<div class=\"elementor-column elementor-col-50 elementor-top-column elementor-element elementor-element-4ba531e\" data-id=\"4ba531e\" data-element_type=\"column\" data-e-type=\"column\">\n\t\t\t<div class=\"elementor-widget-wrap elementor-element-populated\">\n\t\t\t\t\t\t<div class=\"elementor-element elementor-element-02cbc15 elementor-widget elementor-widget-image\" data-id=\"02cbc15\" data-element_type=\"widget\" data-e-type=\"widget\" data-widget_type=\"image.default\">\n\t\t\t\t<div class=\"elementor-widget-container\">\n\t\t\t\t\t\t\t\t\t\t\t\t\t\t\t<img fetchpriority=\"high\" decoding=\"async\" width=\"640\" height=\"360\" src=\"https:\/\/unikal.ac.cd\/wp-content\/uploads\/2024\/01\/0f07ef26-39d2-4ffb-a850-52676720766e.jpg\" class=\"attachment-large size-large wp-image-601\" alt=\"\" srcset=\"https:\/\/unikal.ac.cd\/wp-content\/uploads\/2024\/01\/0f07ef26-39d2-4ffb-a850-52676720766e.jpg 960w, https:\/\/unikal.ac.cd\/wp-content\/uploads\/2024\/01\/0f07ef26-39d2-4ffb-a850-52676720766e-768x432.jpg 768w\" sizes=\"(max-width: 640px) 100vw, 640px\" \/>\t\t\t\t\t\t\t\t\t\t\t\t\t\t\t<\/div>\n\t\t\t\t<\/div>\n\t\t\t\t\t<\/div>\n\t\t<\/div>\n\t\t\t\t\t<\/div>\n\t\t<\/section>\n\t\t\t\t<section class=\"elementor-section elementor-top-section elementor-element elementor-element-4a7647c elementor-section-stretched elementor-section-boxed elementor-section-height-default elementor-section-height-default\" data-id=\"4a7647c\" data-element_type=\"section\" data-e-type=\"section\" data-settings=\"{&quot;stretch_section&quot;:&quot;section-stretched&quot;}\">\n\t\t\t\t\t\t<div class=\"elementor-container elementor-column-gap-default\">\n\t\t\t\t\t<div class=\"elementor-column elementor-col-50 elementor-top-column elementor-element elementor-element-cb2c2d9\" data-id=\"cb2c2d9\" data-element_type=\"column\" data-e-type=\"column\">\n\t\t\t<div class=\"elementor-widget-wrap elementor-element-populated\">\n\t\t\t\t\t\t<div class=\"elementor-element elementor-element-535a606 elementor-widget elementor-widget-image\" data-id=\"535a606\" data-element_type=\"widget\" data-e-type=\"widget\" data-widget_type=\"image.default\">\n\t\t\t\t<div class=\"elementor-widget-container\">\n\t\t\t\t\t\t\t\t\t\t\t\t\t\t\t<img decoding=\"async\" width=\"640\" height=\"360\" src=\"https:\/\/unikal.ac.cd\/wp-content\/uploads\/2024\/01\/bcb38f48-bb44-45fd-97d7-b28020436225.jpg\" class=\"attachment-large size-large wp-image-599\" alt=\"\" srcset=\"https:\/\/unikal.ac.cd\/wp-content\/uploads\/2024\/01\/bcb38f48-bb44-45fd-97d7-b28020436225.jpg 960w, https:\/\/unikal.ac.cd\/wp-content\/uploads\/2024\/01\/bcb38f48-bb44-45fd-97d7-b28020436225-768x432.jpg 768w\" sizes=\"(max-width: 640px) 100vw, 640px\" \/>\t\t\t\t\t\t\t\t\t\t\t\t\t\t\t<\/div>\n\t\t\t\t<\/div>\n\t\t\t\t\t<\/div>\n\t\t<\/div>\n\t\t\t\t<div class=\"elementor-column elementor-col-50 elementor-top-column elementor-element elementor-element-9658d3b\" data-id=\"9658d3b\" data-element_type=\"column\" data-e-type=\"column\">\n\t\t\t<div class=\"elementor-widget-wrap elementor-element-populated\">\n\t\t\t\t\t\t<div class=\"elementor-element elementor-element-f909f82 elementor-widget elementor-widget-text-editor\" data-id=\"f909f82\" data-element_type=\"widget\" data-e-type=\"widget\" data-widget_type=\"text-editor.default\">\n\t\t\t\t<div class=\"elementor-widget-container\">\n\t\t\t\t\t\t\t\t\t<p>La somptueuse salle 13 du b\u00e2timent Professeur Alexandrine KISIMBA KYA NGOY remplie jusqu&#8217;\u00e0 refouler, a servi de cadre. Facilit\u00e9 par le Chef de travaux Ghislain MUGALU BENDERA et l&#8217;Assistant Mathias MAKOLOVERA, des th\u00e9matiques importantes ont \u00e9t\u00e9 d\u00e9velopp\u00e9es, telles que : &#8220;Patrice Emery Lumumba, un combat politique \u00e0 m\u00e9diter ou \u00e0 imiter 63 ans apr\u00e8s ?&#8221; ,<br \/>*&#8221; Politiques \u00e9trang\u00e8res de Patrice Emery Lumumba et de Mzee Laurent D\u00e9sir\u00e9 Kabila, acquis et perspectives&#8221;*\u00a0C&#8217;\u00e9tait un instant crucial pour les \u00e9tudiants des fili\u00e8res confondues d&#8217;interagir avec les orateurs du jour et comprendre la provenance et la destination de la souverainet\u00e9 Rdcongolaise.\u00a0De ces chocs d&#8217;id\u00e9es, jaillit une conclusion transversale selon laquelle &#8220;le nationalisme&#8221; comme cause principale de l&#8217;assassinat de nos deux dignitaires d&#8217;heureuses m\u00e9moire.\u00a0Ainsi , un appel aux congolais a \u00e9t\u00e9 lanc\u00e9 pour m\u00e9diter et \u00e0 imiter pour les deux \u00e9toiles afin de construire un Congo nouveau, fort et prosp\u00e8re.<\/p>\t\t\t\t\t\t\t\t<\/div>\n\t\t\t\t<\/div>\n\t\t\t\t\t<\/div>\n\t\t<\/div>\n\t\t\t\t\t<\/div>\n\t\t<\/section>\n\t\t\t\t<\/div>\n\t\t","protected":false},"excerpt":{"rendered":"<p>L&#8217;UNIVERSIT\u00c9 DE KALEMIE REPENSE LES M\u00c9MOIRES DES H\u00c9ROS NATIONAUX PATRICE EMERY LUMUMBA ET MZ\u00c9E LAURENT D\u00c9SIR\u00c9 KABILA SOUS UNE CONF\u00c9RENCE &#8211; D\u00c9BAT&#8230; L&#8217;universit\u00e9, seule adresse o\u00f9 la qu\u00eate du savoir reste son cheval de bataille, continue \u00e0 redonner de la valeur aux id\u00e9aux des Leaders de diff\u00e9rents courants politiques de part le monde.&nbsp;C&#8217;est \u00e0 ce&hellip;<\/p>\n","protected":false},"author":1,"featured_media":601,"parent":0,"menu_order":0,"comment_status":"closed","ping_status":"closed","template":"elementor_header_footer","meta":{"om_disable_all_campaigns":false,"_monsterinsights_skip_tracking":false,"_monsterinsights_sitenote_active":false,"_monsterinsights_sitenote_note":"","_monsterinsights_sitenote_category":0,"_uf_show_specific_survey":0,"_uf_disable_surveys":false,"footnotes":""},"class_list":["post-597","page","type-page","status-publish","has-post-thumbnail","hentry"],"yoast_head":"<!-- This site is optimized with the Yoast SEO plugin v26.9 - https:\/\/yoast.com\/product\/yoast-seo-wordpress\/ -->\n<title>L&#039;UNIVERSIT\u00c9 DE KALEMIE REPENSE LES M\u00c9MOIRES DES H\u00c9ROS NATIONAUX PATRICE EMERY LUMUMBA ET MZ\u00c9E LAURENT D\u00c9SIR\u00c9 KABILA SOUS UNE CONF\u00c9RENCE - D\u00c9BAT... - Universit\u00e9 de Kalemie<\/title>\n<meta name=\"robots\" content=\"index, follow, max-snippet:-1, max-image-preview:large, max-video-preview:-1\" \/>\n<link rel=\"canonical\" href=\"https:\/\/unikal.ac.cd\/index.php\/luniversite-de-kalemie-repense-les-memoires-des-heros-nationaux-patrice-emery-lumumba-et-mzee-laurent-desire-kabila-sous-une-conference-debat\/\" \/>\n<meta property=\"og:locale\" content=\"en_US\" \/>\n<meta property=\"og:type\" content=\"article\" \/>\n<meta property=\"og:title\" content=\"L&#039;UNIVERSIT\u00c9 DE KALEMIE REPENSE LES M\u00c9MOIRES DES H\u00c9ROS NATIONAUX PATRICE EMERY LUMUMBA ET MZ\u00c9E LAURENT D\u00c9SIR\u00c9 KABILA SOUS UNE CONF\u00c9RENCE - D\u00c9BAT... - Universit\u00e9 de Kalemie\" \/>\n<meta property=\"og:description\" content=\"L&#8217;UNIVERSIT\u00c9 DE KALEMIE REPENSE LES M\u00c9MOIRES DES H\u00c9ROS NATIONAUX PATRICE EMERY LUMUMBA ET MZ\u00c9E LAURENT D\u00c9SIR\u00c9 KABILA SOUS UNE CONF\u00c9RENCE &#8211; D\u00c9BAT&#8230; L&#8217;universit\u00e9, seule adresse o\u00f9 la qu\u00eate du savoir reste son cheval de bataille, continue \u00e0 redonner de la valeur aux id\u00e9aux des Leaders de diff\u00e9rents courants politiques de part le monde.&nbsp;C&#8217;est \u00e0 ce&hellip;\" \/>\n<meta property=\"og:url\" content=\"https:\/\/unikal.ac.cd\/index.php\/luniversite-de-kalemie-repense-les-memoires-des-heros-nationaux-patrice-emery-lumumba-et-mzee-laurent-desire-kabila-sous-une-conference-debat\/\" \/>\n<meta property=\"og:site_name\" content=\"Universit\u00e9 de Kalemie\" \/>\n<meta property=\"article:modified_time\" content=\"2024-01-18T16:49:11+00:00\" \/>\n<meta property=\"og:image\" content=\"https:\/\/unikal.ac.cd\/wp-content\/uploads\/2024\/01\/0f07ef26-39d2-4ffb-a850-52676720766e.jpg\" \/>\n\t<meta property=\"og:image:width\" content=\"960\" \/>\n\t<meta property=\"og:image:height\" content=\"540\" \/>\n\t<meta property=\"og:image:type\" content=\"image\/jpeg\" \/>\n<meta name=\"twitter:card\" content=\"summary_large_image\" \/>\n<meta name=\"twitter:label1\" content=\"Est. reading time\" \/>\n\t<meta name=\"twitter:data1\" content=\"2 minutes\" \/>\n<script type=\"application\/ld+json\" class=\"yoast-schema-graph\">{\"@context\":\"https:\/\/schema.org\",\"@graph\":[{\"@type\":\"WebPage\",\"@id\":\"https:\/\/unikal.ac.cd\/index.php\/luniversite-de-kalemie-repense-les-memoires-des-heros-nationaux-patrice-emery-lumumba-et-mzee-laurent-desire-kabila-sous-une-conference-debat\/\",\"url\":\"https:\/\/unikal.ac.cd\/index.php\/luniversite-de-kalemie-repense-les-memoires-des-heros-nationaux-patrice-emery-lumumba-et-mzee-laurent-desire-kabila-sous-une-conference-debat\/\",\"name\":\"L'UNIVERSIT\u00c9 DE KALEMIE REPENSE LES M\u00c9MOIRES DES H\u00c9ROS NATIONAUX PATRICE EMERY LUMUMBA ET MZ\u00c9E LAURENT D\u00c9SIR\u00c9 KABILA SOUS UNE CONF\u00c9RENCE - D\u00c9BAT... - Universit\u00e9 de Kalemie\",\"isPartOf\":{\"@id\":\"https:\/\/unikal.ac.cd\/#website\"},\"primaryImageOfPage\":{\"@id\":\"https:\/\/unikal.ac.cd\/index.php\/luniversite-de-kalemie-repense-les-memoires-des-heros-nationaux-patrice-emery-lumumba-et-mzee-laurent-desire-kabila-sous-une-conference-debat\/#primaryimage\"},\"image\":{\"@id\":\"https:\/\/unikal.ac.cd\/index.php\/luniversite-de-kalemie-repense-les-memoires-des-heros-nationaux-patrice-emery-lumumba-et-mzee-laurent-desire-kabila-sous-une-conference-debat\/#primaryimage\"},\"thumbnailUrl\":\"https:\/\/unikal.ac.cd\/wp-content\/uploads\/2024\/01\/0f07ef26-39d2-4ffb-a850-52676720766e.jpg\",\"datePublished\":\"2024-01-18T16:34:39+00:00\",\"dateModified\":\"2024-01-18T16:49:11+00:00\",\"breadcrumb\":{\"@id\":\"https:\/\/unikal.ac.cd\/index.php\/luniversite-de-kalemie-repense-les-memoires-des-heros-nationaux-patrice-emery-lumumba-et-mzee-laurent-desire-kabila-sous-une-conference-debat\/#breadcrumb\"},\"inLanguage\":\"en-US\",\"potentialAction\":[{\"@type\":\"ReadAction\",\"target\":[\"https:\/\/unikal.ac.cd\/index.php\/luniversite-de-kalemie-repense-les-memoires-des-heros-nationaux-patrice-emery-lumumba-et-mzee-laurent-desire-kabila-sous-une-conference-debat\/\"]}]},{\"@type\":\"ImageObject\",\"inLanguage\":\"en-US\",\"@id\":\"https:\/\/unikal.ac.cd\/index.php\/luniversite-de-kalemie-repense-les-memoires-des-heros-nationaux-patrice-emery-lumumba-et-mzee-laurent-desire-kabila-sous-une-conference-debat\/#primaryimage\",\"url\":\"https:\/\/unikal.ac.cd\/wp-content\/uploads\/2024\/01\/0f07ef26-39d2-4ffb-a850-52676720766e.jpg\",\"contentUrl\":\"https:\/\/unikal.ac.cd\/wp-content\/uploads\/2024\/01\/0f07ef26-39d2-4ffb-a850-52676720766e.jpg\",\"width\":960,\"height\":540},{\"@type\":\"BreadcrumbList\",\"@id\":\"https:\/\/unikal.ac.cd\/index.php\/luniversite-de-kalemie-repense-les-memoires-des-heros-nationaux-patrice-emery-lumumba-et-mzee-laurent-desire-kabila-sous-une-conference-debat\/#breadcrumb\",\"itemListElement\":[{\"@type\":\"ListItem\",\"position\":1,\"name\":\"Home\",\"item\":\"https:\/\/unikal.ac.cd\/\"},{\"@type\":\"ListItem\",\"position\":2,\"name\":\"L&#8217;UNIVERSIT\u00c9 DE KALEMIE REPENSE LES M\u00c9MOIRES DES H\u00c9ROS NATIONAUX PATRICE EMERY LUMUMBA ET MZ\u00c9E LAURENT D\u00c9SIR\u00c9 KABILA SOUS UNE CONF\u00c9RENCE &#8211; D\u00c9BAT&#8230;\"}]},{\"@type\":\"WebSite\",\"@id\":\"https:\/\/unikal.ac.cd\/#website\",\"url\":\"https:\/\/unikal.ac.cd\/\",\"name\":\"Universit\u00e9 de Kalemie\",\"description\":\"Lumi\u00e8re du Tanganyika\",\"publisher\":{\"@id\":\"https:\/\/unikal.ac.cd\/#organization\"},\"potentialAction\":[{\"@type\":\"SearchAction\",\"target\":{\"@type\":\"EntryPoint\",\"urlTemplate\":\"https:\/\/unikal.ac.cd\/?s={search_term_string}\"},\"query-input\":{\"@type\":\"PropertyValueSpecification\",\"valueRequired\":true,\"valueName\":\"search_term_string\"}}],\"inLanguage\":\"en-US\"},{\"@type\":\"Organization\",\"@id\":\"https:\/\/unikal.ac.cd\/#organization\",\"name\":\"Universit\u00e9 de Kalemie\",\"url\":\"https:\/\/unikal.ac.cd\/\",\"logo\":{\"@type\":\"ImageObject\",\"inLanguage\":\"en-US\",\"@id\":\"https:\/\/unikal.ac.cd\/#\/schema\/logo\/image\/\",\"url\":\"https:\/\/unikal.ac.cd\/wp-content\/uploads\/2023\/08\/logo-unikal_013249.png\",\"contentUrl\":\"https:\/\/unikal.ac.cd\/wp-content\/uploads\/2023\/08\/logo-unikal_013249.png\",\"width\":2100,\"height\":1500,\"caption\":\"Universit\u00e9 de Kalemie\"},\"image\":{\"@id\":\"https:\/\/unikal.ac.cd\/#\/schema\/logo\/image\/\"}}]}<\/script>\n<!-- \/ Yoast SEO plugin. -->","yoast_head_json":{"title":"L'UNIVERSIT\u00c9 DE KALEMIE REPENSE LES M\u00c9MOIRES DES H\u00c9ROS NATIONAUX PATRICE EMERY LUMUMBA ET MZ\u00c9E LAURENT D\u00c9SIR\u00c9 KABILA SOUS UNE CONF\u00c9RENCE - D\u00c9BAT... - Universit\u00e9 de Kalemie","robots":{"index":"index","follow":"follow","max-snippet":"max-snippet:-1","max-image-preview":"max-image-preview:large","max-video-preview":"max-video-preview:-1"},"canonical":"https:\/\/unikal.ac.cd\/index.php\/luniversite-de-kalemie-repense-les-memoires-des-heros-nationaux-patrice-emery-lumumba-et-mzee-laurent-desire-kabila-sous-une-conference-debat\/","og_locale":"en_US","og_type":"article","og_title":"L'UNIVERSIT\u00c9 DE KALEMIE REPENSE LES M\u00c9MOIRES DES H\u00c9ROS NATIONAUX PATRICE EMERY LUMUMBA ET MZ\u00c9E LAURENT D\u00c9SIR\u00c9 KABILA SOUS UNE CONF\u00c9RENCE - D\u00c9BAT... - Universit\u00e9 de Kalemie","og_description":"L&#8217;UNIVERSIT\u00c9 DE KALEMIE REPENSE LES M\u00c9MOIRES DES H\u00c9ROS NATIONAUX PATRICE EMERY LUMUMBA ET MZ\u00c9E LAURENT D\u00c9SIR\u00c9 KABILA SOUS UNE CONF\u00c9RENCE &#8211; D\u00c9BAT&#8230; L&#8217;universit\u00e9, seule adresse o\u00f9 la qu\u00eate du savoir reste son cheval de bataille, continue \u00e0 redonner de la valeur aux id\u00e9aux des Leaders de diff\u00e9rents courants politiques de part le monde.&nbsp;C&#8217;est \u00e0 ce&hellip;","og_url":"https:\/\/unikal.ac.cd\/index.php\/luniversite-de-kalemie-repense-les-memoires-des-heros-nationaux-patrice-emery-lumumba-et-mzee-laurent-desire-kabila-sous-une-conference-debat\/","og_site_name":"Universit\u00e9 de Kalemie","article_modified_time":"2024-01-18T16:49:11+00:00","og_image":[{"width":960,"height":540,"url":"https:\/\/unikal.ac.cd\/wp-content\/uploads\/2024\/01\/0f07ef26-39d2-4ffb-a850-52676720766e.jpg","type":"image\/jpeg"}],"twitter_card":"summary_large_image","twitter_misc":{"Est. reading time":"2 minutes"},"schema":{"@context":"https:\/\/schema.org","@graph":[{"@type":"WebPage","@id":"https:\/\/unikal.ac.cd\/index.php\/luniversite-de-kalemie-repense-les-memoires-des-heros-nationaux-patrice-emery-lumumba-et-mzee-laurent-desire-kabila-sous-une-conference-debat\/","url":"https:\/\/unikal.ac.cd\/index.php\/luniversite-de-kalemie-repense-les-memoires-des-heros-nationaux-patrice-emery-lumumba-et-mzee-laurent-desire-kabila-sous-une-conference-debat\/","name":"L'UNIVERSIT\u00c9 DE KALEMIE REPENSE LES M\u00c9MOIRES DES H\u00c9ROS NATIONAUX PATRICE EMERY LUMUMBA ET MZ\u00c9E LAURENT D\u00c9SIR\u00c9 KABILA SOUS UNE CONF\u00c9RENCE - D\u00c9BAT... - Universit\u00e9 de Kalemie","isPartOf":{"@id":"https:\/\/unikal.ac.cd\/#website"},"primaryImageOfPage":{"@id":"https:\/\/unikal.ac.cd\/index.php\/luniversite-de-kalemie-repense-les-memoires-des-heros-nationaux-patrice-emery-lumumba-et-mzee-laurent-desire-kabila-sous-une-conference-debat\/#primaryimage"},"image":{"@id":"https:\/\/unikal.ac.cd\/index.php\/luniversite-de-kalemie-repense-les-memoires-des-heros-nationaux-patrice-emery-lumumba-et-mzee-laurent-desire-kabila-sous-une-conference-debat\/#primaryimage"},"thumbnailUrl":"https:\/\/unikal.ac.cd\/wp-content\/uploads\/2024\/01\/0f07ef26-39d2-4ffb-a850-52676720766e.jpg","datePublished":"2024-01-18T16:34:39+00:00","dateModified":"2024-01-18T16:49:11+00:00","breadcrumb":{"@id":"https:\/\/unikal.ac.cd\/index.php\/luniversite-de-kalemie-repense-les-memoires-des-heros-nationaux-patrice-emery-lumumba-et-mzee-laurent-desire-kabila-sous-une-conference-debat\/#breadcrumb"},"inLanguage":"en-US","potentialAction":[{"@type":"ReadAction","target":["https:\/\/unikal.ac.cd\/index.php\/luniversite-de-kalemie-repense-les-memoires-des-heros-nationaux-patrice-emery-lumumba-et-mzee-laurent-desire-kabila-sous-une-conference-debat\/"]}]},{"@type":"ImageObject","inLanguage":"en-US","@id":"https:\/\/unikal.ac.cd\/index.php\/luniversite-de-kalemie-repense-les-memoires-des-heros-nationaux-patrice-emery-lumumba-et-mzee-laurent-desire-kabila-sous-une-conference-debat\/#primaryimage","url":"https:\/\/unikal.ac.cd\/wp-content\/uploads\/2024\/01\/0f07ef26-39d2-4ffb-a850-52676720766e.jpg","contentUrl":"https:\/\/unikal.ac.cd\/wp-content\/uploads\/2024\/01\/0f07ef26-39d2-4ffb-a850-52676720766e.jpg","width":960,"height":540},{"@type":"BreadcrumbList","@id":"https:\/\/unikal.ac.cd\/index.php\/luniversite-de-kalemie-repense-les-memoires-des-heros-nationaux-patrice-emery-lumumba-et-mzee-laurent-desire-kabila-sous-une-conference-debat\/#breadcrumb","itemListElement":[{"@type":"ListItem","position":1,"name":"Home","item":"https:\/\/unikal.ac.cd\/"},{"@type":"ListItem","position":2,"name":"L&#8217;UNIVERSIT\u00c9 DE KALEMIE REPENSE LES M\u00c9MOIRES DES H\u00c9ROS NATIONAUX PATRICE EMERY LUMUMBA ET MZ\u00c9E LAURENT D\u00c9SIR\u00c9 KABILA SOUS UNE CONF\u00c9RENCE &#8211; D\u00c9BAT&#8230;"}]},{"@type":"WebSite","@id":"https:\/\/unikal.ac.cd\/#website","url":"https:\/\/unikal.ac.cd\/","name":"Universit\u00e9 de Kalemie","description":"Lumi\u00e8re du Tanganyika","publisher":{"@id":"https:\/\/unikal.ac.cd\/#organization"},"potentialAction":[{"@type":"SearchAction","target":{"@type":"EntryPoint","urlTemplate":"https:\/\/unikal.ac.cd\/?s={search_term_string}"},"query-input":{"@type":"PropertyValueSpecification","valueRequired":true,"valueName":"search_term_string"}}],"inLanguage":"en-US"},{"@type":"Organization","@id":"https:\/\/unikal.ac.cd\/#organization","name":"Universit\u00e9 de Kalemie","url":"https:\/\/unikal.ac.cd\/","logo":{"@type":"ImageObject","inLanguage":"en-US","@id":"https:\/\/unikal.ac.cd\/#\/schema\/logo\/image\/","url":"https:\/\/unikal.ac.cd\/wp-content\/uploads\/2023\/08\/logo-unikal_013249.png","contentUrl":"https:\/\/unikal.ac.cd\/wp-content\/uploads\/2023\/08\/logo-unikal_013249.png","width":2100,"height":1500,"caption":"Universit\u00e9 de Kalemie"},"image":{"@id":"https:\/\/unikal.ac.cd\/#\/schema\/logo\/image\/"}}]}},"_links":{"self":[{"href":"https:\/\/unikal.ac.cd\/index.php\/wp-json\/wp\/v2\/pages\/597","targetHints":{"allow":["GET"]}}],"collection":[{"href":"https:\/\/unikal.ac.cd\/index.php\/wp-json\/wp\/v2\/pages"}],"about":[{"href":"https:\/\/unikal.ac.cd\/index.php\/wp-json\/wp\/v2\/types\/page"}],"author":[{"embeddable":true,"href":"https:\/\/unikal.ac.cd\/index.php\/wp-json\/wp\/v2\/users\/1"}],"replies":[{"embeddable":true,"href":"https:\/\/unikal.ac.cd\/index.php\/wp-json\/wp\/v2\/comments?post=597"}],"version-history":[{"count":3,"href":"https:\/\/unikal.ac.cd\/index.php\/wp-json\/wp\/v2\/pages\/597\/revisions"}],"predecessor-version":[{"id":604,"href":"https:\/\/unikal.ac.cd\/index.php\/wp-json\/wp\/v2\/pages\/597\/revisions\/604"}],"wp:featuredmedia":[{"embeddable":true,"href":"https:\/\/unikal.ac.cd\/index.php\/wp-json\/wp\/v2\/media\/601"}],"wp:attachment":[{"href":"https:\/\/unikal.ac.cd\/index.php\/wp-json\/wp\/v2\/media?parent=597"}],"curies":[{"name":"wp","href":"https:\/\/api.w.org\/{rel}","templated":true}]}}