{"id":608,"date":"2024-01-20T12:55:47","date_gmt":"2024-01-20T12:55:47","guid":{"rendered":"https:\/\/unikal.ac.cd\/?page_id=608"},"modified":"2025-03-14T09:36:29","modified_gmt":"2025-03-14T09:36:29","slug":"acquisition-des-ecritoires-modernes-pour-les-somptueux-auditoires-du-batiment-prof-alexandrine-kisimba-kya-ngoy","status":"publish","type":"page","link":"https:\/\/unikal.ac.cd\/index.php\/acquisition-des-ecritoires-modernes-pour-les-somptueux-auditoires-du-batiment-prof-alexandrine-kisimba-kya-ngoy\/","title":{"rendered":"ACQUISITION DES \u00c9CRITOIRES MODERNES POUR LES SOMPTUEUX AUDITOIRES DU B\u00c2TIMENT PROF ALEXANDRINE KISIMBA KYA NGOY."},"content":{"rendered":"<h2>ACQUISITION DES \u00c9CRITOIRES MODERNES POUR LES SOMPTUEUX AUDITOIRES DU B\u00c2TIMENT PROF ALEXANDRINE KISIMBA KYA NGOY.<\/h2>\n<p>Le Comit\u00e9 de gestion que dirige le Professeur Ordinaire Victor KALUNGA TSHIKALA ne m\u00e9nage aucun effort pour offrir des meilleurs conditions de travail non seulement au personnel acad\u00e9mique, scientifique, administratif et ouvrier mais \u00e9galement aux \u00e9tudiants.<\/p>\n<p>C&#8217;est dans cette perspective que ce vendredi 19 Janvier\u00a0 2024, sur autorisation de Monsieur le Recteur, le Chef de travaux JEAN KILONGOZI SI UMBA a en pr\u00e9sence du Secr\u00e9taire g\u00e9n\u00e9ral administratif, le Chef de bureau KASONGO MAYELE JOB proc\u00e9d\u00e9 \u00e0 la remise des ecritoires au standard moderne aux Gestionnaires de tous les\u00a0 domaines d&#8217;\u00e9tudes qu&#8217;organise l&#8217;Universit\u00e9 de Kalemie.<\/p>\n<p>Pour rappel, l&#8217;Universit\u00e9 de Kalemie ne cesse d&#8217;am\u00e9liorer les conditions de travail sur tous les plans, qu&#8217;il s&#8217;agisse de celui acad\u00e9mique, scientifique, administratif, infrastructurel et bien d&#8217;autres.\u00a0<\/p>\n<p>\u00a0<\/p>\n<p>\t\t\t\t\t\t\t\t\t\t\t\t\t\t\t<img fetchpriority=\"high\" decoding=\"async\" width=\"640\" height=\"506\" src=\"https:\/\/unikal.ac.cd\/wp-content\/uploads\/2024\/01\/d1cf3879-2b60-44c2-abcb-7f26f8cf078a-1024x810.jpg\" alt=\"\" \/><\/p>\n","protected":false},"excerpt":{"rendered":"<p>ACQUISITION DES \u00c9CRITOIRES MODERNES POUR LES SOMPTUEUX AUDITOIRES DU B\u00c2TIMENT PROF ALEXANDRINE KISIMBA KYA NGOY. Le Comit\u00e9 de gestion que dirige le Professeur Ordinaire Victor KALUNGA TSHIKALA ne m\u00e9nage aucun effort pour offrir des meilleurs conditions de travail non seulement au personnel acad\u00e9mique, scientifique, administratif et ouvrier mais \u00e9galement aux \u00e9tudiants. C&#8217;est dans cette perspective&hellip;<\/p>\n","protected":false},"author":1,"featured_media":0,"parent":0,"menu_order":0,"comment_status":"closed","ping_status":"closed","template":"elementor_header_footer","meta":{"om_disable_all_campaigns":false,"_monsterinsights_skip_tracking":false,"_monsterinsights_sitenote_active":false,"_monsterinsights_sitenote_note":"","_monsterinsights_sitenote_category":0,"_uf_show_specific_survey":0,"_uf_disable_surveys":false,"footnotes":""},"class_list":["post-608","page","type-page","status-publish","hentry"],"yoast_head":"<!-- This site is optimized with the Yoast SEO plugin v26.9 - https:\/\/yoast.com\/product\/yoast-seo-wordpress\/ -->\n<title>ACQUISITION DES \u00c9CRITOIRES MODERNES POUR LES SOMPTUEUX AUDITOIRES DU B\u00c2TIMENT PROF ALEXANDRINE KISIMBA KYA NGOY. - Universit\u00e9 de Kalemie<\/title>\n<meta name=\"robots\" content=\"index, follow, max-snippet:-1, max-image-preview:large, max-video-preview:-1\" \/>\n<link rel=\"canonical\" href=\"https:\/\/unikal.ac.cd\/index.php\/acquisition-des-ecritoires-modernes-pour-les-somptueux-auditoires-du-batiment-prof-alexandrine-kisimba-kya-ngoy\/\" \/>\n<meta property=\"og:locale\" content=\"en_US\" \/>\n<meta property=\"og:type\" content=\"article\" \/>\n<meta property=\"og:title\" content=\"ACQUISITION DES \u00c9CRITOIRES MODERNES POUR LES SOMPTUEUX AUDITOIRES DU B\u00c2TIMENT PROF ALEXANDRINE KISIMBA KYA NGOY. - Universit\u00e9 de Kalemie\" \/>\n<meta property=\"og:description\" content=\"ACQUISITION DES \u00c9CRITOIRES MODERNES POUR LES SOMPTUEUX AUDITOIRES DU B\u00c2TIMENT PROF ALEXANDRINE KISIMBA KYA NGOY. Le Comit\u00e9 de gestion que dirige le Professeur Ordinaire Victor KALUNGA TSHIKALA ne m\u00e9nage aucun effort pour offrir des meilleurs conditions de travail non seulement au personnel acad\u00e9mique, scientifique, administratif et ouvrier mais \u00e9galement aux \u00e9tudiants. C&#8217;est dans cette perspective&hellip;\" \/>\n<meta property=\"og:url\" content=\"https:\/\/unikal.ac.cd\/index.php\/acquisition-des-ecritoires-modernes-pour-les-somptueux-auditoires-du-batiment-prof-alexandrine-kisimba-kya-ngoy\/\" \/>\n<meta property=\"og:site_name\" content=\"Universit\u00e9 de Kalemie\" \/>\n<meta property=\"article:modified_time\" content=\"2025-03-14T09:36:29+00:00\" \/>\n<meta property=\"og:image\" content=\"https:\/\/unikal.ac.cd\/wp-content\/uploads\/2024\/01\/d1cf3879-2b60-44c2-abcb-7f26f8cf078a-1024x810.jpg\" \/>\n<meta name=\"twitter:card\" content=\"summary_large_image\" \/>\n<meta name=\"twitter:label1\" content=\"Est. reading time\" \/>\n\t<meta name=\"twitter:data1\" content=\"1 minute\" \/>\n<script type=\"application\/ld+json\" class=\"yoast-schema-graph\">{\"@context\":\"https:\/\/schema.org\",\"@graph\":[{\"@type\":\"WebPage\",\"@id\":\"https:\/\/unikal.ac.cd\/index.php\/acquisition-des-ecritoires-modernes-pour-les-somptueux-auditoires-du-batiment-prof-alexandrine-kisimba-kya-ngoy\/\",\"url\":\"https:\/\/unikal.ac.cd\/index.php\/acquisition-des-ecritoires-modernes-pour-les-somptueux-auditoires-du-batiment-prof-alexandrine-kisimba-kya-ngoy\/\",\"name\":\"ACQUISITION DES \u00c9CRITOIRES MODERNES POUR LES SOMPTUEUX AUDITOIRES DU B\u00c2TIMENT PROF ALEXANDRINE KISIMBA KYA NGOY. - Universit\u00e9 de Kalemie\",\"isPartOf\":{\"@id\":\"https:\/\/unikal.ac.cd\/#website\"},\"primaryImageOfPage\":{\"@id\":\"https:\/\/unikal.ac.cd\/index.php\/acquisition-des-ecritoires-modernes-pour-les-somptueux-auditoires-du-batiment-prof-alexandrine-kisimba-kya-ngoy\/#primaryimage\"},\"image\":{\"@id\":\"https:\/\/unikal.ac.cd\/index.php\/acquisition-des-ecritoires-modernes-pour-les-somptueux-auditoires-du-batiment-prof-alexandrine-kisimba-kya-ngoy\/#primaryimage\"},\"thumbnailUrl\":\"https:\/\/unikal.ac.cd\/wp-content\/uploads\/2024\/01\/d1cf3879-2b60-44c2-abcb-7f26f8cf078a-1024x810.jpg\",\"datePublished\":\"2024-01-20T12:55:47+00:00\",\"dateModified\":\"2025-03-14T09:36:29+00:00\",\"breadcrumb\":{\"@id\":\"https:\/\/unikal.ac.cd\/index.php\/acquisition-des-ecritoires-modernes-pour-les-somptueux-auditoires-du-batiment-prof-alexandrine-kisimba-kya-ngoy\/#breadcrumb\"},\"inLanguage\":\"en-US\",\"potentialAction\":[{\"@type\":\"ReadAction\",\"target\":[\"https:\/\/unikal.ac.cd\/index.php\/acquisition-des-ecritoires-modernes-pour-les-somptueux-auditoires-du-batiment-prof-alexandrine-kisimba-kya-ngoy\/\"]}]},{\"@type\":\"ImageObject\",\"inLanguage\":\"en-US\",\"@id\":\"https:\/\/unikal.ac.cd\/index.php\/acquisition-des-ecritoires-modernes-pour-les-somptueux-auditoires-du-batiment-prof-alexandrine-kisimba-kya-ngoy\/#primaryimage\",\"url\":\"https:\/\/unikal.ac.cd\/wp-content\/uploads\/2024\/01\/d1cf3879-2b60-44c2-abcb-7f26f8cf078a.jpg\",\"contentUrl\":\"https:\/\/unikal.ac.cd\/wp-content\/uploads\/2024\/01\/d1cf3879-2b60-44c2-abcb-7f26f8cf078a.jpg\",\"width\":1080,\"height\":810},{\"@type\":\"BreadcrumbList\",\"@id\":\"https:\/\/unikal.ac.cd\/index.php\/acquisition-des-ecritoires-modernes-pour-les-somptueux-auditoires-du-batiment-prof-alexandrine-kisimba-kya-ngoy\/#breadcrumb\",\"itemListElement\":[{\"@type\":\"ListItem\",\"position\":1,\"name\":\"Home\",\"item\":\"https:\/\/unikal.ac.cd\/\"},{\"@type\":\"ListItem\",\"position\":2,\"name\":\"ACQUISITION DES \u00c9CRITOIRES MODERNES POUR LES SOMPTUEUX AUDITOIRES DU B\u00c2TIMENT PROF ALEXANDRINE KISIMBA KYA NGOY.\"}]},{\"@type\":\"WebSite\",\"@id\":\"https:\/\/unikal.ac.cd\/#website\",\"url\":\"https:\/\/unikal.ac.cd\/\",\"name\":\"Universit\u00e9 de Kalemie\",\"description\":\"Lumi\u00e8re du Tanganyika\",\"publisher\":{\"@id\":\"https:\/\/unikal.ac.cd\/#organization\"},\"potentialAction\":[{\"@type\":\"SearchAction\",\"target\":{\"@type\":\"EntryPoint\",\"urlTemplate\":\"https:\/\/unikal.ac.cd\/?s={search_term_string}\"},\"query-input\":{\"@type\":\"PropertyValueSpecification\",\"valueRequired\":true,\"valueName\":\"search_term_string\"}}],\"inLanguage\":\"en-US\"},{\"@type\":\"Organization\",\"@id\":\"https:\/\/unikal.ac.cd\/#organization\",\"name\":\"Universit\u00e9 de Kalemie\",\"url\":\"https:\/\/unikal.ac.cd\/\",\"logo\":{\"@type\":\"ImageObject\",\"inLanguage\":\"en-US\",\"@id\":\"https:\/\/unikal.ac.cd\/#\/schema\/logo\/image\/\",\"url\":\"https:\/\/unikal.ac.cd\/wp-content\/uploads\/2023\/08\/logo-unikal_013249.png\",\"contentUrl\":\"https:\/\/unikal.ac.cd\/wp-content\/uploads\/2023\/08\/logo-unikal_013249.png\",\"width\":2100,\"height\":1500,\"caption\":\"Universit\u00e9 de Kalemie\"},\"image\":{\"@id\":\"https:\/\/unikal.ac.cd\/#\/schema\/logo\/image\/\"}}]}<\/script>\n<!-- \/ Yoast SEO plugin. -->","yoast_head_json":{"title":"ACQUISITION DES \u00c9CRITOIRES MODERNES POUR LES SOMPTUEUX AUDITOIRES DU B\u00c2TIMENT PROF ALEXANDRINE KISIMBA KYA NGOY. - Universit\u00e9 de Kalemie","robots":{"index":"index","follow":"follow","max-snippet":"max-snippet:-1","max-image-preview":"max-image-preview:large","max-video-preview":"max-video-preview:-1"},"canonical":"https:\/\/unikal.ac.cd\/index.php\/acquisition-des-ecritoires-modernes-pour-les-somptueux-auditoires-du-batiment-prof-alexandrine-kisimba-kya-ngoy\/","og_locale":"en_US","og_type":"article","og_title":"ACQUISITION DES \u00c9CRITOIRES MODERNES POUR LES SOMPTUEUX AUDITOIRES DU B\u00c2TIMENT PROF ALEXANDRINE KISIMBA KYA NGOY. - Universit\u00e9 de Kalemie","og_description":"ACQUISITION DES \u00c9CRITOIRES MODERNES POUR LES SOMPTUEUX AUDITOIRES DU B\u00c2TIMENT PROF ALEXANDRINE KISIMBA KYA NGOY. Le Comit\u00e9 de gestion que dirige le Professeur Ordinaire Victor KALUNGA TSHIKALA ne m\u00e9nage aucun effort pour offrir des meilleurs conditions de travail non seulement au personnel acad\u00e9mique, scientifique, administratif et ouvrier mais \u00e9galement aux \u00e9tudiants. C&#8217;est dans cette perspective&hellip;","og_url":"https:\/\/unikal.ac.cd\/index.php\/acquisition-des-ecritoires-modernes-pour-les-somptueux-auditoires-du-batiment-prof-alexandrine-kisimba-kya-ngoy\/","og_site_name":"Universit\u00e9 de Kalemie","article_modified_time":"2025-03-14T09:36:29+00:00","og_image":[{"url":"https:\/\/unikal.ac.cd\/wp-content\/uploads\/2024\/01\/d1cf3879-2b60-44c2-abcb-7f26f8cf078a-1024x810.jpg","type":"","width":"","height":""}],"twitter_card":"summary_large_image","twitter_misc":{"Est. reading time":"1 minute"},"schema":{"@context":"https:\/\/schema.org","@graph":[{"@type":"WebPage","@id":"https:\/\/unikal.ac.cd\/index.php\/acquisition-des-ecritoires-modernes-pour-les-somptueux-auditoires-du-batiment-prof-alexandrine-kisimba-kya-ngoy\/","url":"https:\/\/unikal.ac.cd\/index.php\/acquisition-des-ecritoires-modernes-pour-les-somptueux-auditoires-du-batiment-prof-alexandrine-kisimba-kya-ngoy\/","name":"ACQUISITION DES \u00c9CRITOIRES MODERNES POUR LES SOMPTUEUX AUDITOIRES DU B\u00c2TIMENT PROF ALEXANDRINE KISIMBA KYA NGOY. - Universit\u00e9 de Kalemie","isPartOf":{"@id":"https:\/\/unikal.ac.cd\/#website"},"primaryImageOfPage":{"@id":"https:\/\/unikal.ac.cd\/index.php\/acquisition-des-ecritoires-modernes-pour-les-somptueux-auditoires-du-batiment-prof-alexandrine-kisimba-kya-ngoy\/#primaryimage"},"image":{"@id":"https:\/\/unikal.ac.cd\/index.php\/acquisition-des-ecritoires-modernes-pour-les-somptueux-auditoires-du-batiment-prof-alexandrine-kisimba-kya-ngoy\/#primaryimage"},"thumbnailUrl":"https:\/\/unikal.ac.cd\/wp-content\/uploads\/2024\/01\/d1cf3879-2b60-44c2-abcb-7f26f8cf078a-1024x810.jpg","datePublished":"2024-01-20T12:55:47+00:00","dateModified":"2025-03-14T09:36:29+00:00","breadcrumb":{"@id":"https:\/\/unikal.ac.cd\/index.php\/acquisition-des-ecritoires-modernes-pour-les-somptueux-auditoires-du-batiment-prof-alexandrine-kisimba-kya-ngoy\/#breadcrumb"},"inLanguage":"en-US","potentialAction":[{"@type":"ReadAction","target":["https:\/\/unikal.ac.cd\/index.php\/acquisition-des-ecritoires-modernes-pour-les-somptueux-auditoires-du-batiment-prof-alexandrine-kisimba-kya-ngoy\/"]}]},{"@type":"ImageObject","inLanguage":"en-US","@id":"https:\/\/unikal.ac.cd\/index.php\/acquisition-des-ecritoires-modernes-pour-les-somptueux-auditoires-du-batiment-prof-alexandrine-kisimba-kya-ngoy\/#primaryimage","url":"https:\/\/unikal.ac.cd\/wp-content\/uploads\/2024\/01\/d1cf3879-2b60-44c2-abcb-7f26f8cf078a.jpg","contentUrl":"https:\/\/unikal.ac.cd\/wp-content\/uploads\/2024\/01\/d1cf3879-2b60-44c2-abcb-7f26f8cf078a.jpg","width":1080,"height":810},{"@type":"BreadcrumbList","@id":"https:\/\/unikal.ac.cd\/index.php\/acquisition-des-ecritoires-modernes-pour-les-somptueux-auditoires-du-batiment-prof-alexandrine-kisimba-kya-ngoy\/#breadcrumb","itemListElement":[{"@type":"ListItem","position":1,"name":"Home","item":"https:\/\/unikal.ac.cd\/"},{"@type":"ListItem","position":2,"name":"ACQUISITION DES \u00c9CRITOIRES MODERNES POUR LES SOMPTUEUX AUDITOIRES DU B\u00c2TIMENT PROF ALEXANDRINE KISIMBA KYA NGOY."}]},{"@type":"WebSite","@id":"https:\/\/unikal.ac.cd\/#website","url":"https:\/\/unikal.ac.cd\/","name":"Universit\u00e9 de Kalemie","description":"Lumi\u00e8re du Tanganyika","publisher":{"@id":"https:\/\/unikal.ac.cd\/#organization"},"potentialAction":[{"@type":"SearchAction","target":{"@type":"EntryPoint","urlTemplate":"https:\/\/unikal.ac.cd\/?s={search_term_string}"},"query-input":{"@type":"PropertyValueSpecification","valueRequired":true,"valueName":"search_term_string"}}],"inLanguage":"en-US"},{"@type":"Organization","@id":"https:\/\/unikal.ac.cd\/#organization","name":"Universit\u00e9 de Kalemie","url":"https:\/\/unikal.ac.cd\/","logo":{"@type":"ImageObject","inLanguage":"en-US","@id":"https:\/\/unikal.ac.cd\/#\/schema\/logo\/image\/","url":"https:\/\/unikal.ac.cd\/wp-content\/uploads\/2023\/08\/logo-unikal_013249.png","contentUrl":"https:\/\/unikal.ac.cd\/wp-content\/uploads\/2023\/08\/logo-unikal_013249.png","width":2100,"height":1500,"caption":"Universit\u00e9 de Kalemie"},"image":{"@id":"https:\/\/unikal.ac.cd\/#\/schema\/logo\/image\/"}}]}},"_links":{"self":[{"href":"https:\/\/unikal.ac.cd\/index.php\/wp-json\/wp\/v2\/pages\/608","targetHints":{"allow":["GET"]}}],"collection":[{"href":"https:\/\/unikal.ac.cd\/index.php\/wp-json\/wp\/v2\/pages"}],"about":[{"href":"https:\/\/unikal.ac.cd\/index.php\/wp-json\/wp\/v2\/types\/page"}],"author":[{"embeddable":true,"href":"https:\/\/unikal.ac.cd\/index.php\/wp-json\/wp\/v2\/users\/1"}],"replies":[{"embeddable":true,"href":"https:\/\/unikal.ac.cd\/index.php\/wp-json\/wp\/v2\/comments?post=608"}],"version-history":[{"count":4,"href":"https:\/\/unikal.ac.cd\/index.php\/wp-json\/wp\/v2\/pages\/608\/revisions"}],"predecessor-version":[{"id":615,"href":"https:\/\/unikal.ac.cd\/index.php\/wp-json\/wp\/v2\/pages\/608\/revisions\/615"}],"wp:attachment":[{"href":"https:\/\/unikal.ac.cd\/index.php\/wp-json\/wp\/v2\/media?parent=608"}],"curies":[{"name":"wp","href":"https:\/\/api.w.org\/{rel}","templated":true}]}}