{"id":63,"date":"2023-08-15T20:32:20","date_gmt":"2023-08-15T20:32:20","guid":{"rendered":"https:\/\/unikal.ac.cd\/?page_id=63"},"modified":"2023-09-28T20:57:42","modified_gmt":"2023-09-28T20:57:42","slug":"documents-et-formulaires","status":"publish","type":"page","link":"https:\/\/unikal.ac.cd\/index.php\/documents-et-formulaires\/","title":{"rendered":"Documents et Formulaires"},"content":{"rendered":"\t\t<div data-elementor-type=\"wp-page\" data-elementor-id=\"63\" class=\"elementor elementor-63\">\n\t\t\t\t\t\t<section class=\"elementor-section elementor-top-section elementor-element elementor-element-f57e97b elementor-section-stretched elementor-section-boxed elementor-section-height-default elementor-section-height-default\" data-id=\"f57e97b\" data-element_type=\"section\" data-e-type=\"section\" data-settings=\"{&quot;stretch_section&quot;:&quot;section-stretched&quot;}\">\n\t\t\t\t\t\t<div class=\"elementor-container elementor-column-gap-default\">\n\t\t\t\t\t<div class=\"elementor-column elementor-col-100 elementor-top-column elementor-element elementor-element-4b52105\" data-id=\"4b52105\" data-element_type=\"column\" data-e-type=\"column\">\n\t\t\t<div class=\"elementor-widget-wrap\">\n\t\t\t\t\t\t\t<\/div>\n\t\t<\/div>\n\t\t\t\t\t<\/div>\n\t\t<\/section>\n\t\t\t\t<section class=\"elementor-section elementor-top-section elementor-element elementor-element-6657fb5 elementor-section-stretched elementor-section-boxed elementor-section-height-default elementor-section-height-default\" data-id=\"6657fb5\" data-element_type=\"section\" data-e-type=\"section\" data-settings=\"{&quot;stretch_section&quot;:&quot;section-stretched&quot;}\">\n\t\t\t\t\t\t<div class=\"elementor-container elementor-column-gap-default\">\n\t\t\t\t\t<div class=\"elementor-column elementor-col-100 elementor-top-column elementor-element elementor-element-3ff9dcc\" data-id=\"3ff9dcc\" data-element_type=\"column\" data-e-type=\"column\">\n\t\t\t<div class=\"elementor-widget-wrap elementor-element-populated\">\n\t\t\t\t\t\t<div class=\"elementor-element elementor-element-3504a6e elementor-widget elementor-widget-toggle\" data-id=\"3504a6e\" data-element_type=\"widget\" data-e-type=\"widget\" data-widget_type=\"toggle.default\">\n\t\t\t\t<div class=\"elementor-widget-container\">\n\t\t\t\t\t\t\t<div class=\"elementor-toggle\">\n\t\t\t\t\t\t\t<div class=\"elementor-toggle-item\">\n\t\t\t\t\t<div id=\"elementor-tab-title-5551\" class=\"elementor-tab-title\" data-tab=\"1\" role=\"button\" aria-controls=\"elementor-tab-content-5551\" aria-expanded=\"false\">\n\t\t\t\t\t\t\t\t\t\t\t\t<span class=\"elementor-toggle-icon elementor-toggle-icon-left\" aria-hidden=\"true\">\n\t\t\t\t\t\t\t\t\t\t\t\t\t\t\t<span class=\"elementor-toggle-icon-closed\"><i class=\"fas fa-caret-right\"><\/i><\/span>\n\t\t\t\t\t\t\t\t<span class=\"elementor-toggle-icon-opened\"><i class=\"elementor-toggle-icon-opened fas fa-caret-up\"><\/i><\/span>\n\t\t\t\t\t\t\t\t\t\t\t\t\t<\/span>\n\t\t\t\t\t\t\t\t\t\t\t\t<a class=\"elementor-toggle-title\" tabindex=\"0\">Conditions d'admission<\/a>\n\t\t\t\t\t<\/div>\n\n\t\t\t\t\t<div id=\"elementor-tab-content-5551\" class=\"elementor-tab-content elementor-clearfix\" data-tab=\"1\" role=\"region\" aria-labelledby=\"elementor-tab-title-5551\"><p><strong><em>Admission en premi\u00e8re ann\u00e9e baccalaur\u00e9at<\/em><\/strong><br><strong>1.<\/strong>&nbsp;\u00catre d\u00e9tenteur d\u2019un dipl\u00f4me d\u2019Etat ou d\u2019une pi\u00e8ce \u00e9quivalente ;<\/p>\n<blockquote>\n<p><strong>\u2013 Pour la M\u00e9decine<\/strong>: avoir fini en section scientifique, sciences infirmi\u00e8res, sciences de la sant\u00e9 ou similaires. Pour toute autre section, avoir un score d\u2019au moins 70 %. R\u00e9ussir un test d\u2019admission organis\u00e9 par l\u2019Universit\u00e9&nbsp;;<br><strong>\u2013 Pour les autres Facult\u00e9s<\/strong>: sont soumis \u00e0 un test, les candidats ayant moins de 60%&nbsp;; pour ceux ayant obtenu plus de 60%, l\u2019admission est automatique.<\/p>\n<\/blockquote>\n<p><strong>2.<\/strong>&nbsp;Pr\u00e9senter un dossier comprenant :<\/p>\n<blockquote>\n<p><strong>\u2013&nbsp;<\/strong>Une fiche d\u2019inscription dument compl\u00e9t\u00e9e (disponible en ligne ou \u00e0 retirer aux services acad\u00e9miques)&nbsp;;<br><strong>\u2013&nbsp;<\/strong>Une lettre de demande d\u2019inscription manuscrite adress\u00e9e au Secretaire G\u00e9n\u00e9ral Acad\u00e9miques&nbsp;;<br><strong>\u2013&nbsp;<\/strong>Une copie du dipl\u00f4me d\u2019Etat ou du journal de publication des examens d\u2019Etat imprim\u00e9 du site web du Minist\u00e8re de l\u2019EPSP ou d\u2019une pi\u00e8ce \u00e9quivalente&nbsp;certifi\u00e9e conforme \u00e0 l\u2019original ;<br><strong>\u2013&nbsp;<\/strong>Une attestation de naissance (r\u00e9cente de 3 mois au plus)&nbsp;;<br><strong>\u2013&nbsp;<\/strong>Un certificat d\u2019aptitude physique (r\u00e9cente de 3 mois au plus) ;<br><strong>\u2013&nbsp;<\/strong>Les copies des bulletins de 5<sup>\u00e8me<\/sup>&nbsp;ann\u00e9e et 6<sup>\u00e8me<\/sup>&nbsp;ann\u00e9e des humanit\u00e9s&nbsp;certifi\u00e9es conformes \u00e0 l\u2019original ;<br><strong>\u2013&nbsp;<\/strong>Une photo passeport&nbsp;;<br><strong>\u2013&nbsp;<\/strong>Payer les frais d\u2019inscription fix\u00e9s \u00e0&nbsp; $ US (pour les tranches des frais acad\u00e9miques et les diff\u00e9rentes dates de paiement voire l\u2019\u00e9ch\u00e9ancier publi\u00e9 par l\u2019Universit\u00e9).<br><strong>\u2013&nbsp;<\/strong>Signer les fiches d\u2019engagement pour la protection des droits de l\u2019enfant, celle relative au droit \u00e0 l\u2019image et celle prot\u00e9geant l\u2019environnement.<\/p>\n<\/blockquote>\n<p><strong><em>Admission dans les promotions montantes<\/em><\/strong><br><strong>1.<\/strong>&nbsp;Pour les candidats \u00e0 la r\u00e9inscription \u00e0 l\u2019UNIKAL :<\/p>\n<blockquote>\n<p><strong>\u2013<\/strong>&nbsp;N\u2019avoir aucune dette ant\u00e9rieure ;<br><strong>\u2013&nbsp;<\/strong>Remplir la fiche d\u2019inscription en ligne&nbsp;;<br><strong>\u2013&nbsp;<\/strong>Payer les frais d\u2019inscriptions fix\u00e9s \u00e0&nbsp; $ US et la premi\u00e8re tranche des frais (cfr. l\u2019\u00e9ch\u00e9ancier des paiements des frais d\u2019\u00e9tudes)&nbsp;;<br><strong>\u2013&nbsp;<\/strong>Signer les fiches d\u2019engagement pour la protection des droits de l\u2019enfant, celle relative au droit \u00e0 l\u2019image et celle prot\u00e9geant l\u2019environnement.<\/p>\n<\/blockquote>\n<p><strong>2.<\/strong>&nbsp;Pour les candidats en inscriptions sp\u00e9ciales, en plus des pi\u00e8ces requises pour les inscriptions au premier graduat :<\/p>\n<blockquote>\n<p><strong>\u2013&nbsp;<\/strong>Joindre les relev\u00e9s de c\u00f4tes et dipl\u00f4mes obtenus ant\u00e9rieurement dans leur institution de provenance&nbsp;;<br><strong>\u2013&nbsp;<\/strong>Payer les frais d\u2019inscription fix\u00e9s \u00e0&nbsp; $ US, la premi\u00e8re tranche des frais acad\u00e9miques et&nbsp; $ US de frais de d\u00e9senclavement num\u00e9rique (Voir l\u2019\u00e9ch\u00e9ancier de paiements des frais acad\u00e9miques).<\/p>\n<\/blockquote>\n<p><em>Conform\u00e9ment aux instructions du Minist\u00e8re de l\u2019ESU, sauf sur autorisation Ministre de tutelle, les inscriptions dans les ann\u00e9es terminales (BAC3, G3, L2, Ir2) sont prohib\u00e9es. Pour la Facult\u00e9 de M\u00e9decine, les inscriptions sp\u00e9ciales ne sont autoris\u00e9es au second cycle qu\u2019en&nbsp;<strong><u>premi\u00e8re ann\u00e9e de doctorat<\/u><\/strong>&nbsp;en fonction des places disponibles.<\/em><\/p><\/div>\n\t\t\t\t<\/div>\n\t\t\t\t\t\t\t<div class=\"elementor-toggle-item\">\n\t\t\t\t\t<div id=\"elementor-tab-title-5552\" class=\"elementor-tab-title\" data-tab=\"2\" role=\"button\" aria-controls=\"elementor-tab-content-5552\" aria-expanded=\"false\">\n\t\t\t\t\t\t\t\t\t\t\t\t<span class=\"elementor-toggle-icon elementor-toggle-icon-left\" aria-hidden=\"true\">\n\t\t\t\t\t\t\t\t\t\t\t\t\t\t\t<span class=\"elementor-toggle-icon-closed\"><i class=\"fas fa-caret-right\"><\/i><\/span>\n\t\t\t\t\t\t\t\t<span class=\"elementor-toggle-icon-opened\"><i class=\"elementor-toggle-icon-opened fas fa-caret-up\"><\/i><\/span>\n\t\t\t\t\t\t\t\t\t\t\t\t\t<\/span>\n\t\t\t\t\t\t\t\t\t\t\t\t<a class=\"elementor-toggle-title\" tabindex=\"0\">Procedure d'Inscription<\/a>\n\t\t\t\t\t<\/div>\n\n\t\t\t\t\t<div id=\"elementor-tab-content-5552\" class=\"elementor-tab-content elementor-clearfix\" data-tab=\"2\" role=\"region\" aria-labelledby=\"elementor-tab-title-5552\"><div id=\"procedure-inscription\" class=\"vc_tta-panel vc_active\" data-vc-content=\".vc_tta-panel-body\"><div class=\"vc_tta-panel-body\"><div class=\"wpb_text_column wpb_content_element \"><div class=\"wpb_wrapper\"><p><strong><em>Pour les candidats en premier baccalaur\u00e9at ayant obtenu au moins 60 % aux examens d\u2019Etat\u00a0:<\/em><\/strong><\/p><blockquote><p><strong>\u2013<\/strong>\u00a0D\u00e9poser la demande d\u2019inscription aux services acad\u00e9miques, remplir la fiche d\u2019inscription et joindre le dossier d\u2019inscription (sous un \u00e9tui plastique disponible aux Services acad\u00e9miques) ou suivre la proc\u00e9dure d\u2019inscription en ligne ;<br \/><strong>\u2013<\/strong>\u00a0Payer les frais d\u2019inscription au guichet de la caisse centrale\u00a0momentan\u00e9ment plac\u00e9 au rectorat de l&#8217;universit\u00e9 ;<br \/><strong>\u2013<\/strong>\u00a0Pour ceux qui s\u2019inscrivent en ligne, payer \u00e0 l\u2019un des comptes bancaires de l\u2019Universit\u00e9 et joindre les preuves de paiement\u00a0en ligne ;<\/p><\/blockquote><p><strong><em>Pour les candidats ayant obtenu moins de 60 % aux examens d\u2019Etat et tout candidat en M\u00e9decine\u00a0:<\/em><\/strong><\/p><blockquote><p><strong>\u2013<\/strong>\u00a0D\u00e9poser la demande d\u2019inscription aux services acad\u00e9miques, remplir la fiche d\u2019inscription et joindre le dossier d\u2019inscription (sous un \u00e9tui plastique disponible aux Services acad\u00e9miques) ou suivre la proc\u00e9dure d\u2019inscription en ligne ;<br \/><strong>\u2013<\/strong>\u00a0Passer le concours d\u2019admission qui sera organis\u00e9 au campus de l&#8217;UNIKAL \u00e0 une date qui sera communiqu\u00e9e ult\u00e9rieurement ;<br \/><strong>\u2013<\/strong>\u00a0Affichage des listes des candidats admis apr\u00e8s deux semaines apr\u00e8s le concours ;<br \/><strong>\u2013<\/strong>\u00a0Confirmer l\u2019inscription par le paiement des frais d\u2019inscription et la premi\u00e8re tranche au plus tard une semaine apr\u00e8s le d\u00e9but de l\u2019ann\u00e9e acad\u00e9mique ;<br \/><strong>\u2013<\/strong>\u00a0Pour ceux qui ont proc\u00e9d\u00e9 \u00e0 l\u2019inscription manuelle, d\u00e9poser les preuves de paiement, se faire prendre en photo et obtenir la d\u00e9livrance de la carte d\u2019\u00e9tudiant\u00a0;<br \/><strong>\u2013<\/strong>\u00a0Pour ceux qui ont proc\u00e9d\u00e9 \u00e0 l\u2019inscription en ligne, obtenir la d\u00e9livrance de la carte d\u2019\u00e9tudiant.<\/p><\/blockquote><p><strong><em>Pour les promotions montantes\u00a0:<\/em><\/strong><\/p><blockquote><p><strong>\u2013<\/strong>\u00a0Payer les frais d\u2019inscription et la premi\u00e8re tranche au compte bancaire de l\u2019Universit\u00e9 au plus tard une semaine apr\u00e8s la rentr\u00e9e acad\u00e9mique ;<br \/><strong>\u2013<\/strong>\u00a0La Facult\u00e9 remplit en ligne les champs de la fiche d\u2019inscription qui la concernent\u00a0;<br \/><strong>\u2013<\/strong>\u00a0Validation en ligne de la situation financi\u00e8re sur la fiche d\u2019inscription par les Services de finances (Caisse)\u00a0;<\/p><\/blockquote><p><strong><em>Pour les candidats en inscription sp\u00e9ciale\u00a0:<\/em><\/strong><\/p><blockquote><p>Remplir la fiche d\u2019inscription et introduire le dossier d\u2019inscription, en copie physique ou en ligne, aupr\u00e8s du Vice-recteur aux affaires acad\u00e9miques\u00a0;<br \/>Avis de la Facult\u00e9 en ligne\u00a0;<br \/>V\u00e9rification et autorisation d\u2019inscription\u00a0<strong><u>\u00e9crite<\/u><\/strong>\u00a0du Vice-recteur \u00e0 l\u2019issue de la r\u00e9ussite \u00e0 un examen de contr\u00f4le d\u2019aptitude pour la promotion demand\u00e9e.\u00a0<strong><em>Le test portera un caract\u00e8re \u00e9liminatoire<\/em><\/strong>;<br \/>Payer les frais d\u2019inscription ;<\/p><\/blockquote><p><strong>Nota Bene<\/strong><br \/><strong>\u2013<\/strong>\u00a0L\u2019inscription en ligne est possible et facultative\u00a0 pour les premi\u00e8res ann\u00e9es de graduat et les candidats en inscription sp\u00e9ciale. Le proc\u00e9d\u00e9 d\u2019inscription en ligne seront pr\u00e9cis\u00e9s sur le site web de l\u2019Universit\u00e9 ;<\/p><\/div><\/div><\/div><\/div><\/div>\n\t\t\t\t<\/div>\n\t\t\t\t\t\t\t<div class=\"elementor-toggle-item\">\n\t\t\t\t\t<div id=\"elementor-tab-title-5553\" class=\"elementor-tab-title\" data-tab=\"3\" role=\"button\" aria-controls=\"elementor-tab-content-5553\" aria-expanded=\"false\">\n\t\t\t\t\t\t\t\t\t\t\t\t<span class=\"elementor-toggle-icon elementor-toggle-icon-left\" aria-hidden=\"true\">\n\t\t\t\t\t\t\t\t\t\t\t\t\t\t\t<span class=\"elementor-toggle-icon-closed\"><i class=\"fas fa-caret-right\"><\/i><\/span>\n\t\t\t\t\t\t\t\t<span class=\"elementor-toggle-icon-opened\"><i class=\"elementor-toggle-icon-opened fas fa-caret-up\"><\/i><\/span>\n\t\t\t\t\t\t\t\t\t\t\t\t\t<\/span>\n\t\t\t\t\t\t\t\t\t\t\t\t<a class=\"elementor-toggle-title\" tabindex=\"0\">Procedure d'abandon<\/a>\n\t\t\t\t\t<\/div>\n\n\t\t\t\t\t<div id=\"elementor-tab-content-5553\" class=\"elementor-tab-content elementor-clearfix\" data-tab=\"3\" role=\"region\" aria-labelledby=\"elementor-tab-title-5553\"><p>Tout abandon doit \u00eatre d\u00e9clar\u00e9 par \u00e9crit. Un formulaire de d\u00e9claration d\u2019abandon sera disponible aux Services acad\u00e9miques pour tout \u00e9tudiant qui suspend la participation aux cours pour quelque motif que ce soit. L\u2019abandon garde les cr\u00e9dits valid\u00e9s jusqu\u2019\u00e0 deux ans au plus.<\/p><\/div>\n\t\t\t\t<\/div>\n\t\t\t\t\t\t\t<div class=\"elementor-toggle-item\">\n\t\t\t\t\t<div id=\"elementor-tab-title-5554\" class=\"elementor-tab-title\" data-tab=\"4\" role=\"button\" aria-controls=\"elementor-tab-content-5554\" aria-expanded=\"false\">\n\t\t\t\t\t\t\t\t\t\t\t\t<span class=\"elementor-toggle-icon elementor-toggle-icon-left\" aria-hidden=\"true\">\n\t\t\t\t\t\t\t\t\t\t\t\t\t\t\t<span class=\"elementor-toggle-icon-closed\"><i class=\"fas fa-caret-right\"><\/i><\/span>\n\t\t\t\t\t\t\t\t<span class=\"elementor-toggle-icon-opened\"><i class=\"elementor-toggle-icon-opened fas fa-caret-up\"><\/i><\/span>\n\t\t\t\t\t\t\t\t\t\t\t\t\t<\/span>\n\t\t\t\t\t\t\t\t\t\t\t\t<a class=\"elementor-toggle-title\" tabindex=\"0\">Procedure de changement de facult\u00e9<\/a>\n\t\t\t\t\t<\/div>\n\n\t\t\t\t\t<div id=\"elementor-tab-content-5554\" class=\"elementor-tab-content elementor-clearfix\" data-tab=\"4\" role=\"region\" aria-labelledby=\"elementor-tab-title-5554\"><p>L\u2019\u00e9tudiant inscrit dans une promotion de recrutement a un mois et demi (45 jours) \u00e0 dater de la date du d\u00e9but des cours pour solliciter un changement de Facult\u00e9, de d\u00e9partement ou d\u2019option (pour le second cycle, c\u2019est-\u00e0-dire L1, Ir1, DOC1, \u2026). Le changement n\u2019est possible que si les cours de compl\u00e9ment \u00e0 suivre n\u2019exc\u00e8dent pas le quart de la charge horaire totale de la promotion demand\u00e9e.<\/p><p>L\u2019Universit\u00e9 \u00e9tudiera la faisabilit\u00e9 de mise sur pied d\u2019une cellule d\u2019orientation et de guidance pour accompagner les \u00e9tudiants face \u00e0 l\u2019incertitude pouvant \u00e9ventuellement les animer au d\u00e9but de leur carri\u00e8re.<\/p><\/div>\n\t\t\t\t<\/div>\n\t\t\t\t\t\t\t\t<\/div>\n\t\t\t\t\t\t<\/div>\n\t\t\t\t<\/div>\n\t\t\t\t<div class=\"elementor-element elementor-element-f632acf elementor-align-center elementor-widget elementor-widget-button\" data-id=\"f632acf\" data-element_type=\"widget\" data-e-type=\"widget\" data-widget_type=\"button.default\">\n\t\t\t\t<div class=\"elementor-widget-container\">\n\t\t\t\t\t\t\t\t\t<div class=\"elementor-button-wrapper\">\n\t\t\t\t\t<a class=\"elementor-button elementor-button-link elementor-size-sm\" href=\"https:\/\/unikal.ac.cd\/index.php\/inscription-en-ligne\/\">\n\t\t\t\t\t\t<span class=\"elementor-button-content-wrapper\">\n\t\t\t\t\t\t\t\t\t<span class=\"elementor-button-text\">S'inscrire<\/span>\n\t\t\t\t\t<\/span>\n\t\t\t\t\t<\/a>\n\t\t\t\t<\/div>\n\t\t\t\t\t\t\t\t<\/div>\n\t\t\t\t<\/div>\n\t\t\t\t\t<\/div>\n\t\t<\/div>\n\t\t\t\t\t<\/div>\n\t\t<\/section>\n\t\t\t\t<\/div>\n\t\t","protected":false},"excerpt":{"rendered":"<p>Conditions d&#8217;admission Admission en premi\u00e8re ann\u00e9e baccalaur\u00e9at1.&nbsp;\u00catre d\u00e9tenteur d\u2019un dipl\u00f4me d\u2019Etat ou d\u2019une pi\u00e8ce \u00e9quivalente ; \u2013 Pour la M\u00e9decine: avoir fini en section scientifique, sciences infirmi\u00e8res, sciences de la sant\u00e9 ou similaires. Pour toute autre section, avoir un score d\u2019au moins 70 %. R\u00e9ussir un test d\u2019admission organis\u00e9 par l\u2019Universit\u00e9&nbsp;;\u2013 Pour les autres Facult\u00e9s:&hellip;<\/p>\n","protected":false},"author":1,"featured_media":0,"parent":0,"menu_order":0,"comment_status":"closed","ping_status":"closed","template":"elementor_header_footer","meta":{"om_disable_all_campaigns":false,"_monsterinsights_skip_tracking":false,"_monsterinsights_sitenote_active":false,"_monsterinsights_sitenote_note":"","_monsterinsights_sitenote_category":0,"_uf_show_specific_survey":0,"_uf_disable_surveys":false,"footnotes":""},"class_list":["post-63","page","type-page","status-publish","hentry"],"yoast_head":"<!-- This site is optimized with the Yoast SEO plugin v26.9 - https:\/\/yoast.com\/product\/yoast-seo-wordpress\/ -->\n<title>Documents et Formulaires - Universit\u00e9 de Kalemie<\/title>\n<meta name=\"robots\" content=\"index, follow, max-snippet:-1, max-image-preview:large, max-video-preview:-1\" \/>\n<link rel=\"canonical\" href=\"https:\/\/unikal.ac.cd\/index.php\/documents-et-formulaires\/\" \/>\n<meta property=\"og:locale\" content=\"en_US\" \/>\n<meta property=\"og:type\" content=\"article\" \/>\n<meta property=\"og:title\" content=\"Documents et Formulaires - Universit\u00e9 de Kalemie\" \/>\n<meta property=\"og:description\" content=\"Conditions d&#8217;admission Admission en premi\u00e8re ann\u00e9e baccalaur\u00e9at1.&nbsp;\u00catre d\u00e9tenteur d\u2019un dipl\u00f4me d\u2019Etat ou d\u2019une pi\u00e8ce \u00e9quivalente ; \u2013 Pour la M\u00e9decine: avoir fini en section scientifique, sciences infirmi\u00e8res, sciences de la sant\u00e9 ou similaires. Pour toute autre section, avoir un score d\u2019au moins 70 %. R\u00e9ussir un test d\u2019admission organis\u00e9 par l\u2019Universit\u00e9&nbsp;;\u2013 Pour les autres Facult\u00e9s:&hellip;\" \/>\n<meta property=\"og:url\" content=\"https:\/\/unikal.ac.cd\/index.php\/documents-et-formulaires\/\" \/>\n<meta property=\"og:site_name\" content=\"Universit\u00e9 de Kalemie\" \/>\n<meta property=\"article:modified_time\" content=\"2023-09-28T20:57:42+00:00\" \/>\n<meta name=\"twitter:card\" content=\"summary_large_image\" \/>\n<meta name=\"twitter:label1\" content=\"Est. reading time\" \/>\n\t<meta name=\"twitter:data1\" content=\"2 minutes\" \/>\n<script type=\"application\/ld+json\" class=\"yoast-schema-graph\">{\"@context\":\"https:\/\/schema.org\",\"@graph\":[{\"@type\":\"WebPage\",\"@id\":\"https:\/\/unikal.ac.cd\/index.php\/documents-et-formulaires\/\",\"url\":\"https:\/\/unikal.ac.cd\/index.php\/documents-et-formulaires\/\",\"name\":\"Documents et Formulaires - Universit\u00e9 de Kalemie\",\"isPartOf\":{\"@id\":\"https:\/\/unikal.ac.cd\/#website\"},\"datePublished\":\"2023-08-15T20:32:20+00:00\",\"dateModified\":\"2023-09-28T20:57:42+00:00\",\"breadcrumb\":{\"@id\":\"https:\/\/unikal.ac.cd\/index.php\/documents-et-formulaires\/#breadcrumb\"},\"inLanguage\":\"en-US\",\"potentialAction\":[{\"@type\":\"ReadAction\",\"target\":[\"https:\/\/unikal.ac.cd\/index.php\/documents-et-formulaires\/\"]}]},{\"@type\":\"BreadcrumbList\",\"@id\":\"https:\/\/unikal.ac.cd\/index.php\/documents-et-formulaires\/#breadcrumb\",\"itemListElement\":[{\"@type\":\"ListItem\",\"position\":1,\"name\":\"Home\",\"item\":\"https:\/\/unikal.ac.cd\/\"},{\"@type\":\"ListItem\",\"position\":2,\"name\":\"Documents et Formulaires\"}]},{\"@type\":\"WebSite\",\"@id\":\"https:\/\/unikal.ac.cd\/#website\",\"url\":\"https:\/\/unikal.ac.cd\/\",\"name\":\"Universit\u00e9 de Kalemie\",\"description\":\"Lumi\u00e8re du Tanganyika\",\"publisher\":{\"@id\":\"https:\/\/unikal.ac.cd\/#organization\"},\"potentialAction\":[{\"@type\":\"SearchAction\",\"target\":{\"@type\":\"EntryPoint\",\"urlTemplate\":\"https:\/\/unikal.ac.cd\/?s={search_term_string}\"},\"query-input\":{\"@type\":\"PropertyValueSpecification\",\"valueRequired\":true,\"valueName\":\"search_term_string\"}}],\"inLanguage\":\"en-US\"},{\"@type\":\"Organization\",\"@id\":\"https:\/\/unikal.ac.cd\/#organization\",\"name\":\"Universit\u00e9 de Kalemie\",\"url\":\"https:\/\/unikal.ac.cd\/\",\"logo\":{\"@type\":\"ImageObject\",\"inLanguage\":\"en-US\",\"@id\":\"https:\/\/unikal.ac.cd\/#\/schema\/logo\/image\/\",\"url\":\"https:\/\/unikal.ac.cd\/wp-content\/uploads\/2023\/08\/logo-unikal_013249.png\",\"contentUrl\":\"https:\/\/unikal.ac.cd\/wp-content\/uploads\/2023\/08\/logo-unikal_013249.png\",\"width\":2100,\"height\":1500,\"caption\":\"Universit\u00e9 de Kalemie\"},\"image\":{\"@id\":\"https:\/\/unikal.ac.cd\/#\/schema\/logo\/image\/\"}}]}<\/script>\n<!-- \/ Yoast SEO plugin. -->","yoast_head_json":{"title":"Documents et Formulaires - Universit\u00e9 de Kalemie","robots":{"index":"index","follow":"follow","max-snippet":"max-snippet:-1","max-image-preview":"max-image-preview:large","max-video-preview":"max-video-preview:-1"},"canonical":"https:\/\/unikal.ac.cd\/index.php\/documents-et-formulaires\/","og_locale":"en_US","og_type":"article","og_title":"Documents et Formulaires - Universit\u00e9 de Kalemie","og_description":"Conditions d&#8217;admission Admission en premi\u00e8re ann\u00e9e baccalaur\u00e9at1.&nbsp;\u00catre d\u00e9tenteur d\u2019un dipl\u00f4me d\u2019Etat ou d\u2019une pi\u00e8ce \u00e9quivalente ; \u2013 Pour la M\u00e9decine: avoir fini en section scientifique, sciences infirmi\u00e8res, sciences de la sant\u00e9 ou similaires. Pour toute autre section, avoir un score d\u2019au moins 70 %. R\u00e9ussir un test d\u2019admission organis\u00e9 par l\u2019Universit\u00e9&nbsp;;\u2013 Pour les autres Facult\u00e9s:&hellip;","og_url":"https:\/\/unikal.ac.cd\/index.php\/documents-et-formulaires\/","og_site_name":"Universit\u00e9 de Kalemie","article_modified_time":"2023-09-28T20:57:42+00:00","twitter_card":"summary_large_image","twitter_misc":{"Est. reading time":"2 minutes"},"schema":{"@context":"https:\/\/schema.org","@graph":[{"@type":"WebPage","@id":"https:\/\/unikal.ac.cd\/index.php\/documents-et-formulaires\/","url":"https:\/\/unikal.ac.cd\/index.php\/documents-et-formulaires\/","name":"Documents et Formulaires - Universit\u00e9 de Kalemie","isPartOf":{"@id":"https:\/\/unikal.ac.cd\/#website"},"datePublished":"2023-08-15T20:32:20+00:00","dateModified":"2023-09-28T20:57:42+00:00","breadcrumb":{"@id":"https:\/\/unikal.ac.cd\/index.php\/documents-et-formulaires\/#breadcrumb"},"inLanguage":"en-US","potentialAction":[{"@type":"ReadAction","target":["https:\/\/unikal.ac.cd\/index.php\/documents-et-formulaires\/"]}]},{"@type":"BreadcrumbList","@id":"https:\/\/unikal.ac.cd\/index.php\/documents-et-formulaires\/#breadcrumb","itemListElement":[{"@type":"ListItem","position":1,"name":"Home","item":"https:\/\/unikal.ac.cd\/"},{"@type":"ListItem","position":2,"name":"Documents et Formulaires"}]},{"@type":"WebSite","@id":"https:\/\/unikal.ac.cd\/#website","url":"https:\/\/unikal.ac.cd\/","name":"Universit\u00e9 de Kalemie","description":"Lumi\u00e8re du Tanganyika","publisher":{"@id":"https:\/\/unikal.ac.cd\/#organization"},"potentialAction":[{"@type":"SearchAction","target":{"@type":"EntryPoint","urlTemplate":"https:\/\/unikal.ac.cd\/?s={search_term_string}"},"query-input":{"@type":"PropertyValueSpecification","valueRequired":true,"valueName":"search_term_string"}}],"inLanguage":"en-US"},{"@type":"Organization","@id":"https:\/\/unikal.ac.cd\/#organization","name":"Universit\u00e9 de Kalemie","url":"https:\/\/unikal.ac.cd\/","logo":{"@type":"ImageObject","inLanguage":"en-US","@id":"https:\/\/unikal.ac.cd\/#\/schema\/logo\/image\/","url":"https:\/\/unikal.ac.cd\/wp-content\/uploads\/2023\/08\/logo-unikal_013249.png","contentUrl":"https:\/\/unikal.ac.cd\/wp-content\/uploads\/2023\/08\/logo-unikal_013249.png","width":2100,"height":1500,"caption":"Universit\u00e9 de Kalemie"},"image":{"@id":"https:\/\/unikal.ac.cd\/#\/schema\/logo\/image\/"}}]}},"_links":{"self":[{"href":"https:\/\/unikal.ac.cd\/index.php\/wp-json\/wp\/v2\/pages\/63","targetHints":{"allow":["GET"]}}],"collection":[{"href":"https:\/\/unikal.ac.cd\/index.php\/wp-json\/wp\/v2\/pages"}],"about":[{"href":"https:\/\/unikal.ac.cd\/index.php\/wp-json\/wp\/v2\/types\/page"}],"author":[{"embeddable":true,"href":"https:\/\/unikal.ac.cd\/index.php\/wp-json\/wp\/v2\/users\/1"}],"replies":[{"embeddable":true,"href":"https:\/\/unikal.ac.cd\/index.php\/wp-json\/wp\/v2\/comments?post=63"}],"version-history":[{"count":13,"href":"https:\/\/unikal.ac.cd\/index.php\/wp-json\/wp\/v2\/pages\/63\/revisions"}],"predecessor-version":[{"id":373,"href":"https:\/\/unikal.ac.cd\/index.php\/wp-json\/wp\/v2\/pages\/63\/revisions\/373"}],"wp:attachment":[{"href":"https:\/\/unikal.ac.cd\/index.php\/wp-json\/wp\/v2\/media?parent=63"}],"curies":[{"name":"wp","href":"https:\/\/api.w.org\/{rel}","templated":true}]}}