{"id":64,"date":"2023-08-15T20:32:20","date_gmt":"2023-08-15T20:32:20","guid":{"rendered":"https:\/\/unikal.ac.cd\/?page_id=64"},"modified":"2023-10-12T13:43:18","modified_gmt":"2023-10-12T13:43:18","slug":"inscription-en-ligne","status":"publish","type":"page","link":"https:\/\/unikal.ac.cd\/index.php\/inscription-en-ligne\/","title":{"rendered":"Inscription en Ligne"},"content":{"rendered":"\t\t<div data-elementor-type=\"wp-page\" data-elementor-id=\"64\" class=\"elementor elementor-64\">\n\t\t\t\t\t\t<section class=\"elementor-section elementor-top-section elementor-element elementor-element-b730646 elementor-section-boxed elementor-section-height-default elementor-section-height-default\" data-id=\"b730646\" data-element_type=\"section\" data-e-type=\"section\">\n\t\t\t\t\t\t<div class=\"elementor-container elementor-column-gap-default\">\n\t\t\t\t\t<div class=\"elementor-column elementor-col-100 elementor-top-column elementor-element elementor-element-8227f40\" data-id=\"8227f40\" data-element_type=\"column\" data-e-type=\"column\">\n\t\t\t<div class=\"elementor-widget-wrap elementor-element-populated\">\n\t\t\t\t\t\t<div class=\"elementor-element elementor-element-34fe13b elementor-widget elementor-widget-spacer\" data-id=\"34fe13b\" data-element_type=\"widget\" data-e-type=\"widget\" data-widget_type=\"spacer.default\">\n\t\t\t\t<div class=\"elementor-widget-container\">\n\t\t\t\t\t\t\t<div class=\"elementor-spacer\">\n\t\t\t<div class=\"elementor-spacer-inner\"><\/div>\n\t\t<\/div>\n\t\t\t\t\t\t<\/div>\n\t\t\t\t<\/div>\n\t\t\t\t\t<\/div>\n\t\t<\/div>\n\t\t\t\t\t<\/div>\n\t\t<\/section>\n\t\t\t\t<section class=\"elementor-section elementor-top-section elementor-element elementor-element-f77c104 elementor-section-stretched elementor-section-boxed elementor-section-height-default elementor-section-height-default\" data-id=\"f77c104\" data-element_type=\"section\" data-e-type=\"section\" data-settings=\"{&quot;stretch_section&quot;:&quot;section-stretched&quot;}\">\n\t\t\t\t\t\t<div class=\"elementor-container elementor-column-gap-default\">\n\t\t\t\t\t<div class=\"elementor-column elementor-col-50 elementor-top-column elementor-element elementor-element-5fd2472\" data-id=\"5fd2472\" data-element_type=\"column\" data-e-type=\"column\">\n\t\t\t<div class=\"elementor-widget-wrap elementor-element-populated\">\n\t\t\t\t\t\t<div class=\"elementor-element elementor-element-d439679 elementor-widget elementor-widget-text-editor\" data-id=\"d439679\" data-element_type=\"widget\" data-e-type=\"widget\" data-widget_type=\"text-editor.default\">\n\t\t\t\t<div class=\"elementor-widget-container\">\n\t\t\t\t\t\t\t\t\t<p>Veuillez t\u00e9l\u00e9charger le formulaire ci-contre apr\u00e8s l&#8217;avoir rempli en ligne, puis le charger en cliquant sur le bouton Charger ci-dessous<\/p>\t\t\t\t\t\t\t\t<\/div>\n\t\t\t\t<\/div>\n\t\t\t\t<div class=\"elementor-element elementor-element-07cda1b elementor-widget elementor-widget-shortcode\" data-id=\"07cda1b\" data-element_type=\"widget\" data-e-type=\"widget\" data-widget_type=\"shortcode.default\">\n\t\t\t\t<div class=\"elementor-widget-container\">\n\t\t\t\t\t\t\t<div class=\"elementor-shortcode\"><div class=\"forminator-ui forminator-custom-form forminator-custom-form-412 forminator-design--material  forminator_ajax\" data-forminator-render=\"0\" data-form=\"forminator-module-412\" data-uid=\"69e5f22b2d7fb\"><br\/><\/div><form\n\t\t\t\tid=\"forminator-module-412\"\n\t\t\t\tclass=\"forminator-ui forminator-custom-form forminator-custom-form-412 forminator-design--material  forminator_ajax\"\n\t\t\t\tmethod=\"post\"\n\t\t\t\tdata-forminator-render=\"0\"\n\t\t\t\tdata-form-id=\"412\"\n\t\t\t\tenctype=\"multipart\/form-data\" data-color-option=\"default\" data-design=\"material\" data-grid=\"open\" style=\"display: none;\"\n\t\t\t\tdata-uid=\"69e5f22b2d7fb\"\n\t\t\t><div role=\"alert\" aria-live=\"polite\" class=\"forminator-response-message forminator-error\" aria-hidden=\"true\"><\/div><div class=\"forminator-row\"><div id=\"name-1\" class=\"forminator-field-name forminator-col forminator-col-12 \"><div class=\"forminator-row forminator-no-margin\" data-multiple=\"true\"><div class=\"forminator-col forminator-col-md-6\"><div class=\"forminator-field\"><label for=\"forminator-field-412__field--name-1_69e5f22b2d7fb\" id=\"forminator-field-412__field--name-1_69e5f22b2d7fb-label\" class=\"forminator-label\">Prefix<\/label><select name=\"name-1-prefix\" id=\"forminator-field-412__field--name-1_69e5f22b2d7fb\" class=\"forminator-select2\" data-multi=\"1\" autocomplete=\"honorific-prefix\" aria-labelledby=\"forminator-field-412__field--name-1_69e5f22b2d7fb-label\" data-default-value=\"\"><option value=\"Mr\" >Mr.<\/option><option value=\"Mrs\" >Mrs.<\/option><option value=\"Ms\" >Ms.<\/option><option value=\"Mx\" >Mx.<\/option><option value=\"Miss\" >Miss<\/option><option value=\"Dr\" >Dr.<\/option><option value=\"Prof\" >Prof.<\/option><\/select><\/div><\/div><div class=\"forminator-col forminator-col-md-6\"><div class=\"forminator-field\"><label for=\"forminator-field-first-name-1_69e5f22b2d7fb\" id=\"forminator-field-first-name-1_69e5f22b2d7fb-label\" class=\"forminator-label\">Nom <span class=\"forminator-required\">*<\/span><\/label><input type=\"text\" name=\"name-1-first-name\" placeholder=\"E.g. John\" id=\"forminator-field-first-name-1_69e5f22b2d7fb\" class=\"forminator-input\" aria-required=\"true\" data-multi=\"1\" autocomplete=\"given-name\" value=\"\" \/><\/div><\/div><div class=\"forminator-col forminator-col-md-6\"><div class=\"forminator-field\"><label for=\"forminator-field-middle-name-1_69e5f22b2d7fb\" id=\"forminator-field-middle-name-1_69e5f22b2d7fb-label\" class=\"forminator-label\">Postnom <span class=\"forminator-required\">*<\/span><\/label><input type=\"text\" name=\"name-1-middle-name\" placeholder=\"E.g. Smith\" id=\"forminator-field-middle-name-1_69e5f22b2d7fb\" class=\"forminator-input\" aria-required=\"true\" data-multi=\"1\" autocomplete=\"additional-name\" value=\"\" \/><\/div><\/div><div class=\"forminator-col forminator-col-md-6\"><div class=\"forminator-field\"><label for=\"forminator-field-last-name-1_69e5f22b2d7fb\" id=\"forminator-field-last-name-1_69e5f22b2d7fb-label\" class=\"forminator-label\">Prenom <span class=\"forminator-required\">*<\/span><\/label><input type=\"text\" name=\"name-1-last-name\" placeholder=\"E.g. Doe\" id=\"forminator-field-last-name-1_69e5f22b2d7fb\" class=\"forminator-input\" aria-required=\"true\" data-multi=\"1\" autocomplete=\"family-name\" value=\"\" \/><\/div><\/div><\/div><\/div><\/div><div class=\"forminator-row\"><div id=\"address-1\" class=\"forminator-field-address forminator-col forminator-col-12 \"><div class=\"forminator-row\"><div id=\"address-1-street_address\" class=\"forminator-col\"><div class=\"forminator-field\"><label for=\"forminator-field-address-1-street_address_69e5f22b2d7fb\" id=\"forminator-field-address-1-street_address_69e5f22b2d7fb-label\" class=\"forminator-label\">Adresse de R\u00e9sidence <span class=\"forminator-required\">*<\/span><\/label><input type=\"text\" name=\"address-1-street_address\" placeholder=\"E.g. 42 Wallaby Way\" id=\"forminator-field-address-1-street_address_69e5f22b2d7fb\" class=\"forminator-input\" data-required=\"1\" aria-required=\"true\" autocomplete=\"address-line1\" value=\"\" \/><\/div><\/div><\/div><\/div><\/div><div class=\"forminator-row\"><div id=\"select-1\" class=\"forminator-field-select forminator-col forminator-col-12 \"><div class=\"forminator-field\"><label for=\"forminator-form-412__field--select-1_69e5f22b2d7fb\" id=\"forminator-form-412__field--select-1_69e5f22b2d7fb-label\" class=\"forminator-label\">Sexe<\/label><select  id=\"forminator-form-412__field--select-1_69e5f22b2d7fb\" class=\"forminator-select--field forminator-select2 forminator-select2-multiple\" data-required=\"\" name=\"select-1\" data-default-value=\"\" data-hidden-behavior=\"zero\" data-placeholder=\"\" data-search=\"false\" data-search-placeholder=\"\" data-checkbox=\"false\" data-allow-clear=\"false\" aria-labelledby=\"forminator-form-412__field--select-1_69e5f22b2d7fb-label\"><option value=\"one\"  data-calculation=\"0\">Masculin<\/option><option value=\"two\"  data-calculation=\"0\">Feminin<\/option><\/select><\/div><\/div><\/div><div class=\"forminator-row\"><div id=\"email-1\" class=\"forminator-field-email forminator-col forminator-col-12 \"><div class=\"forminator-field\"><label for=\"forminator-field-email-1_69e5f22b2d7fb\" id=\"forminator-field-email-1_69e5f22b2d7fb-label\" class=\"forminator-label\">Email Address <span class=\"forminator-required\">*<\/span><\/label><input type=\"email\" name=\"email-1\" value=\"\" placeholder=\"E.g. john@doe.com\" id=\"forminator-field-email-1_69e5f22b2d7fb\" class=\"forminator-input forminator-email--field\" data-required=\"1\" aria-required=\"true\" autocomplete=\"email\" \/><\/div><\/div><\/div><div class=\"forminator-row\"><div id=\"phone-1\" class=\"forminator-field-phone forminator-col forminator-col-12 \"><div class=\"forminator-field\"><label for=\"forminator-field-phone-1_69e5f22b2d7fb\" id=\"forminator-field-phone-1_69e5f22b2d7fb-label\" class=\"forminator-label\">Num\u00e9ro de T\u00e9l\u00e9phone <span class=\"forminator-required\">*<\/span><\/label><input type=\"text\" name=\"phone-1\" value=\"\" placeholder=\"E.g. +243 300 400 5000\" id=\"forminator-field-phone-1_69e5f22b2d7fb\" class=\"forminator-input forminator-field--phone\" data-required=\"1\" aria-required=\"true\" autocomplete=\"off\" \/><\/div><\/div><\/div><div class=\"forminator-row\"><div id=\"checkbox-1\" class=\"forminator-field-checkbox forminator-col forminator-col-12 \"><div role=\"group\" class=\"forminator-field required\" aria-labelledby=\"forminator-checkbox-group-forminator-field-checkbox-1-69e5f22b2d7fb-label\"><span id=\"forminator-checkbox-group-forminator-field-checkbox-1-69e5f22b2d7fb-label\" class=\"forminator-label\">Niveau <span class=\"forminator-required\">*<\/span><\/span><label id=\"forminator-field-checkbox-1-1-69e5f22b2d7fb-label\" for=\"forminator-field-checkbox-1-1-69e5f22b2d7fb\" class=\"forminator-checkbox forminator-checkbox-inline\" title=\"License\"><input type=\"checkbox\" name=\"checkbox-1[]\" value=\"one\" id=\"forminator-field-checkbox-1-1-69e5f22b2d7fb\" aria-labelledby=\"forminator-field-checkbox-1-1-69e5f22b2d7fb-label\" data-calculation=\"0\"   data-hidden-behavior=\"zero\"\/><span class=\"forminator-checkbox-box\" aria-hidden=\"true\"><\/span><span class=\"forminator-checkbox-label\">License<\/span><\/label><\/div><\/div><\/div><div class=\"forminator-row\"><div id=\"radio-1\" class=\"forminator-field-radio forminator-col forminator-col-12 \"><div role=\"radiogroup\" class=\"forminator-field\" aria-labelledby=\"forminator-radiogroup-radio-1-69e5f22b2d7fb-label\"><span id=\"forminator-radiogroup-radio-1-69e5f22b2d7fb-label\" class=\"forminator-label\">Domaines d&#039;Etudes <span class=\"forminator-required\">*<\/span><\/span><label id=\"forminator-field-radio-1-label-1\" for=\"forminator-field-radio-1-1-69e5f22b2d7fb\" class=\"forminator-radio forminator-radio-inline\" title=\"Sciences Agronomiques\"><input type=\"radio\" name=\"radio-1\" value=\"one\" id=\"forminator-field-radio-1-1-69e5f22b2d7fb\" aria-labelledby=\"forminator-field-radio-1-label-1\" data-calculation=\"0\"   data-hidden-behavior=\"zero\"\/><span class=\"forminator-radio-bullet\" aria-hidden=\"true\"><\/span><span class=\"forminator-radio-label\">Sciences Agronomiques<\/span><\/label><label id=\"forminator-field-radio-1-label-2\" for=\"forminator-field-radio-1-2-69e5f22b2d7fb\" class=\"forminator-radio forminator-radio-inline\" title=\"Droit\"><input type=\"radio\" name=\"radio-1\" value=\"two\" id=\"forminator-field-radio-1-2-69e5f22b2d7fb\" aria-labelledby=\"forminator-field-radio-1-label-2\" data-calculation=\"0\"   data-hidden-behavior=\"zero\"\/><span class=\"forminator-radio-bullet\" aria-hidden=\"true\"><\/span><span class=\"forminator-radio-label\">Droit<\/span><\/label><label id=\"forminator-field-radio-1-label-3\" for=\"forminator-field-radio-1-3-69e5f22b2d7fb\" class=\"forminator-radio forminator-radio-inline\" title=\"M\u00e9decine\"><input type=\"radio\" name=\"radio-1\" value=\"M\u00e9decine\" id=\"forminator-field-radio-1-3-69e5f22b2d7fb\" aria-labelledby=\"forminator-field-radio-1-label-3\" data-calculation=\"0\"   data-hidden-behavior=\"zero\"\/><span class=\"forminator-radio-bullet\" aria-hidden=\"true\"><\/span><span class=\"forminator-radio-label\">M\u00e9decine<\/span><\/label><label id=\"forminator-field-radio-1-label-4\" for=\"forminator-field-radio-1-4-69e5f22b2d7fb\" class=\"forminator-radio forminator-radio-inline\" title=\"Sciences Sociales, Politiques et Administratives\"><input type=\"radio\" name=\"radio-1\" value=\"Sciences-Sociales,-Politiques-et-Administratives\" id=\"forminator-field-radio-1-4-69e5f22b2d7fb\" aria-labelledby=\"forminator-field-radio-1-label-4\" data-calculation=\"0\"   data-hidden-behavior=\"zero\"\/><span class=\"forminator-radio-bullet\" aria-hidden=\"true\"><\/span><span class=\"forminator-radio-label\">Sciences Sociales, Politiques et Administratives<\/span><\/label><label id=\"forminator-field-radio-1-label-5\" for=\"forminator-field-radio-1-5-69e5f22b2d7fb\" class=\"forminator-radio forminator-radio-inline\" title=\"Sciences \u00e9conomiques et de gestion\"><input type=\"radio\" name=\"radio-1\" value=\"Sciences-\u00e9conomiques-et-de-gestion\" id=\"forminator-field-radio-1-5-69e5f22b2d7fb\" aria-labelledby=\"forminator-field-radio-1-label-5\" data-calculation=\"0\"   data-hidden-behavior=\"zero\"\/><span class=\"forminator-radio-bullet\" aria-hidden=\"true\"><\/span><span class=\"forminator-radio-label\">Sciences \u00e9conomiques et de gestion<\/span><\/label><label id=\"forminator-field-radio-1-label-6\" for=\"forminator-field-radio-1-6-69e5f22b2d7fb\" class=\"forminator-radio forminator-radio-inline\" title=\"Sciences de l\u2019information et la communication\"><input type=\"radio\" name=\"radio-1\" value=\"sciences-de-l\u2019information-et-la-communication\" id=\"forminator-field-radio-1-6-69e5f22b2d7fb\" aria-labelledby=\"forminator-field-radio-1-label-6\" data-calculation=\"0\"   data-hidden-behavior=\"zero\"\/><span class=\"forminator-radio-bullet\" aria-hidden=\"true\"><\/span><span class=\"forminator-radio-label\">Sciences de l\u2019information et la communication<\/span><\/label><label id=\"forminator-field-radio-1-label-7\" for=\"forminator-field-radio-1-7-69e5f22b2d7fb\" class=\"forminator-radio forminator-radio-inline\" title=\"Sciences appliqu\u00e9es\"><input type=\"radio\" name=\"radio-1\" value=\"sciences-appliqu\u00e9es\" id=\"forminator-field-radio-1-7-69e5f22b2d7fb\" aria-labelledby=\"forminator-field-radio-1-label-7\" data-calculation=\"0\"   data-hidden-behavior=\"zero\"\/><span class=\"forminator-radio-bullet\" aria-hidden=\"true\"><\/span><span class=\"forminator-radio-label\">Sciences appliqu\u00e9es<\/span><\/label><label id=\"forminator-field-radio-1-label-8\" for=\"forminator-field-radio-1-8-69e5f22b2d7fb\" class=\"forminator-radio forminator-radio-inline\" title=\"Psychologie et des sciences de l\u2019\u00e9ducation\"><input type=\"radio\" name=\"radio-1\" value=\"Psychologie-et-des-sciences-de-l\u2019\u00e9ducation\" id=\"forminator-field-radio-1-8-69e5f22b2d7fb\" aria-labelledby=\"forminator-field-radio-1-label-8\" data-calculation=\"0\"   data-hidden-behavior=\"zero\"\/><span class=\"forminator-radio-bullet\" aria-hidden=\"true\"><\/span><span class=\"forminator-radio-label\">Psychologie et des sciences de l\u2019\u00e9ducation<\/span><\/label><label id=\"forminator-field-radio-1-label-9\" for=\"forminator-field-radio-1-9-69e5f22b2d7fb\" class=\"forminator-radio forminator-radio-inline\" title=\"Sant\u00e9 Publique\"><input type=\"radio\" name=\"radio-1\" value=\"Sant\u00e9-Publique\" id=\"forminator-field-radio-1-9-69e5f22b2d7fb\" aria-labelledby=\"forminator-field-radio-1-label-9\" data-calculation=\"0\"   data-hidden-behavior=\"zero\"\/><span class=\"forminator-radio-bullet\" aria-hidden=\"true\"><\/span><span class=\"forminator-radio-label\">Sant\u00e9 Publique<\/span><\/label><\/div><\/div><\/div><div class=\"forminator-row\"><div id=\"upload-1\" class=\"forminator-field-upload forminator-col forminator-col-12 \"><div class=\"forminator-field\"><label for=\"forminator-field-upload-1_69e5f22b2d7fb\" id=\"forminator-field-upload-1_69e5f22b2d7fb-label\" class=\"forminator-label\">Dossier d&#039;inscription en Pdf (contenant: Lettre de motivation (pour l&#039;inscription au Master), dip\u00f4mes et relev\u00e9s, formulaire de pr\u00e9-inscription, preuve de paiement) <span class=\"forminator-required\">*<\/span><\/label><div class=\"forminator-file-upload \" data-element=\"upload-1_69e5f22b2d7fb\"><input type=\"file\" name=\"upload-1\" id=\"forminator-field-upload-1_69e5f22b2d7fb\" class=\"forminator-input-file-required do-validate\" accept=\".webp,.json,.pdf\" tabindex=\"-1\"><button id=\"forminator-field-upload-1_69e5f22b2d7fb_button\" class=\"forminator-button forminator-button-upload\" data-id=\"forminator-field-upload-1_69e5f22b2d7fb\">Choose File<\/button><span data-empty-text=\"No file chosen\">No file chosen<\/span><button class=\"forminator-button-delete\" style=\"display: none;\"><i class=\"forminator-icon-close\" aria-hidden=\"true\"><\/i><span class=\"forminator-screen-reader-only\">Delete uploaded file<\/span><\/button><\/div><\/div><\/div><\/div><input type=\"hidden\" name=\"referer_url\" value=\"\" \/><div class=\"forminator-row forminator-row-last\"><div class=\"forminator-col\"><div class=\"forminator-field\"><button class=\"forminator-button forminator-button-submit\"><span>Soumettre<\/span><span aria-hidden=\"true\"><\/span><\/button><\/div><\/div><\/div><input type=\"hidden\" id=\"forminator_nonce\" name=\"forminator_nonce\" value=\"b3d4b78372\" \/><input type=\"hidden\" name=\"_wp_http_referer\" value=\"\/index.php\/wp-json\/wp\/v2\/pages\/64\" \/><input type=\"hidden\" name=\"form_id\" value=\"412\"><input type=\"hidden\" name=\"page_id\" value=\"64\"><input type=\"hidden\" name=\"form_type\" value=\"default\"><input type=\"hidden\" name=\"current_url\" value=\"https:\/\/unikal.ac.cd\/index.php\/inscription-en-ligne\/\"><input type=\"hidden\" name=\"render_id\" value=\"0\"><input type=\"hidden\" name=\"action\" value=\"forminator_submit_form_custom-forms\"><\/form><\/div>\n\t\t\t\t\t\t<\/div>\n\t\t\t\t<\/div>\n\t\t\t\t\t<\/div>\n\t\t<\/div>\n\t\t\t\t<div class=\"elementor-column elementor-col-50 elementor-top-column elementor-element elementor-element-ab6f6fa\" data-id=\"ab6f6fa\" data-element_type=\"column\" data-e-type=\"column\">\n\t\t\t<div class=\"elementor-widget-wrap elementor-element-populated\">\n\t\t\t\t\t\t<div class=\"elementor-element elementor-element-4a127ca elementor-widget elementor-widget-html\" data-id=\"4a127ca\" data-element_type=\"widget\" data-e-type=\"widget\" data-widget_type=\"html.default\">\n\t\t\t\t<div class=\"elementor-widget-container\">\n\t\t\t\t\t<object data=\"https:\/\/unikal.ac.cd\/wp-content\/uploads\/2023\/10\/BULLETIN-2-INSCRIPTION-1.pdf\" type=\"application\/pdf\" width=\"700px\" height=\"1200px\">\r\n<\/object>\t\t\t\t<\/div>\n\t\t\t\t<\/div>\n\t\t\t\t\t<\/div>\n\t\t<\/div>\n\t\t\t\t\t<\/div>\n\t\t<\/section>\n\t\t\t\t<\/div>\n\t\t","protected":false},"excerpt":{"rendered":"<p>Veuillez t\u00e9l\u00e9charger le formulaire ci-contre apr\u00e8s l&#8217;avoir rempli en ligne, puis le charger en cliquant sur le bouton Charger ci-dessous<\/p>\n","protected":false},"author":1,"featured_media":0,"parent":0,"menu_order":0,"comment_status":"closed","ping_status":"closed","template":"elementor_header_footer","meta":{"om_disable_all_campaigns":false,"_monsterinsights_skip_tracking":false,"_monsterinsights_sitenote_active":false,"_monsterinsights_sitenote_note":"","_monsterinsights_sitenote_category":0,"_uf_show_specific_survey":0,"_uf_disable_surveys":false,"footnotes":""},"class_list":["post-64","page","type-page","status-publish","hentry"],"yoast_head":"<!-- This site is optimized with the Yoast SEO plugin v26.9 - https:\/\/yoast.com\/product\/yoast-seo-wordpress\/ -->\n<title>Inscription en Ligne - Universit\u00e9 de Kalemie<\/title>\n<meta name=\"robots\" content=\"index, follow, max-snippet:-1, max-image-preview:large, max-video-preview:-1\" \/>\n<link rel=\"canonical\" href=\"https:\/\/unikal.ac.cd\/index.php\/inscription-en-ligne\/\" \/>\n<meta property=\"og:locale\" content=\"en_US\" \/>\n<meta property=\"og:type\" content=\"article\" \/>\n<meta property=\"og:title\" content=\"Inscription en Ligne - Universit\u00e9 de Kalemie\" \/>\n<meta property=\"og:description\" content=\"Veuillez t\u00e9l\u00e9charger le formulaire ci-contre apr\u00e8s l&#8217;avoir rempli en ligne, puis le charger en cliquant sur le bouton Charger ci-dessous\" \/>\n<meta property=\"og:url\" content=\"https:\/\/unikal.ac.cd\/index.php\/inscription-en-ligne\/\" \/>\n<meta property=\"og:site_name\" content=\"Universit\u00e9 de Kalemie\" \/>\n<meta property=\"article:modified_time\" content=\"2023-10-12T13:43:18+00:00\" \/>\n<meta name=\"twitter:card\" content=\"summary_large_image\" \/>\n<meta name=\"twitter:label1\" content=\"Est. reading time\" \/>\n\t<meta name=\"twitter:data1\" content=\"1 minute\" \/>\n<script type=\"application\/ld+json\" class=\"yoast-schema-graph\">{\"@context\":\"https:\/\/schema.org\",\"@graph\":[{\"@type\":\"WebPage\",\"@id\":\"https:\/\/unikal.ac.cd\/index.php\/inscription-en-ligne\/\",\"url\":\"https:\/\/unikal.ac.cd\/index.php\/inscription-en-ligne\/\",\"name\":\"Inscription en Ligne - Universit\u00e9 de Kalemie\",\"isPartOf\":{\"@id\":\"https:\/\/unikal.ac.cd\/#website\"},\"datePublished\":\"2023-08-15T20:32:20+00:00\",\"dateModified\":\"2023-10-12T13:43:18+00:00\",\"breadcrumb\":{\"@id\":\"https:\/\/unikal.ac.cd\/index.php\/inscription-en-ligne\/#breadcrumb\"},\"inLanguage\":\"en-US\",\"potentialAction\":[{\"@type\":\"ReadAction\",\"target\":[\"https:\/\/unikal.ac.cd\/index.php\/inscription-en-ligne\/\"]}]},{\"@type\":\"BreadcrumbList\",\"@id\":\"https:\/\/unikal.ac.cd\/index.php\/inscription-en-ligne\/#breadcrumb\",\"itemListElement\":[{\"@type\":\"ListItem\",\"position\":1,\"name\":\"Home\",\"item\":\"https:\/\/unikal.ac.cd\/\"},{\"@type\":\"ListItem\",\"position\":2,\"name\":\"Inscription en Ligne\"}]},{\"@type\":\"WebSite\",\"@id\":\"https:\/\/unikal.ac.cd\/#website\",\"url\":\"https:\/\/unikal.ac.cd\/\",\"name\":\"Universit\u00e9 de Kalemie\",\"description\":\"Lumi\u00e8re du Tanganyika\",\"publisher\":{\"@id\":\"https:\/\/unikal.ac.cd\/#organization\"},\"potentialAction\":[{\"@type\":\"SearchAction\",\"target\":{\"@type\":\"EntryPoint\",\"urlTemplate\":\"https:\/\/unikal.ac.cd\/?s={search_term_string}\"},\"query-input\":{\"@type\":\"PropertyValueSpecification\",\"valueRequired\":true,\"valueName\":\"search_term_string\"}}],\"inLanguage\":\"en-US\"},{\"@type\":\"Organization\",\"@id\":\"https:\/\/unikal.ac.cd\/#organization\",\"name\":\"Universit\u00e9 de Kalemie\",\"url\":\"https:\/\/unikal.ac.cd\/\",\"logo\":{\"@type\":\"ImageObject\",\"inLanguage\":\"en-US\",\"@id\":\"https:\/\/unikal.ac.cd\/#\/schema\/logo\/image\/\",\"url\":\"https:\/\/unikal.ac.cd\/wp-content\/uploads\/2023\/08\/logo-unikal_013249.png\",\"contentUrl\":\"https:\/\/unikal.ac.cd\/wp-content\/uploads\/2023\/08\/logo-unikal_013249.png\",\"width\":2100,\"height\":1500,\"caption\":\"Universit\u00e9 de Kalemie\"},\"image\":{\"@id\":\"https:\/\/unikal.ac.cd\/#\/schema\/logo\/image\/\"}}]}<\/script>\n<!-- \/ Yoast SEO plugin. -->","yoast_head_json":{"title":"Inscription en Ligne - Universit\u00e9 de Kalemie","robots":{"index":"index","follow":"follow","max-snippet":"max-snippet:-1","max-image-preview":"max-image-preview:large","max-video-preview":"max-video-preview:-1"},"canonical":"https:\/\/unikal.ac.cd\/index.php\/inscription-en-ligne\/","og_locale":"en_US","og_type":"article","og_title":"Inscription en Ligne - Universit\u00e9 de Kalemie","og_description":"Veuillez t\u00e9l\u00e9charger le formulaire ci-contre apr\u00e8s l&#8217;avoir rempli en ligne, puis le charger en cliquant sur le bouton Charger ci-dessous","og_url":"https:\/\/unikal.ac.cd\/index.php\/inscription-en-ligne\/","og_site_name":"Universit\u00e9 de Kalemie","article_modified_time":"2023-10-12T13:43:18+00:00","twitter_card":"summary_large_image","twitter_misc":{"Est. reading time":"1 minute"},"schema":{"@context":"https:\/\/schema.org","@graph":[{"@type":"WebPage","@id":"https:\/\/unikal.ac.cd\/index.php\/inscription-en-ligne\/","url":"https:\/\/unikal.ac.cd\/index.php\/inscription-en-ligne\/","name":"Inscription en Ligne - Universit\u00e9 de Kalemie","isPartOf":{"@id":"https:\/\/unikal.ac.cd\/#website"},"datePublished":"2023-08-15T20:32:20+00:00","dateModified":"2023-10-12T13:43:18+00:00","breadcrumb":{"@id":"https:\/\/unikal.ac.cd\/index.php\/inscription-en-ligne\/#breadcrumb"},"inLanguage":"en-US","potentialAction":[{"@type":"ReadAction","target":["https:\/\/unikal.ac.cd\/index.php\/inscription-en-ligne\/"]}]},{"@type":"BreadcrumbList","@id":"https:\/\/unikal.ac.cd\/index.php\/inscription-en-ligne\/#breadcrumb","itemListElement":[{"@type":"ListItem","position":1,"name":"Home","item":"https:\/\/unikal.ac.cd\/"},{"@type":"ListItem","position":2,"name":"Inscription en Ligne"}]},{"@type":"WebSite","@id":"https:\/\/unikal.ac.cd\/#website","url":"https:\/\/unikal.ac.cd\/","name":"Universit\u00e9 de Kalemie","description":"Lumi\u00e8re du Tanganyika","publisher":{"@id":"https:\/\/unikal.ac.cd\/#organization"},"potentialAction":[{"@type":"SearchAction","target":{"@type":"EntryPoint","urlTemplate":"https:\/\/unikal.ac.cd\/?s={search_term_string}"},"query-input":{"@type":"PropertyValueSpecification","valueRequired":true,"valueName":"search_term_string"}}],"inLanguage":"en-US"},{"@type":"Organization","@id":"https:\/\/unikal.ac.cd\/#organization","name":"Universit\u00e9 de Kalemie","url":"https:\/\/unikal.ac.cd\/","logo":{"@type":"ImageObject","inLanguage":"en-US","@id":"https:\/\/unikal.ac.cd\/#\/schema\/logo\/image\/","url":"https:\/\/unikal.ac.cd\/wp-content\/uploads\/2023\/08\/logo-unikal_013249.png","contentUrl":"https:\/\/unikal.ac.cd\/wp-content\/uploads\/2023\/08\/logo-unikal_013249.png","width":2100,"height":1500,"caption":"Universit\u00e9 de Kalemie"},"image":{"@id":"https:\/\/unikal.ac.cd\/#\/schema\/logo\/image\/"}}]}},"_links":{"self":[{"href":"https:\/\/unikal.ac.cd\/index.php\/wp-json\/wp\/v2\/pages\/64","targetHints":{"allow":["GET"]}}],"collection":[{"href":"https:\/\/unikal.ac.cd\/index.php\/wp-json\/wp\/v2\/pages"}],"about":[{"href":"https:\/\/unikal.ac.cd\/index.php\/wp-json\/wp\/v2\/types\/page"}],"author":[{"embeddable":true,"href":"https:\/\/unikal.ac.cd\/index.php\/wp-json\/wp\/v2\/users\/1"}],"replies":[{"embeddable":true,"href":"https:\/\/unikal.ac.cd\/index.php\/wp-json\/wp\/v2\/comments?post=64"}],"version-history":[{"count":5,"href":"https:\/\/unikal.ac.cd\/index.php\/wp-json\/wp\/v2\/pages\/64\/revisions"}],"predecessor-version":[{"id":989,"href":"https:\/\/unikal.ac.cd\/index.php\/wp-json\/wp\/v2\/pages\/64\/revisions\/989"}],"wp:attachment":[{"href":"https:\/\/unikal.ac.cd\/index.php\/wp-json\/wp\/v2\/media?parent=64"}],"curies":[{"name":"wp","href":"https:\/\/api.w.org\/{rel}","templated":true}]}}