{"id":65,"date":"2023-08-15T20:32:20","date_gmt":"2023-08-15T20:32:20","guid":{"rendered":"https:\/\/unikal.ac.cd\/?page_id=65"},"modified":"2023-09-21T12:12:38","modified_gmt":"2023-09-21T12:12:38","slug":"cliniques-universitaires","status":"publish","type":"page","link":"https:\/\/unikal.ac.cd\/index.php\/cliniques-universitaires\/","title":{"rendered":"Cliniques Universitaires"},"content":{"rendered":"\t\t<div data-elementor-type=\"wp-page\" data-elementor-id=\"65\" class=\"elementor elementor-65\">\n\t\t\t\t\t\t<section class=\"elementor-section elementor-top-section elementor-element elementor-element-66c781f elementor-section-stretched elementor-section-boxed elementor-section-height-default elementor-section-height-default\" data-id=\"66c781f\" data-element_type=\"section\" data-e-type=\"section\" data-settings=\"{&quot;stretch_section&quot;:&quot;section-stretched&quot;}\">\n\t\t\t\t\t\t<div class=\"elementor-container elementor-column-gap-default\">\n\t\t\t\t\t<div class=\"elementor-column elementor-col-50 elementor-top-column elementor-element elementor-element-11a7339\" data-id=\"11a7339\" data-element_type=\"column\" data-e-type=\"column\">\n\t\t\t<div class=\"elementor-widget-wrap elementor-element-populated\">\n\t\t\t\t\t\t<div class=\"elementor-element elementor-element-0c88392 elementor-widget elementor-widget-image\" data-id=\"0c88392\" data-element_type=\"widget\" data-e-type=\"widget\" data-widget_type=\"image.default\">\n\t\t\t\t<div class=\"elementor-widget-container\">\n\t\t\t\t\t\t\t\t\t\t\t\t<figure class=\"wp-caption\">\n\t\t\t\t\t\t\t\t\t\t\t<a href=\"https:\/\/unikal.ac.cd\/wp-content\/uploads\/2023\/09\/clin-scaled.jpg\" data-elementor-open-lightbox=\"yes\" data-elementor-lightbox-title=\"clin\" data-e-action-hash=\"#elementor-action%3Aaction%3Dlightbox%26settings%3DeyJpZCI6Mjc2LCJ1cmwiOiJodHRwczpcL1wvdW5pa2FsLmFjLmNkXC93cC1jb250ZW50XC91cGxvYWRzXC8yMDIzXC8wOVwvY2xpbi1zY2FsZWQuanBnIn0%3D\">\n\t\t\t\t\t\t\t<img decoding=\"async\" src=\"https:\/\/unikal.ac.cd\/wp-content\/uploads\/2023\/09\/clin-scaled.jpg\" title=\"clin\" alt=\"clin\" loading=\"lazy\" \/>\t\t\t\t\t\t\t\t<\/a>\n\t\t\t\t\t\t\t\t\t\t\t<figcaption class=\"widget-image-caption wp-caption-text\">Remise des kits de la clinique dentaire<\/figcaption>\n\t\t\t\t\t\t\t\t\t\t<\/figure>\n\t\t\t\t\t\t\t\t\t<\/div>\n\t\t\t\t<\/div>\n\t\t\t\t\t<\/div>\n\t\t<\/div>\n\t\t\t\t<div class=\"elementor-column elementor-col-50 elementor-top-column elementor-element elementor-element-4ff3985\" data-id=\"4ff3985\" data-element_type=\"column\" data-e-type=\"column\">\n\t\t\t<div class=\"elementor-widget-wrap elementor-element-populated\">\n\t\t\t\t\t\t<div class=\"elementor-element elementor-element-606b591 elementor-widget elementor-widget-text-editor\" data-id=\"606b591\" data-element_type=\"widget\" data-e-type=\"widget\" data-widget_type=\"text-editor.default\">\n\t\t\t\t<div class=\"elementor-widget-container\">\n\t\t\t\t\t\t\t\t\t<p>Dans leur existence, les CUK ont \u00e9t\u00e9 plac\u00e9es sous l\u2019autorit\u00e9 scientifique de la Facult\u00e9 de Sciences biom\u00e9dicales mais ayant une nette autonomie de gestion et d\u00e9pendant, pour ce faire,\u00a0 directement du Conseil d\u2019Administration de l\u2019Universit\u00e9.\u00a0<\/p><p>Ainsi, les cliniques universitaires de Kalemie organisent les services suivants:<\/p><ul><li>P\u00e9diatrie<\/li><li>Medecine interne<\/li><li>Gyn\u00e9co obst\u00e9trique<\/li><li>Chirurgie<\/li><li>Dentisterie<\/li><li>Laboratoire<\/li><\/ul>\t\t\t\t\t\t\t\t<\/div>\n\t\t\t\t<\/div>\n\t\t\t\t\t<\/div>\n\t\t<\/div>\n\t\t\t\t\t<\/div>\n\t\t<\/section>\n\t\t\t\t<\/div>\n\t\t","protected":false},"excerpt":{"rendered":"<p>Remise des kits de la clinique dentaire Dans leur existence, les CUK ont \u00e9t\u00e9 plac\u00e9es sous l\u2019autorit\u00e9 scientifique de la Facult\u00e9 de Sciences biom\u00e9dicales mais ayant une nette autonomie de gestion et d\u00e9pendant, pour ce faire,\u00a0 directement du Conseil d\u2019Administration de l\u2019Universit\u00e9.\u00a0 Ainsi, les cliniques universitaires de Kalemie organisent les services suivants: P\u00e9diatrie Medecine interne&hellip;<\/p>\n","protected":false},"author":1,"featured_media":0,"parent":0,"menu_order":0,"comment_status":"closed","ping_status":"closed","template":"elementor_header_footer","meta":{"om_disable_all_campaigns":false,"_monsterinsights_skip_tracking":false,"_monsterinsights_sitenote_active":false,"_monsterinsights_sitenote_note":"","_monsterinsights_sitenote_category":0,"_uf_show_specific_survey":0,"_uf_disable_surveys":false,"footnotes":""},"class_list":["post-65","page","type-page","status-publish","hentry"],"yoast_head":"<!-- This site is optimized with the Yoast SEO plugin v26.9 - https:\/\/yoast.com\/product\/yoast-seo-wordpress\/ -->\n<title>Cliniques Universitaires - Universit\u00e9 de Kalemie<\/title>\n<meta name=\"robots\" content=\"index, follow, max-snippet:-1, max-image-preview:large, max-video-preview:-1\" \/>\n<link rel=\"canonical\" href=\"https:\/\/unikal.ac.cd\/index.php\/cliniques-universitaires\/\" \/>\n<meta property=\"og:locale\" content=\"en_US\" \/>\n<meta property=\"og:type\" content=\"article\" \/>\n<meta property=\"og:title\" content=\"Cliniques Universitaires - Universit\u00e9 de Kalemie\" \/>\n<meta property=\"og:description\" content=\"Remise des kits de la clinique dentaire Dans leur existence, les CUK ont \u00e9t\u00e9 plac\u00e9es sous l\u2019autorit\u00e9 scientifique de la Facult\u00e9 de Sciences biom\u00e9dicales mais ayant une nette autonomie de gestion et d\u00e9pendant, pour ce faire,\u00a0 directement du Conseil d\u2019Administration de l\u2019Universit\u00e9.\u00a0 Ainsi, les cliniques universitaires de Kalemie organisent les services suivants: P\u00e9diatrie Medecine interne&hellip;\" \/>\n<meta property=\"og:url\" content=\"https:\/\/unikal.ac.cd\/index.php\/cliniques-universitaires\/\" \/>\n<meta property=\"og:site_name\" content=\"Universit\u00e9 de Kalemie\" \/>\n<meta property=\"article:modified_time\" content=\"2023-09-21T12:12:38+00:00\" \/>\n<meta property=\"og:image\" content=\"https:\/\/unikal.ac.cd\/wp-content\/uploads\/2023\/09\/clin-scaled.jpg\" \/>\n<meta name=\"twitter:card\" content=\"summary_large_image\" \/>\n<meta name=\"twitter:label1\" content=\"Est. reading time\" \/>\n\t<meta name=\"twitter:data1\" content=\"1 minute\" \/>\n<script type=\"application\/ld+json\" class=\"yoast-schema-graph\">{\"@context\":\"https:\/\/schema.org\",\"@graph\":[{\"@type\":\"WebPage\",\"@id\":\"https:\/\/unikal.ac.cd\/index.php\/cliniques-universitaires\/\",\"url\":\"https:\/\/unikal.ac.cd\/index.php\/cliniques-universitaires\/\",\"name\":\"Cliniques Universitaires - Universit\u00e9 de Kalemie\",\"isPartOf\":{\"@id\":\"https:\/\/unikal.ac.cd\/#website\"},\"primaryImageOfPage\":{\"@id\":\"https:\/\/unikal.ac.cd\/index.php\/cliniques-universitaires\/#primaryimage\"},\"image\":{\"@id\":\"https:\/\/unikal.ac.cd\/index.php\/cliniques-universitaires\/#primaryimage\"},\"thumbnailUrl\":\"https:\/\/unikal.ac.cd\/wp-content\/uploads\/2023\/09\/clin-scaled.jpg\",\"datePublished\":\"2023-08-15T20:32:20+00:00\",\"dateModified\":\"2023-09-21T12:12:38+00:00\",\"breadcrumb\":{\"@id\":\"https:\/\/unikal.ac.cd\/index.php\/cliniques-universitaires\/#breadcrumb\"},\"inLanguage\":\"en-US\",\"potentialAction\":[{\"@type\":\"ReadAction\",\"target\":[\"https:\/\/unikal.ac.cd\/index.php\/cliniques-universitaires\/\"]}]},{\"@type\":\"ImageObject\",\"inLanguage\":\"en-US\",\"@id\":\"https:\/\/unikal.ac.cd\/index.php\/cliniques-universitaires\/#primaryimage\",\"url\":\"https:\/\/unikal.ac.cd\/wp-content\/uploads\/2023\/09\/clin-scaled.jpg\",\"contentUrl\":\"https:\/\/unikal.ac.cd\/wp-content\/uploads\/2023\/09\/clin-scaled.jpg\",\"width\":2560,\"height\":1708},{\"@type\":\"BreadcrumbList\",\"@id\":\"https:\/\/unikal.ac.cd\/index.php\/cliniques-universitaires\/#breadcrumb\",\"itemListElement\":[{\"@type\":\"ListItem\",\"position\":1,\"name\":\"Home\",\"item\":\"https:\/\/unikal.ac.cd\/\"},{\"@type\":\"ListItem\",\"position\":2,\"name\":\"Cliniques Universitaires\"}]},{\"@type\":\"WebSite\",\"@id\":\"https:\/\/unikal.ac.cd\/#website\",\"url\":\"https:\/\/unikal.ac.cd\/\",\"name\":\"Universit\u00e9 de Kalemie\",\"description\":\"Lumi\u00e8re du Tanganyika\",\"publisher\":{\"@id\":\"https:\/\/unikal.ac.cd\/#organization\"},\"potentialAction\":[{\"@type\":\"SearchAction\",\"target\":{\"@type\":\"EntryPoint\",\"urlTemplate\":\"https:\/\/unikal.ac.cd\/?s={search_term_string}\"},\"query-input\":{\"@type\":\"PropertyValueSpecification\",\"valueRequired\":true,\"valueName\":\"search_term_string\"}}],\"inLanguage\":\"en-US\"},{\"@type\":\"Organization\",\"@id\":\"https:\/\/unikal.ac.cd\/#organization\",\"name\":\"Universit\u00e9 de Kalemie\",\"url\":\"https:\/\/unikal.ac.cd\/\",\"logo\":{\"@type\":\"ImageObject\",\"inLanguage\":\"en-US\",\"@id\":\"https:\/\/unikal.ac.cd\/#\/schema\/logo\/image\/\",\"url\":\"https:\/\/unikal.ac.cd\/wp-content\/uploads\/2023\/08\/logo-unikal_013249.png\",\"contentUrl\":\"https:\/\/unikal.ac.cd\/wp-content\/uploads\/2023\/08\/logo-unikal_013249.png\",\"width\":2100,\"height\":1500,\"caption\":\"Universit\u00e9 de Kalemie\"},\"image\":{\"@id\":\"https:\/\/unikal.ac.cd\/#\/schema\/logo\/image\/\"}}]}<\/script>\n<!-- \/ Yoast SEO plugin. -->","yoast_head_json":{"title":"Cliniques Universitaires - Universit\u00e9 de Kalemie","robots":{"index":"index","follow":"follow","max-snippet":"max-snippet:-1","max-image-preview":"max-image-preview:large","max-video-preview":"max-video-preview:-1"},"canonical":"https:\/\/unikal.ac.cd\/index.php\/cliniques-universitaires\/","og_locale":"en_US","og_type":"article","og_title":"Cliniques Universitaires - Universit\u00e9 de Kalemie","og_description":"Remise des kits de la clinique dentaire Dans leur existence, les CUK ont \u00e9t\u00e9 plac\u00e9es sous l\u2019autorit\u00e9 scientifique de la Facult\u00e9 de Sciences biom\u00e9dicales mais ayant une nette autonomie de gestion et d\u00e9pendant, pour ce faire,\u00a0 directement du Conseil d\u2019Administration de l\u2019Universit\u00e9.\u00a0 Ainsi, les cliniques universitaires de Kalemie organisent les services suivants: P\u00e9diatrie Medecine interne&hellip;","og_url":"https:\/\/unikal.ac.cd\/index.php\/cliniques-universitaires\/","og_site_name":"Universit\u00e9 de Kalemie","article_modified_time":"2023-09-21T12:12:38+00:00","og_image":[{"url":"https:\/\/unikal.ac.cd\/wp-content\/uploads\/2023\/09\/clin-scaled.jpg","type":"","width":"","height":""}],"twitter_card":"summary_large_image","twitter_misc":{"Est. reading time":"1 minute"},"schema":{"@context":"https:\/\/schema.org","@graph":[{"@type":"WebPage","@id":"https:\/\/unikal.ac.cd\/index.php\/cliniques-universitaires\/","url":"https:\/\/unikal.ac.cd\/index.php\/cliniques-universitaires\/","name":"Cliniques Universitaires - Universit\u00e9 de Kalemie","isPartOf":{"@id":"https:\/\/unikal.ac.cd\/#website"},"primaryImageOfPage":{"@id":"https:\/\/unikal.ac.cd\/index.php\/cliniques-universitaires\/#primaryimage"},"image":{"@id":"https:\/\/unikal.ac.cd\/index.php\/cliniques-universitaires\/#primaryimage"},"thumbnailUrl":"https:\/\/unikal.ac.cd\/wp-content\/uploads\/2023\/09\/clin-scaled.jpg","datePublished":"2023-08-15T20:32:20+00:00","dateModified":"2023-09-21T12:12:38+00:00","breadcrumb":{"@id":"https:\/\/unikal.ac.cd\/index.php\/cliniques-universitaires\/#breadcrumb"},"inLanguage":"en-US","potentialAction":[{"@type":"ReadAction","target":["https:\/\/unikal.ac.cd\/index.php\/cliniques-universitaires\/"]}]},{"@type":"ImageObject","inLanguage":"en-US","@id":"https:\/\/unikal.ac.cd\/index.php\/cliniques-universitaires\/#primaryimage","url":"https:\/\/unikal.ac.cd\/wp-content\/uploads\/2023\/09\/clin-scaled.jpg","contentUrl":"https:\/\/unikal.ac.cd\/wp-content\/uploads\/2023\/09\/clin-scaled.jpg","width":2560,"height":1708},{"@type":"BreadcrumbList","@id":"https:\/\/unikal.ac.cd\/index.php\/cliniques-universitaires\/#breadcrumb","itemListElement":[{"@type":"ListItem","position":1,"name":"Home","item":"https:\/\/unikal.ac.cd\/"},{"@type":"ListItem","position":2,"name":"Cliniques Universitaires"}]},{"@type":"WebSite","@id":"https:\/\/unikal.ac.cd\/#website","url":"https:\/\/unikal.ac.cd\/","name":"Universit\u00e9 de Kalemie","description":"Lumi\u00e8re du Tanganyika","publisher":{"@id":"https:\/\/unikal.ac.cd\/#organization"},"potentialAction":[{"@type":"SearchAction","target":{"@type":"EntryPoint","urlTemplate":"https:\/\/unikal.ac.cd\/?s={search_term_string}"},"query-input":{"@type":"PropertyValueSpecification","valueRequired":true,"valueName":"search_term_string"}}],"inLanguage":"en-US"},{"@type":"Organization","@id":"https:\/\/unikal.ac.cd\/#organization","name":"Universit\u00e9 de Kalemie","url":"https:\/\/unikal.ac.cd\/","logo":{"@type":"ImageObject","inLanguage":"en-US","@id":"https:\/\/unikal.ac.cd\/#\/schema\/logo\/image\/","url":"https:\/\/unikal.ac.cd\/wp-content\/uploads\/2023\/08\/logo-unikal_013249.png","contentUrl":"https:\/\/unikal.ac.cd\/wp-content\/uploads\/2023\/08\/logo-unikal_013249.png","width":2100,"height":1500,"caption":"Universit\u00e9 de Kalemie"},"image":{"@id":"https:\/\/unikal.ac.cd\/#\/schema\/logo\/image\/"}}]}},"_links":{"self":[{"href":"https:\/\/unikal.ac.cd\/index.php\/wp-json\/wp\/v2\/pages\/65","targetHints":{"allow":["GET"]}}],"collection":[{"href":"https:\/\/unikal.ac.cd\/index.php\/wp-json\/wp\/v2\/pages"}],"about":[{"href":"https:\/\/unikal.ac.cd\/index.php\/wp-json\/wp\/v2\/types\/page"}],"author":[{"embeddable":true,"href":"https:\/\/unikal.ac.cd\/index.php\/wp-json\/wp\/v2\/users\/1"}],"replies":[{"embeddable":true,"href":"https:\/\/unikal.ac.cd\/index.php\/wp-json\/wp\/v2\/comments?post=65"}],"version-history":[{"count":16,"href":"https:\/\/unikal.ac.cd\/index.php\/wp-json\/wp\/v2\/pages\/65\/revisions"}],"predecessor-version":[{"id":292,"href":"https:\/\/unikal.ac.cd\/index.php\/wp-json\/wp\/v2\/pages\/65\/revisions\/292"}],"wp:attachment":[{"href":"https:\/\/unikal.ac.cd\/index.php\/wp-json\/wp\/v2\/media?parent=65"}],"curies":[{"name":"wp","href":"https:\/\/api.w.org\/{rel}","templated":true}]}}