{"id":654,"date":"2024-01-23T17:08:31","date_gmt":"2024-01-23T17:08:31","guid":{"rendered":"https:\/\/unikal.ac.cd\/?page_id=654"},"modified":"2025-03-14T09:21:54","modified_gmt":"2025-03-14T09:21:54","slug":"universite-de-kalemie-le-domaine-des-sciences-agronomiques-et-de-lenvironnement-envoie-en-stage-pres-dune-centaine-detudiants-de-troisieme-baccalaureat","status":"publish","type":"page","link":"https:\/\/unikal.ac.cd\/index.php\/universite-de-kalemie-le-domaine-des-sciences-agronomiques-et-de-lenvironnement-envoie-en-stage-pres-dune-centaine-detudiants-de-troisieme-baccalaureat\/","title":{"rendered":"UNIVERSIT\u00c9 DE KALEMIE :\u00a0 LE DOMAINE DES SCIENCES AGRONOMIQUES ET DE L&#8217;ENVIRONNEMENT ENVOIE EN STAGE PR\u00c8S D&#8217;UNE CENTAINE D&#8217;\u00c9TUDIANTS DE TROISI\u00c8ME BACCALAUR\u00c9AT."},"content":{"rendered":"\t\t<div data-elementor-type=\"wp-page\" data-elementor-id=\"654\" class=\"elementor elementor-654\">\n\t\t\t\t\t\t<section class=\"elementor-section elementor-top-section elementor-element elementor-element-51c5ff5 elementor-section-stretched elementor-section-boxed elementor-section-height-default elementor-section-height-default\" data-id=\"51c5ff5\" data-element_type=\"section\" data-e-type=\"section\" data-settings=\"{&quot;stretch_section&quot;:&quot;section-stretched&quot;}\">\n\t\t\t\t\t\t<div class=\"elementor-container elementor-column-gap-default\">\n\t\t\t\t\t<div class=\"elementor-column elementor-col-50 elementor-top-column elementor-element elementor-element-39822cc\" data-id=\"39822cc\" data-element_type=\"column\" data-e-type=\"column\">\n\t\t\t<div class=\"elementor-widget-wrap elementor-element-populated\">\n\t\t\t\t\t\t<div class=\"elementor-element elementor-element-fcebbd4 elementor-widget elementor-widget-spacer\" data-id=\"fcebbd4\" data-element_type=\"widget\" data-e-type=\"widget\" data-widget_type=\"spacer.default\">\n\t\t\t\t<div class=\"elementor-widget-container\">\n\t\t\t\t\t\t\t<div class=\"elementor-spacer\">\n\t\t\t<div class=\"elementor-spacer-inner\"><\/div>\n\t\t<\/div>\n\t\t\t\t\t\t<\/div>\n\t\t\t\t<\/div>\n\t\t\t\t<div class=\"elementor-element elementor-element-35f4e9a elementor-widget elementor-widget-heading\" data-id=\"35f4e9a\" data-element_type=\"widget\" data-e-type=\"widget\" data-widget_type=\"heading.default\">\n\t\t\t\t<div class=\"elementor-widget-container\">\n\t\t\t\t\t<h2 class=\"elementor-heading-title elementor-size-default\">LE DOMAINE DES SCIENCES AGRONOMIQUES ET DE L'ENVIRONNEMENT ENVOIE EN STAGE PR\u00c8S D'UNE CENTAINE D'\u00c9TUDIANTS DE TROISI\u00c8ME BACCALAUR\u00c9AT.<\/h2>\t\t\t\t<\/div>\n\t\t\t\t<\/div>\n\t\t\t\t<div class=\"elementor-element elementor-element-2e9ac62 elementor-widget elementor-widget-text-editor\" data-id=\"2e9ac62\" data-element_type=\"widget\" data-e-type=\"widget\" data-widget_type=\"text-editor.default\">\n\t\t\t\t<div class=\"elementor-widget-container\">\n\t\t\t\t\t\t\t\t\t<p>Respectueux du calendrier acad\u00e9mique face aux exigences du syst\u00e8me LICENCE MASTER DOCTORAT, le domaine d&#8217;\u00e9tudes des Sciences agronomiques et de l&#8217;environnement de la prestigieuse Universit\u00e9 de Kalemie que dirige le Recteur Professeur Ordinaire Victor KALUNGA TSHIKALA a envoy\u00e9 pr\u00e8s d&#8217;une centaine d&#8217;\u00e9tudiants en stage acad\u00e9mique r\u00e9partie selon leurs fili\u00e8res.<\/p>\n<p>Pour ceux de la fili\u00e8re Phytotechnie par exemple,&nbsp; certains d&#8217;entre eux sont partis \u00e0 Bukavu \u00e0 l&#8217;Institut national d&#8217;\u00e9tudes et de recherches agricoles de Mulungu INERA Mulungu en sigle, et d&#8217;autres ont choisi de rester \u00e0 Kalemie \u00e0 la grande ferme de leur Universit\u00e9.<\/p>\n<p>Ainsi, pendant 30 jours, plusieurs activit\u00e9s dans le domaine de la production v\u00e9g\u00e9tale seront r\u00e9alis\u00e9es \u00e0 l&#8217;occurrence : L&#8217;activit\u00e9 raisonn\u00e9e;&nbsp; Activit\u00e9s personnelles du terrain; les principales cultures vivri\u00e8res ; Multiplication des semences ; Identification des maladies \u00e0 l&#8217;aide des outils modernes ; \u00c9valuation du rendement des produits agricoles ;&nbsp;&nbsp;<\/p>\t\t\t\t\t\t\t\t<\/div>\n\t\t\t\t<\/div>\n\t\t\t\t\t<\/div>\n\t\t<\/div>\n\t\t\t\t<div class=\"elementor-column elementor-col-50 elementor-top-column elementor-element elementor-element-a9312d0\" data-id=\"a9312d0\" data-element_type=\"column\" data-e-type=\"column\">\n\t\t\t<div class=\"elementor-widget-wrap elementor-element-populated\">\n\t\t\t\t\t\t<div class=\"elementor-element elementor-element-656e23c elementor-widget elementor-widget-spacer\" data-id=\"656e23c\" data-element_type=\"widget\" data-e-type=\"widget\" data-widget_type=\"spacer.default\">\n\t\t\t\t<div class=\"elementor-widget-container\">\n\t\t\t\t\t\t\t<div class=\"elementor-spacer\">\n\t\t\t<div class=\"elementor-spacer-inner\"><\/div>\n\t\t<\/div>\n\t\t\t\t\t\t<\/div>\n\t\t\t\t<\/div>\n\t\t\t\t<div class=\"elementor-element elementor-element-522160b elementor-widget elementor-widget-image\" data-id=\"522160b\" data-element_type=\"widget\" data-e-type=\"widget\" data-widget_type=\"image.default\">\n\t\t\t\t<div class=\"elementor-widget-container\">\n\t\t\t\t\t\t\t\t\t\t\t\t\t\t\t<img fetchpriority=\"high\" decoding=\"async\" width=\"640\" height=\"506\" src=\"https:\/\/unikal.ac.cd\/wp-content\/uploads\/2024\/01\/PHOTO-2024-01-23-12-28-48-1024x810.jpg\" class=\"attachment-large size-large wp-image-655\" alt=\"\" \/>\t\t\t\t\t\t\t\t\t\t\t\t\t\t\t<\/div>\n\t\t\t\t<\/div>\n\t\t\t\t\t<\/div>\n\t\t<\/div>\n\t\t\t\t\t<\/div>\n\t\t<\/section>\n\t\t\t\t<section class=\"elementor-section elementor-top-section elementor-element elementor-element-965abc0 elementor-section-stretched elementor-section-boxed elementor-section-height-default elementor-section-height-default\" data-id=\"965abc0\" data-element_type=\"section\" data-e-type=\"section\" data-settings=\"{&quot;stretch_section&quot;:&quot;section-stretched&quot;}\">\n\t\t\t\t\t\t<div class=\"elementor-container elementor-column-gap-default\">\n\t\t\t\t\t<div class=\"elementor-column elementor-col-100 elementor-top-column elementor-element elementor-element-a24a8ee\" data-id=\"a24a8ee\" data-element_type=\"column\" data-e-type=\"column\">\n\t\t\t<div class=\"elementor-widget-wrap elementor-element-populated\">\n\t\t\t\t\t\t<div class=\"elementor-element elementor-element-15d0314 elementor-widget elementor-widget-text-editor\" data-id=\"15d0314\" data-element_type=\"widget\" data-e-type=\"widget\" data-widget_type=\"text-editor.default\">\n\t\t\t\t<div class=\"elementor-widget-container\">\n\t\t\t\t\t\t\t\t\t<p>Usage du GPS ; Syst\u00e8me de riziculture intensive ; Gestion int\u00e9gr\u00e9e de fertilit\u00e9 du sol; Fertilisation \u00e9quilibr\u00e9e des cultures ;\u00a0 Culture des plantes m\u00e9dicinales ; Traitement raisonn\u00e9 des pesticides ; Pratiques sur les cultures hors-sol.<\/p><p>es travaux pratiques et d&#8217;impr\u00e9gnation seront r\u00e9alis\u00e9s sous la conduite et supervision des Assistants Ing\u00e9nieurs NYAKOKPA SEMENYO , KITANGA CHARLES, KABONGE KABWEMA,\u00a0 MAWAZO KATABE, LWAMBA NDENGA, UMBA MWLILAMBWE ainsi que le Chef de Travaux Ir ENOCK KABOZA.<br \/><br \/>Par ailleurs ceux de l&#8217;\u00e9conomie agricole sont partis \u00e0 Bukavu \u00e0 l&#8217;Office National des Produits Agricoles Congolais ONAPAC en sigle pour passer le stage.<br \/>Signalons que gr\u00e2ce \u00e0 son r\u00e9seau de collaboration, l&#8217;Universit\u00e9 de Kalemie a envoy\u00e9 ses \u00e9tudiants en Sciences agronomiques et de l&#8217;environnement l&#8217;entreprise pharmaceutique Pharmakinat de Bukavu.<\/p>\t\t\t\t\t\t\t\t<\/div>\n\t\t\t\t<\/div>\n\t\t\t\t\t<\/div>\n\t\t<\/div>\n\t\t\t\t\t<\/div>\n\t\t<\/section>\n\t\t\t\t<\/div>\n\t\t","protected":false},"excerpt":{"rendered":"<p>LE DOMAINE DES SCIENCES AGRONOMIQUES ET DE L&#8217;ENVIRONNEMENT ENVOIE EN STAGE PR\u00c8S D&#8217;UNE CENTAINE D&#8217;\u00c9TUDIANTS DE TROISI\u00c8ME BACCALAUR\u00c9AT. Respectueux du calendrier acad\u00e9mique face aux exigences du syst\u00e8me LICENCE MASTER DOCTORAT, le domaine d&#8217;\u00e9tudes des Sciences agronomiques et de l&#8217;environnement de la prestigieuse Universit\u00e9 de Kalemie que dirige le Recteur Professeur Ordinaire Victor KALUNGA TSHIKALA a&hellip;<\/p>\n","protected":false},"author":1,"featured_media":0,"parent":0,"menu_order":0,"comment_status":"closed","ping_status":"closed","template":"elementor_header_footer","meta":{"om_disable_all_campaigns":false,"_monsterinsights_skip_tracking":false,"_monsterinsights_sitenote_active":false,"_monsterinsights_sitenote_note":"","_monsterinsights_sitenote_category":0,"_uf_show_specific_survey":0,"_uf_disable_surveys":false,"footnotes":""},"class_list":["post-654","page","type-page","status-publish","hentry"],"yoast_head":"<!-- This site is optimized with the Yoast SEO plugin v26.9 - https:\/\/yoast.com\/product\/yoast-seo-wordpress\/ -->\n<title>UNIVERSIT\u00c9 DE KALEMIE :\u00a0 LE DOMAINE DES SCIENCES AGRONOMIQUES ET DE L&#039;ENVIRONNEMENT ENVOIE EN STAGE PR\u00c8S D&#039;UNE CENTAINE D&#039;\u00c9TUDIANTS DE TROISI\u00c8ME BACCALAUR\u00c9AT. - Universit\u00e9 de Kalemie<\/title>\n<meta name=\"robots\" content=\"index, follow, max-snippet:-1, max-image-preview:large, max-video-preview:-1\" \/>\n<link rel=\"canonical\" href=\"https:\/\/unikal.ac.cd\/index.php\/universite-de-kalemie-le-domaine-des-sciences-agronomiques-et-de-lenvironnement-envoie-en-stage-pres-dune-centaine-detudiants-de-troisieme-baccalaureat\/\" \/>\n<meta property=\"og:locale\" content=\"en_US\" \/>\n<meta property=\"og:type\" content=\"article\" \/>\n<meta property=\"og:title\" content=\"UNIVERSIT\u00c9 DE KALEMIE :\u00a0 LE DOMAINE DES SCIENCES AGRONOMIQUES ET DE L&#039;ENVIRONNEMENT ENVOIE EN STAGE PR\u00c8S D&#039;UNE CENTAINE D&#039;\u00c9TUDIANTS DE TROISI\u00c8ME BACCALAUR\u00c9AT. - Universit\u00e9 de Kalemie\" \/>\n<meta property=\"og:description\" content=\"LE DOMAINE DES SCIENCES AGRONOMIQUES ET DE L&#8217;ENVIRONNEMENT ENVOIE EN STAGE PR\u00c8S D&#8217;UNE CENTAINE D&#8217;\u00c9TUDIANTS DE TROISI\u00c8ME BACCALAUR\u00c9AT. Respectueux du calendrier acad\u00e9mique face aux exigences du syst\u00e8me LICENCE MASTER DOCTORAT, le domaine d&#8217;\u00e9tudes des Sciences agronomiques et de l&#8217;environnement de la prestigieuse Universit\u00e9 de Kalemie que dirige le Recteur Professeur Ordinaire Victor KALUNGA TSHIKALA a&hellip;\" \/>\n<meta property=\"og:url\" content=\"https:\/\/unikal.ac.cd\/index.php\/universite-de-kalemie-le-domaine-des-sciences-agronomiques-et-de-lenvironnement-envoie-en-stage-pres-dune-centaine-detudiants-de-troisieme-baccalaureat\/\" \/>\n<meta property=\"og:site_name\" content=\"Universit\u00e9 de Kalemie\" \/>\n<meta property=\"article:modified_time\" content=\"2025-03-14T09:21:54+00:00\" \/>\n<meta property=\"og:image\" content=\"https:\/\/unikal.ac.cd\/wp-content\/uploads\/2024\/01\/PHOTO-2024-01-23-12-28-48.jpg\" \/>\n\t<meta property=\"og:image:width\" content=\"1080\" \/>\n\t<meta property=\"og:image:height\" content=\"810\" \/>\n\t<meta property=\"og:image:type\" content=\"image\/jpeg\" \/>\n<meta name=\"twitter:card\" content=\"summary_large_image\" \/>\n<meta name=\"twitter:label1\" content=\"Est. reading time\" \/>\n\t<meta name=\"twitter:data1\" content=\"2 minutes\" \/>\n<script type=\"application\/ld+json\" class=\"yoast-schema-graph\">{\"@context\":\"https:\/\/schema.org\",\"@graph\":[{\"@type\":\"WebPage\",\"@id\":\"https:\/\/unikal.ac.cd\/index.php\/universite-de-kalemie-le-domaine-des-sciences-agronomiques-et-de-lenvironnement-envoie-en-stage-pres-dune-centaine-detudiants-de-troisieme-baccalaureat\/\",\"url\":\"https:\/\/unikal.ac.cd\/index.php\/universite-de-kalemie-le-domaine-des-sciences-agronomiques-et-de-lenvironnement-envoie-en-stage-pres-dune-centaine-detudiants-de-troisieme-baccalaureat\/\",\"name\":\"UNIVERSIT\u00c9 DE KALEMIE :\u00a0 LE DOMAINE DES SCIENCES AGRONOMIQUES ET DE L'ENVIRONNEMENT ENVOIE EN STAGE PR\u00c8S D'UNE CENTAINE D'\u00c9TUDIANTS DE TROISI\u00c8ME BACCALAUR\u00c9AT. - Universit\u00e9 de Kalemie\",\"isPartOf\":{\"@id\":\"https:\/\/unikal.ac.cd\/#website\"},\"primaryImageOfPage\":{\"@id\":\"https:\/\/unikal.ac.cd\/index.php\/universite-de-kalemie-le-domaine-des-sciences-agronomiques-et-de-lenvironnement-envoie-en-stage-pres-dune-centaine-detudiants-de-troisieme-baccalaureat\/#primaryimage\"},\"image\":{\"@id\":\"https:\/\/unikal.ac.cd\/index.php\/universite-de-kalemie-le-domaine-des-sciences-agronomiques-et-de-lenvironnement-envoie-en-stage-pres-dune-centaine-detudiants-de-troisieme-baccalaureat\/#primaryimage\"},\"thumbnailUrl\":\"https:\/\/unikal.ac.cd\/wp-content\/uploads\/2024\/01\/PHOTO-2024-01-23-12-28-48-1024x810.jpg\",\"datePublished\":\"2024-01-23T17:08:31+00:00\",\"dateModified\":\"2025-03-14T09:21:54+00:00\",\"breadcrumb\":{\"@id\":\"https:\/\/unikal.ac.cd\/index.php\/universite-de-kalemie-le-domaine-des-sciences-agronomiques-et-de-lenvironnement-envoie-en-stage-pres-dune-centaine-detudiants-de-troisieme-baccalaureat\/#breadcrumb\"},\"inLanguage\":\"en-US\",\"potentialAction\":[{\"@type\":\"ReadAction\",\"target\":[\"https:\/\/unikal.ac.cd\/index.php\/universite-de-kalemie-le-domaine-des-sciences-agronomiques-et-de-lenvironnement-envoie-en-stage-pres-dune-centaine-detudiants-de-troisieme-baccalaureat\/\"]}]},{\"@type\":\"ImageObject\",\"inLanguage\":\"en-US\",\"@id\":\"https:\/\/unikal.ac.cd\/index.php\/universite-de-kalemie-le-domaine-des-sciences-agronomiques-et-de-lenvironnement-envoie-en-stage-pres-dune-centaine-detudiants-de-troisieme-baccalaureat\/#primaryimage\",\"url\":\"https:\/\/unikal.ac.cd\/wp-content\/uploads\/2024\/01\/PHOTO-2024-01-23-12-28-48.jpg\",\"contentUrl\":\"https:\/\/unikal.ac.cd\/wp-content\/uploads\/2024\/01\/PHOTO-2024-01-23-12-28-48.jpg\",\"width\":1080,\"height\":810},{\"@type\":\"BreadcrumbList\",\"@id\":\"https:\/\/unikal.ac.cd\/index.php\/universite-de-kalemie-le-domaine-des-sciences-agronomiques-et-de-lenvironnement-envoie-en-stage-pres-dune-centaine-detudiants-de-troisieme-baccalaureat\/#breadcrumb\",\"itemListElement\":[{\"@type\":\"ListItem\",\"position\":1,\"name\":\"Home\",\"item\":\"https:\/\/unikal.ac.cd\/\"},{\"@type\":\"ListItem\",\"position\":2,\"name\":\"UNIVERSIT\u00c9 DE KALEMIE :\u00a0 LE DOMAINE DES SCIENCES AGRONOMIQUES ET DE L&#8217;ENVIRONNEMENT ENVOIE EN STAGE PR\u00c8S D&#8217;UNE CENTAINE D&#8217;\u00c9TUDIANTS DE TROISI\u00c8ME BACCALAUR\u00c9AT.\"}]},{\"@type\":\"WebSite\",\"@id\":\"https:\/\/unikal.ac.cd\/#website\",\"url\":\"https:\/\/unikal.ac.cd\/\",\"name\":\"Universit\u00e9 de Kalemie\",\"description\":\"Lumi\u00e8re du Tanganyika\",\"publisher\":{\"@id\":\"https:\/\/unikal.ac.cd\/#organization\"},\"potentialAction\":[{\"@type\":\"SearchAction\",\"target\":{\"@type\":\"EntryPoint\",\"urlTemplate\":\"https:\/\/unikal.ac.cd\/?s={search_term_string}\"},\"query-input\":{\"@type\":\"PropertyValueSpecification\",\"valueRequired\":true,\"valueName\":\"search_term_string\"}}],\"inLanguage\":\"en-US\"},{\"@type\":\"Organization\",\"@id\":\"https:\/\/unikal.ac.cd\/#organization\",\"name\":\"Universit\u00e9 de Kalemie\",\"url\":\"https:\/\/unikal.ac.cd\/\",\"logo\":{\"@type\":\"ImageObject\",\"inLanguage\":\"en-US\",\"@id\":\"https:\/\/unikal.ac.cd\/#\/schema\/logo\/image\/\",\"url\":\"https:\/\/unikal.ac.cd\/wp-content\/uploads\/2023\/08\/logo-unikal_013249.png\",\"contentUrl\":\"https:\/\/unikal.ac.cd\/wp-content\/uploads\/2023\/08\/logo-unikal_013249.png\",\"width\":2100,\"height\":1500,\"caption\":\"Universit\u00e9 de Kalemie\"},\"image\":{\"@id\":\"https:\/\/unikal.ac.cd\/#\/schema\/logo\/image\/\"}}]}<\/script>\n<!-- \/ Yoast SEO plugin. -->","yoast_head_json":{"title":"UNIVERSIT\u00c9 DE KALEMIE :\u00a0 LE DOMAINE DES SCIENCES AGRONOMIQUES ET DE L'ENVIRONNEMENT ENVOIE EN STAGE PR\u00c8S D'UNE CENTAINE D'\u00c9TUDIANTS DE TROISI\u00c8ME BACCALAUR\u00c9AT. - Universit\u00e9 de Kalemie","robots":{"index":"index","follow":"follow","max-snippet":"max-snippet:-1","max-image-preview":"max-image-preview:large","max-video-preview":"max-video-preview:-1"},"canonical":"https:\/\/unikal.ac.cd\/index.php\/universite-de-kalemie-le-domaine-des-sciences-agronomiques-et-de-lenvironnement-envoie-en-stage-pres-dune-centaine-detudiants-de-troisieme-baccalaureat\/","og_locale":"en_US","og_type":"article","og_title":"UNIVERSIT\u00c9 DE KALEMIE :\u00a0 LE DOMAINE DES SCIENCES AGRONOMIQUES ET DE L'ENVIRONNEMENT ENVOIE EN STAGE PR\u00c8S D'UNE CENTAINE D'\u00c9TUDIANTS DE TROISI\u00c8ME BACCALAUR\u00c9AT. - Universit\u00e9 de Kalemie","og_description":"LE DOMAINE DES SCIENCES AGRONOMIQUES ET DE L&#8217;ENVIRONNEMENT ENVOIE EN STAGE PR\u00c8S D&#8217;UNE CENTAINE D&#8217;\u00c9TUDIANTS DE TROISI\u00c8ME BACCALAUR\u00c9AT. Respectueux du calendrier acad\u00e9mique face aux exigences du syst\u00e8me LICENCE MASTER DOCTORAT, le domaine d&#8217;\u00e9tudes des Sciences agronomiques et de l&#8217;environnement de la prestigieuse Universit\u00e9 de Kalemie que dirige le Recteur Professeur Ordinaire Victor KALUNGA TSHIKALA a&hellip;","og_url":"https:\/\/unikal.ac.cd\/index.php\/universite-de-kalemie-le-domaine-des-sciences-agronomiques-et-de-lenvironnement-envoie-en-stage-pres-dune-centaine-detudiants-de-troisieme-baccalaureat\/","og_site_name":"Universit\u00e9 de Kalemie","article_modified_time":"2025-03-14T09:21:54+00:00","og_image":[{"width":1080,"height":810,"url":"https:\/\/unikal.ac.cd\/wp-content\/uploads\/2024\/01\/PHOTO-2024-01-23-12-28-48.jpg","type":"image\/jpeg"}],"twitter_card":"summary_large_image","twitter_misc":{"Est. reading time":"2 minutes"},"schema":{"@context":"https:\/\/schema.org","@graph":[{"@type":"WebPage","@id":"https:\/\/unikal.ac.cd\/index.php\/universite-de-kalemie-le-domaine-des-sciences-agronomiques-et-de-lenvironnement-envoie-en-stage-pres-dune-centaine-detudiants-de-troisieme-baccalaureat\/","url":"https:\/\/unikal.ac.cd\/index.php\/universite-de-kalemie-le-domaine-des-sciences-agronomiques-et-de-lenvironnement-envoie-en-stage-pres-dune-centaine-detudiants-de-troisieme-baccalaureat\/","name":"UNIVERSIT\u00c9 DE KALEMIE :\u00a0 LE DOMAINE DES SCIENCES AGRONOMIQUES ET DE L'ENVIRONNEMENT ENVOIE EN STAGE PR\u00c8S D'UNE CENTAINE D'\u00c9TUDIANTS DE TROISI\u00c8ME BACCALAUR\u00c9AT. - Universit\u00e9 de Kalemie","isPartOf":{"@id":"https:\/\/unikal.ac.cd\/#website"},"primaryImageOfPage":{"@id":"https:\/\/unikal.ac.cd\/index.php\/universite-de-kalemie-le-domaine-des-sciences-agronomiques-et-de-lenvironnement-envoie-en-stage-pres-dune-centaine-detudiants-de-troisieme-baccalaureat\/#primaryimage"},"image":{"@id":"https:\/\/unikal.ac.cd\/index.php\/universite-de-kalemie-le-domaine-des-sciences-agronomiques-et-de-lenvironnement-envoie-en-stage-pres-dune-centaine-detudiants-de-troisieme-baccalaureat\/#primaryimage"},"thumbnailUrl":"https:\/\/unikal.ac.cd\/wp-content\/uploads\/2024\/01\/PHOTO-2024-01-23-12-28-48-1024x810.jpg","datePublished":"2024-01-23T17:08:31+00:00","dateModified":"2025-03-14T09:21:54+00:00","breadcrumb":{"@id":"https:\/\/unikal.ac.cd\/index.php\/universite-de-kalemie-le-domaine-des-sciences-agronomiques-et-de-lenvironnement-envoie-en-stage-pres-dune-centaine-detudiants-de-troisieme-baccalaureat\/#breadcrumb"},"inLanguage":"en-US","potentialAction":[{"@type":"ReadAction","target":["https:\/\/unikal.ac.cd\/index.php\/universite-de-kalemie-le-domaine-des-sciences-agronomiques-et-de-lenvironnement-envoie-en-stage-pres-dune-centaine-detudiants-de-troisieme-baccalaureat\/"]}]},{"@type":"ImageObject","inLanguage":"en-US","@id":"https:\/\/unikal.ac.cd\/index.php\/universite-de-kalemie-le-domaine-des-sciences-agronomiques-et-de-lenvironnement-envoie-en-stage-pres-dune-centaine-detudiants-de-troisieme-baccalaureat\/#primaryimage","url":"https:\/\/unikal.ac.cd\/wp-content\/uploads\/2024\/01\/PHOTO-2024-01-23-12-28-48.jpg","contentUrl":"https:\/\/unikal.ac.cd\/wp-content\/uploads\/2024\/01\/PHOTO-2024-01-23-12-28-48.jpg","width":1080,"height":810},{"@type":"BreadcrumbList","@id":"https:\/\/unikal.ac.cd\/index.php\/universite-de-kalemie-le-domaine-des-sciences-agronomiques-et-de-lenvironnement-envoie-en-stage-pres-dune-centaine-detudiants-de-troisieme-baccalaureat\/#breadcrumb","itemListElement":[{"@type":"ListItem","position":1,"name":"Home","item":"https:\/\/unikal.ac.cd\/"},{"@type":"ListItem","position":2,"name":"UNIVERSIT\u00c9 DE KALEMIE :\u00a0 LE DOMAINE DES SCIENCES AGRONOMIQUES ET DE L&#8217;ENVIRONNEMENT ENVOIE EN STAGE PR\u00c8S D&#8217;UNE CENTAINE D&#8217;\u00c9TUDIANTS DE TROISI\u00c8ME BACCALAUR\u00c9AT."}]},{"@type":"WebSite","@id":"https:\/\/unikal.ac.cd\/#website","url":"https:\/\/unikal.ac.cd\/","name":"Universit\u00e9 de Kalemie","description":"Lumi\u00e8re du Tanganyika","publisher":{"@id":"https:\/\/unikal.ac.cd\/#organization"},"potentialAction":[{"@type":"SearchAction","target":{"@type":"EntryPoint","urlTemplate":"https:\/\/unikal.ac.cd\/?s={search_term_string}"},"query-input":{"@type":"PropertyValueSpecification","valueRequired":true,"valueName":"search_term_string"}}],"inLanguage":"en-US"},{"@type":"Organization","@id":"https:\/\/unikal.ac.cd\/#organization","name":"Universit\u00e9 de Kalemie","url":"https:\/\/unikal.ac.cd\/","logo":{"@type":"ImageObject","inLanguage":"en-US","@id":"https:\/\/unikal.ac.cd\/#\/schema\/logo\/image\/","url":"https:\/\/unikal.ac.cd\/wp-content\/uploads\/2023\/08\/logo-unikal_013249.png","contentUrl":"https:\/\/unikal.ac.cd\/wp-content\/uploads\/2023\/08\/logo-unikal_013249.png","width":2100,"height":1500,"caption":"Universit\u00e9 de Kalemie"},"image":{"@id":"https:\/\/unikal.ac.cd\/#\/schema\/logo\/image\/"}}]}},"_links":{"self":[{"href":"https:\/\/unikal.ac.cd\/index.php\/wp-json\/wp\/v2\/pages\/654","targetHints":{"allow":["GET"]}}],"collection":[{"href":"https:\/\/unikal.ac.cd\/index.php\/wp-json\/wp\/v2\/pages"}],"about":[{"href":"https:\/\/unikal.ac.cd\/index.php\/wp-json\/wp\/v2\/types\/page"}],"author":[{"embeddable":true,"href":"https:\/\/unikal.ac.cd\/index.php\/wp-json\/wp\/v2\/users\/1"}],"replies":[{"embeddable":true,"href":"https:\/\/unikal.ac.cd\/index.php\/wp-json\/wp\/v2\/comments?post=654"}],"version-history":[{"count":3,"href":"https:\/\/unikal.ac.cd\/index.php\/wp-json\/wp\/v2\/pages\/654\/revisions"}],"predecessor-version":[{"id":658,"href":"https:\/\/unikal.ac.cd\/index.php\/wp-json\/wp\/v2\/pages\/654\/revisions\/658"}],"wp:attachment":[{"href":"https:\/\/unikal.ac.cd\/index.php\/wp-json\/wp\/v2\/media?parent=654"}],"curies":[{"name":"wp","href":"https:\/\/api.w.org\/{rel}","templated":true}]}}