{"id":68,"date":"2023-08-15T20:32:20","date_gmt":"2023-08-15T20:32:20","guid":{"rendered":"https:\/\/unikal.ac.cd\/?page_id=68"},"modified":"2023-09-28T21:55:42","modified_gmt":"2023-09-28T21:55:42","slug":"bibliotheque","status":"publish","type":"page","link":"https:\/\/unikal.ac.cd\/index.php\/bibliotheque\/","title":{"rendered":"Biblioth\u00e8que"},"content":{"rendered":"\t\t<div data-elementor-type=\"wp-page\" data-elementor-id=\"68\" class=\"elementor elementor-68\">\n\t\t\t\t\t\t<section class=\"elementor-section elementor-top-section elementor-element elementor-element-9cfb0d6 elementor-section-boxed elementor-section-height-default elementor-section-height-default\" data-id=\"9cfb0d6\" data-element_type=\"section\" data-e-type=\"section\">\n\t\t\t\t\t\t<div class=\"elementor-container elementor-column-gap-default\">\n\t\t\t\t\t<div class=\"elementor-column elementor-col-100 elementor-top-column elementor-element elementor-element-478e2ae\" data-id=\"478e2ae\" data-element_type=\"column\" data-e-type=\"column\">\n\t\t\t<div class=\"elementor-widget-wrap elementor-element-populated\">\n\t\t\t\t\t\t<div class=\"elementor-element elementor-element-91b5b1b elementor-widget elementor-widget-spacer\" data-id=\"91b5b1b\" data-element_type=\"widget\" data-e-type=\"widget\" data-widget_type=\"spacer.default\">\n\t\t\t\t<div class=\"elementor-widget-container\">\n\t\t\t\t\t\t\t<div class=\"elementor-spacer\">\n\t\t\t<div class=\"elementor-spacer-inner\"><\/div>\n\t\t<\/div>\n\t\t\t\t\t\t<\/div>\n\t\t\t\t<\/div>\n\t\t\t\t\t<\/div>\n\t\t<\/div>\n\t\t\t\t\t<\/div>\n\t\t<\/section>\n\t\t\t\t<section class=\"elementor-section elementor-top-section elementor-element elementor-element-5bb1c18 elementor-section-stretched elementor-section-boxed elementor-section-height-default elementor-section-height-default\" data-id=\"5bb1c18\" data-element_type=\"section\" data-e-type=\"section\" data-settings=\"{&quot;stretch_section&quot;:&quot;section-stretched&quot;}\">\n\t\t\t\t\t\t<div class=\"elementor-container elementor-column-gap-default\">\n\t\t\t\t\t<div class=\"elementor-column elementor-col-100 elementor-top-column elementor-element elementor-element-fa95666\" data-id=\"fa95666\" data-element_type=\"column\" data-e-type=\"column\">\n\t\t\t<div class=\"elementor-widget-wrap elementor-element-populated\">\n\t\t\t\t\t\t<div class=\"elementor-element elementor-element-9ca694f elementor-widget elementor-widget-text-editor\" data-id=\"9ca694f\" data-element_type=\"widget\" data-e-type=\"widget\" data-widget_type=\"text-editor.default\">\n\t\t\t\t<div class=\"elementor-widget-container\">\n\t\t\t\t\t\t\t\t\t<div class=\"wpb_text_column wpb_content_element \">\n<div class=\"wpb_wrapper\">\n<p>La Biblioth\u00e8que principale est un service technique du S\u00e9cretaire Gen\u00e9ral Acad\u00e9miques.&nbsp;<span class=\"VIpgJd-yAWNEb-VIpgJd-fmcmS-sn54Q\">Sa mission est d&#8217;acqu\u00e9rir, de conserver et de diffuser les informations qui y sont contenues.<\/span><\/p>\n<p><strong>Le d\u00e9but de la biblioth\u00e8que<\/strong><\/p>\n<p>L&#8217;histoire de la Biblioth\u00e8que centrale est li\u00e9e \u00e0 celle de l&#8217;Universit\u00e9. Lors de sa cr\u00e9ation le le&nbsp;<time datetime=\"2004-10-01\" data-sort-value=\"2004-10-01\"><abbr title=\"premier\">1<sup>er<\/sup><\/abbr>&nbsp;octobre 2004<\/time>, la biblioth\u00e8que s&#8217;est progressivement constitu\u00e9e.&nbsp;<\/p>\n<p><strong>Un service tr\u00e8s important pour l\u2019enseignement et la recherche<\/strong><\/p>\n<p>Un enseignement de qualit\u00e9 n\u2019est possible que si l\u2019\u00e9tudiant peut acc\u00e9der aux informations et aux nouvelles connaissances en temps r\u00e9el.&nbsp;Lorsqu&#8217;une biblioth\u00e8que de haute qualit\u00e9 est disponible, le professeur peut raisonnablement demander la production d&#8217;\u00e9tudiants et \u00e9viter l&#8217;enseignement de r\u00e9tention.&nbsp;Un \u00e9l\u00e8ve compl\u00e9tera et comprendra certainement mieux ses notes s\u2019il a consult\u00e9 les livres qui correspondent aux le\u00e7ons apprises.&nbsp;Un cours indigeste devient donc plus intelligible apr\u00e8s de nombreuses lectures \u00e0 son sujet.&nbsp;Bref, sans une biblioth\u00e8que de qualit\u00e9, un universitaire n&#8217;assimilerait pas les mati\u00e8res enseign\u00e9es, restituerait par c\u0153ur aux professeurs les notions re\u00e7ues.&nbsp;Pour \u00e9viter cette pratique, un \u00e9tudiant assidu se connecte naturellement \u00e0 une biblioth\u00e8que et \u00e0 des serveurs modernes, comme Internet,<br>Enfin, une universit\u00e9 viable diffuse des informations scientifiques \u00e0 travers les publications et les recherches des \u00e9tudiants.&nbsp;C&#8217;est la Biblioth\u00e8que, en tant que conservatoire et diffuseur du savoir, qui met \u00e0 leur disposition les outils n\u00e9cessaires \u00e0 l&#8217;\u00e9ducation.<\/p>\n<p><strong>Une organisation ad\u00e9quate pour une plus grande utilit\u00e9<\/strong><\/p>\n<p>La Biblioth\u00e8que Principale dispose de deux types de personnel :<\/p>\n<p><strong>\u2013 du personnel scientifique : un directeur et un biblioth\u00e9caire.<\/strong><\/p>\n<p>Le Directeur a rang de Professeur.&nbsp;Il met la Biblioth\u00e8que principale en contact avec le monde scientifique ext\u00e9rieur.<br>Le Biblioth\u00e9caire Principal est charg\u00e9, sous l&#8217;autorit\u00e9 du secretaire g\u00e9n\u00e9ral acad\u00e9miques ou du Directeur, de la gestion, de la conservation et du d\u00e9veloppement de la Biblioth\u00e8que Centrale.&nbsp;Il supervise \u00e9galement les diff\u00e9rents d\u00e9partements de la Biblioth\u00e8que principale.<\/p>\n<p><strong>\u2013 Responsables administratifs ou aides-biblioth\u00e9caires<\/strong><br>\u2022 coller les pages au dos des livres ;<br>\u2022 ranger les livres sur des \u00e9tag\u00e8res&nbsp;;<br>\u2022 maintenir l&#8217;ordre dans les rayons;<br>\u2022 g\u00e9rer le service de pr\u00eat sur place et immobilier ;<br>\u2022 r\u00e9cup\u00e9rer les livres et autres documents emprunt\u00e9s.<\/p>\n<\/div>\n<\/div>\n<div class=\"wpb_text_column wpb_content_element \">\n<div class=\"wpb_wrapper\">\n<p><strong>Fonctionnement<\/strong><br>La biblioth\u00e8que est ouverte du lundi au vendredi de 8h \u00e0 16h.&nbsp;Du lundi au vendredi, une permanence sp\u00e9ciale est organis\u00e9e de 16h \u00e0 20h et tous les samedis de 8h \u00e0 20h.<\/p>\n<p><strong>Modalit\u00e9s d&#8217;acc\u00e8s<\/strong><br>Pour acc\u00e9der aux diff\u00e9rents services de la Biblioth\u00e8que Principale, il suffit de d\u00e9tenir une carte d&#8217;acc\u00e8s ou une carte de service de l&#8217;Universit\u00e9.&nbsp;Un abonnement annuel de 10 USD est requis pour les abonn\u00e9s externes.<\/p>\n<p><strong>Accessibilit\u00e9 aux documents<\/strong><br>Il existe deux mani\u00e8res d&#8217;acc\u00e9der aux documents \u00e0 la biblioth\u00e8que : l&#8217;acc\u00e8s direct ou libre et l&#8217;acc\u00e8s indirect ou contr\u00f4l\u00e9.&nbsp;La biblioth\u00e8que principale utilise l&#8217;acc\u00e8s indirect ou contr\u00f4l\u00e9.&nbsp;Cette m\u00e9thode est int\u00e9ressante et offre un avantage majeur : elle ne permet pas aux abonn\u00e9s de retirer plusieurs livres \u00e0 la fois.&nbsp;Quoi qu&#8217;il en soit, le biblioth\u00e9caire doit s&#8217;assurer de communiquer avec les abonn\u00e9s et mettre le catalogue manuel ou \u00e9lectronique \u00e0 la disposition des abonn\u00e9s.&nbsp;La classification d\u00e9cimale Dewey est utilis\u00e9e \u00e0 la Biblioth\u00e8que principale.<\/p>\n<p><strong>La collection documentaire<\/strong><br>La Biblioth\u00e8que Principale compte plus de&nbsp; ouvrages. La Biblioth\u00e8que Principale de l&#8217;Universit\u00e9 est hybride, elle dispose de documents \u00e9lectroniques et papier.<\/p>\n<\/div>\n<\/div>\t\t\t\t\t\t\t\t<\/div>\n\t\t\t\t<\/div>\n\t\t\t\t\t<\/div>\n\t\t<\/div>\n\t\t\t\t\t<\/div>\n\t\t<\/section>\n\t\t\t\t<\/div>\n\t\t","protected":false},"excerpt":{"rendered":"<p>La Biblioth\u00e8que principale est un service technique du S\u00e9cretaire Gen\u00e9ral Acad\u00e9miques.&nbsp;Sa mission est d&#8217;acqu\u00e9rir, de conserver et de diffuser les informations qui y sont contenues. Le d\u00e9but de la biblioth\u00e8que L&#8217;histoire de la Biblioth\u00e8que centrale est li\u00e9e \u00e0 celle de l&#8217;Universit\u00e9. Lors de sa cr\u00e9ation le le&nbsp;1er&nbsp;octobre 2004, la biblioth\u00e8que s&#8217;est progressivement constitu\u00e9e.&nbsp; Un service&hellip;<\/p>\n","protected":false},"author":1,"featured_media":0,"parent":0,"menu_order":0,"comment_status":"closed","ping_status":"closed","template":"elementor_header_footer","meta":{"om_disable_all_campaigns":false,"_monsterinsights_skip_tracking":false,"_monsterinsights_sitenote_active":false,"_monsterinsights_sitenote_note":"","_monsterinsights_sitenote_category":0,"_uf_show_specific_survey":0,"_uf_disable_surveys":false,"footnotes":""},"class_list":["post-68","page","type-page","status-publish","hentry"],"yoast_head":"<!-- This site is optimized with the Yoast SEO plugin v26.9 - https:\/\/yoast.com\/product\/yoast-seo-wordpress\/ -->\n<title>Biblioth\u00e8que - Universit\u00e9 de Kalemie<\/title>\n<meta name=\"robots\" content=\"index, follow, max-snippet:-1, max-image-preview:large, max-video-preview:-1\" \/>\n<link rel=\"canonical\" href=\"https:\/\/unikal.ac.cd\/index.php\/bibliotheque\/\" \/>\n<meta property=\"og:locale\" content=\"en_US\" \/>\n<meta property=\"og:type\" content=\"article\" \/>\n<meta property=\"og:title\" content=\"Biblioth\u00e8que - Universit\u00e9 de Kalemie\" \/>\n<meta property=\"og:description\" content=\"La Biblioth\u00e8que principale est un service technique du S\u00e9cretaire Gen\u00e9ral Acad\u00e9miques.&nbsp;Sa mission est d&#8217;acqu\u00e9rir, de conserver et de diffuser les informations qui y sont contenues. Le d\u00e9but de la biblioth\u00e8que L&#8217;histoire de la Biblioth\u00e8que centrale est li\u00e9e \u00e0 celle de l&#8217;Universit\u00e9. Lors de sa cr\u00e9ation le le&nbsp;1er&nbsp;octobre 2004, la biblioth\u00e8que s&#8217;est progressivement constitu\u00e9e.&nbsp; Un service&hellip;\" \/>\n<meta property=\"og:url\" content=\"https:\/\/unikal.ac.cd\/index.php\/bibliotheque\/\" \/>\n<meta property=\"og:site_name\" content=\"Universit\u00e9 de Kalemie\" \/>\n<meta property=\"article:modified_time\" content=\"2023-09-28T21:55:42+00:00\" \/>\n<meta name=\"twitter:card\" content=\"summary_large_image\" \/>\n<meta name=\"twitter:label1\" content=\"Est. reading time\" \/>\n\t<meta name=\"twitter:data1\" content=\"3 minutes\" \/>\n<script type=\"application\/ld+json\" class=\"yoast-schema-graph\">{\"@context\":\"https:\/\/schema.org\",\"@graph\":[{\"@type\":\"WebPage\",\"@id\":\"https:\/\/unikal.ac.cd\/index.php\/bibliotheque\/\",\"url\":\"https:\/\/unikal.ac.cd\/index.php\/bibliotheque\/\",\"name\":\"Biblioth\u00e8que - Universit\u00e9 de Kalemie\",\"isPartOf\":{\"@id\":\"https:\/\/unikal.ac.cd\/#website\"},\"datePublished\":\"2023-08-15T20:32:20+00:00\",\"dateModified\":\"2023-09-28T21:55:42+00:00\",\"breadcrumb\":{\"@id\":\"https:\/\/unikal.ac.cd\/index.php\/bibliotheque\/#breadcrumb\"},\"inLanguage\":\"en-US\",\"potentialAction\":[{\"@type\":\"ReadAction\",\"target\":[\"https:\/\/unikal.ac.cd\/index.php\/bibliotheque\/\"]}]},{\"@type\":\"BreadcrumbList\",\"@id\":\"https:\/\/unikal.ac.cd\/index.php\/bibliotheque\/#breadcrumb\",\"itemListElement\":[{\"@type\":\"ListItem\",\"position\":1,\"name\":\"Home\",\"item\":\"https:\/\/unikal.ac.cd\/\"},{\"@type\":\"ListItem\",\"position\":2,\"name\":\"Biblioth\u00e8que\"}]},{\"@type\":\"WebSite\",\"@id\":\"https:\/\/unikal.ac.cd\/#website\",\"url\":\"https:\/\/unikal.ac.cd\/\",\"name\":\"Universit\u00e9 de Kalemie\",\"description\":\"Lumi\u00e8re du Tanganyika\",\"publisher\":{\"@id\":\"https:\/\/unikal.ac.cd\/#organization\"},\"potentialAction\":[{\"@type\":\"SearchAction\",\"target\":{\"@type\":\"EntryPoint\",\"urlTemplate\":\"https:\/\/unikal.ac.cd\/?s={search_term_string}\"},\"query-input\":{\"@type\":\"PropertyValueSpecification\",\"valueRequired\":true,\"valueName\":\"search_term_string\"}}],\"inLanguage\":\"en-US\"},{\"@type\":\"Organization\",\"@id\":\"https:\/\/unikal.ac.cd\/#organization\",\"name\":\"Universit\u00e9 de Kalemie\",\"url\":\"https:\/\/unikal.ac.cd\/\",\"logo\":{\"@type\":\"ImageObject\",\"inLanguage\":\"en-US\",\"@id\":\"https:\/\/unikal.ac.cd\/#\/schema\/logo\/image\/\",\"url\":\"https:\/\/unikal.ac.cd\/wp-content\/uploads\/2023\/08\/logo-unikal_013249.png\",\"contentUrl\":\"https:\/\/unikal.ac.cd\/wp-content\/uploads\/2023\/08\/logo-unikal_013249.png\",\"width\":2100,\"height\":1500,\"caption\":\"Universit\u00e9 de Kalemie\"},\"image\":{\"@id\":\"https:\/\/unikal.ac.cd\/#\/schema\/logo\/image\/\"}}]}<\/script>\n<!-- \/ Yoast SEO plugin. -->","yoast_head_json":{"title":"Biblioth\u00e8que - Universit\u00e9 de Kalemie","robots":{"index":"index","follow":"follow","max-snippet":"max-snippet:-1","max-image-preview":"max-image-preview:large","max-video-preview":"max-video-preview:-1"},"canonical":"https:\/\/unikal.ac.cd\/index.php\/bibliotheque\/","og_locale":"en_US","og_type":"article","og_title":"Biblioth\u00e8que - Universit\u00e9 de Kalemie","og_description":"La Biblioth\u00e8que principale est un service technique du S\u00e9cretaire Gen\u00e9ral Acad\u00e9miques.&nbsp;Sa mission est d&#8217;acqu\u00e9rir, de conserver et de diffuser les informations qui y sont contenues. Le d\u00e9but de la biblioth\u00e8que L&#8217;histoire de la Biblioth\u00e8que centrale est li\u00e9e \u00e0 celle de l&#8217;Universit\u00e9. Lors de sa cr\u00e9ation le le&nbsp;1er&nbsp;octobre 2004, la biblioth\u00e8que s&#8217;est progressivement constitu\u00e9e.&nbsp; Un service&hellip;","og_url":"https:\/\/unikal.ac.cd\/index.php\/bibliotheque\/","og_site_name":"Universit\u00e9 de Kalemie","article_modified_time":"2023-09-28T21:55:42+00:00","twitter_card":"summary_large_image","twitter_misc":{"Est. reading time":"3 minutes"},"schema":{"@context":"https:\/\/schema.org","@graph":[{"@type":"WebPage","@id":"https:\/\/unikal.ac.cd\/index.php\/bibliotheque\/","url":"https:\/\/unikal.ac.cd\/index.php\/bibliotheque\/","name":"Biblioth\u00e8que - Universit\u00e9 de Kalemie","isPartOf":{"@id":"https:\/\/unikal.ac.cd\/#website"},"datePublished":"2023-08-15T20:32:20+00:00","dateModified":"2023-09-28T21:55:42+00:00","breadcrumb":{"@id":"https:\/\/unikal.ac.cd\/index.php\/bibliotheque\/#breadcrumb"},"inLanguage":"en-US","potentialAction":[{"@type":"ReadAction","target":["https:\/\/unikal.ac.cd\/index.php\/bibliotheque\/"]}]},{"@type":"BreadcrumbList","@id":"https:\/\/unikal.ac.cd\/index.php\/bibliotheque\/#breadcrumb","itemListElement":[{"@type":"ListItem","position":1,"name":"Home","item":"https:\/\/unikal.ac.cd\/"},{"@type":"ListItem","position":2,"name":"Biblioth\u00e8que"}]},{"@type":"WebSite","@id":"https:\/\/unikal.ac.cd\/#website","url":"https:\/\/unikal.ac.cd\/","name":"Universit\u00e9 de Kalemie","description":"Lumi\u00e8re du Tanganyika","publisher":{"@id":"https:\/\/unikal.ac.cd\/#organization"},"potentialAction":[{"@type":"SearchAction","target":{"@type":"EntryPoint","urlTemplate":"https:\/\/unikal.ac.cd\/?s={search_term_string}"},"query-input":{"@type":"PropertyValueSpecification","valueRequired":true,"valueName":"search_term_string"}}],"inLanguage":"en-US"},{"@type":"Organization","@id":"https:\/\/unikal.ac.cd\/#organization","name":"Universit\u00e9 de Kalemie","url":"https:\/\/unikal.ac.cd\/","logo":{"@type":"ImageObject","inLanguage":"en-US","@id":"https:\/\/unikal.ac.cd\/#\/schema\/logo\/image\/","url":"https:\/\/unikal.ac.cd\/wp-content\/uploads\/2023\/08\/logo-unikal_013249.png","contentUrl":"https:\/\/unikal.ac.cd\/wp-content\/uploads\/2023\/08\/logo-unikal_013249.png","width":2100,"height":1500,"caption":"Universit\u00e9 de Kalemie"},"image":{"@id":"https:\/\/unikal.ac.cd\/#\/schema\/logo\/image\/"}}]}},"_links":{"self":[{"href":"https:\/\/unikal.ac.cd\/index.php\/wp-json\/wp\/v2\/pages\/68","targetHints":{"allow":["GET"]}}],"collection":[{"href":"https:\/\/unikal.ac.cd\/index.php\/wp-json\/wp\/v2\/pages"}],"about":[{"href":"https:\/\/unikal.ac.cd\/index.php\/wp-json\/wp\/v2\/types\/page"}],"author":[{"embeddable":true,"href":"https:\/\/unikal.ac.cd\/index.php\/wp-json\/wp\/v2\/users\/1"}],"replies":[{"embeddable":true,"href":"https:\/\/unikal.ac.cd\/index.php\/wp-json\/wp\/v2\/comments?post=68"}],"version-history":[{"count":4,"href":"https:\/\/unikal.ac.cd\/index.php\/wp-json\/wp\/v2\/pages\/68\/revisions"}],"predecessor-version":[{"id":381,"href":"https:\/\/unikal.ac.cd\/index.php\/wp-json\/wp\/v2\/pages\/68\/revisions\/381"}],"wp:attachment":[{"href":"https:\/\/unikal.ac.cd\/index.php\/wp-json\/wp\/v2\/media?parent=68"}],"curies":[{"name":"wp","href":"https:\/\/api.w.org\/{rel}","templated":true}]}}