{"id":72,"date":"2023-08-15T20:32:20","date_gmt":"2023-08-15T20:32:20","guid":{"rendered":"https:\/\/unikal.ac.cd\/?page_id=72"},"modified":"2024-01-09T17:18:33","modified_gmt":"2024-01-09T17:18:33","slug":"communiques-et-appel-doffres","status":"publish","type":"page","link":"https:\/\/unikal.ac.cd\/index.php\/communiques-et-appel-doffres\/","title":{"rendered":"Communiqu\u00e9s et Appel d&#8217;offres"},"content":{"rendered":"\t\t<div data-elementor-type=\"wp-page\" data-elementor-id=\"72\" class=\"elementor elementor-72\">\n\t\t\t\t\t\t<section class=\"elementor-section elementor-top-section elementor-element elementor-element-0f485e8 elementor-section-boxed elementor-section-height-default elementor-section-height-default\" data-id=\"0f485e8\" data-element_type=\"section\" data-e-type=\"section\">\n\t\t\t\t\t\t<div class=\"elementor-container elementor-column-gap-default\">\n\t\t\t\t\t<div class=\"elementor-column elementor-col-100 elementor-top-column elementor-element elementor-element-a91afe0\" data-id=\"a91afe0\" data-element_type=\"column\" data-e-type=\"column\">\n\t\t\t<div class=\"elementor-widget-wrap elementor-element-populated\">\n\t\t\t\t\t\t<div class=\"elementor-element elementor-element-336633f elementor-widget-divider--view-line elementor-widget elementor-widget-divider\" data-id=\"336633f\" data-element_type=\"widget\" data-e-type=\"widget\" data-widget_type=\"divider.default\">\n\t\t\t\t<div class=\"elementor-widget-container\">\n\t\t\t\t\t\t\t<div class=\"elementor-divider\">\n\t\t\t<span class=\"elementor-divider-separator\">\n\t\t\t\t\t\t<\/span>\n\t\t<\/div>\n\t\t\t\t\t\t<\/div>\n\t\t\t\t<\/div>\n\t\t\t\t\t<\/div>\n\t\t<\/div>\n\t\t\t\t\t<\/div>\n\t\t<\/section>\n\t\t\t\t<section class=\"elementor-section elementor-top-section elementor-element elementor-element-3e31310 elementor-section-boxed elementor-section-height-default elementor-section-height-default\" data-id=\"3e31310\" data-element_type=\"section\" data-e-type=\"section\">\n\t\t\t\t\t\t<div class=\"elementor-container elementor-column-gap-default\">\n\t\t\t\t\t<div class=\"elementor-column elementor-col-100 elementor-top-column elementor-element elementor-element-8ceeea4\" data-id=\"8ceeea4\" data-element_type=\"column\" data-e-type=\"column\">\n\t\t\t<div class=\"elementor-widget-wrap elementor-element-populated\">\n\t\t\t\t\t\t<div class=\"elementor-element elementor-element-3dd3194 elementor-widget elementor-widget-heading\" data-id=\"3dd3194\" data-element_type=\"widget\" data-e-type=\"widget\" data-widget_type=\"heading.default\">\n\t\t\t\t<div class=\"elementor-widget-container\">\n\t\t\t\t\t<h2 class=\"elementor-heading-title elementor-size-default\">Appel \u00e0 Candidature<\/h2>\t\t\t\t<\/div>\n\t\t\t\t<\/div>\n\t\t\t\t<div class=\"elementor-element elementor-element-e041ea9 elementor-widget elementor-widget-text-editor\" data-id=\"e041ea9\" data-element_type=\"widget\" data-e-type=\"widget\" data-widget_type=\"text-editor.default\">\n\t\t\t\t<div class=\"elementor-widget-container\">\n\t\t\t\t\t\t\t\t\t<p>L&#8217;Universit\u00e9 de Kalemie, Etablisserment public d&#8217;Enseignement Sup\u00e9rieur et Universitaire fonctionnant \u00e0 Kalemie (Province du Tanganyika) en R\u00e9publique D\u00e9mocratique du Congo, lance un <b>appel \u00e0 candidature<\/b> aux postes d&#8217;<b>Enseignants-chercheurs<\/b> pour sa <b>Facult\u00e9 de M\u00e9dicine<\/b>.&nbsp;<\/p>\n<p>Les Personnes interess\u00e9es et titulaires d&#8217;un <b>diplome de docteur \u00e0 th\u00e8se (PhD)<\/b> dans les domaines des <b>sciences de la sant\u00e9<\/b> et <b>des sciences biom\u00e9dicales<\/b> ou d&#8217;un <b>diplome d&#8217;agr\u00e9gation<\/b> en <b>M\u00e9decine<\/b> peuvent envoyer leurs dossiers en cliquant sur le bouton ci dessous et \u00e0 l&#8217;addresse suivante: rectorat.unikal@gmail.com&nbsp;<\/p>\n<p>La date limite pour le d\u00e9pot des candidatures: <i><b>Mercredi, 31 Janvier 2024 \u00e0 00heure<\/b><\/i>, heure de Kinshasa.&nbsp; &nbsp;<\/p>\t\t\t\t\t\t\t\t<\/div>\n\t\t\t\t<\/div>\n\t\t\t\t<div class=\"elementor-element elementor-element-100da19 elementor-align-center elementor-widget elementor-widget-button\" data-id=\"100da19\" data-element_type=\"widget\" data-e-type=\"widget\" data-widget_type=\"button.default\">\n\t\t\t\t<div class=\"elementor-widget-container\">\n\t\t\t\t\t\t\t\t\t<div class=\"elementor-button-wrapper\">\n\t\t\t\t\t<a class=\"elementor-button elementor-button-link elementor-size-sm\" href=\"http:\/\/www.unikal.ac.cd\/index.php\/elementor-548\/\">\n\t\t\t\t\t\t<span class=\"elementor-button-content-wrapper\">\n\t\t\t\t\t\t\t\t\t<span class=\"elementor-button-text\">Soumettre sa D\u00e9mande<\/span>\n\t\t\t\t\t<\/span>\n\t\t\t\t\t<\/a>\n\t\t\t\t<\/div>\n\t\t\t\t\t\t\t\t<\/div>\n\t\t\t\t<\/div>\n\t\t\t\t\t<\/div>\n\t\t<\/div>\n\t\t\t\t\t<\/div>\n\t\t<\/section>\n\t\t\t\t<section class=\"elementor-section elementor-top-section elementor-element elementor-element-0b35399 elementor-section-stretched elementor-section-boxed elementor-section-height-default elementor-section-height-default\" data-id=\"0b35399\" data-element_type=\"section\" data-e-type=\"section\" data-settings=\"{&quot;stretch_section&quot;:&quot;section-stretched&quot;}\">\n\t\t\t\t\t\t<div class=\"elementor-container elementor-column-gap-default\">\n\t\t\t\t\t<div class=\"elementor-column elementor-col-33 elementor-top-column elementor-element elementor-element-d1a6dfb\" data-id=\"d1a6dfb\" data-element_type=\"column\" data-e-type=\"column\">\n\t\t\t<div class=\"elementor-widget-wrap elementor-element-populated\">\n\t\t\t\t\t\t<div class=\"elementor-element elementor-element-8ac381a elementor-widget elementor-widget-heading\" data-id=\"8ac381a\" data-element_type=\"widget\" data-e-type=\"widget\" data-widget_type=\"heading.default\">\n\t\t\t\t<div class=\"elementor-widget-container\">\n\t\t\t\t\t<h2 class=\"elementor-heading-title elementor-size-default\">A l'intention des Doyens et Directeur<\/h2>\t\t\t\t<\/div>\n\t\t\t\t<\/div>\n\t\t\t\t<div class=\"elementor-element elementor-element-668094f elementor-widget elementor-widget-text-editor\" data-id=\"668094f\" data-element_type=\"widget\" data-e-type=\"widget\" data-widget_type=\"text-editor.default\">\n\t\t\t\t<div class=\"elementor-widget-container\">\n\t\t\t\t\t\t\t\t\t<div dir=\"auto\">Bonjour chers Doyens et Directeur,\u00a0<\/div><div dir=\"auto\">Sur instruction de Monsieur le SGAC, nous vous prions d&#8217;informer tous les finalistes qui ont satisfait et ceux qui attendent les recours qu&#8217;\u00e0 la place de SP\u00c9CIMENS de dipl\u00f4mes qui leur sont remis chaque ann\u00e9e, cette fois-ci, ce sont les attestations de fr\u00e9quentation qui leur seront remises lors de la C\u00e9r\u00e9monie de collation des grades academiques.<\/div><div dir=\"auto\">NB : Ces attestations sont \u00e0 payer \u00e0 la Caisse Centrale \u00e0 20$, et ils doivent remettre leurs photos passeport \u00e0 Monsieur l&#8217;Appariteur central au plus tard demain Vendredi13 Octobre 2023 \u00e0 12h00.\u00a0<\/div><div dir=\"auto\">\u00a0<\/div><div dir=\"auto\"><strong>Cellule de Communication<\/strong><\/div>\t\t\t\t\t\t\t\t<\/div>\n\t\t\t\t<\/div>\n\t\t\t\t\t<\/div>\n\t\t<\/div>\n\t\t\t\t<div class=\"elementor-column elementor-col-33 elementor-top-column elementor-element elementor-element-a968965\" data-id=\"a968965\" data-element_type=\"column\" data-e-type=\"column\">\n\t\t\t<div class=\"elementor-widget-wrap elementor-element-populated\">\n\t\t\t\t\t\t<div class=\"elementor-element elementor-element-811a2f7 elementor-widget elementor-widget-heading\" data-id=\"811a2f7\" data-element_type=\"widget\" data-e-type=\"widget\" data-widget_type=\"heading.default\">\n\t\t\t\t<div class=\"elementor-widget-container\">\n\t\t\t\t\t<h2 class=\"elementor-heading-title elementor-size-default\">Collation des grades academiques<\/h2>\t\t\t\t<\/div>\n\t\t\t\t<\/div>\n\t\t\t\t<div class=\"elementor-element elementor-element-2b85281 elementor-widget elementor-widget-text-editor\" data-id=\"2b85281\" data-element_type=\"widget\" data-e-type=\"widget\" data-widget_type=\"text-editor.default\">\n\t\t\t\t<div class=\"elementor-widget-container\">\n\t\t\t\t\t\t\t\t\t<p>Le Recteur de l\u2019Universit\u00e9 de Kalemie, le Professeur Ordinaire Victor KALUNGA TSHIKALA a l\u2019honneur de vous inviter \u00e0 rehausser de votre pr\u00e9sence, la double c\u00e9r\u00e9monie officielle de la collation des grades acad\u00e9miques et la cl\u00f4ture de l\u2019Ann\u00e9e acad\u00e9mique 2022-2023, qui aura lieu ce samedi 14 octobre 2023 \u00e0 l\u2019Universit\u00e9 de Kalemie.<\/p><p><strong>Cellule de Communication<\/strong><\/p>\t\t\t\t\t\t\t\t<\/div>\n\t\t\t\t<\/div>\n\t\t\t\t\t<\/div>\n\t\t<\/div>\n\t\t\t\t<div class=\"elementor-column elementor-col-33 elementor-top-column elementor-element elementor-element-265c666\" data-id=\"265c666\" data-element_type=\"column\" data-e-type=\"column\">\n\t\t\t<div class=\"elementor-widget-wrap elementor-element-populated\">\n\t\t\t\t\t\t<div class=\"elementor-element elementor-element-8673feb elementor-widget elementor-widget-heading\" data-id=\"8673feb\" data-element_type=\"widget\" data-e-type=\"widget\" data-widget_type=\"heading.default\">\n\t\t\t\t<div class=\"elementor-widget-container\">\n\t\t\t\t\t<h2 class=\"elementor-heading-title elementor-size-default\">Publication des R\u00e9sultats <\/h2>\t\t\t\t<\/div>\n\t\t\t\t<\/div>\n\t\t\t\t<div class=\"elementor-element elementor-element-8a01cc8 elementor-widget elementor-widget-text-editor\" data-id=\"8a01cc8\" data-element_type=\"widget\" data-e-type=\"widget\" data-widget_type=\"text-editor.default\">\n\t\t\t\t<div class=\"elementor-widget-container\">\n\t\t\t\t\t\t\t\t\t<p>Les Services Acad\u00e9miques de l&#8217;Universit\u00e9 de Kalemie informe la communaut\u00e9 universitaire que les r\u00e9sultats de la premi\u00e8re session de l&#8217;Ann\u00e9e acad\u00e9mique 2022-2023 sont disponibles sur le site de l&#8217;Universit\u00e9.<\/p><p><strong>Cellule de Communication<\/strong><\/p>\t\t\t\t\t\t\t\t<\/div>\n\t\t\t\t<\/div>\n\t\t\t\t\t<\/div>\n\t\t<\/div>\n\t\t\t\t\t<\/div>\n\t\t<\/section>\n\t\t\t\t<\/div>\n\t\t","protected":false},"excerpt":{"rendered":"<p>Appel \u00e0 Candidature L&#8217;Universit\u00e9 de Kalemie, Etablisserment public d&#8217;Enseignement Sup\u00e9rieur et Universitaire fonctionnant \u00e0 Kalemie (Province du Tanganyika) en R\u00e9publique D\u00e9mocratique du Congo, lance un appel \u00e0 candidature aux postes d&#8217;Enseignants-chercheurs pour sa Facult\u00e9 de M\u00e9dicine.&nbsp; Les Personnes interess\u00e9es et titulaires d&#8217;un diplome de docteur \u00e0 th\u00e8se (PhD) dans les domaines des sciences de la&hellip;<\/p>\n","protected":false},"author":1,"featured_media":0,"parent":0,"menu_order":0,"comment_status":"closed","ping_status":"closed","template":"elementor_header_footer","meta":{"om_disable_all_campaigns":false,"_monsterinsights_skip_tracking":false,"_monsterinsights_sitenote_active":false,"_monsterinsights_sitenote_note":"","_monsterinsights_sitenote_category":0,"_uf_show_specific_survey":0,"_uf_disable_surveys":false,"footnotes":""},"class_list":["post-72","page","type-page","status-publish","hentry"],"yoast_head":"<!-- This site is optimized with the Yoast SEO plugin v26.9 - https:\/\/yoast.com\/product\/yoast-seo-wordpress\/ -->\n<title>Communiqu\u00e9s et Appel d&#039;offres - Universit\u00e9 de Kalemie<\/title>\n<meta name=\"robots\" content=\"index, follow, max-snippet:-1, max-image-preview:large, max-video-preview:-1\" \/>\n<link rel=\"canonical\" href=\"https:\/\/unikal.ac.cd\/index.php\/communiques-et-appel-doffres\/\" \/>\n<meta property=\"og:locale\" content=\"en_US\" \/>\n<meta property=\"og:type\" content=\"article\" \/>\n<meta property=\"og:title\" content=\"Communiqu\u00e9s et Appel d&#039;offres - Universit\u00e9 de Kalemie\" \/>\n<meta property=\"og:description\" content=\"Appel \u00e0 Candidature L&#8217;Universit\u00e9 de Kalemie, Etablisserment public d&#8217;Enseignement Sup\u00e9rieur et Universitaire fonctionnant \u00e0 Kalemie (Province du Tanganyika) en R\u00e9publique D\u00e9mocratique du Congo, lance un appel \u00e0 candidature aux postes d&#8217;Enseignants-chercheurs pour sa Facult\u00e9 de M\u00e9dicine.&nbsp; Les Personnes interess\u00e9es et titulaires d&#8217;un diplome de docteur \u00e0 th\u00e8se (PhD) dans les domaines des sciences de la&hellip;\" \/>\n<meta property=\"og:url\" content=\"https:\/\/unikal.ac.cd\/index.php\/communiques-et-appel-doffres\/\" \/>\n<meta property=\"og:site_name\" content=\"Universit\u00e9 de Kalemie\" \/>\n<meta property=\"article:modified_time\" content=\"2024-01-09T17:18:33+00:00\" \/>\n<meta name=\"twitter:card\" content=\"summary_large_image\" \/>\n<meta name=\"twitter:label1\" content=\"Est. reading time\" \/>\n\t<meta name=\"twitter:data1\" content=\"2 minutes\" \/>\n<script type=\"application\/ld+json\" class=\"yoast-schema-graph\">{\"@context\":\"https:\/\/schema.org\",\"@graph\":[{\"@type\":\"WebPage\",\"@id\":\"https:\/\/unikal.ac.cd\/index.php\/communiques-et-appel-doffres\/\",\"url\":\"https:\/\/unikal.ac.cd\/index.php\/communiques-et-appel-doffres\/\",\"name\":\"Communiqu\u00e9s et Appel d'offres - Universit\u00e9 de Kalemie\",\"isPartOf\":{\"@id\":\"https:\/\/unikal.ac.cd\/#website\"},\"datePublished\":\"2023-08-15T20:32:20+00:00\",\"dateModified\":\"2024-01-09T17:18:33+00:00\",\"breadcrumb\":{\"@id\":\"https:\/\/unikal.ac.cd\/index.php\/communiques-et-appel-doffres\/#breadcrumb\"},\"inLanguage\":\"en-US\",\"potentialAction\":[{\"@type\":\"ReadAction\",\"target\":[\"https:\/\/unikal.ac.cd\/index.php\/communiques-et-appel-doffres\/\"]}]},{\"@type\":\"BreadcrumbList\",\"@id\":\"https:\/\/unikal.ac.cd\/index.php\/communiques-et-appel-doffres\/#breadcrumb\",\"itemListElement\":[{\"@type\":\"ListItem\",\"position\":1,\"name\":\"Home\",\"item\":\"https:\/\/unikal.ac.cd\/\"},{\"@type\":\"ListItem\",\"position\":2,\"name\":\"Communiqu\u00e9s et Appel d&#8217;offres\"}]},{\"@type\":\"WebSite\",\"@id\":\"https:\/\/unikal.ac.cd\/#website\",\"url\":\"https:\/\/unikal.ac.cd\/\",\"name\":\"Universit\u00e9 de Kalemie\",\"description\":\"Lumi\u00e8re du Tanganyika\",\"publisher\":{\"@id\":\"https:\/\/unikal.ac.cd\/#organization\"},\"potentialAction\":[{\"@type\":\"SearchAction\",\"target\":{\"@type\":\"EntryPoint\",\"urlTemplate\":\"https:\/\/unikal.ac.cd\/?s={search_term_string}\"},\"query-input\":{\"@type\":\"PropertyValueSpecification\",\"valueRequired\":true,\"valueName\":\"search_term_string\"}}],\"inLanguage\":\"en-US\"},{\"@type\":\"Organization\",\"@id\":\"https:\/\/unikal.ac.cd\/#organization\",\"name\":\"Universit\u00e9 de Kalemie\",\"url\":\"https:\/\/unikal.ac.cd\/\",\"logo\":{\"@type\":\"ImageObject\",\"inLanguage\":\"en-US\",\"@id\":\"https:\/\/unikal.ac.cd\/#\/schema\/logo\/image\/\",\"url\":\"https:\/\/unikal.ac.cd\/wp-content\/uploads\/2023\/08\/logo-unikal_013249.png\",\"contentUrl\":\"https:\/\/unikal.ac.cd\/wp-content\/uploads\/2023\/08\/logo-unikal_013249.png\",\"width\":2100,\"height\":1500,\"caption\":\"Universit\u00e9 de Kalemie\"},\"image\":{\"@id\":\"https:\/\/unikal.ac.cd\/#\/schema\/logo\/image\/\"}}]}<\/script>\n<!-- \/ Yoast SEO plugin. -->","yoast_head_json":{"title":"Communiqu\u00e9s et Appel d'offres - Universit\u00e9 de Kalemie","robots":{"index":"index","follow":"follow","max-snippet":"max-snippet:-1","max-image-preview":"max-image-preview:large","max-video-preview":"max-video-preview:-1"},"canonical":"https:\/\/unikal.ac.cd\/index.php\/communiques-et-appel-doffres\/","og_locale":"en_US","og_type":"article","og_title":"Communiqu\u00e9s et Appel d'offres - Universit\u00e9 de Kalemie","og_description":"Appel \u00e0 Candidature L&#8217;Universit\u00e9 de Kalemie, Etablisserment public d&#8217;Enseignement Sup\u00e9rieur et Universitaire fonctionnant \u00e0 Kalemie (Province du Tanganyika) en R\u00e9publique D\u00e9mocratique du Congo, lance un appel \u00e0 candidature aux postes d&#8217;Enseignants-chercheurs pour sa Facult\u00e9 de M\u00e9dicine.&nbsp; Les Personnes interess\u00e9es et titulaires d&#8217;un diplome de docteur \u00e0 th\u00e8se (PhD) dans les domaines des sciences de la&hellip;","og_url":"https:\/\/unikal.ac.cd\/index.php\/communiques-et-appel-doffres\/","og_site_name":"Universit\u00e9 de Kalemie","article_modified_time":"2024-01-09T17:18:33+00:00","twitter_card":"summary_large_image","twitter_misc":{"Est. reading time":"2 minutes"},"schema":{"@context":"https:\/\/schema.org","@graph":[{"@type":"WebPage","@id":"https:\/\/unikal.ac.cd\/index.php\/communiques-et-appel-doffres\/","url":"https:\/\/unikal.ac.cd\/index.php\/communiques-et-appel-doffres\/","name":"Communiqu\u00e9s et Appel d'offres - Universit\u00e9 de Kalemie","isPartOf":{"@id":"https:\/\/unikal.ac.cd\/#website"},"datePublished":"2023-08-15T20:32:20+00:00","dateModified":"2024-01-09T17:18:33+00:00","breadcrumb":{"@id":"https:\/\/unikal.ac.cd\/index.php\/communiques-et-appel-doffres\/#breadcrumb"},"inLanguage":"en-US","potentialAction":[{"@type":"ReadAction","target":["https:\/\/unikal.ac.cd\/index.php\/communiques-et-appel-doffres\/"]}]},{"@type":"BreadcrumbList","@id":"https:\/\/unikal.ac.cd\/index.php\/communiques-et-appel-doffres\/#breadcrumb","itemListElement":[{"@type":"ListItem","position":1,"name":"Home","item":"https:\/\/unikal.ac.cd\/"},{"@type":"ListItem","position":2,"name":"Communiqu\u00e9s et Appel d&#8217;offres"}]},{"@type":"WebSite","@id":"https:\/\/unikal.ac.cd\/#website","url":"https:\/\/unikal.ac.cd\/","name":"Universit\u00e9 de Kalemie","description":"Lumi\u00e8re du Tanganyika","publisher":{"@id":"https:\/\/unikal.ac.cd\/#organization"},"potentialAction":[{"@type":"SearchAction","target":{"@type":"EntryPoint","urlTemplate":"https:\/\/unikal.ac.cd\/?s={search_term_string}"},"query-input":{"@type":"PropertyValueSpecification","valueRequired":true,"valueName":"search_term_string"}}],"inLanguage":"en-US"},{"@type":"Organization","@id":"https:\/\/unikal.ac.cd\/#organization","name":"Universit\u00e9 de Kalemie","url":"https:\/\/unikal.ac.cd\/","logo":{"@type":"ImageObject","inLanguage":"en-US","@id":"https:\/\/unikal.ac.cd\/#\/schema\/logo\/image\/","url":"https:\/\/unikal.ac.cd\/wp-content\/uploads\/2023\/08\/logo-unikal_013249.png","contentUrl":"https:\/\/unikal.ac.cd\/wp-content\/uploads\/2023\/08\/logo-unikal_013249.png","width":2100,"height":1500,"caption":"Universit\u00e9 de Kalemie"},"image":{"@id":"https:\/\/unikal.ac.cd\/#\/schema\/logo\/image\/"}}]}},"_links":{"self":[{"href":"https:\/\/unikal.ac.cd\/index.php\/wp-json\/wp\/v2\/pages\/72","targetHints":{"allow":["GET"]}}],"collection":[{"href":"https:\/\/unikal.ac.cd\/index.php\/wp-json\/wp\/v2\/pages"}],"about":[{"href":"https:\/\/unikal.ac.cd\/index.php\/wp-json\/wp\/v2\/types\/page"}],"author":[{"embeddable":true,"href":"https:\/\/unikal.ac.cd\/index.php\/wp-json\/wp\/v2\/users\/1"}],"replies":[{"embeddable":true,"href":"https:\/\/unikal.ac.cd\/index.php\/wp-json\/wp\/v2\/comments?post=72"}],"version-history":[{"count":16,"href":"https:\/\/unikal.ac.cd\/index.php\/wp-json\/wp\/v2\/pages\/72\/revisions"}],"predecessor-version":[{"id":562,"href":"https:\/\/unikal.ac.cd\/index.php\/wp-json\/wp\/v2\/pages\/72\/revisions\/562"}],"wp:attachment":[{"href":"https:\/\/unikal.ac.cd\/index.php\/wp-json\/wp\/v2\/media?parent=72"}],"curies":[{"name":"wp","href":"https:\/\/api.w.org\/{rel}","templated":true}]}}