{"id":832,"date":"2024-02-28T12:30:39","date_gmt":"2024-02-28T12:30:39","guid":{"rendered":"https:\/\/unikal.ac.cd\/?page_id=832"},"modified":"2024-02-29T09:26:17","modified_gmt":"2024-02-29T09:26:17","slug":"le-p-o-victor-kalunga-tshikala-anime-un-seminaire-de-sensibilisation-sur-les-innovations-des-actes-uniformes-ohada-a-lubumbashi","status":"publish","type":"page","link":"https:\/\/unikal.ac.cd\/index.php\/le-p-o-victor-kalunga-tshikala-anime-un-seminaire-de-sensibilisation-sur-les-innovations-des-actes-uniformes-ohada-a-lubumbashi\/","title":{"rendered":"LE P.O VICTOR KALUNGA TSHIKALA ANIME UN S\u00c9MINAIRE DE SENSIBILISATION SUR LES INNOVATIONS DES ACTES UNIFORMES OHADA \u00c0 LUBUMBASHI."},"content":{"rendered":"\t\t<div data-elementor-type=\"wp-page\" data-elementor-id=\"832\" class=\"elementor elementor-832\">\n\t\t\t\t\t\t<section class=\"elementor-section elementor-top-section elementor-element elementor-element-47ffda2 elementor-section-boxed elementor-section-height-default elementor-section-height-default\" data-id=\"47ffda2\" data-element_type=\"section\" data-e-type=\"section\">\n\t\t\t\t\t\t<div class=\"elementor-container elementor-column-gap-default\">\n\t\t\t\t\t<div class=\"elementor-column elementor-col-100 elementor-top-column elementor-element elementor-element-33b2c1d\" data-id=\"33b2c1d\" data-element_type=\"column\" data-e-type=\"column\">\n\t\t\t<div class=\"elementor-widget-wrap elementor-element-populated\">\n\t\t\t\t\t\t<div class=\"elementor-element elementor-element-f5b372b elementor-widget elementor-widget-heading\" data-id=\"f5b372b\" data-element_type=\"widget\" data-e-type=\"widget\" data-widget_type=\"heading.default\">\n\t\t\t\t<div class=\"elementor-widget-container\">\n\t\t\t\t\t<h2 class=\"elementor-heading-title elementor-size-default\">LE P.O VICTOR KALUNGA TSHIKALA ANIME UN S\u00c9MINAIRE DE SENSIBILISATION SUR LES INNOVATIONS DES ACTES UNIFORMES OHADA \u00c0 LUBUMBASHI<\/h2>\t\t\t\t<\/div>\n\t\t\t\t<\/div>\n\t\t\t\t\t<\/div>\n\t\t<\/div>\n\t\t\t\t\t<\/div>\n\t\t<\/section>\n\t\t\t\t<section class=\"elementor-section elementor-top-section elementor-element elementor-element-0e5fcd0 elementor-section-stretched elementor-section-boxed elementor-section-height-default elementor-section-height-default\" data-id=\"0e5fcd0\" data-element_type=\"section\" data-e-type=\"section\" data-settings=\"{&quot;stretch_section&quot;:&quot;section-stretched&quot;}\">\n\t\t\t\t\t\t<div class=\"elementor-container elementor-column-gap-default\">\n\t\t\t\t\t<div class=\"elementor-column elementor-col-100 elementor-top-column elementor-element elementor-element-dc40acb\" data-id=\"dc40acb\" data-element_type=\"column\" data-e-type=\"column\">\n\t\t\t<div class=\"elementor-widget-wrap elementor-element-populated\">\n\t\t\t\t\t\t<div class=\"elementor-element elementor-element-63efbbc elementor-widget elementor-widget-spacer\" data-id=\"63efbbc\" data-element_type=\"widget\" data-e-type=\"widget\" data-widget_type=\"spacer.default\">\n\t\t\t\t<div class=\"elementor-widget-container\">\n\t\t\t\t\t\t\t<div class=\"elementor-spacer\">\n\t\t\t<div class=\"elementor-spacer-inner\"><\/div>\n\t\t<\/div>\n\t\t\t\t\t\t<\/div>\n\t\t\t\t<\/div>\n\t\t\t\t\t<\/div>\n\t\t<\/div>\n\t\t\t\t\t<\/div>\n\t\t<\/section>\n\t\t\t\t<section class=\"elementor-section elementor-top-section elementor-element elementor-element-0041dd5 elementor-section-stretched elementor-section-boxed elementor-section-height-default elementor-section-height-default\" data-id=\"0041dd5\" data-element_type=\"section\" data-e-type=\"section\" data-settings=\"{&quot;stretch_section&quot;:&quot;section-stretched&quot;}\">\n\t\t\t\t\t\t<div class=\"elementor-container elementor-column-gap-default\">\n\t\t\t\t\t<div class=\"elementor-column elementor-col-50 elementor-top-column elementor-element elementor-element-9e92c1f\" data-id=\"9e92c1f\" data-element_type=\"column\" data-e-type=\"column\">\n\t\t\t<div class=\"elementor-widget-wrap elementor-element-populated\">\n\t\t\t\t\t\t<div class=\"elementor-element elementor-element-4e89e07 elementor-widget elementor-widget-image\" data-id=\"4e89e07\" data-element_type=\"widget\" data-e-type=\"widget\" data-widget_type=\"image.default\">\n\t\t\t\t<div class=\"elementor-widget-container\">\n\t\t\t\t\t\t\t\t\t\t\t\t\t\t\t<img fetchpriority=\"high\" decoding=\"async\" width=\"515\" height=\"476\" src=\"https:\/\/unikal.ac.cd\/wp-content\/uploads\/2024\/02\/d8a78aaf-a315-43d6-ada1-9246ee64915b.jpg\" class=\"attachment-1536x1536 size-1536x1536 wp-image-857\" alt=\"\" \/>\t\t\t\t\t\t\t\t\t\t\t\t\t\t\t<\/div>\n\t\t\t\t<\/div>\n\t\t\t\t\t<\/div>\n\t\t<\/div>\n\t\t\t\t<div class=\"elementor-column elementor-col-50 elementor-top-column elementor-element elementor-element-0df1761\" data-id=\"0df1761\" data-element_type=\"column\" data-e-type=\"column\">\n\t\t\t<div class=\"elementor-widget-wrap elementor-element-populated\">\n\t\t\t\t\t\t<div class=\"elementor-element elementor-element-9f46bba elementor-widget__width-initial elementor-widget elementor-widget-text-editor\" data-id=\"9f46bba\" data-element_type=\"widget\" data-e-type=\"widget\" data-widget_type=\"text-editor.default\">\n\t\t\t\t<div class=\"elementor-widget-container\">\n\t\t\t\t\t\t\t\t\t<div>C&#8217;est pendant trois jours soit du 21 Au 23 F\u00e9vrier 2024 qu&#8217;il s&#8217;est tenu \u00e0 Lubumbashi un s\u00e9minaire de sensibilisation hautement riche en couleur portant sur l&#8217;Organisation des proc\u00e9dures simplifi\u00e9es de recouvrement et des voies d&#8217;ex\u00e9cution du 15 novembre 2023.<\/div><div>Signalons que c&#8217;est la grande salle de l&#8217;h\u00f4tel NEW IKOMA LODGE qui a servi de cadre pour cette fin combien utile.<\/div><div>Ce \u00a0s\u00e9minaire de sensibilisation sur les Innovations des Actes uniformes OHADA avec comme Formateur principal le Recteur Professeur Ordinaire Victor KALUNGA TSHIKALA a \u00e9t\u00e9 organis\u00e9 sous l\u2019\u00e9gide du Programme d\u2019Appui \u00e0 l\u2019Int\u00e9gration r\u00e9gionale et \u00e0 l\u2019Investissement en Afrique centrale dans l&#8217;unique objectif de renforcer les capacit\u00e9s de plusieurs praticiens du Droit \u00e0 l&#8217;occurrence les Magistrats, Avocats, Huissiers de justice, Greffiers, Banquiers, etc.<\/div><div>Ce forum a connu la participation des \u00e9minents Professeurs comme le P.O. Victor KALUNGA TSHIKALA Professeur et Maitre de Chaire du Droit des Entreprises de l\u2019Universit\u00e9 de Lubumbashi, le Prof Jerry Alphonse NTETIKA MBAKATA, le Docteur Alexis NDZUENKEU (Directeur des Affaires juridiques, de la documentation et de la communication de l\u2019OHADA) qui tour \u00e0 tour ont facilit\u00e9 sur de diff\u00e9rentes th\u00e9matiques entre autres :<\/div><div>Les innovations de l\u2019Acte uniforme portant sur le Droit commercial g\u00e9n\u00e9ral : le RCCM, l\u2019Entreprenant, le bail \u00e0 usage professionnel ;<\/div>\t\t\t\t\t\t\t\t<\/div>\n\t\t\t\t<\/div>\n\t\t\t\t\t<\/div>\n\t\t<\/div>\n\t\t\t\t\t<\/div>\n\t\t<\/section>\n\t\t\t\t<section class=\"elementor-section elementor-top-section elementor-element elementor-element-7a22fc1 elementor-section-stretched elementor-section-boxed elementor-section-height-default elementor-section-height-default\" data-id=\"7a22fc1\" data-element_type=\"section\" data-e-type=\"section\" data-settings=\"{&quot;stretch_section&quot;:&quot;section-stretched&quot;}\">\n\t\t\t\t\t\t<div class=\"elementor-container elementor-column-gap-default\">\n\t\t\t\t\t<div class=\"elementor-column elementor-col-100 elementor-top-column elementor-element elementor-element-d5eaddb\" data-id=\"d5eaddb\" data-element_type=\"column\" data-e-type=\"column\">\n\t\t\t<div class=\"elementor-widget-wrap elementor-element-populated\">\n\t\t\t\t\t\t<div class=\"elementor-element elementor-element-3f37859 elementor-widget elementor-widget-text-editor\" data-id=\"3f37859\" data-element_type=\"widget\" data-e-type=\"widget\" data-widget_type=\"text-editor.default\">\n\t\t\t\t<div class=\"elementor-widget-container\">\n\t\t\t\t\t\t\t\t\t<div>Les innovations de l\u2019Acte uniforme relatif au Droit des Soci\u00e9t\u00e9s commerciales et du Groupement d\u2019int\u00e9r\u00eat \u00e9conomique ;<br><\/div><div>Les innovations de l\u2019Acte uniforme portant organisation des Suret\u00e9s ;<\/div>\n<div>Les modes alternatifs de r\u00e8glement des diff\u00e9rends ;<\/div>\n<div>La pr\u00e9sentation g\u00e9n\u00e9rale de l\u2019Acte uniforme portant organisation des proc\u00e9dures simplifi\u00e9es de recouvrement et des voies d\u2019ex\u00e9cution ;<\/div>\n<div>Les innovations des proc\u00e9dures injonctives ;<\/div>\n<div>Immunit\u00e9, insaisissabilit\u00e9s et protection des personnes morales investies d\u2019une mission de service public ;<\/div>\n<div>Les tiers dans les voies d\u2019ex\u00e9cution ;<\/div>\n<div>Les nouvelles saisies mobili\u00e8res institu\u00e9es ;<\/div>\n<div>Comp\u00e9tence juridictionnelle en mati\u00e8re de saisies ;<\/div>\n<div>Ect&#8230;<\/div>\n<div>Le tout s&#8217;est d\u00e9roul\u00e9 sous la conduite du Prof Roger MASAMBA alors Pr\u00e9sident du CNO de la RDC ainsi que du Prof Mayatta Ndiaye MBAYE Secr\u00e9taire permanant OHADA, et des Repr\u00e9sentants du Minist\u00e8re de la justice et garde des Sceaux de la R\u00e9publique D\u00e9mocratique du Congo.<\/div>\t\t\t\t\t\t\t\t<\/div>\n\t\t\t\t<\/div>\n\t\t\t\t\t<\/div>\n\t\t<\/div>\n\t\t\t\t\t<\/div>\n\t\t<\/section>\n\t\t\t\t<\/div>\n\t\t","protected":false},"excerpt":{"rendered":"<p>LE P.O VICTOR KALUNGA TSHIKALA ANIME UN S\u00c9MINAIRE DE SENSIBILISATION SUR LES INNOVATIONS DES ACTES UNIFORMES OHADA \u00c0 LUBUMBASHI C&#8217;est pendant trois jours soit du 21 Au 23 F\u00e9vrier 2024 qu&#8217;il s&#8217;est tenu \u00e0 Lubumbashi un s\u00e9minaire de sensibilisation hautement riche en couleur portant sur l&#8217;Organisation des proc\u00e9dures simplifi\u00e9es de recouvrement et des voies d&#8217;ex\u00e9cution&hellip;<\/p>\n","protected":false},"author":1,"featured_media":0,"parent":0,"menu_order":0,"comment_status":"closed","ping_status":"closed","template":"elementor_header_footer","meta":{"om_disable_all_campaigns":false,"_monsterinsights_skip_tracking":false,"_monsterinsights_sitenote_active":false,"_monsterinsights_sitenote_note":"","_monsterinsights_sitenote_category":0,"_uf_show_specific_survey":0,"_uf_disable_surveys":false,"footnotes":""},"class_list":["post-832","page","type-page","status-publish","hentry"],"yoast_head":"<!-- This site is optimized with the Yoast SEO plugin v26.9 - https:\/\/yoast.com\/product\/yoast-seo-wordpress\/ -->\n<title>LE P.O VICTOR KALUNGA TSHIKALA ANIME UN S\u00c9MINAIRE DE SENSIBILISATION SUR LES INNOVATIONS DES ACTES UNIFORMES OHADA \u00c0 LUBUMBASHI. - Universit\u00e9 de Kalemie<\/title>\n<meta name=\"robots\" content=\"index, follow, max-snippet:-1, max-image-preview:large, max-video-preview:-1\" \/>\n<link rel=\"canonical\" href=\"https:\/\/unikal.ac.cd\/index.php\/le-p-o-victor-kalunga-tshikala-anime-un-seminaire-de-sensibilisation-sur-les-innovations-des-actes-uniformes-ohada-a-lubumbashi\/\" \/>\n<meta property=\"og:locale\" content=\"en_US\" \/>\n<meta property=\"og:type\" content=\"article\" \/>\n<meta property=\"og:title\" content=\"LE P.O VICTOR KALUNGA TSHIKALA ANIME UN S\u00c9MINAIRE DE SENSIBILISATION SUR LES INNOVATIONS DES ACTES UNIFORMES OHADA \u00c0 LUBUMBASHI. - Universit\u00e9 de Kalemie\" \/>\n<meta property=\"og:description\" content=\"LE P.O VICTOR KALUNGA TSHIKALA ANIME UN S\u00c9MINAIRE DE SENSIBILISATION SUR LES INNOVATIONS DES ACTES UNIFORMES OHADA \u00c0 LUBUMBASHI C&#8217;est pendant trois jours soit du 21 Au 23 F\u00e9vrier 2024 qu&#8217;il s&#8217;est tenu \u00e0 Lubumbashi un s\u00e9minaire de sensibilisation hautement riche en couleur portant sur l&#8217;Organisation des proc\u00e9dures simplifi\u00e9es de recouvrement et des voies d&#8217;ex\u00e9cution&hellip;\" \/>\n<meta property=\"og:url\" content=\"https:\/\/unikal.ac.cd\/index.php\/le-p-o-victor-kalunga-tshikala-anime-un-seminaire-de-sensibilisation-sur-les-innovations-des-actes-uniformes-ohada-a-lubumbashi\/\" \/>\n<meta property=\"og:site_name\" content=\"Universit\u00e9 de Kalemie\" \/>\n<meta property=\"article:modified_time\" content=\"2024-02-29T09:26:17+00:00\" \/>\n<meta property=\"og:image\" content=\"https:\/\/unikal.ac.cd\/wp-content\/uploads\/2024\/02\/d8a78aaf-a315-43d6-ada1-9246ee64915b.jpg\" \/>\n<meta name=\"twitter:card\" content=\"summary_large_image\" \/>\n<meta name=\"twitter:label1\" content=\"Est. reading time\" \/>\n\t<meta name=\"twitter:data1\" content=\"2 minutes\" \/>\n<script type=\"application\/ld+json\" class=\"yoast-schema-graph\">{\"@context\":\"https:\/\/schema.org\",\"@graph\":[{\"@type\":\"WebPage\",\"@id\":\"https:\/\/unikal.ac.cd\/index.php\/le-p-o-victor-kalunga-tshikala-anime-un-seminaire-de-sensibilisation-sur-les-innovations-des-actes-uniformes-ohada-a-lubumbashi\/\",\"url\":\"https:\/\/unikal.ac.cd\/index.php\/le-p-o-victor-kalunga-tshikala-anime-un-seminaire-de-sensibilisation-sur-les-innovations-des-actes-uniformes-ohada-a-lubumbashi\/\",\"name\":\"LE P.O VICTOR KALUNGA TSHIKALA ANIME UN S\u00c9MINAIRE DE SENSIBILISATION SUR LES INNOVATIONS DES ACTES UNIFORMES OHADA \u00c0 LUBUMBASHI. - Universit\u00e9 de Kalemie\",\"isPartOf\":{\"@id\":\"https:\/\/unikal.ac.cd\/#website\"},\"primaryImageOfPage\":{\"@id\":\"https:\/\/unikal.ac.cd\/index.php\/le-p-o-victor-kalunga-tshikala-anime-un-seminaire-de-sensibilisation-sur-les-innovations-des-actes-uniformes-ohada-a-lubumbashi\/#primaryimage\"},\"image\":{\"@id\":\"https:\/\/unikal.ac.cd\/index.php\/le-p-o-victor-kalunga-tshikala-anime-un-seminaire-de-sensibilisation-sur-les-innovations-des-actes-uniformes-ohada-a-lubumbashi\/#primaryimage\"},\"thumbnailUrl\":\"https:\/\/unikal.ac.cd\/wp-content\/uploads\/2024\/02\/d8a78aaf-a315-43d6-ada1-9246ee64915b.jpg\",\"datePublished\":\"2024-02-28T12:30:39+00:00\",\"dateModified\":\"2024-02-29T09:26:17+00:00\",\"breadcrumb\":{\"@id\":\"https:\/\/unikal.ac.cd\/index.php\/le-p-o-victor-kalunga-tshikala-anime-un-seminaire-de-sensibilisation-sur-les-innovations-des-actes-uniformes-ohada-a-lubumbashi\/#breadcrumb\"},\"inLanguage\":\"en-US\",\"potentialAction\":[{\"@type\":\"ReadAction\",\"target\":[\"https:\/\/unikal.ac.cd\/index.php\/le-p-o-victor-kalunga-tshikala-anime-un-seminaire-de-sensibilisation-sur-les-innovations-des-actes-uniformes-ohada-a-lubumbashi\/\"]}]},{\"@type\":\"ImageObject\",\"inLanguage\":\"en-US\",\"@id\":\"https:\/\/unikal.ac.cd\/index.php\/le-p-o-victor-kalunga-tshikala-anime-un-seminaire-de-sensibilisation-sur-les-innovations-des-actes-uniformes-ohada-a-lubumbashi\/#primaryimage\",\"url\":\"https:\/\/unikal.ac.cd\/wp-content\/uploads\/2024\/02\/d8a78aaf-a315-43d6-ada1-9246ee64915b.jpg\",\"contentUrl\":\"https:\/\/unikal.ac.cd\/wp-content\/uploads\/2024\/02\/d8a78aaf-a315-43d6-ada1-9246ee64915b.jpg\",\"width\":515,\"height\":476},{\"@type\":\"BreadcrumbList\",\"@id\":\"https:\/\/unikal.ac.cd\/index.php\/le-p-o-victor-kalunga-tshikala-anime-un-seminaire-de-sensibilisation-sur-les-innovations-des-actes-uniformes-ohada-a-lubumbashi\/#breadcrumb\",\"itemListElement\":[{\"@type\":\"ListItem\",\"position\":1,\"name\":\"Home\",\"item\":\"https:\/\/unikal.ac.cd\/\"},{\"@type\":\"ListItem\",\"position\":2,\"name\":\"LE P.O VICTOR KALUNGA TSHIKALA ANIME UN S\u00c9MINAIRE DE SENSIBILISATION SUR LES INNOVATIONS DES ACTES UNIFORMES OHADA \u00c0 LUBUMBASHI.\"}]},{\"@type\":\"WebSite\",\"@id\":\"https:\/\/unikal.ac.cd\/#website\",\"url\":\"https:\/\/unikal.ac.cd\/\",\"name\":\"Universit\u00e9 de Kalemie\",\"description\":\"Lumi\u00e8re du Tanganyika\",\"publisher\":{\"@id\":\"https:\/\/unikal.ac.cd\/#organization\"},\"potentialAction\":[{\"@type\":\"SearchAction\",\"target\":{\"@type\":\"EntryPoint\",\"urlTemplate\":\"https:\/\/unikal.ac.cd\/?s={search_term_string}\"},\"query-input\":{\"@type\":\"PropertyValueSpecification\",\"valueRequired\":true,\"valueName\":\"search_term_string\"}}],\"inLanguage\":\"en-US\"},{\"@type\":\"Organization\",\"@id\":\"https:\/\/unikal.ac.cd\/#organization\",\"name\":\"Universit\u00e9 de Kalemie\",\"url\":\"https:\/\/unikal.ac.cd\/\",\"logo\":{\"@type\":\"ImageObject\",\"inLanguage\":\"en-US\",\"@id\":\"https:\/\/unikal.ac.cd\/#\/schema\/logo\/image\/\",\"url\":\"https:\/\/unikal.ac.cd\/wp-content\/uploads\/2023\/08\/logo-unikal_013249.png\",\"contentUrl\":\"https:\/\/unikal.ac.cd\/wp-content\/uploads\/2023\/08\/logo-unikal_013249.png\",\"width\":2100,\"height\":1500,\"caption\":\"Universit\u00e9 de Kalemie\"},\"image\":{\"@id\":\"https:\/\/unikal.ac.cd\/#\/schema\/logo\/image\/\"}}]}<\/script>\n<!-- \/ Yoast SEO plugin. -->","yoast_head_json":{"title":"LE P.O VICTOR KALUNGA TSHIKALA ANIME UN S\u00c9MINAIRE DE SENSIBILISATION SUR LES INNOVATIONS DES ACTES UNIFORMES OHADA \u00c0 LUBUMBASHI. - Universit\u00e9 de Kalemie","robots":{"index":"index","follow":"follow","max-snippet":"max-snippet:-1","max-image-preview":"max-image-preview:large","max-video-preview":"max-video-preview:-1"},"canonical":"https:\/\/unikal.ac.cd\/index.php\/le-p-o-victor-kalunga-tshikala-anime-un-seminaire-de-sensibilisation-sur-les-innovations-des-actes-uniformes-ohada-a-lubumbashi\/","og_locale":"en_US","og_type":"article","og_title":"LE P.O VICTOR KALUNGA TSHIKALA ANIME UN S\u00c9MINAIRE DE SENSIBILISATION SUR LES INNOVATIONS DES ACTES UNIFORMES OHADA \u00c0 LUBUMBASHI. - Universit\u00e9 de Kalemie","og_description":"LE P.O VICTOR KALUNGA TSHIKALA ANIME UN S\u00c9MINAIRE DE SENSIBILISATION SUR LES INNOVATIONS DES ACTES UNIFORMES OHADA \u00c0 LUBUMBASHI C&#8217;est pendant trois jours soit du 21 Au 23 F\u00e9vrier 2024 qu&#8217;il s&#8217;est tenu \u00e0 Lubumbashi un s\u00e9minaire de sensibilisation hautement riche en couleur portant sur l&#8217;Organisation des proc\u00e9dures simplifi\u00e9es de recouvrement et des voies d&#8217;ex\u00e9cution&hellip;","og_url":"https:\/\/unikal.ac.cd\/index.php\/le-p-o-victor-kalunga-tshikala-anime-un-seminaire-de-sensibilisation-sur-les-innovations-des-actes-uniformes-ohada-a-lubumbashi\/","og_site_name":"Universit\u00e9 de Kalemie","article_modified_time":"2024-02-29T09:26:17+00:00","og_image":[{"url":"https:\/\/unikal.ac.cd\/wp-content\/uploads\/2024\/02\/d8a78aaf-a315-43d6-ada1-9246ee64915b.jpg","type":"","width":"","height":""}],"twitter_card":"summary_large_image","twitter_misc":{"Est. reading time":"2 minutes"},"schema":{"@context":"https:\/\/schema.org","@graph":[{"@type":"WebPage","@id":"https:\/\/unikal.ac.cd\/index.php\/le-p-o-victor-kalunga-tshikala-anime-un-seminaire-de-sensibilisation-sur-les-innovations-des-actes-uniformes-ohada-a-lubumbashi\/","url":"https:\/\/unikal.ac.cd\/index.php\/le-p-o-victor-kalunga-tshikala-anime-un-seminaire-de-sensibilisation-sur-les-innovations-des-actes-uniformes-ohada-a-lubumbashi\/","name":"LE P.O VICTOR KALUNGA TSHIKALA ANIME UN S\u00c9MINAIRE DE SENSIBILISATION SUR LES INNOVATIONS DES ACTES UNIFORMES OHADA \u00c0 LUBUMBASHI. - Universit\u00e9 de Kalemie","isPartOf":{"@id":"https:\/\/unikal.ac.cd\/#website"},"primaryImageOfPage":{"@id":"https:\/\/unikal.ac.cd\/index.php\/le-p-o-victor-kalunga-tshikala-anime-un-seminaire-de-sensibilisation-sur-les-innovations-des-actes-uniformes-ohada-a-lubumbashi\/#primaryimage"},"image":{"@id":"https:\/\/unikal.ac.cd\/index.php\/le-p-o-victor-kalunga-tshikala-anime-un-seminaire-de-sensibilisation-sur-les-innovations-des-actes-uniformes-ohada-a-lubumbashi\/#primaryimage"},"thumbnailUrl":"https:\/\/unikal.ac.cd\/wp-content\/uploads\/2024\/02\/d8a78aaf-a315-43d6-ada1-9246ee64915b.jpg","datePublished":"2024-02-28T12:30:39+00:00","dateModified":"2024-02-29T09:26:17+00:00","breadcrumb":{"@id":"https:\/\/unikal.ac.cd\/index.php\/le-p-o-victor-kalunga-tshikala-anime-un-seminaire-de-sensibilisation-sur-les-innovations-des-actes-uniformes-ohada-a-lubumbashi\/#breadcrumb"},"inLanguage":"en-US","potentialAction":[{"@type":"ReadAction","target":["https:\/\/unikal.ac.cd\/index.php\/le-p-o-victor-kalunga-tshikala-anime-un-seminaire-de-sensibilisation-sur-les-innovations-des-actes-uniformes-ohada-a-lubumbashi\/"]}]},{"@type":"ImageObject","inLanguage":"en-US","@id":"https:\/\/unikal.ac.cd\/index.php\/le-p-o-victor-kalunga-tshikala-anime-un-seminaire-de-sensibilisation-sur-les-innovations-des-actes-uniformes-ohada-a-lubumbashi\/#primaryimage","url":"https:\/\/unikal.ac.cd\/wp-content\/uploads\/2024\/02\/d8a78aaf-a315-43d6-ada1-9246ee64915b.jpg","contentUrl":"https:\/\/unikal.ac.cd\/wp-content\/uploads\/2024\/02\/d8a78aaf-a315-43d6-ada1-9246ee64915b.jpg","width":515,"height":476},{"@type":"BreadcrumbList","@id":"https:\/\/unikal.ac.cd\/index.php\/le-p-o-victor-kalunga-tshikala-anime-un-seminaire-de-sensibilisation-sur-les-innovations-des-actes-uniformes-ohada-a-lubumbashi\/#breadcrumb","itemListElement":[{"@type":"ListItem","position":1,"name":"Home","item":"https:\/\/unikal.ac.cd\/"},{"@type":"ListItem","position":2,"name":"LE P.O VICTOR KALUNGA TSHIKALA ANIME UN S\u00c9MINAIRE DE SENSIBILISATION SUR LES INNOVATIONS DES ACTES UNIFORMES OHADA \u00c0 LUBUMBASHI."}]},{"@type":"WebSite","@id":"https:\/\/unikal.ac.cd\/#website","url":"https:\/\/unikal.ac.cd\/","name":"Universit\u00e9 de Kalemie","description":"Lumi\u00e8re du Tanganyika","publisher":{"@id":"https:\/\/unikal.ac.cd\/#organization"},"potentialAction":[{"@type":"SearchAction","target":{"@type":"EntryPoint","urlTemplate":"https:\/\/unikal.ac.cd\/?s={search_term_string}"},"query-input":{"@type":"PropertyValueSpecification","valueRequired":true,"valueName":"search_term_string"}}],"inLanguage":"en-US"},{"@type":"Organization","@id":"https:\/\/unikal.ac.cd\/#organization","name":"Universit\u00e9 de Kalemie","url":"https:\/\/unikal.ac.cd\/","logo":{"@type":"ImageObject","inLanguage":"en-US","@id":"https:\/\/unikal.ac.cd\/#\/schema\/logo\/image\/","url":"https:\/\/unikal.ac.cd\/wp-content\/uploads\/2023\/08\/logo-unikal_013249.png","contentUrl":"https:\/\/unikal.ac.cd\/wp-content\/uploads\/2023\/08\/logo-unikal_013249.png","width":2100,"height":1500,"caption":"Universit\u00e9 de Kalemie"},"image":{"@id":"https:\/\/unikal.ac.cd\/#\/schema\/logo\/image\/"}}]}},"_links":{"self":[{"href":"https:\/\/unikal.ac.cd\/index.php\/wp-json\/wp\/v2\/pages\/832","targetHints":{"allow":["GET"]}}],"collection":[{"href":"https:\/\/unikal.ac.cd\/index.php\/wp-json\/wp\/v2\/pages"}],"about":[{"href":"https:\/\/unikal.ac.cd\/index.php\/wp-json\/wp\/v2\/types\/page"}],"author":[{"embeddable":true,"href":"https:\/\/unikal.ac.cd\/index.php\/wp-json\/wp\/v2\/users\/1"}],"replies":[{"embeddable":true,"href":"https:\/\/unikal.ac.cd\/index.php\/wp-json\/wp\/v2\/comments?post=832"}],"version-history":[{"count":16,"href":"https:\/\/unikal.ac.cd\/index.php\/wp-json\/wp\/v2\/pages\/832\/revisions"}],"predecessor-version":[{"id":861,"href":"https:\/\/unikal.ac.cd\/index.php\/wp-json\/wp\/v2\/pages\/832\/revisions\/861"}],"wp:attachment":[{"href":"https:\/\/unikal.ac.cd\/index.php\/wp-json\/wp\/v2\/media?parent=832"}],"curies":[{"name":"wp","href":"https:\/\/api.w.org\/{rel}","templated":true}]}}