{"id":890,"date":"2024-08-24T22:07:41","date_gmt":"2024-08-24T22:07:41","guid":{"rendered":"https:\/\/unikal.ac.cd\/?page_id=890"},"modified":"2024-08-24T23:00:02","modified_gmt":"2024-08-24T23:00:02","slug":"unigom-unikal-le-prof-sebigunda-jackson-en-conference-scientifique-a-luniversite-de-kalemie-sous-le-theme-ltlt-lintellectuel-congolais-et-le-developpement-cas-du-secteur-agricole-et-de-la-securite-ali","status":"publish","type":"page","link":"https:\/\/unikal.ac.cd\/index.php\/unigom-unikal-le-prof-sebigunda-jackson-en-conference-scientifique-a-luniversite-de-kalemie-sous-le-theme-ltlt-lintellectuel-congolais-et-le-developpement-cas-du-secteur-agricole-et-de-la-securite-ali\/","title":{"rendered":"UNIGOM-UNIKAL : LE PROF SEBIGUNDA JACKSON EN CONF\u00c9RENCE SCIENTIFIQUE \u00c0 L&#8217;UNIVERSIT\u00c9 DE KALEMIE SOUS LE TH\u00c8ME : &lt;&lt; L&#8217;INTELLECTUEL CONGOLAIS ET LE D\u00c9VELOPPEMENT, CAS DU SECTEUR AGRICOLE\u00a0 ET DE LA S\u00c9CURIT\u00c9 ALIMENTAIRE"},"content":{"rendered":"\t\t<div data-elementor-type=\"wp-page\" data-elementor-id=\"890\" class=\"elementor elementor-890\">\n\t\t\t\t\t\t<section class=\"elementor-section elementor-top-section elementor-element elementor-element-bc50490 elementor-section-full_width elementor-section-stretched elementor-section-height-default elementor-section-height-default\" data-id=\"bc50490\" data-element_type=\"section\" data-e-type=\"section\" data-settings=\"{&quot;stretch_section&quot;:&quot;section-stretched&quot;}\">\n\t\t\t\t\t\t<div class=\"elementor-container elementor-column-gap-default\">\n\t\t\t\t\t<div class=\"elementor-column elementor-col-100 elementor-top-column elementor-element elementor-element-c7577eb\" data-id=\"c7577eb\" data-element_type=\"column\" data-e-type=\"column\">\n\t\t\t<div class=\"elementor-widget-wrap elementor-element-populated\">\n\t\t\t\t\t\t<div class=\"elementor-element elementor-element-85815f9 elementor-widget elementor-widget-spacer\" data-id=\"85815f9\" data-element_type=\"widget\" data-e-type=\"widget\" data-widget_type=\"spacer.default\">\n\t\t\t\t<div class=\"elementor-widget-container\">\n\t\t\t\t\t\t\t<div class=\"elementor-spacer\">\n\t\t\t<div class=\"elementor-spacer-inner\"><\/div>\n\t\t<\/div>\n\t\t\t\t\t\t<\/div>\n\t\t\t\t<\/div>\n\t\t\t\t\t<\/div>\n\t\t<\/div>\n\t\t\t\t\t<\/div>\n\t\t<\/section>\n\t\t\t\t<section class=\"elementor-section elementor-top-section elementor-element elementor-element-45a03f4 elementor-section-full_width elementor-section-stretched elementor-section-height-default elementor-section-height-default\" data-id=\"45a03f4\" data-element_type=\"section\" data-e-type=\"section\" data-settings=\"{&quot;stretch_section&quot;:&quot;section-stretched&quot;}\">\n\t\t\t\t\t\t<div class=\"elementor-container elementor-column-gap-default\">\n\t\t\t\t\t<div class=\"elementor-column elementor-col-50 elementor-top-column elementor-element elementor-element-b0d9345\" data-id=\"b0d9345\" data-element_type=\"column\" data-e-type=\"column\">\n\t\t\t<div class=\"elementor-widget-wrap elementor-element-populated\">\n\t\t\t\t\t\t<div class=\"elementor-element elementor-element-f45e478 elementor-widget elementor-widget-image\" data-id=\"f45e478\" data-element_type=\"widget\" data-e-type=\"widget\" data-widget_type=\"image.default\">\n\t\t\t\t<div class=\"elementor-widget-container\">\n\t\t\t\t\t\t\t\t\t\t\t\t\t\t\t<img fetchpriority=\"high\" decoding=\"async\" width=\"640\" height=\"427\" src=\"https:\/\/unikal.ac.cd\/wp-content\/uploads\/2024\/08\/PRESENTATION-768x512.jpg\" class=\"attachment-medium_large size-medium_large wp-image-887\" alt=\"\" srcset=\"https:\/\/unikal.ac.cd\/wp-content\/uploads\/2024\/08\/PRESENTATION-768x512.jpg 768w, https:\/\/unikal.ac.cd\/wp-content\/uploads\/2024\/08\/PRESENTATION-1536x1024.jpg 1536w, https:\/\/unikal.ac.cd\/wp-content\/uploads\/2024\/08\/PRESENTATION-2048x1365.jpg 2048w\" sizes=\"(max-width: 640px) 100vw, 640px\" \/>\t\t\t\t\t\t\t\t\t\t\t\t\t\t\t<\/div>\n\t\t\t\t<\/div>\n\t\t\t\t\t<\/div>\n\t\t<\/div>\n\t\t\t\t<div class=\"elementor-column elementor-col-50 elementor-top-column elementor-element elementor-element-85e6bab\" data-id=\"85e6bab\" data-element_type=\"column\" data-e-type=\"column\">\n\t\t\t<div class=\"elementor-widget-wrap elementor-element-populated\">\n\t\t\t\t\t\t<div class=\"elementor-element elementor-element-cbafdce elementor-widget elementor-widget-heading\" data-id=\"cbafdce\" data-element_type=\"widget\" data-e-type=\"widget\" data-widget_type=\"heading.default\">\n\t\t\t\t<div class=\"elementor-widget-container\">\n\t\t\t\t\t<h2 class=\"elementor-heading-title elementor-size-default\"> L\u2019INTELLECTUEL CONGOLAIS ET LE D\u00c9VELOPPEMENT, CAS DU SECTEUR AGRICOLE  ET DE LA S\u00c9CURIT\u00c9 ALIMENTAIRE<\/h2>\t\t\t\t<\/div>\n\t\t\t\t<\/div>\n\t\t\t\t<div class=\"elementor-element elementor-element-4242db9 elementor-widget elementor-widget-text-editor\" data-id=\"4242db9\" data-element_type=\"widget\" data-e-type=\"widget\" data-widget_type=\"text-editor.default\">\n\t\t\t\t<div class=\"elementor-widget-container\">\n\t\t\t\t\t\t\t\t\t<p>C&#8217;est ce samedi 24 Ao\u00fbt 2024 que l&#8217;Universit\u00e9 de Kalemie a accueilli dans l&#8217;Amphith\u00e9\u00e2tre Prof.Jean KILONGOZI la Conf\u00e9rence scientifique anim\u00e9e par le Professeur SEBIGUNDA JACKSON, Doyen du domaine de Sciences agronomiques et de l&#8217;environnement \u00e0 l&#8217;Universit\u00e9 de Goma, dans la province du Nord-Kivu.<\/p><p>Am\u00e9liorateur g\u00e9n\u00e9ticien des plantes, le Professeur SEBIGUNDA JACKSON a tout d&#8217;abord remerci\u00e9 le Recteur de l&#8217;Universit\u00e9 de Kalemie, le P.O VICTOR KALUNGA TSHIKALA, repr\u00e9sent\u00e9 s\u00e9ance tenante par le Secr\u00e9taire g\u00e9n\u00e9ral acad\u00e9mique, le Chef de travaux ISENGOMA KIPIMO Emmanuel de faire de la recherche scientifique son leitmotiv mais aussi de lui avoir accord\u00e9 de l&#8217;espace.<\/p><p>Devant un parterre du personnel acad\u00e9mique, scientifique, d&#8217;\u00e9tudiants et d&#8217;intellectuels de la Ville de Kalemie, comme ceux du Minist\u00e8re, de la Division et Services de l&#8217;environnement du Tanganyika, de partenaires humanitaires qui ont rehauss\u00e9 de leur pr\u00e9sence la Conf\u00e9rence scientifique, le Savant SEBIGUNDA JACKSON a pr\u00e9sent\u00e9 les fruits de ses recherches en deux th\u00e9matiques ax\u00e9es essentiellement sur:\u00a0<\/p><p>\u00a0&lt;&lt; L&#8217;intellectuel congolais et le d\u00e9veloppement, cas du secteur agricole et de la s\u00e9curit\u00e9 alimentaire.<br \/>&lt;&lt;Les organismes g\u00e9n\u00e9tiquement modifi\u00e9s (OGM) : id\u00e9es re\u00e7ues et r\u00e9alit\u00e9.<\/p>\t\t\t\t\t\t\t\t<\/div>\n\t\t\t\t<\/div>\n\t\t\t\t\t<\/div>\n\t\t<\/div>\n\t\t\t\t\t<\/div>\n\t\t<\/section>\n\t\t\t\t<section class=\"elementor-section elementor-top-section elementor-element elementor-element-edaf657 elementor-section-full_width elementor-section-stretched elementor-section-height-default elementor-section-height-default\" data-id=\"edaf657\" data-element_type=\"section\" data-e-type=\"section\" data-settings=\"{&quot;stretch_section&quot;:&quot;section-stretched&quot;}\">\n\t\t\t\t\t\t<div class=\"elementor-container elementor-column-gap-default\">\n\t\t\t\t\t<div class=\"elementor-column elementor-col-50 elementor-top-column elementor-element elementor-element-3cfb9b0\" data-id=\"3cfb9b0\" data-element_type=\"column\" data-e-type=\"column\">\n\t\t\t<div class=\"elementor-widget-wrap elementor-element-populated\">\n\t\t\t\t\t\t<div class=\"elementor-element elementor-element-7cb03fc elementor-widget elementor-widget-text-editor\" data-id=\"7cb03fc\" data-element_type=\"widget\" data-e-type=\"widget\" data-widget_type=\"text-editor.default\">\n\t\t\t\t<div class=\"elementor-widget-container\">\n\t\t\t\t\t\t\t\t\t<p>Apr\u00e8s son expos\u00e9 magistral, s&#8217;en est suivi non seulement l&#8217;\u00e9tape des questions-r\u00e9ponses mais \u00e9galement celle de partage d&#8217;exp\u00e9riences entre intellectuels qui font de l&#8217;exploitation du sol par l&#8217;agriculture leur mode de vie de pr\u00e9dilection.<br \/><br \/>Se livrant \u00e0 la presse universitaire de Kalemie, le Conf\u00e9rencier du jour, tout en interpellant l&#8217;intellectuel congolais, chacun \u00e0 ce qui le concerne de prendre ses responsabilit\u00e9s pour l&#8217;\u00e9mergence du secteur agricole, lequel a \u00e9t\u00e9 n\u00e9glig\u00e9 depuis bel lurette en RDC, a salu\u00e9 par dessus tout, les innovations apport\u00e9es par le Comit\u00e9 de gestion de l&#8217;Universit\u00e9 de Kalemie dans tous les secteurs vitaux de la premi\u00e8re institution publique universitaire dans la Province du Tanganyika.<br \/><br \/>De son c\u00f4t\u00e9, le Secr\u00e9taire g\u00e9n\u00e9ral acad\u00e9mique ISENGOMA KIPIMO EMMANUEL , a au nom du Recteur en mission de service, remerci\u00e9 le Professeur SEBIGUNDA JACKSON pour le partage de la connaissance scientifique \u00e0 l&#8217;Universit\u00e9 de Kalemie, qui va permettre \u00e0 cette derni\u00e8re de r\u00e9pondre comme d&#8217;habitude \u00e0 l&#8217;une de la trilogie de mission de l&#8217;universit\u00e9 qui est celle d&#8217;aide \u00e0 la Communaut\u00e9, d&#8217;autant plus que la Province du Tanganyika est \u00e0 vocation agro-pastorale.<\/p>\t\t\t\t\t\t\t\t<\/div>\n\t\t\t\t<\/div>\n\t\t\t\t\t<\/div>\n\t\t<\/div>\n\t\t\t\t<div class=\"elementor-column elementor-col-50 elementor-top-column elementor-element elementor-element-df5b834\" data-id=\"df5b834\" data-element_type=\"column\" data-e-type=\"column\">\n\t\t\t<div class=\"elementor-widget-wrap elementor-element-populated\">\n\t\t\t\t\t\t<div class=\"elementor-element elementor-element-343bbfb elementor-widget elementor-widget-image\" data-id=\"343bbfb\" data-element_type=\"widget\" data-e-type=\"widget\" data-widget_type=\"image.default\">\n\t\t\t\t<div class=\"elementor-widget-container\">\n\t\t\t\t\t\t\t\t\t\t\t\t\t\t\t<img decoding=\"async\" width=\"640\" height=\"427\" src=\"https:\/\/unikal.ac.cd\/wp-content\/uploads\/2024\/08\/AMPHITHEATRE-768x512.jpg\" class=\"attachment-medium_large size-medium_large wp-image-888\" alt=\"\" srcset=\"https:\/\/unikal.ac.cd\/wp-content\/uploads\/2024\/08\/AMPHITHEATRE-768x512.jpg 768w, https:\/\/unikal.ac.cd\/wp-content\/uploads\/2024\/08\/AMPHITHEATRE-1536x1024.jpg 1536w, https:\/\/unikal.ac.cd\/wp-content\/uploads\/2024\/08\/AMPHITHEATRE-2048x1365.jpg 2048w\" sizes=\"(max-width: 640px) 100vw, 640px\" \/>\t\t\t\t\t\t\t\t\t\t\t\t\t\t\t<\/div>\n\t\t\t\t<\/div>\n\t\t\t\t\t<\/div>\n\t\t<\/div>\n\t\t\t\t\t<\/div>\n\t\t<\/section>\n\t\t\t\t<\/div>\n\t\t","protected":false},"excerpt":{"rendered":"<p>L\u2019INTELLECTUEL CONGOLAIS ET LE D\u00c9VELOPPEMENT, CAS DU SECTEUR AGRICOLE ET DE LA S\u00c9CURIT\u00c9 ALIMENTAIRE C&#8217;est ce samedi 24 Ao\u00fbt 2024 que l&#8217;Universit\u00e9 de Kalemie a accueilli dans l&#8217;Amphith\u00e9\u00e2tre Prof.Jean KILONGOZI la Conf\u00e9rence scientifique anim\u00e9e par le Professeur SEBIGUNDA JACKSON, Doyen du domaine de Sciences agronomiques et de l&#8217;environnement \u00e0 l&#8217;Universit\u00e9 de Goma, dans la province&hellip;<\/p>\n","protected":false},"author":1,"featured_media":0,"parent":0,"menu_order":0,"comment_status":"closed","ping_status":"closed","template":"","meta":{"om_disable_all_campaigns":false,"_monsterinsights_skip_tracking":false,"_monsterinsights_sitenote_active":false,"_monsterinsights_sitenote_note":"","_monsterinsights_sitenote_category":0,"_uf_show_specific_survey":0,"_uf_disable_surveys":false,"footnotes":""},"class_list":["post-890","page","type-page","status-publish","hentry"],"yoast_head":"<!-- This site is optimized with the Yoast SEO plugin v26.9 - https:\/\/yoast.com\/product\/yoast-seo-wordpress\/ -->\n<title>UNIGOM-UNIKAL : LE PROF SEBIGUNDA JACKSON EN CONF\u00c9RENCE SCIENTIFIQUE \u00c0 L&#039;UNIVERSIT\u00c9 DE KALEMIE SOUS LE TH\u00c8ME : &lt;&lt; L&#039;INTELLECTUEL CONGOLAIS ET LE D\u00c9VELOPPEMENT, CAS DU SECTEUR AGRICOLE\u00a0 ET DE LA S\u00c9CURIT\u00c9 ALIMENTAIRE - Universit\u00e9 de Kalemie<\/title>\n<meta name=\"robots\" content=\"index, follow, max-snippet:-1, max-image-preview:large, max-video-preview:-1\" \/>\n<link rel=\"canonical\" href=\"https:\/\/unikal.ac.cd\/index.php\/unigom-unikal-le-prof-sebigunda-jackson-en-conference-scientifique-a-luniversite-de-kalemie-sous-le-theme-ltlt-lintellectuel-congolais-et-le-developpement-cas-du-secteur-agricole-et-de-la-securite-ali\/\" \/>\n<meta property=\"og:locale\" content=\"en_US\" \/>\n<meta property=\"og:type\" content=\"article\" \/>\n<meta property=\"og:title\" content=\"UNIGOM-UNIKAL : LE PROF SEBIGUNDA JACKSON EN CONF\u00c9RENCE SCIENTIFIQUE \u00c0 L&#039;UNIVERSIT\u00c9 DE KALEMIE SOUS LE TH\u00c8ME : &lt;&lt; L&#039;INTELLECTUEL CONGOLAIS ET LE D\u00c9VELOPPEMENT, CAS DU SECTEUR AGRICOLE\u00a0 ET DE LA S\u00c9CURIT\u00c9 ALIMENTAIRE - Universit\u00e9 de Kalemie\" \/>\n<meta property=\"og:description\" content=\"L\u2019INTELLECTUEL CONGOLAIS ET LE D\u00c9VELOPPEMENT, CAS DU SECTEUR AGRICOLE ET DE LA S\u00c9CURIT\u00c9 ALIMENTAIRE C&#8217;est ce samedi 24 Ao\u00fbt 2024 que l&#8217;Universit\u00e9 de Kalemie a accueilli dans l&#8217;Amphith\u00e9\u00e2tre Prof.Jean KILONGOZI la Conf\u00e9rence scientifique anim\u00e9e par le Professeur SEBIGUNDA JACKSON, Doyen du domaine de Sciences agronomiques et de l&#8217;environnement \u00e0 l&#8217;Universit\u00e9 de Goma, dans la province&hellip;\" \/>\n<meta property=\"og:url\" content=\"https:\/\/unikal.ac.cd\/index.php\/unigom-unikal-le-prof-sebigunda-jackson-en-conference-scientifique-a-luniversite-de-kalemie-sous-le-theme-ltlt-lintellectuel-congolais-et-le-developpement-cas-du-secteur-agricole-et-de-la-securite-ali\/\" \/>\n<meta property=\"og:site_name\" content=\"Universit\u00e9 de Kalemie\" \/>\n<meta property=\"article:modified_time\" content=\"2024-08-24T23:00:02+00:00\" \/>\n<meta property=\"og:image\" content=\"https:\/\/unikal.ac.cd\/wp-content\/uploads\/2024\/08\/PRESENTATION-768x512.jpg\" \/>\n<meta name=\"twitter:card\" content=\"summary_large_image\" \/>\n<meta name=\"twitter:label1\" content=\"Est. reading time\" \/>\n\t<meta name=\"twitter:data1\" content=\"2 minutes\" \/>\n<script type=\"application\/ld+json\" class=\"yoast-schema-graph\">{\"@context\":\"https:\/\/schema.org\",\"@graph\":[{\"@type\":\"WebPage\",\"@id\":\"https:\/\/unikal.ac.cd\/index.php\/unigom-unikal-le-prof-sebigunda-jackson-en-conference-scientifique-a-luniversite-de-kalemie-sous-le-theme-ltlt-lintellectuel-congolais-et-le-developpement-cas-du-secteur-agricole-et-de-la-securite-ali\/\",\"url\":\"https:\/\/unikal.ac.cd\/index.php\/unigom-unikal-le-prof-sebigunda-jackson-en-conference-scientifique-a-luniversite-de-kalemie-sous-le-theme-ltlt-lintellectuel-congolais-et-le-developpement-cas-du-secteur-agricole-et-de-la-securite-ali\/\",\"name\":\"UNIGOM-UNIKAL : LE PROF SEBIGUNDA JACKSON EN CONF\u00c9RENCE SCIENTIFIQUE \u00c0 L'UNIVERSIT\u00c9 DE KALEMIE SOUS LE TH\u00c8ME : &lt;&lt; L'INTELLECTUEL CONGOLAIS ET LE D\u00c9VELOPPEMENT, CAS DU SECTEUR AGRICOLE\u00a0 ET DE LA S\u00c9CURIT\u00c9 ALIMENTAIRE - Universit\u00e9 de Kalemie\",\"isPartOf\":{\"@id\":\"https:\/\/unikal.ac.cd\/#website\"},\"primaryImageOfPage\":{\"@id\":\"https:\/\/unikal.ac.cd\/index.php\/unigom-unikal-le-prof-sebigunda-jackson-en-conference-scientifique-a-luniversite-de-kalemie-sous-le-theme-ltlt-lintellectuel-congolais-et-le-developpement-cas-du-secteur-agricole-et-de-la-securite-ali\/#primaryimage\"},\"image\":{\"@id\":\"https:\/\/unikal.ac.cd\/index.php\/unigom-unikal-le-prof-sebigunda-jackson-en-conference-scientifique-a-luniversite-de-kalemie-sous-le-theme-ltlt-lintellectuel-congolais-et-le-developpement-cas-du-secteur-agricole-et-de-la-securite-ali\/#primaryimage\"},\"thumbnailUrl\":\"https:\/\/unikal.ac.cd\/wp-content\/uploads\/2024\/08\/PRESENTATION-768x512.jpg\",\"datePublished\":\"2024-08-24T22:07:41+00:00\",\"dateModified\":\"2024-08-24T23:00:02+00:00\",\"breadcrumb\":{\"@id\":\"https:\/\/unikal.ac.cd\/index.php\/unigom-unikal-le-prof-sebigunda-jackson-en-conference-scientifique-a-luniversite-de-kalemie-sous-le-theme-ltlt-lintellectuel-congolais-et-le-developpement-cas-du-secteur-agricole-et-de-la-securite-ali\/#breadcrumb\"},\"inLanguage\":\"en-US\",\"potentialAction\":[{\"@type\":\"ReadAction\",\"target\":[\"https:\/\/unikal.ac.cd\/index.php\/unigom-unikal-le-prof-sebigunda-jackson-en-conference-scientifique-a-luniversite-de-kalemie-sous-le-theme-ltlt-lintellectuel-congolais-et-le-developpement-cas-du-secteur-agricole-et-de-la-securite-ali\/\"]}]},{\"@type\":\"ImageObject\",\"inLanguage\":\"en-US\",\"@id\":\"https:\/\/unikal.ac.cd\/index.php\/unigom-unikal-le-prof-sebigunda-jackson-en-conference-scientifique-a-luniversite-de-kalemie-sous-le-theme-ltlt-lintellectuel-congolais-et-le-developpement-cas-du-secteur-agricole-et-de-la-securite-ali\/#primaryimage\",\"url\":\"https:\/\/unikal.ac.cd\/wp-content\/uploads\/2024\/08\/PRESENTATION-scaled.jpg\",\"contentUrl\":\"https:\/\/unikal.ac.cd\/wp-content\/uploads\/2024\/08\/PRESENTATION-scaled.jpg\",\"width\":2560,\"height\":1707},{\"@type\":\"BreadcrumbList\",\"@id\":\"https:\/\/unikal.ac.cd\/index.php\/unigom-unikal-le-prof-sebigunda-jackson-en-conference-scientifique-a-luniversite-de-kalemie-sous-le-theme-ltlt-lintellectuel-congolais-et-le-developpement-cas-du-secteur-agricole-et-de-la-securite-ali\/#breadcrumb\",\"itemListElement\":[{\"@type\":\"ListItem\",\"position\":1,\"name\":\"Home\",\"item\":\"https:\/\/unikal.ac.cd\/\"},{\"@type\":\"ListItem\",\"position\":2,\"name\":\"UNIGOM-UNIKAL : LE PROF SEBIGUNDA JACKSON EN CONF\u00c9RENCE SCIENTIFIQUE \u00c0 L&#8217;UNIVERSIT\u00c9 DE KALEMIE SOUS LE TH\u00c8ME : &lt;&lt; L&#8217;INTELLECTUEL CONGOLAIS ET LE D\u00c9VELOPPEMENT, CAS DU SECTEUR AGRICOLE\u00a0 ET DE LA S\u00c9CURIT\u00c9 ALIMENTAIRE\"}]},{\"@type\":\"WebSite\",\"@id\":\"https:\/\/unikal.ac.cd\/#website\",\"url\":\"https:\/\/unikal.ac.cd\/\",\"name\":\"Universit\u00e9 de Kalemie\",\"description\":\"Lumi\u00e8re du Tanganyika\",\"publisher\":{\"@id\":\"https:\/\/unikal.ac.cd\/#organization\"},\"potentialAction\":[{\"@type\":\"SearchAction\",\"target\":{\"@type\":\"EntryPoint\",\"urlTemplate\":\"https:\/\/unikal.ac.cd\/?s={search_term_string}\"},\"query-input\":{\"@type\":\"PropertyValueSpecification\",\"valueRequired\":true,\"valueName\":\"search_term_string\"}}],\"inLanguage\":\"en-US\"},{\"@type\":\"Organization\",\"@id\":\"https:\/\/unikal.ac.cd\/#organization\",\"name\":\"Universit\u00e9 de Kalemie\",\"url\":\"https:\/\/unikal.ac.cd\/\",\"logo\":{\"@type\":\"ImageObject\",\"inLanguage\":\"en-US\",\"@id\":\"https:\/\/unikal.ac.cd\/#\/schema\/logo\/image\/\",\"url\":\"https:\/\/unikal.ac.cd\/wp-content\/uploads\/2023\/08\/logo-unikal_013249.png\",\"contentUrl\":\"https:\/\/unikal.ac.cd\/wp-content\/uploads\/2023\/08\/logo-unikal_013249.png\",\"width\":2100,\"height\":1500,\"caption\":\"Universit\u00e9 de Kalemie\"},\"image\":{\"@id\":\"https:\/\/unikal.ac.cd\/#\/schema\/logo\/image\/\"}}]}<\/script>\n<!-- \/ Yoast SEO plugin. -->","yoast_head_json":{"title":"UNIGOM-UNIKAL : LE PROF SEBIGUNDA JACKSON EN CONF\u00c9RENCE SCIENTIFIQUE \u00c0 L'UNIVERSIT\u00c9 DE KALEMIE SOUS LE TH\u00c8ME : &lt;&lt; L'INTELLECTUEL CONGOLAIS ET LE D\u00c9VELOPPEMENT, CAS DU SECTEUR AGRICOLE\u00a0 ET DE LA S\u00c9CURIT\u00c9 ALIMENTAIRE - Universit\u00e9 de Kalemie","robots":{"index":"index","follow":"follow","max-snippet":"max-snippet:-1","max-image-preview":"max-image-preview:large","max-video-preview":"max-video-preview:-1"},"canonical":"https:\/\/unikal.ac.cd\/index.php\/unigom-unikal-le-prof-sebigunda-jackson-en-conference-scientifique-a-luniversite-de-kalemie-sous-le-theme-ltlt-lintellectuel-congolais-et-le-developpement-cas-du-secteur-agricole-et-de-la-securite-ali\/","og_locale":"en_US","og_type":"article","og_title":"UNIGOM-UNIKAL : LE PROF SEBIGUNDA JACKSON EN CONF\u00c9RENCE SCIENTIFIQUE \u00c0 L'UNIVERSIT\u00c9 DE KALEMIE SOUS LE TH\u00c8ME : &lt;&lt; L'INTELLECTUEL CONGOLAIS ET LE D\u00c9VELOPPEMENT, CAS DU SECTEUR AGRICOLE\u00a0 ET DE LA S\u00c9CURIT\u00c9 ALIMENTAIRE - Universit\u00e9 de Kalemie","og_description":"L\u2019INTELLECTUEL CONGOLAIS ET LE D\u00c9VELOPPEMENT, CAS DU SECTEUR AGRICOLE ET DE LA S\u00c9CURIT\u00c9 ALIMENTAIRE C&#8217;est ce samedi 24 Ao\u00fbt 2024 que l&#8217;Universit\u00e9 de Kalemie a accueilli dans l&#8217;Amphith\u00e9\u00e2tre Prof.Jean KILONGOZI la Conf\u00e9rence scientifique anim\u00e9e par le Professeur SEBIGUNDA JACKSON, Doyen du domaine de Sciences agronomiques et de l&#8217;environnement \u00e0 l&#8217;Universit\u00e9 de Goma, dans la province&hellip;","og_url":"https:\/\/unikal.ac.cd\/index.php\/unigom-unikal-le-prof-sebigunda-jackson-en-conference-scientifique-a-luniversite-de-kalemie-sous-le-theme-ltlt-lintellectuel-congolais-et-le-developpement-cas-du-secteur-agricole-et-de-la-securite-ali\/","og_site_name":"Universit\u00e9 de Kalemie","article_modified_time":"2024-08-24T23:00:02+00:00","og_image":[{"url":"https:\/\/unikal.ac.cd\/wp-content\/uploads\/2024\/08\/PRESENTATION-768x512.jpg","type":"","width":"","height":""}],"twitter_card":"summary_large_image","twitter_misc":{"Est. reading time":"2 minutes"},"schema":{"@context":"https:\/\/schema.org","@graph":[{"@type":"WebPage","@id":"https:\/\/unikal.ac.cd\/index.php\/unigom-unikal-le-prof-sebigunda-jackson-en-conference-scientifique-a-luniversite-de-kalemie-sous-le-theme-ltlt-lintellectuel-congolais-et-le-developpement-cas-du-secteur-agricole-et-de-la-securite-ali\/","url":"https:\/\/unikal.ac.cd\/index.php\/unigom-unikal-le-prof-sebigunda-jackson-en-conference-scientifique-a-luniversite-de-kalemie-sous-le-theme-ltlt-lintellectuel-congolais-et-le-developpement-cas-du-secteur-agricole-et-de-la-securite-ali\/","name":"UNIGOM-UNIKAL : LE PROF SEBIGUNDA JACKSON EN CONF\u00c9RENCE SCIENTIFIQUE \u00c0 L'UNIVERSIT\u00c9 DE KALEMIE SOUS LE TH\u00c8ME : &lt;&lt; L'INTELLECTUEL CONGOLAIS ET LE D\u00c9VELOPPEMENT, CAS DU SECTEUR AGRICOLE\u00a0 ET DE LA S\u00c9CURIT\u00c9 ALIMENTAIRE - Universit\u00e9 de Kalemie","isPartOf":{"@id":"https:\/\/unikal.ac.cd\/#website"},"primaryImageOfPage":{"@id":"https:\/\/unikal.ac.cd\/index.php\/unigom-unikal-le-prof-sebigunda-jackson-en-conference-scientifique-a-luniversite-de-kalemie-sous-le-theme-ltlt-lintellectuel-congolais-et-le-developpement-cas-du-secteur-agricole-et-de-la-securite-ali\/#primaryimage"},"image":{"@id":"https:\/\/unikal.ac.cd\/index.php\/unigom-unikal-le-prof-sebigunda-jackson-en-conference-scientifique-a-luniversite-de-kalemie-sous-le-theme-ltlt-lintellectuel-congolais-et-le-developpement-cas-du-secteur-agricole-et-de-la-securite-ali\/#primaryimage"},"thumbnailUrl":"https:\/\/unikal.ac.cd\/wp-content\/uploads\/2024\/08\/PRESENTATION-768x512.jpg","datePublished":"2024-08-24T22:07:41+00:00","dateModified":"2024-08-24T23:00:02+00:00","breadcrumb":{"@id":"https:\/\/unikal.ac.cd\/index.php\/unigom-unikal-le-prof-sebigunda-jackson-en-conference-scientifique-a-luniversite-de-kalemie-sous-le-theme-ltlt-lintellectuel-congolais-et-le-developpement-cas-du-secteur-agricole-et-de-la-securite-ali\/#breadcrumb"},"inLanguage":"en-US","potentialAction":[{"@type":"ReadAction","target":["https:\/\/unikal.ac.cd\/index.php\/unigom-unikal-le-prof-sebigunda-jackson-en-conference-scientifique-a-luniversite-de-kalemie-sous-le-theme-ltlt-lintellectuel-congolais-et-le-developpement-cas-du-secteur-agricole-et-de-la-securite-ali\/"]}]},{"@type":"ImageObject","inLanguage":"en-US","@id":"https:\/\/unikal.ac.cd\/index.php\/unigom-unikal-le-prof-sebigunda-jackson-en-conference-scientifique-a-luniversite-de-kalemie-sous-le-theme-ltlt-lintellectuel-congolais-et-le-developpement-cas-du-secteur-agricole-et-de-la-securite-ali\/#primaryimage","url":"https:\/\/unikal.ac.cd\/wp-content\/uploads\/2024\/08\/PRESENTATION-scaled.jpg","contentUrl":"https:\/\/unikal.ac.cd\/wp-content\/uploads\/2024\/08\/PRESENTATION-scaled.jpg","width":2560,"height":1707},{"@type":"BreadcrumbList","@id":"https:\/\/unikal.ac.cd\/index.php\/unigom-unikal-le-prof-sebigunda-jackson-en-conference-scientifique-a-luniversite-de-kalemie-sous-le-theme-ltlt-lintellectuel-congolais-et-le-developpement-cas-du-secteur-agricole-et-de-la-securite-ali\/#breadcrumb","itemListElement":[{"@type":"ListItem","position":1,"name":"Home","item":"https:\/\/unikal.ac.cd\/"},{"@type":"ListItem","position":2,"name":"UNIGOM-UNIKAL : LE PROF SEBIGUNDA JACKSON EN CONF\u00c9RENCE SCIENTIFIQUE \u00c0 L&#8217;UNIVERSIT\u00c9 DE KALEMIE SOUS LE TH\u00c8ME : &lt;&lt; L&#8217;INTELLECTUEL CONGOLAIS ET LE D\u00c9VELOPPEMENT, CAS DU SECTEUR AGRICOLE\u00a0 ET DE LA S\u00c9CURIT\u00c9 ALIMENTAIRE"}]},{"@type":"WebSite","@id":"https:\/\/unikal.ac.cd\/#website","url":"https:\/\/unikal.ac.cd\/","name":"Universit\u00e9 de Kalemie","description":"Lumi\u00e8re du Tanganyika","publisher":{"@id":"https:\/\/unikal.ac.cd\/#organization"},"potentialAction":[{"@type":"SearchAction","target":{"@type":"EntryPoint","urlTemplate":"https:\/\/unikal.ac.cd\/?s={search_term_string}"},"query-input":{"@type":"PropertyValueSpecification","valueRequired":true,"valueName":"search_term_string"}}],"inLanguage":"en-US"},{"@type":"Organization","@id":"https:\/\/unikal.ac.cd\/#organization","name":"Universit\u00e9 de Kalemie","url":"https:\/\/unikal.ac.cd\/","logo":{"@type":"ImageObject","inLanguage":"en-US","@id":"https:\/\/unikal.ac.cd\/#\/schema\/logo\/image\/","url":"https:\/\/unikal.ac.cd\/wp-content\/uploads\/2023\/08\/logo-unikal_013249.png","contentUrl":"https:\/\/unikal.ac.cd\/wp-content\/uploads\/2023\/08\/logo-unikal_013249.png","width":2100,"height":1500,"caption":"Universit\u00e9 de Kalemie"},"image":{"@id":"https:\/\/unikal.ac.cd\/#\/schema\/logo\/image\/"}}]}},"_links":{"self":[{"href":"https:\/\/unikal.ac.cd\/index.php\/wp-json\/wp\/v2\/pages\/890","targetHints":{"allow":["GET"]}}],"collection":[{"href":"https:\/\/unikal.ac.cd\/index.php\/wp-json\/wp\/v2\/pages"}],"about":[{"href":"https:\/\/unikal.ac.cd\/index.php\/wp-json\/wp\/v2\/types\/page"}],"author":[{"embeddable":true,"href":"https:\/\/unikal.ac.cd\/index.php\/wp-json\/wp\/v2\/users\/1"}],"replies":[{"embeddable":true,"href":"https:\/\/unikal.ac.cd\/index.php\/wp-json\/wp\/v2\/comments?post=890"}],"version-history":[{"count":9,"href":"https:\/\/unikal.ac.cd\/index.php\/wp-json\/wp\/v2\/pages\/890\/revisions"}],"predecessor-version":[{"id":904,"href":"https:\/\/unikal.ac.cd\/index.php\/wp-json\/wp\/v2\/pages\/890\/revisions\/904"}],"wp:attachment":[{"href":"https:\/\/unikal.ac.cd\/index.php\/wp-json\/wp\/v2\/media?parent=890"}],"curies":[{"name":"wp","href":"https:\/\/api.w.org\/{rel}","templated":true}]}}