{"id":950,"date":"2024-09-29T23:27:05","date_gmt":"2024-09-29T23:27:05","guid":{"rendered":"https:\/\/unikal.ac.cd\/?page_id=950"},"modified":"2024-09-30T00:05:43","modified_gmt":"2024-09-30T00:05:43","slug":"double-ceremonie-de-collation-des-grades-et-cloture-de-lannee-academique-2023-2024","status":"publish","type":"page","link":"https:\/\/unikal.ac.cd\/index.php\/double-ceremonie-de-collation-des-grades-et-cloture-de-lannee-academique-2023-2024\/","title":{"rendered":"DOUBLE CEREMONIE DE COLLATION DES GRADES ET CL\u00d4TURE DE L&#8217;ANN\u00c9E ACAD\u00c9MIQUE 2023-2024"},"content":{"rendered":"\t\t<div data-elementor-type=\"wp-page\" data-elementor-id=\"950\" class=\"elementor elementor-950\">\n\t\t\t\t\t\t<section class=\"elementor-section elementor-top-section elementor-element elementor-element-ad4cdc1 elementor-section-stretched elementor-section-boxed elementor-section-height-default elementor-section-height-default\" data-id=\"ad4cdc1\" data-element_type=\"section\" data-e-type=\"section\" data-settings=\"{&quot;stretch_section&quot;:&quot;section-stretched&quot;}\">\n\t\t\t\t\t\t<div class=\"elementor-container elementor-column-gap-default\">\n\t\t\t\t\t<div class=\"elementor-column elementor-col-100 elementor-top-column elementor-element elementor-element-d1ed509\" data-id=\"d1ed509\" data-element_type=\"column\" data-e-type=\"column\">\n\t\t\t<div class=\"elementor-widget-wrap elementor-element-populated\">\n\t\t\t\t\t\t<div class=\"elementor-element elementor-element-c30ef24 elementor-widget elementor-widget-heading\" data-id=\"c30ef24\" data-element_type=\"widget\" data-e-type=\"widget\" data-widget_type=\"heading.default\">\n\t\t\t\t<div class=\"elementor-widget-container\">\n\t\t\t\t\t<h2 class=\"elementor-heading-title elementor-size-default\">L'UNIVERSIT\u00c9 DE KALEMIE C\u00c9L\u00c8BRE UNE DOUBLE CEREMONIE DE COLLATION DES GRADES ET CL\u00d4TURE DE L'ANN\u00c9E ACAD\u00c9MIQUE 2023-2024 CE SAMEDI 21 SEPTEMBRE 2024.\n<\/h2>\t\t\t\t<\/div>\n\t\t\t\t<\/div>\n\t\t\t\t\t<\/div>\n\t\t<\/div>\n\t\t\t\t\t<\/div>\n\t\t<\/section>\n\t\t\t\t<section class=\"elementor-section elementor-top-section elementor-element elementor-element-e18522e elementor-section-stretched elementor-section-boxed elementor-section-height-default elementor-section-height-default\" data-id=\"e18522e\" data-element_type=\"section\" data-e-type=\"section\" data-settings=\"{&quot;stretch_section&quot;:&quot;section-stretched&quot;}\">\n\t\t\t\t\t\t<div class=\"elementor-container elementor-column-gap-default\">\n\t\t\t\t\t<div class=\"elementor-column elementor-col-50 elementor-top-column elementor-element elementor-element-8283649\" data-id=\"8283649\" data-element_type=\"column\" data-e-type=\"column\">\n\t\t\t<div class=\"elementor-widget-wrap elementor-element-populated\">\n\t\t\t\t\t\t<div class=\"elementor-element elementor-element-6e43d9a elementor-widget elementor-widget-image\" data-id=\"6e43d9a\" data-element_type=\"widget\" data-e-type=\"widget\" data-widget_type=\"image.default\">\n\t\t\t\t<div class=\"elementor-widget-container\">\n\t\t\t\t\t\t\t\t\t\t\t\t\t\t\t<img fetchpriority=\"high\" decoding=\"async\" width=\"640\" height=\"450\" src=\"https:\/\/unikal.ac.cd\/wp-content\/uploads\/2024\/09\/1966d9a4-cbd5-4c9b-971d-adac2ba6559b-1-1024x720.jpg\" class=\"attachment-large size-large wp-image-952\" alt=\"\" srcset=\"https:\/\/unikal.ac.cd\/wp-content\/uploads\/2024\/09\/1966d9a4-cbd5-4c9b-971d-adac2ba6559b-1-1024x720.jpg 1024w, https:\/\/unikal.ac.cd\/wp-content\/uploads\/2024\/09\/1966d9a4-cbd5-4c9b-971d-adac2ba6559b-1-340x240.jpg 340w\" sizes=\"(max-width: 640px) 100vw, 640px\" \/>\t\t\t\t\t\t\t\t\t\t\t\t\t\t\t<\/div>\n\t\t\t\t<\/div>\n\t\t\t\t\t<\/div>\n\t\t<\/div>\n\t\t\t\t<div class=\"elementor-column elementor-col-50 elementor-top-column elementor-element elementor-element-027e554\" data-id=\"027e554\" data-element_type=\"column\" data-e-type=\"column\">\n\t\t\t<div class=\"elementor-widget-wrap elementor-element-populated\">\n\t\t\t\t\t\t<div class=\"elementor-element elementor-element-ed434f3 elementor-widget elementor-widget-text-editor\" data-id=\"ed434f3\" data-element_type=\"widget\" data-e-type=\"widget\" data-widget_type=\"text-editor.default\">\n\t\t\t\t<div class=\"elementor-widget-container\">\n\t\t\t\t\t\t\t\t\t<p>C&#8217;est une double c\u00e9r\u00e9monie de Collation des grades et de cl\u00f4ture de l&#8217;ann\u00e9e acad\u00e9mique 2023-2024 c\u00e9l\u00e9br\u00e9e ce 21 septembre \u00e0 l&#8217;Universit\u00e9 de Kalemie.<br \/>au total 477 \u00e9tudiants ont \u00e9t\u00e9 dipl\u00f4m\u00e9s licenci\u00e9s dont\u00a0 215 du syst\u00e8me classique\u00a0 et 262 de celui LMD parmi lesquels figure 5 laur\u00e9ats de la Communaut\u00e9 Twa, b\u00e9n\u00e9ficiaires de la bourse d&#8217;\u00e9tudes du projet TCMC de PACT-CONGO sous le financement de l&#8217;USAID. Biens des autorit\u00e9s provinciales parmi lesquelles le Vice-Gouverneur repr\u00e9sentant personnel du Gouverneur Christian KITUNGWA MUTEBA, le Pr\u00e9sident de l&#8217;Assembl\u00e9e provinciale, l&#8217;honorable Docteur Cyrille KIMPU AWEL, le Maire Adjointe Carine MUTETA, des partenaires de L&#8217;USAID, WCS, PNDU\u00a0 ainsi que les parents d&#8217;\u00e9tudiants ont rehauss\u00e9 de leur pr\u00e9sence la c\u00e9r\u00e9monie.<br \/><br \/>Apr\u00e8s le rapport acad\u00e9mique lu par le secr\u00e9taire g\u00e9n\u00e9ral acad\u00e9mique le Chef de travaux ISENGOMA KIPIMO EMMANUEL, o\u00f9 il a soulign\u00e9 non seulement les efforts du personnel scientifique dans l&#8217;accomplissement de leur mission pour une fin heureuse de l&#8217;ann\u00e9e acad\u00e9mique mais \u00e9galement du comportement cons\u00e9quent des \u00e9tudiants.<\/p>\t\t\t\t\t\t\t\t<\/div>\n\t\t\t\t<\/div>\n\t\t\t\t\t<\/div>\n\t\t<\/div>\n\t\t\t\t\t<\/div>\n\t\t<\/section>\n\t\t\t\t<section class=\"elementor-section elementor-top-section elementor-element elementor-element-4e11d99 elementor-section-stretched elementor-section-boxed elementor-section-height-default elementor-section-height-default\" data-id=\"4e11d99\" data-element_type=\"section\" data-e-type=\"section\" data-settings=\"{&quot;stretch_section&quot;:&quot;section-stretched&quot;}\">\n\t\t\t\t\t\t<div class=\"elementor-container elementor-column-gap-default\">\n\t\t\t\t\t<div class=\"elementor-column elementor-col-50 elementor-top-column elementor-element elementor-element-7d8d717\" data-id=\"7d8d717\" data-element_type=\"column\" data-e-type=\"column\">\n\t\t\t<div class=\"elementor-widget-wrap elementor-element-populated\">\n\t\t\t\t\t\t<div class=\"elementor-element elementor-element-bc5e459 elementor-widget elementor-widget-text-editor\" data-id=\"bc5e459\" data-element_type=\"widget\" data-e-type=\"widget\" data-widget_type=\"text-editor.default\">\n\t\t\t\t<div class=\"elementor-widget-container\">\n\t\t\t\t\t\t\t\t\t<p>De son c\u00f4t\u00e9 le Recteur, P.O Victor KALUNGA TSHIKALA a dans son discours acad\u00e9mique salu\u00e9 l&#8217;engagement de la ministre de tutelle dans l&#8217;accomplissement de la vision du Pr\u00e9sident de la R\u00e9publique F\u00e9lix Antoine Tshisekedi Tshilombo dans l&#8217;am\u00e9lioration de la qualit\u00e9 de l&#8217;enseignement sup\u00e9rieur et universitaire en RDC, mais aussi de l&#8217;appui du Gouvernement provincial que dirige\u00a0 l&#8217;honorable Christian KITUNGWA MUTEBA, Gouverneur.<br \/><br \/>Le Gouverneur Christian KITUNGWA MUTEBA, repr\u00e9sent\u00e9 par son Vice Isidore KABWE MWEHU LONGO a pris l&#8217;engagement d&#8217;oeuvrer pour la promotion du personnel scientifique de l&#8217;Universit\u00e9 de Kalemie inscrit aux \u00e9tudes de troisi\u00e8me cycle. A lui d&#8217;ajouter, de travailler d&#8217;arrache-pied pour lutter contre la spoliation du deuxi\u00e8me site de l&#8217;universit\u00e9 de Kalemie qui a accueilli la Grande c\u00e9r\u00e9monie de Collation des grades acad\u00e9miques, d\u00e9nomm\u00e9 CITES UNIVERSITAIRES DE KALEMIE (situ\u00e9 dans la p\u00e9riph\u00e9rie du centre-ville). Ce discours renforce les liens de collaboration existant depuis la nuit de temps entre l&#8217;Universit\u00e9 de Kalemie, premi\u00e8re institution universitaire de la province du Tanganyika et l&#8217;Ex\u00e9cutif provincial.<\/p>\t\t\t\t\t\t\t\t<\/div>\n\t\t\t\t<\/div>\n\t\t\t\t\t<\/div>\n\t\t<\/div>\n\t\t\t\t<div class=\"elementor-column elementor-col-50 elementor-top-column elementor-element elementor-element-51946bb\" data-id=\"51946bb\" data-element_type=\"column\" data-e-type=\"column\">\n\t\t\t<div class=\"elementor-widget-wrap elementor-element-populated\">\n\t\t\t\t\t\t<div class=\"elementor-element elementor-element-5756873 elementor-widget elementor-widget-image\" data-id=\"5756873\" data-element_type=\"widget\" data-e-type=\"widget\" data-widget_type=\"image.default\">\n\t\t\t\t<div class=\"elementor-widget-container\">\n\t\t\t\t\t\t\t\t\t\t\t\t\t\t\t<img decoding=\"async\" width=\"640\" height=\"429\" src=\"https:\/\/unikal.ac.cd\/wp-content\/uploads\/2024\/09\/24ecfc25-e074-4467-a777-43f13e9ecf4b.jpg\" class=\"attachment-large size-large wp-image-949\" alt=\"\" srcset=\"https:\/\/unikal.ac.cd\/wp-content\/uploads\/2024\/09\/24ecfc25-e074-4467-a777-43f13e9ecf4b.jpg 828w, https:\/\/unikal.ac.cd\/wp-content\/uploads\/2024\/09\/24ecfc25-e074-4467-a777-43f13e9ecf4b-768x515.jpg 768w\" sizes=\"(max-width: 640px) 100vw, 640px\" \/>\t\t\t\t\t\t\t\t\t\t\t\t\t\t\t<\/div>\n\t\t\t\t<\/div>\n\t\t\t\t\t<\/div>\n\t\t<\/div>\n\t\t\t\t\t<\/div>\n\t\t<\/section>\n\t\t\t\t<section class=\"elementor-section elementor-top-section elementor-element elementor-element-a08cb30 elementor-section-stretched elementor-section-boxed elementor-section-height-default elementor-section-height-default\" data-id=\"a08cb30\" data-element_type=\"section\" data-e-type=\"section\" data-settings=\"{&quot;stretch_section&quot;:&quot;section-stretched&quot;}\">\n\t\t\t\t\t\t<div class=\"elementor-container elementor-column-gap-default\">\n\t\t\t\t\t<div class=\"elementor-column elementor-col-100 elementor-top-column elementor-element elementor-element-b077632\" data-id=\"b077632\" data-element_type=\"column\" data-e-type=\"column\">\n\t\t\t<div class=\"elementor-widget-wrap elementor-element-populated\">\n\t\t\t\t\t\t<div class=\"elementor-element elementor-element-a7d4add elementor-widget elementor-widget-text-editor\" data-id=\"a7d4add\" data-element_type=\"widget\" data-e-type=\"widget\" data-widget_type=\"text-editor.default\">\n\t\t\t\t<div class=\"elementor-widget-container\">\n\t\t\t\t\t\t\t\t\t<p>En outre, poursuivant la promotion du peuple Twa, l&#8217;Universit\u00e9 de Kalemie \u00e9tant la\u00efque, reste ouverte \u00e0 toute offre de partenaire pouvant l&#8217;aider \u00e0 appuyer d&#8217;une mani\u00e8re ou d&#8217;une autre sa volont\u00e9 de relever les d\u00e9fis des communaut\u00e9s minoritaires par l&#8217;\u00e9ducation.<br \/><br \/>L&#8217;Universit\u00e9 gr\u00e2ce \u00e0 Comit\u00e9 de gestion reste engag\u00e9e sur des nouvelles perspectives\u00a0 avec ses partenariats interuniversitaires pour offrir \u00e0 la jeunesse du Tanganyika et d&#8217;ailleurs le meilleur d&#8217;elle-m\u00eame en termes de la qualit\u00e9 d&#8217;enseignement et des conditions d&#8217;\u00e9tudes.<\/p>\t\t\t\t\t\t\t\t<\/div>\n\t\t\t\t<\/div>\n\t\t\t\t\t<\/div>\n\t\t<\/div>\n\t\t\t\t\t<\/div>\n\t\t<\/section>\n\t\t\t\t<\/div>\n\t\t","protected":false},"excerpt":{"rendered":"<p>L&#8217;UNIVERSIT\u00c9 DE KALEMIE C\u00c9L\u00c8BRE UNE DOUBLE CEREMONIE DE COLLATION DES GRADES ET CL\u00d4TURE DE L&#8217;ANN\u00c9E ACAD\u00c9MIQUE 2023-2024 CE SAMEDI 21 SEPTEMBRE 2024. C&#8217;est une double c\u00e9r\u00e9monie de Collation des grades et de cl\u00f4ture de l&#8217;ann\u00e9e acad\u00e9mique 2023-2024 c\u00e9l\u00e9br\u00e9e ce 21 septembre \u00e0 l&#8217;Universit\u00e9 de Kalemie.au total 477 \u00e9tudiants ont \u00e9t\u00e9 dipl\u00f4m\u00e9s licenci\u00e9s dont\u00a0 215 du&hellip;<\/p>\n","protected":false},"author":1,"featured_media":949,"parent":0,"menu_order":0,"comment_status":"closed","ping_status":"closed","template":"elementor_header_footer","meta":{"om_disable_all_campaigns":false,"_monsterinsights_skip_tracking":false,"_monsterinsights_sitenote_active":false,"_monsterinsights_sitenote_note":"","_monsterinsights_sitenote_category":0,"_uf_show_specific_survey":0,"_uf_disable_surveys":false,"footnotes":""},"class_list":["post-950","page","type-page","status-publish","has-post-thumbnail","hentry"],"yoast_head":"<!-- This site is optimized with the Yoast SEO plugin v26.9 - https:\/\/yoast.com\/product\/yoast-seo-wordpress\/ -->\n<title>DOUBLE CEREMONIE DE COLLATION DES GRADES ET CL\u00d4TURE DE L&#039;ANN\u00c9E ACAD\u00c9MIQUE 2023-2024 - Universit\u00e9 de Kalemie<\/title>\n<meta name=\"robots\" content=\"index, follow, max-snippet:-1, max-image-preview:large, max-video-preview:-1\" \/>\n<link rel=\"canonical\" href=\"https:\/\/unikal.ac.cd\/index.php\/double-ceremonie-de-collation-des-grades-et-cloture-de-lannee-academique-2023-2024\/\" \/>\n<meta property=\"og:locale\" content=\"en_US\" \/>\n<meta property=\"og:type\" content=\"article\" \/>\n<meta property=\"og:title\" content=\"DOUBLE CEREMONIE DE COLLATION DES GRADES ET CL\u00d4TURE DE L&#039;ANN\u00c9E ACAD\u00c9MIQUE 2023-2024 - Universit\u00e9 de Kalemie\" \/>\n<meta property=\"og:description\" content=\"L&#8217;UNIVERSIT\u00c9 DE KALEMIE C\u00c9L\u00c8BRE UNE DOUBLE CEREMONIE DE COLLATION DES GRADES ET CL\u00d4TURE DE L&#8217;ANN\u00c9E ACAD\u00c9MIQUE 2023-2024 CE SAMEDI 21 SEPTEMBRE 2024. C&#8217;est une double c\u00e9r\u00e9monie de Collation des grades et de cl\u00f4ture de l&#8217;ann\u00e9e acad\u00e9mique 2023-2024 c\u00e9l\u00e9br\u00e9e ce 21 septembre \u00e0 l&#8217;Universit\u00e9 de Kalemie.au total 477 \u00e9tudiants ont \u00e9t\u00e9 dipl\u00f4m\u00e9s licenci\u00e9s dont\u00a0 215 du&hellip;\" \/>\n<meta property=\"og:url\" content=\"https:\/\/unikal.ac.cd\/index.php\/double-ceremonie-de-collation-des-grades-et-cloture-de-lannee-academique-2023-2024\/\" \/>\n<meta property=\"og:site_name\" content=\"Universit\u00e9 de Kalemie\" \/>\n<meta property=\"article:modified_time\" content=\"2024-09-30T00:05:43+00:00\" \/>\n<meta property=\"og:image\" content=\"https:\/\/unikal.ac.cd\/wp-content\/uploads\/2024\/09\/24ecfc25-e074-4467-a777-43f13e9ecf4b.jpg\" \/>\n\t<meta property=\"og:image:width\" content=\"828\" \/>\n\t<meta property=\"og:image:height\" content=\"555\" \/>\n\t<meta property=\"og:image:type\" content=\"image\/jpeg\" \/>\n<meta name=\"twitter:card\" content=\"summary_large_image\" \/>\n<meta name=\"twitter:label1\" content=\"Est. reading time\" \/>\n\t<meta name=\"twitter:data1\" content=\"3 minutes\" \/>\n<script type=\"application\/ld+json\" class=\"yoast-schema-graph\">{\"@context\":\"https:\/\/schema.org\",\"@graph\":[{\"@type\":\"WebPage\",\"@id\":\"https:\/\/unikal.ac.cd\/index.php\/double-ceremonie-de-collation-des-grades-et-cloture-de-lannee-academique-2023-2024\/\",\"url\":\"https:\/\/unikal.ac.cd\/index.php\/double-ceremonie-de-collation-des-grades-et-cloture-de-lannee-academique-2023-2024\/\",\"name\":\"DOUBLE CEREMONIE DE COLLATION DES GRADES ET CL\u00d4TURE DE L'ANN\u00c9E ACAD\u00c9MIQUE 2023-2024 - Universit\u00e9 de Kalemie\",\"isPartOf\":{\"@id\":\"https:\/\/unikal.ac.cd\/#website\"},\"primaryImageOfPage\":{\"@id\":\"https:\/\/unikal.ac.cd\/index.php\/double-ceremonie-de-collation-des-grades-et-cloture-de-lannee-academique-2023-2024\/#primaryimage\"},\"image\":{\"@id\":\"https:\/\/unikal.ac.cd\/index.php\/double-ceremonie-de-collation-des-grades-et-cloture-de-lannee-academique-2023-2024\/#primaryimage\"},\"thumbnailUrl\":\"https:\/\/unikal.ac.cd\/wp-content\/uploads\/2024\/09\/24ecfc25-e074-4467-a777-43f13e9ecf4b.jpg\",\"datePublished\":\"2024-09-29T23:27:05+00:00\",\"dateModified\":\"2024-09-30T00:05:43+00:00\",\"breadcrumb\":{\"@id\":\"https:\/\/unikal.ac.cd\/index.php\/double-ceremonie-de-collation-des-grades-et-cloture-de-lannee-academique-2023-2024\/#breadcrumb\"},\"inLanguage\":\"en-US\",\"potentialAction\":[{\"@type\":\"ReadAction\",\"target\":[\"https:\/\/unikal.ac.cd\/index.php\/double-ceremonie-de-collation-des-grades-et-cloture-de-lannee-academique-2023-2024\/\"]}]},{\"@type\":\"ImageObject\",\"inLanguage\":\"en-US\",\"@id\":\"https:\/\/unikal.ac.cd\/index.php\/double-ceremonie-de-collation-des-grades-et-cloture-de-lannee-academique-2023-2024\/#primaryimage\",\"url\":\"https:\/\/unikal.ac.cd\/wp-content\/uploads\/2024\/09\/24ecfc25-e074-4467-a777-43f13e9ecf4b.jpg\",\"contentUrl\":\"https:\/\/unikal.ac.cd\/wp-content\/uploads\/2024\/09\/24ecfc25-e074-4467-a777-43f13e9ecf4b.jpg\",\"width\":828,\"height\":555},{\"@type\":\"BreadcrumbList\",\"@id\":\"https:\/\/unikal.ac.cd\/index.php\/double-ceremonie-de-collation-des-grades-et-cloture-de-lannee-academique-2023-2024\/#breadcrumb\",\"itemListElement\":[{\"@type\":\"ListItem\",\"position\":1,\"name\":\"Home\",\"item\":\"https:\/\/unikal.ac.cd\/\"},{\"@type\":\"ListItem\",\"position\":2,\"name\":\"DOUBLE CEREMONIE DE COLLATION DES GRADES ET CL\u00d4TURE DE L&#8217;ANN\u00c9E ACAD\u00c9MIQUE 2023-2024\"}]},{\"@type\":\"WebSite\",\"@id\":\"https:\/\/unikal.ac.cd\/#website\",\"url\":\"https:\/\/unikal.ac.cd\/\",\"name\":\"Universit\u00e9 de Kalemie\",\"description\":\"Lumi\u00e8re du Tanganyika\",\"publisher\":{\"@id\":\"https:\/\/unikal.ac.cd\/#organization\"},\"potentialAction\":[{\"@type\":\"SearchAction\",\"target\":{\"@type\":\"EntryPoint\",\"urlTemplate\":\"https:\/\/unikal.ac.cd\/?s={search_term_string}\"},\"query-input\":{\"@type\":\"PropertyValueSpecification\",\"valueRequired\":true,\"valueName\":\"search_term_string\"}}],\"inLanguage\":\"en-US\"},{\"@type\":\"Organization\",\"@id\":\"https:\/\/unikal.ac.cd\/#organization\",\"name\":\"Universit\u00e9 de Kalemie\",\"url\":\"https:\/\/unikal.ac.cd\/\",\"logo\":{\"@type\":\"ImageObject\",\"inLanguage\":\"en-US\",\"@id\":\"https:\/\/unikal.ac.cd\/#\/schema\/logo\/image\/\",\"url\":\"https:\/\/unikal.ac.cd\/wp-content\/uploads\/2023\/08\/logo-unikal_013249.png\",\"contentUrl\":\"https:\/\/unikal.ac.cd\/wp-content\/uploads\/2023\/08\/logo-unikal_013249.png\",\"width\":2100,\"height\":1500,\"caption\":\"Universit\u00e9 de Kalemie\"},\"image\":{\"@id\":\"https:\/\/unikal.ac.cd\/#\/schema\/logo\/image\/\"}}]}<\/script>\n<!-- \/ Yoast SEO plugin. -->","yoast_head_json":{"title":"DOUBLE CEREMONIE DE COLLATION DES GRADES ET CL\u00d4TURE DE L'ANN\u00c9E ACAD\u00c9MIQUE 2023-2024 - Universit\u00e9 de Kalemie","robots":{"index":"index","follow":"follow","max-snippet":"max-snippet:-1","max-image-preview":"max-image-preview:large","max-video-preview":"max-video-preview:-1"},"canonical":"https:\/\/unikal.ac.cd\/index.php\/double-ceremonie-de-collation-des-grades-et-cloture-de-lannee-academique-2023-2024\/","og_locale":"en_US","og_type":"article","og_title":"DOUBLE CEREMONIE DE COLLATION DES GRADES ET CL\u00d4TURE DE L'ANN\u00c9E ACAD\u00c9MIQUE 2023-2024 - Universit\u00e9 de Kalemie","og_description":"L&#8217;UNIVERSIT\u00c9 DE KALEMIE C\u00c9L\u00c8BRE UNE DOUBLE CEREMONIE DE COLLATION DES GRADES ET CL\u00d4TURE DE L&#8217;ANN\u00c9E ACAD\u00c9MIQUE 2023-2024 CE SAMEDI 21 SEPTEMBRE 2024. C&#8217;est une double c\u00e9r\u00e9monie de Collation des grades et de cl\u00f4ture de l&#8217;ann\u00e9e acad\u00e9mique 2023-2024 c\u00e9l\u00e9br\u00e9e ce 21 septembre \u00e0 l&#8217;Universit\u00e9 de Kalemie.au total 477 \u00e9tudiants ont \u00e9t\u00e9 dipl\u00f4m\u00e9s licenci\u00e9s dont\u00a0 215 du&hellip;","og_url":"https:\/\/unikal.ac.cd\/index.php\/double-ceremonie-de-collation-des-grades-et-cloture-de-lannee-academique-2023-2024\/","og_site_name":"Universit\u00e9 de Kalemie","article_modified_time":"2024-09-30T00:05:43+00:00","og_image":[{"width":828,"height":555,"url":"https:\/\/unikal.ac.cd\/wp-content\/uploads\/2024\/09\/24ecfc25-e074-4467-a777-43f13e9ecf4b.jpg","type":"image\/jpeg"}],"twitter_card":"summary_large_image","twitter_misc":{"Est. reading time":"3 minutes"},"schema":{"@context":"https:\/\/schema.org","@graph":[{"@type":"WebPage","@id":"https:\/\/unikal.ac.cd\/index.php\/double-ceremonie-de-collation-des-grades-et-cloture-de-lannee-academique-2023-2024\/","url":"https:\/\/unikal.ac.cd\/index.php\/double-ceremonie-de-collation-des-grades-et-cloture-de-lannee-academique-2023-2024\/","name":"DOUBLE CEREMONIE DE COLLATION DES GRADES ET CL\u00d4TURE DE L'ANN\u00c9E ACAD\u00c9MIQUE 2023-2024 - Universit\u00e9 de Kalemie","isPartOf":{"@id":"https:\/\/unikal.ac.cd\/#website"},"primaryImageOfPage":{"@id":"https:\/\/unikal.ac.cd\/index.php\/double-ceremonie-de-collation-des-grades-et-cloture-de-lannee-academique-2023-2024\/#primaryimage"},"image":{"@id":"https:\/\/unikal.ac.cd\/index.php\/double-ceremonie-de-collation-des-grades-et-cloture-de-lannee-academique-2023-2024\/#primaryimage"},"thumbnailUrl":"https:\/\/unikal.ac.cd\/wp-content\/uploads\/2024\/09\/24ecfc25-e074-4467-a777-43f13e9ecf4b.jpg","datePublished":"2024-09-29T23:27:05+00:00","dateModified":"2024-09-30T00:05:43+00:00","breadcrumb":{"@id":"https:\/\/unikal.ac.cd\/index.php\/double-ceremonie-de-collation-des-grades-et-cloture-de-lannee-academique-2023-2024\/#breadcrumb"},"inLanguage":"en-US","potentialAction":[{"@type":"ReadAction","target":["https:\/\/unikal.ac.cd\/index.php\/double-ceremonie-de-collation-des-grades-et-cloture-de-lannee-academique-2023-2024\/"]}]},{"@type":"ImageObject","inLanguage":"en-US","@id":"https:\/\/unikal.ac.cd\/index.php\/double-ceremonie-de-collation-des-grades-et-cloture-de-lannee-academique-2023-2024\/#primaryimage","url":"https:\/\/unikal.ac.cd\/wp-content\/uploads\/2024\/09\/24ecfc25-e074-4467-a777-43f13e9ecf4b.jpg","contentUrl":"https:\/\/unikal.ac.cd\/wp-content\/uploads\/2024\/09\/24ecfc25-e074-4467-a777-43f13e9ecf4b.jpg","width":828,"height":555},{"@type":"BreadcrumbList","@id":"https:\/\/unikal.ac.cd\/index.php\/double-ceremonie-de-collation-des-grades-et-cloture-de-lannee-academique-2023-2024\/#breadcrumb","itemListElement":[{"@type":"ListItem","position":1,"name":"Home","item":"https:\/\/unikal.ac.cd\/"},{"@type":"ListItem","position":2,"name":"DOUBLE CEREMONIE DE COLLATION DES GRADES ET CL\u00d4TURE DE L&#8217;ANN\u00c9E ACAD\u00c9MIQUE 2023-2024"}]},{"@type":"WebSite","@id":"https:\/\/unikal.ac.cd\/#website","url":"https:\/\/unikal.ac.cd\/","name":"Universit\u00e9 de Kalemie","description":"Lumi\u00e8re du Tanganyika","publisher":{"@id":"https:\/\/unikal.ac.cd\/#organization"},"potentialAction":[{"@type":"SearchAction","target":{"@type":"EntryPoint","urlTemplate":"https:\/\/unikal.ac.cd\/?s={search_term_string}"},"query-input":{"@type":"PropertyValueSpecification","valueRequired":true,"valueName":"search_term_string"}}],"inLanguage":"en-US"},{"@type":"Organization","@id":"https:\/\/unikal.ac.cd\/#organization","name":"Universit\u00e9 de Kalemie","url":"https:\/\/unikal.ac.cd\/","logo":{"@type":"ImageObject","inLanguage":"en-US","@id":"https:\/\/unikal.ac.cd\/#\/schema\/logo\/image\/","url":"https:\/\/unikal.ac.cd\/wp-content\/uploads\/2023\/08\/logo-unikal_013249.png","contentUrl":"https:\/\/unikal.ac.cd\/wp-content\/uploads\/2023\/08\/logo-unikal_013249.png","width":2100,"height":1500,"caption":"Universit\u00e9 de Kalemie"},"image":{"@id":"https:\/\/unikal.ac.cd\/#\/schema\/logo\/image\/"}}]}},"_links":{"self":[{"href":"https:\/\/unikal.ac.cd\/index.php\/wp-json\/wp\/v2\/pages\/950","targetHints":{"allow":["GET"]}}],"collection":[{"href":"https:\/\/unikal.ac.cd\/index.php\/wp-json\/wp\/v2\/pages"}],"about":[{"href":"https:\/\/unikal.ac.cd\/index.php\/wp-json\/wp\/v2\/types\/page"}],"author":[{"embeddable":true,"href":"https:\/\/unikal.ac.cd\/index.php\/wp-json\/wp\/v2\/users\/1"}],"replies":[{"embeddable":true,"href":"https:\/\/unikal.ac.cd\/index.php\/wp-json\/wp\/v2\/comments?post=950"}],"version-history":[{"count":4,"href":"https:\/\/unikal.ac.cd\/index.php\/wp-json\/wp\/v2\/pages\/950\/revisions"}],"predecessor-version":[{"id":955,"href":"https:\/\/unikal.ac.cd\/index.php\/wp-json\/wp\/v2\/pages\/950\/revisions\/955"}],"wp:featuredmedia":[{"embeddable":true,"href":"https:\/\/unikal.ac.cd\/index.php\/wp-json\/wp\/v2\/media\/949"}],"wp:attachment":[{"href":"https:\/\/unikal.ac.cd\/index.php\/wp-json\/wp\/v2\/media?parent=950"}],"curies":[{"name":"wp","href":"https:\/\/api.w.org\/{rel}","templated":true}]}}